{"id":2600,"date":"2024-11-09T15:09:28","date_gmt":"2024-11-09T15:09:28","guid":{"rendered":"https:\/\/mekalite.com\/?page_id=2600"},"modified":"2024-11-09T15:09:40","modified_gmt":"2024-11-09T15:09:40","slug":"politique-de-confidentialite-de-mekalite","status":"publish","type":"page","link":"https:\/\/mekalite.com\/fr\/politique-de-confidentialite-de-mekalite\/","title":{"rendered":"Politique de confidentialit\u00e9 de Mekalite"},"content":{"rendered":"<div class=\"wp-block-greenshift-blocks-row alignfull gspb_row gspb_row-id-gsbp-9c27dfc\" id=\"gspb_row-id-gsbp-9c27dfc\"><div class=\"gspb_backgroundOverlay\"><\/div><div class=\"gspb_row__content\"> \n<div class=\"wp-block-greenshift-blocks-row-column gspb_row__col--12 gspb_col-id-gsbp-6d61d37\" id=\"gspb_col-id-gsbp-6d61d37\">\n\n<h2 style=\"color:#fefefe; text-transform:uppercase; margin-top:20px;margin-bottom:0px;\" class=\"ct-dynamic-data has-text-align-left wp-elements-707e4fab640ffa04e3a56c01309b3da0 has-text-color\">Politique de confidentialit\u00e9 de Mekalite<\/h2><\/div>\n <\/div><\/div>\n\n\n\n<div class=\"wp-block-greenshift-blocks-row gspb_row gspb_row-id-gsbp-702b9dd\" id=\"gspb_row-id-gsbp-702b9dd\"><div class=\"gspb_row__content\"> \n<div class=\"wp-block-greenshift-blocks-row-column gspb_row__col--12 gspb_col-id-gsbp-20ba942\" id=\"gspb_col-id-gsbp-20ba942\">\n<p>Thank you for visiting <a href=\"https:\/\/mekalite.com\/fr\/\">M\u00e9kalite<\/a>.com (referred to as \u201cthis website\u201d). We understand the importance of your privacy and are committed to protecting your personal information. Please read this Privacy Policy carefully to understand how we collect, use, protect, and share your personal information.<\/p>\n\n\n\n<h3 class=\"wp-block-heading\" id=\"1-information-collection\">1. Collecte d'informations<\/h3>\n\n\n\n<p>Lorsque vous utilisez ce site web, nous pouvons collecter les types d'informations suivants :<\/p>\n\n\n\n<ul class=\"wp-block-list\">\n<li><strong>Informations personnelles identifiables (IPI)<\/strong>: Y compris votre nom, votre adresse \u00e9lectronique, votre num\u00e9ro de t\u00e9l\u00e9phone, etc., lorsque vous remplissez des formulaires ou que vous vous inscrivez sur le site web.<\/li>\n\n\n\n<li><strong>Informations non personnellement identifiables (Non-PII)<\/strong>: Comme le type de navigateur, le syst\u00e8me d'exploitation, l'adresse IP, les temps d'acc\u00e8s et d'autres informations techniques, qui nous aident \u00e0 am\u00e9liorer l'exp\u00e9rience de l'utilisateur.<\/li>\n\n\n\n<li><strong>Cookies et technologies de suivi<\/strong>: Nous pouvons utiliser des cookies et d'autres technologies de suivi pour comprendre vos pr\u00e9f\u00e9rences et am\u00e9liorer nos services.<\/li>\n<\/ul>\n\n\n\n<h3 class=\"wp-block-heading\" id=\"2-use-of-information\">2. Utilisation des informations<\/h3>\n\n\n\n<p>Les informations que nous recueillons sont utilis\u00e9es aux fins suivantes :<\/p>\n\n\n\n<ul class=\"wp-block-list\">\n<li><strong>Fournir et am\u00e9liorer les services<\/strong>: Fournir des services personnalis\u00e9s en fonction de vos besoins et optimiser nos produits et notre site web.<\/li>\n\n\n\n<li><strong>Communication<\/strong>: Avec votre consentement, nous pouvons vous envoyer des courriels ou des messages concernant de nouveaux produits, services, promotions et \u00e9v\u00e9nements.<\/li>\n\n\n\n<li><strong>Conformit\u00e9 juridique<\/strong>: Se conformer aux lois et r\u00e8glements applicables et remplir les obligations l\u00e9gales.<\/li>\n<\/ul>\n\n\n\n<h3 class=\"wp-block-heading\" id=\"3-sharing-of-information\">3. Partage d'informations<\/h3>\n\n\n\n<p>Mekalite ne partage pas vos informations personnelles, sauf dans les circonstances suivantes :<\/p>\n\n\n\n<ul class=\"wp-block-list\">\n<li><strong>Partenaires commerciaux et prestataires de services<\/strong>: Nous pouvons partager des informations avec des partenaires tiers de confiance afin de fournir de meilleurs services. Nous nous assurons que ces partenaires acceptent de prot\u00e9ger votre vie priv\u00e9e.<\/li>\n\n\n\n<li><strong>Exigences l\u00e9gales<\/strong>: Nous pouvons divulguer des informations lorsque la loi l'exige ou en r\u00e9ponse \u00e0 une demande raisonnable d'une autorit\u00e9 gouvernementale.<\/li>\n\n\n\n<li><strong>Transferts d'entreprises<\/strong>: En cas de fusion, d'acquisition ou de transfert d'actifs ou d'activit\u00e9s de l'entreprise, vos informations personnelles peuvent \u00eatre transf\u00e9r\u00e9es en tant qu'actifs de l'entreprise.<\/li>\n<\/ul>\n\n\n\n<h3 class=\"wp-block-heading\" id=\"4-information-security\">4. S\u00e9curit\u00e9 de l'information<\/h3>\n\n\n\n<p>Nous mettons en \u0153uvre des mesures techniques et organisationnelles raisonnables pour prot\u00e9ger vos informations personnelles contre l'acc\u00e8s, la divulgation, l'alt\u00e9ration ou la destruction non autoris\u00e9s. Ces mesures comprennent des pare-feu, le cryptage des donn\u00e9es et des contr\u00f4les d'acc\u00e8s. Toutefois, sachez qu'aucune m\u00e9thode de transmission ou de stockage des donn\u00e9es n'est 100% s\u00fbre.<\/p>\n\n\n\n<h3 class=\"wp-block-heading\" id=\"5-your-rights\">5. Vos droits<\/h3>\n\n\n\n<p>Vous avez le droit d'acc\u00e9der \u00e0 vos informations personnelles collect\u00e9es par nous, de les corriger ou de les supprimer. Vous pouvez \u00e9galement vous d\u00e9sinscrire de notre liste de diffusion \u00e0 tout moment pour ne plus recevoir d'informations promotionnelles.<\/p>\n\n\n\n<h3 class=\"wp-block-heading\" id=\"6-cookies-policy\">6. Politique en mati\u00e8re de cookies<\/h3>\n\n\n\n<p>Ce site web peut utiliser des cookies pour am\u00e9liorer l'exp\u00e9rience de l'utilisateur. Vous pouvez choisir d'accepter ou de refuser les cookies ou de les d\u00e9sactiver dans les param\u00e8tres de votre navigateur. Le refus des cookies peut affecter certaines fonctionnalit\u00e9s du site web.<\/p>\n\n\n\n<h3 class=\"wp-block-heading\" id=\"7-third-party-links\">7. Liens avec des tiers<\/h3>\n\n\n\n<p>Ce site web peut contenir des liens vers d'autres sites web. Nous ne sommes pas responsables des pratiques de ces sites tiers en mati\u00e8re de protection de la vie priv\u00e9e et nous vous encourageons \u00e0 lire leurs politiques de protection de la vie priv\u00e9e pour comprendre comment ils collectent et utilisent vos informations.<\/p>\n\n\n\n<h3 class=\"wp-block-heading\" id=\"8-updates-to-the-privacy-policy\">8. Mises \u00e0 jour de la politique de confidentialit\u00e9<\/h3>\n\n\n\n<p>Nous nous r\u00e9servons le droit de mettre \u00e0 jour cette politique de confidentialit\u00e9 \u00e0 tout moment. La politique mise \u00e0 jour sera publi\u00e9e sur cette page avec la date d'entr\u00e9e en vigueur la plus r\u00e9cente. Nous vous encourageons \u00e0 la consulter r\u00e9guli\u00e8rement pour rester inform\u00e9 de nos pratiques en mati\u00e8re de protection de la vie priv\u00e9e.<\/p>\n\n\n\n<h3 class=\"wp-block-heading\" id=\"9-contact-us\">9. Nous contacter<\/h3>\n\n\n\n<p>Si vous avez des questions ou des pr\u00e9occupations concernant notre politique de protection de la vie priv\u00e9e, veuillez nous contacter \u00e0 l'adresse suivante<\/p>\n\n\n\n<ul class=\"wp-block-list\">\n<li><strong>Courriel<\/strong>: <a>privacy@mekalite.com<\/a><\/li>\n\n\n\n<li><strong>T\u00e9l\u00e9phone<\/strong>: +86 15013664194<\/li>\n\n\n\n<li><strong>Adresse<\/strong>: Building F, Digital Silicon Valley Industrial Park, Yuanshen Town, Longgang District, Shenzhen, Chine<\/li>\n<\/ul>\n<\/div>\n <\/div><\/div>","protected":false},"excerpt":{"rendered":"","protected":false},"author":1,"featured_media":0,"parent":0,"menu_order":0,"comment_status":"closed","ping_status":"closed","template":"","meta":{"_eb_attr":"","_gspb_post_css":"#gspb_row-id-gsbp-9c27dfc{justify-content:space-between;margin-top:0;display:flex;flex-wrap:wrap;margin-bottom:60px;padding-top:250px;padding-bottom:60px}#gspb_row-id-gsbp-9c27dfc>.gspb_row__content{display:flex;justify-content:space-between;margin:0 auto;width:100%;flex-wrap:wrap}.gspb_row{position:relative}div[id^=gspb_col-id]{box-sizing:border-box;position:relative;padding:15px min(3vw,20px)}@media (max-width:991.98px){#gspb_row-id-gsbp-9c27dfc{padding-top:120px}}#gspb_row-id-gsbp-9c27dfc{background-size:cover;background-repeat:no-repeat;background-position:57% 52%;background-image:url(https:\/\/mekalite.com\/wp-content\/uploads\/2024\/10\/sheet-metal-fabrication.jpeg);isolation:isolate}#gspb_row-id-gsbp-9c27dfc:hover{background-size:cover}#gspb_row-id-gsbp-9c27dfc>.gspb_backgroundOverlay{position:absolute;top:0;left:0;width:100%;height:100%;z-index:-1;opacity:.8;background-color:#000}#gspb_col-id-gsbp-6d61d37.gspb_row__col--12{width:100%}@media (max-width:575.98px){#gspb_col-id-gsbp-6d61d37.gspb_row__col--12{width:100%}}.gspb_row #gspb_col-id-gsbp-6d61d37.gspb_row__col--12{padding:0}body #gspb_col-id-gsbp-6d61d37.gspb_row__col--12{display:flex;flex-direction:column}@media (max-width:575.98px){body #gspb_col-id-gsbp-6d61d37.gspb_row__col--12{align-items:center}}#gspb_row-id-gsbp-702b9dd{justify-content:space-between;margin-top:0;margin-bottom:0;display:flex;flex-wrap:wrap;background-color:var(--wp--preset--color--palette-color-5, var(--theme-palette-color-5, #eaeaec))}#gspb_row-id-gsbp-702b9dd>.gspb_row__content{display:flex;justify-content:space-between;margin:0 auto;width:100%;flex-wrap:wrap}body.gspb-bodyfront #gspb_row-id-gsbp-702b9dd>.gspb_row__content,body.gspb-bodyfront #gspb_row-id-gsbp-9c27dfc>.gspb_row__content{width:var(--theme-container-width, 1200px);max-width:var(--theme-normal-container-max-width, 1200px)}#gspb_row-id-gsbp-702b9dd,#gspb_row-id-gsbp-702b9dd>.gspb_backgroundOverlay{border-top-left-radius:10px;border-top-right-radius:10px;border-bottom-right-radius:10px;border-bottom-left-radius:10px}#gspb_col-id-gsbp-20ba942.gspb_row__col--12{width:100%}@media (max-width:575.98px){#gspb_col-id-gsbp-20ba942.gspb_row__col--12{width:100%}}","footnotes":""},"class_list":["post-2600","page","type-page","status-publish","hentry"],"blocksy_meta":{"has_hero_section":"disabled","vertical_spacing_source":"custom","content_area_spacing":"bottom","styles_descriptor":{"styles":{"desktop":"","tablet":"","mobile":""},"google_fonts":[],"version":6}},"_links":{"self":[{"href":"https:\/\/mekalite.com\/fr\/wp-json\/wp\/v2\/pages\/2600","targetHints":{"allow":["GET"]}}],"collection":[{"href":"https:\/\/mekalite.com\/fr\/wp-json\/wp\/v2\/pages"}],"about":[{"href":"https:\/\/mekalite.com\/fr\/wp-json\/wp\/v2\/types\/page"}],"author":[{"embeddable":true,"href":"https:\/\/mekalite.com\/fr\/wp-json\/wp\/v2\/users\/1"}],"replies":[{"embeddable":true,"href":"https:\/\/mekalite.com\/fr\/wp-json\/wp\/v2\/comments?post=2600"}],"version-history":[{"count":1,"href":"https:\/\/mekalite.com\/fr\/wp-json\/wp\/v2\/pages\/2600\/revisions"}],"predecessor-version":[{"id":2601,"href":"https:\/\/mekalite.com\/fr\/wp-json\/wp\/v2\/pages\/2600\/revisions\/2601"}],"wp:attachment":[{"href":"https:\/\/mekalite.com\/fr\/wp-json\/wp\/v2\/media?parent=2600"}],"curies":[{"name":"wp","href":"https:\/\/api.w.org\/{rel}","templated":true}]}}