{"id":2520,"date":"2024-11-04T07:37:05","date_gmt":"2024-11-04T07:37:05","guid":{"rendered":"https:\/\/mekalite.com\/?page_id=2520"},"modified":"2024-11-04T11:45:07","modified_gmt":"2024-11-04T11:45:07","slug":"fabrication-de-moules-par-injection","status":"publish","type":"page","link":"https:\/\/mekalite.com\/fr\/fabrication-de-moules-par-injection\/","title":{"rendered":"Fabrication de moules par injection"},"content":{"rendered":"<div class=\"wp-block-cover alignfull wp-duotone-dark-grayscale\" style=\"min-height:700px;aspect-ratio:unset;\"><span aria-hidden=\"true\" class=\"wp-block-cover__background has-background-dim\"><\/span><img loading=\"lazy\" decoding=\"async\" width=\"1024\" height=\"576\" class=\"wp-block-cover__image-background wp-image-2494\" alt=\"M\u00e9kalite\" src=\"https:\/\/mekalite.com\/wp-content\/uploads\/2024\/11\/PolymerMolding-232132-Plastic-Injection-Molding-Blogbanner1-1024x576.jpg\" data-object-fit=\"cover\" title=\"\" srcset=\"https:\/\/mekalite.com\/wp-content\/uploads\/2024\/11\/PolymerMolding-232132-Plastic-Injection-Molding-Blogbanner1-1024x576.jpg 1024w, https:\/\/mekalite.com\/wp-content\/uploads\/2024\/11\/PolymerMolding-232132-Plastic-Injection-Molding-Blogbanner1-300x169.jpg 300w, https:\/\/mekalite.com\/wp-content\/uploads\/2024\/11\/PolymerMolding-232132-Plastic-Injection-Molding-Blogbanner1-768x432.jpg 768w, https:\/\/mekalite.com\/wp-content\/uploads\/2024\/11\/PolymerMolding-232132-Plastic-Injection-Molding-Blogbanner1-18x10.jpg 18w, https:\/\/mekalite.com\/wp-content\/uploads\/2024\/11\/PolymerMolding-232132-Plastic-Injection-Molding-Blogbanner1.jpg 1212w\" sizes=\"auto, (max-width: 1024px) 100vw, 1024px\" \/><div class=\"wp-block-cover__inner-container is-layout-flow wp-block-cover-is-layout-flow\">\n<div class=\"wp-block-greenshift-blocks-row gspb_row gspb_row-id-gsbp-8573232\" id=\"gspb_row-id-gsbp-8573232\"><div class=\"gspb_row__content\"> \n<div class=\"wp-block-greenshift-blocks-row-column gspb_row__col--6 gspb_col-id-gsbp-53b6b32\" id=\"gspb_col-id-gsbp-53b6b32\">\n<h1 id=\"gspb_heading-id-gsbp-806b2eb\" class=\"gspb_heading gspb_heading-id-gsbp-806b2eb\"><strong>Fabrication de moules pour l'injection de mati\u00e8res plastiques\u00a0<\/strong><\/h1>\n\n\n\n<p>Laisser <a href=\"https:\/\/mekalite.com\/fr\/\">M\u00e9kalite<\/a> vous aider \u00e0 personnaliser les moules d'injection plastique ! Obtenez un devis en moins d'une heure !<\/p>\n\n\n\n<div class=\"gspb_button_wrapper gspb_button-id-gsbp-a2dc8e7\" id=\"gspb_button-id-gsbp-a2dc8e7\"><a class=\"wp-block-greenshift-blocks-buttonbox gspb-buttonbox wp-element-button\" rel=\"noopener\"><span class=\"gspb-buttonbox-textwrap\"><span class=\"gspb-buttonbox-text\"><span class=\"gspb-buttonbox-title\">T\u00e9l\u00e9charger une pi\u00e8ce<\/span><\/span><\/span><\/a><\/div>\n\n\n\n<p><strong>Certifications<\/strong><\/p>\n\n\n\n<p>ISO 9001:2015 | Enregistr\u00e9 ITAR | Critique pour les inspections de qualit\u00e9<\/p>\n<\/div>\n\n\n\n<div class=\"wp-block-greenshift-blocks-row-column gspb_row__col--6 gspb_col-id-gsbp-6d59a7d\" id=\"gspb_col-id-gsbp-6d59a7d\">\n<div class=\"wp-block-greenshift-blocks-image gspb_image gspb_image-id-gsbp-4de74c2\" id=\"gspb_image-id-gsbp-4de74c2\"><img decoding=\"async\" src=\"https:\/\/mekalite.com\/wp-content\/uploads\/2024\/11\/mould-making.png\" data-src=\"\" alt=\"Fabrication de moules par injection\" loading=\"lazy\" width=\"800\" height=\"541\" title=\"\"><\/div>\n<\/div>\n <\/div><\/div>\n<\/div><\/div>\n\n\n\n<h2 class=\"wp-block-heading\" id=\"understanding-plastic-injection-molds\">Comprendre les moules d'injection plastique<\/h2>\n\n\n\n<p>Les moules d'injection plastique sont g\u00e9n\u00e9ralement fabriqu\u00e9s \u00e0 partir de mat\u00e9riaux tels que l'acier tremp\u00e9 ou pr\u00e9tremp\u00e9, l'aluminium et l'alliage b\u00e9ryllium-cuivre. Bien que les moules en acier soient plus chers, ils sont pr\u00e9f\u00e9r\u00e9s pour leur durabilit\u00e9 exceptionnelle. Les moules en acier tremp\u00e9 sont trait\u00e9s thermiquement apr\u00e8s l'usinage, ce qui leur conf\u00e8re une r\u00e9sistance sup\u00e9rieure \u00e0 l'usure et une dur\u00e9e de vie plus longue. De nombreux moules en acier sont capables de produire plus d'un million de pi\u00e8ces au cours de leur dur\u00e9e de vie. Pour les volumes de production plus faibles, les moules en acier pr\u00e9tremp\u00e9 constituent une option plus abordable, bien qu'ils soient moins r\u00e9sistants \u00e0 l'usure.<\/p>\n\n\n\n<p>Les moules en aluminium constituent une alternative \u00e9conomique, mais ils ne sont g\u00e9n\u00e9ralement pas adapt\u00e9s \u00e0 la production de gros volumes ou de pi\u00e8ces pr\u00e9sentant des tol\u00e9rances dimensionnelles serr\u00e9es. Toutefois, ils peuvent produire efficacement des dizaines de milliers, voire des centaines de milliers de pi\u00e8ces lorsqu'ils sont con\u00e7us \u00e0 l'aide d'un moule en aluminium. <a href=\"https:\/\/mekalite.com\/fr\/usinage-cnc\/\">Usinage CNC<\/a> ou l'usinage par d\u00e9charge \u00e9lectrique (EDM).<\/p>\n\n\n\n<p>Les inserts en alliage de cuivre peuvent \u00eatre utilis\u00e9s dans des zones sp\u00e9cifiques d'un moule qui n\u00e9cessitent une \u00e9vacuation rapide de la chaleur, ce qui peut contribuer \u00e0 r\u00e9duire les temps de cycle et \u00e0 am\u00e9liorer la qualit\u00e9 esth\u00e9tique du produit final.<\/p>\n\n\n\n<h2 class=\"wp-block-heading\" id=\"how-are-plastic-injection-molds-made\">Comment sont fabriqu\u00e9s les moules d'injection plastique ?<\/h2>\n\n\n\n<p>Les moules sont principalement construits selon deux m\u00e9thodes : l'usinage standard et l'usinage par d\u00e9charge \u00e9lectrique (EDM).<\/p>\n\n\n\n<h3 class=\"wp-block-heading\" id=\"standard-cnc-machining\">Usinage standard\/CNC<\/h3>\n\n\n\n<p>Dans ses formes traditionnelles, l'usinage standard implique des op\u00e9rations manuelles avec des tours, des fraiseuses et des perceuses \u00e0 colonne. Avec les progr\u00e8s technologiques, l'usinage CNC est devenu la principale m\u00e9thode de cr\u00e9ation de moules complexes et pr\u00e9cis. La CNC utilise des ordinateurs pour contr\u00f4ler le mouvement des fraiseuses, des tours et d'autres machines \u00e0 d\u00e9couper.<\/p>\n\n\n\n<p>Dans les syst\u00e8mes CNC modernes, les processus de conception et de fabrication des moules sont fortement automatis\u00e9s. Les dimensions m\u00e9caniques du moule sont d\u00e9finies \u00e0 l'aide d'un logiciel de conception assist\u00e9e par ordinateur (CAO), qui se traduit ensuite en instructions de fabrication \u00e0 l'aide d'un logiciel de fabrication assist\u00e9e par ordinateur (FAO). Ces instructions sont converties en commandes sp\u00e9cifiques pour chaque machine impliqu\u00e9e dans la cr\u00e9ation du moule.<\/p>\n\n\n\n<figure class=\"wp-block-image alignright size-full\"><img loading=\"lazy\" decoding=\"async\" width=\"400\" height=\"600\" src=\"https:\/\/mekalite.com\/wp-content\/uploads\/2024\/11\/image-3.png\" alt=\"M\u00e9kalite\" class=\"wp-image-2524\" title=\"\" srcset=\"https:\/\/mekalite.com\/wp-content\/uploads\/2024\/11\/image-3.png 400w, https:\/\/mekalite.com\/wp-content\/uploads\/2024\/11\/image-3-200x300.png 200w, https:\/\/mekalite.com\/wp-content\/uploads\/2024\/11\/image-3-8x12.png 8w\" sizes=\"auto, (max-width: 400px) 100vw, 400px\" \/><\/figure>\n\n\n\n<h3 class=\"wp-block-heading\" id=\"electrical-discharge-machining-edm\">Usinage par d\u00e9charge \u00e9lectrique (EDM)<\/h3>\n\n\n\n<p>L'\u00e9lectro\u00e9rosion est de plus en plus utilis\u00e9e dans la fabrication de moules. Ce proc\u00e9d\u00e9 utilise une \u00e9lectrode en graphite ou en cuivre, qui est plac\u00e9e au-dessus de la pi\u00e8ce immerg\u00e9e dans un fluide di\u00e9lectrique. L'\u00e9lectrode est abaiss\u00e9e pour cr\u00e9er un \u00e9clateur, ce qui permet \u00e0 des d\u00e9charges \u00e9lectriques contr\u00f4l\u00e9es d'enlever le m\u00e9tal sans contact direct. Bien que cette m\u00e9thode soit plus lente que l'usinage CNC conventionnel, elle permet de cr\u00e9er des formes complexes impossibles \u00e0 r\u00e9aliser autrement.<\/p>\n\n\n\n<p>En outre, l'\u00e9lectro\u00e9rosion permet de fa\u00e7onner des moules pr\u00e9tremp\u00e9s sans qu'il soit n\u00e9cessaire de proc\u00e9der \u00e0 un traitement thermique suppl\u00e9mentaire. Dans certains cas, la finition fine produite par l'\u00e9lectro\u00e9rosion sert d'\u00e9tat de surface final pour la cavit\u00e9 du moule.<\/p>\n\n\n\n<h2 class=\"wp-block-heading\" id=\"mold-design\">Conception des moules<\/h2>\n\n\n\n<p>Un moule d'injection plastique comprend deux \u00e9l\u00e9ments principaux : la moiti\u00e9 de la cavit\u00e9 (moiti\u00e9 A) et la moiti\u00e9 de l'\u00e9jecteur (moiti\u00e9 B). Voici comment ces composants fonctionnent ensemble :<\/p>\n\n\n\n<ol class=\"wp-block-list\">\n<li><strong>Entr\u00e9e plastique :<\/strong> La r\u00e9sine plastique fondue p\u00e9n\u00e8tre dans la moiti\u00e9 A par une \"carotte\" ou une \"porte\", ferm\u00e9e herm\u00e9tiquement par une bague de carotte contre la buse du cylindre d'injection.<\/li>\n\n\n\n<li><strong>Canalisation :<\/strong> La douille de coul\u00e9e dirige le plastique fondu \u00e0 travers des canaux appel\u00e9s \"coulisses\", qui sont usin\u00e9s dans les faces des moiti\u00e9s A et B du moule.<\/li>\n\n\n\n<li><strong>Comblement de cavit\u00e9 :<\/strong> Le plastique fondu s'\u00e9coule \u00e0 travers le canal et p\u00e9n\u00e8tre dans la cavit\u00e9 par des portes sp\u00e9cialis\u00e9es, formant ainsi la pi\u00e8ce souhait\u00e9e.<\/li>\n\n\n\n<li><strong>Ejection :<\/strong> Une fois le moulage termin\u00e9, la conception garantit que la pi\u00e8ce moul\u00e9e reste sur la moiti\u00e9 B lorsque le moule s'ouvre. La coulisse et la carotte sont extraites de la moiti\u00e9 A, ce qui permet \u00e0 la pi\u00e8ce de tomber librement de la moiti\u00e9 B.<\/li>\n<\/ol>\n\n\n\n<p>Un moule d'injection plastique peut avoir une seule cavit\u00e9 (pour produire une pi\u00e8ce \u00e0 la fois) ou plusieurs cavit\u00e9s, ce qui permet des taux de production extr\u00eamement \u00e9lev\u00e9s, comme on le voit dans les moules con\u00e7us pour des articles tels que les bouchons de bouteille, qui peuvent avoir plus de 100 cavit\u00e9s.<\/p>\n\n\n\n<figure class=\"wp-block-image aligncenter size-full\"><img loading=\"lazy\" decoding=\"async\" width=\"800\" height=\"533\" src=\"https:\/\/mekalite.com\/wp-content\/uploads\/2024\/11\/image-2.png\" alt=\"M\u00e9kalite\" class=\"wp-image-2523\" title=\"\" srcset=\"https:\/\/mekalite.com\/wp-content\/uploads\/2024\/11\/image-2.png 800w, https:\/\/mekalite.com\/wp-content\/uploads\/2024\/11\/image-2-300x200.png 300w, https:\/\/mekalite.com\/wp-content\/uploads\/2024\/11\/image-2-768x512.png 768w, https:\/\/mekalite.com\/wp-content\/uploads\/2024\/11\/image-2-18x12.png 18w\" sizes=\"auto, (max-width: 800px) 100vw, 800px\" \/><\/figure>","protected":false},"excerpt":{"rendered":"<p>Understanding Plastic Injection Molds Plastic injection molds are typically made from materials like hardened or pre-hardened steel, aluminum, and beryllium-copper alloy. While steel molds are more expensive, they are preferred for their exceptional durability. Hardened steel molds are heat-treated after machining, offering superior wear resistance and a longer lifespan. Many steel molds are capable of [&hellip;]<\/p>","protected":false},"author":1,"featured_media":0,"parent":0,"menu_order":0,"comment_status":"closed","ping_status":"closed","template":"","meta":{"_eb_attr":"","_gspb_post_css":"#gspb_row-id-gsbp-8573232{justify-content:space-between;margin-top:0;margin-bottom:0;display:flex;flex-wrap:wrap;align-content:center}#gspb_row-id-gsbp-8573232>.gspb_row__content{display:flex;justify-content:space-between;margin:0 auto;width:100%;flex-wrap:wrap;max-width:1400px;align-items:center}.gspb_row{position:relative}div[id^=gspb_col-id]{box-sizing:border-box;position:relative;padding:15px min(3vw,20px)}#gspb_col-id-gsbp-53b6b32.gspb_row__col--6{width:50%}@media (max-width:575.98px){#gspb_col-id-gsbp-53b6b32.gspb_row__col--6{width:100%}#gspb_heading-id-gsbp-806b2eb{font-size:30px}}#gspb_heading-id-gsbp-806b2eb{color:var(--wp--preset--color--palette-color-8, var(--theme-palette-color-8, #ffffff))}@media (max-width:575.98px){#gspb_heading-id-gsbp-806b2eb{margin-top:52px}}#gspb_button-id-gsbp-a2dc8e7{display:flex;justify-content:flex-start}#gspb_button-id-gsbp-a2dc8e7 .gspb-buttonbox-text{display:flex;flex-direction:column}#gspb_button-id-gsbp-a2dc8e7>.gspb-buttonbox{box-sizing:border-box;margin-bottom:20px}#gspb_col-id-gsbp-6d59a7d.gspb_row__col--6{width:50%}@media (max-width:575.98px){#gspb_col-id-gsbp-6d59a7d.gspb_row__col--6{width:100%}}#gspb_image-id-gsbp-4de74c2{text-align:center}#gspb_image-id-gsbp-4de74c2 img{vertical-align:bottom;display:inline-block;box-sizing:border-box;max-width:100%;height:auto}","footnotes":""},"class_list":["post-2520","page","type-page","status-publish","hentry"],"blocksy_meta":{"has_hero_section":"disabled","vertical_spacing_source":"custom","content_area_spacing":"bottom","styles_descriptor":{"styles":{"desktop":"","tablet":"","mobile":""},"google_fonts":[],"version":6}},"_links":{"self":[{"href":"https:\/\/mekalite.com\/fr\/wp-json\/wp\/v2\/pages\/2520","targetHints":{"allow":["GET"]}}],"collection":[{"href":"https:\/\/mekalite.com\/fr\/wp-json\/wp\/v2\/pages"}],"about":[{"href":"https:\/\/mekalite.com\/fr\/wp-json\/wp\/v2\/types\/page"}],"author":[{"embeddable":true,"href":"https:\/\/mekalite.com\/fr\/wp-json\/wp\/v2\/users\/1"}],"replies":[{"embeddable":true,"href":"https:\/\/mekalite.com\/fr\/wp-json\/wp\/v2\/comments?post=2520"}],"version-history":[{"count":3,"href":"https:\/\/mekalite.com\/fr\/wp-json\/wp\/v2\/pages\/2520\/revisions"}],"predecessor-version":[{"id":2552,"href":"https:\/\/mekalite.com\/fr\/wp-json\/wp\/v2\/pages\/2520\/revisions\/2552"}],"wp:attachment":[{"href":"https:\/\/mekalite.com\/fr\/wp-json\/wp\/v2\/media?parent=2520"}],"curies":[{"name":"wp","href":"https:\/\/api.w.org\/{rel}","templated":true}]}}