{"id":2212,"date":"2024-10-27T23:57:45","date_gmt":"2024-10-27T23:57:45","guid":{"rendered":"https:\/\/mekalite.com\/?page_id=2212"},"modified":"2024-10-28T00:00:13","modified_gmt":"2024-10-28T00:00:13","slug":"services-de-traitement-thermique","status":"publish","type":"page","link":"https:\/\/mekalite.com\/fr\/services-de-traitement-thermique\/","title":{"rendered":"Services de traitement thermique"},"content":{"rendered":"<div class=\"wp-block-greenshift-blocks-row alignfull gspb_row gspb_row-id-gsbp-9c27dfc\" id=\"gspb_row-id-gsbp-9c27dfc\"><div class=\"gspb_backgroundOverlay\"><\/div><div class=\"gspb_row__content\"> \n<div class=\"wp-block-greenshift-blocks-row-column gspb_row__col--12 gspb_col-id-gsbp-6d61d37\" id=\"gspb_col-id-gsbp-6d61d37\">\n\n<h1 style=\"color:#fefefe; text-transform:capitalize; margin-top:20px;margin-bottom:0px;\" class=\"ct-dynamic-data has-text-align-left wp-elements-ffa9fa256b8e68822e089e811737d287 has-text-color\">Services de traitement thermique<\/h1>\n\n\n<p class=\"has-palette-color-7-color has-text-color has-link-color wp-elements-90833747f5ee7a17ddfb9887a3d83996\">Am\u00e9liorer les propri\u00e9t\u00e9s physiques et m\u00e9caniques des mat\u00e9riaux gr\u00e2ce au traitement thermique. Am\u00e9lioration de la duret\u00e9, augmentation de la r\u00e9sistance, am\u00e9lioration de la t\u00e9nacit\u00e9, r\u00e9duction des contraintes, etc.<\/p>\n<\/div>\n <\/div><\/div>\n\n\n\n<div class=\"wp-block-greenshift-blocks-row gspb_row gspb_row-id-gsbp-ea87b6f\" id=\"gspb_row-id-gsbp-ea87b6f\"><div class=\"gspb_row__content\"> \n<div class=\"wp-block-greenshift-blocks-row-column gspb_row__col--6 gspb_col-id-gsbp-0cf4b9c\" id=\"gspb_col-id-gsbp-0cf4b9c\">\n<p><strong><a href=\"https:\/\/mekalite.com\/fr\/\">M\u00e9kalite<\/a><\/strong><\/p>\n\n\n\n<div class=\"wp-block-greenshift-blocks-image gspb_image gspb_image-id-gsbp-43b69df\" id=\"gspb_image-id-gsbp-43b69df\"><img decoding=\"async\" src=\"https:\/\/mekalite.com\/wp-content\/uploads\/2024\/10\/Heat-Treatment-part1.jpg\" data-src=\"\" alt=\"M\u00e9kalite\" loading=\"lazy\" width=\"500\" height=\"500\" title=\"\"><\/div>\n<\/div>\n\n\n\n<div class=\"wp-block-greenshift-blocks-row-column gspb_row__col--6 gspb_col-id-gsbp-8d89c67\" id=\"gspb_col-id-gsbp-8d89c67\">\n<h2 class=\"wp-block-heading has-x-large-font-size\" id=\"harder-with-heat-treatment\">Durcissement par traitement thermique<\/h2>\n\n\n\n<p>L'augmentation de la duret\u00e9 rend les mat\u00e9riaux plus r\u00e9sistants \u00e0 l'usure et \u00e0 l'abrasion. Les rendre moins susceptibles de se fracturer ou de se rompre sous l'effet d'un impact ou d'un choc.<\/p>\n\n\n\n<p>L'approche de Mekalite implique une s\u00e9quence syst\u00e9matique d'\u00e9tapes, commen\u00e7ant par une analyse approfondie des mati\u00e8res premi\u00e8res afin de d\u00e9terminer les m\u00e9thodes de traitement thermique les plus appropri\u00e9es. Elle se termine par des essais rigoureux, tels que l'\u00e9valuation de la duret\u00e9, afin de v\u00e9rifier que le traitement thermique est conforme aux exigences sp\u00e9cifi\u00e9es, en mettant l'accent sur le contr\u00f4le de la qualit\u00e9 pour garantir la coh\u00e9rence et la fiabilit\u00e9 des produits finaux.<\/p>\n\n\n\n<p>Les processus de traitement thermique tels que le recuit peuvent induire une recristallisation, ce qui permet d'obtenir une microstructure plus uniforme et plus fine, am\u00e9liorant ainsi les propri\u00e9t\u00e9s globales du mat\u00e9riau. Mekalite peut contr\u00f4ler avec pr\u00e9cision les processus de traitement thermique pour obtenir les r\u00e9sultats souhait\u00e9s. Ce niveau de contr\u00f4le permet de personnaliser les propri\u00e9t\u00e9s des mat\u00e9riaux en fonction des exigences techniques sp\u00e9cifiques.<\/p>\n\n\n\n<div class=\"gspb_button_wrapper gspb_button-id-gsbp-c432130\" id=\"gspb_button-id-gsbp-c432130\"><a class=\"wp-block-greenshift-blocks-buttonbox gspb-buttonbox wp-element-button\" href=\"https:\/\/mekalite.com\/fr\/citation\/\" rel=\"noopener\"><span class=\"gspb-buttonbox-textwrap\"><span class=\"gspb-buttonbox-text\"><span class=\"gspb-buttonbox-title\">Demande de devis<\/span><\/span><\/span><\/a><\/div>\n<\/div>\n <\/div><\/div>\n\n\n\n<div class=\"wp-block-greenshift-blocks-row gspb_row gspb_row-id-gsbp-9583c58\" id=\"gspb_row-id-gsbp-9583c58\"><div class=\"gspb_row__content\"> \n<div class=\"wp-block-greenshift-blocks-row-column gspb_row__col--6 gspb_col-id-gsbp-bf37991\" id=\"gspb_col-id-gsbp-bf37991\">\n<p><strong>APER\u00c7U DE LA TECHNOLOGIE<\/strong><\/p>\n<\/div>\n\n\n\n<div class=\"wp-block-greenshift-blocks-row-column gspb_row__col--6 gspb_col-id-gsbp-0c4a6da\" id=\"gspb_col-id-gsbp-0c4a6da\">\n<h2 class=\"wp-block-heading\" id=\"more-about-heat-treatment\" style=\"font-size:clamp(24.034px, 1.502rem + ((1vw - 3.2px) * 1.247), 40px);\"><strong>Plus d'informations<\/strong>\u00a0Traitement thermique<\/h2>\n<\/div>\n <\/div><\/div>\n\n\n\n<div class=\"wp-block-greenshift-blocks-row gspb_row gspb_row-id-gsbp-f400041\" id=\"gspb_row-id-gsbp-f400041\"><div class=\"gspb_row__content\"> \n<div class=\"wp-block-greenshift-blocks-row-column gspb_row__col--4 gspb_col-id-gsbp-3632ff0\" id=\"gspb_col-id-gsbp-3632ff0\">\n<h3 class=\"wp-block-heading\" id=\"headline-97-194-1\">Qu'est-ce que le traitement thermique ?<\/h3>\n\n\n\n<p class=\"has-small-font-size\">Le traitement thermique est un processus qui modifie les caract\u00e9ristiques physiques, m\u00e9caniques et parfois chimiques des mat\u00e9riaux, en particulier des m\u00e9taux ou des alliages. La m\u00e9thode consiste \u00e0 chauffer et \u00e0 refroidir de mani\u00e8re contr\u00f4l\u00e9e afin d'am\u00e9liorer les propri\u00e9t\u00e9s telles que la duret\u00e9, la r\u00e9sistance, la t\u00e9nacit\u00e9 et la ductilit\u00e9.<\/p>\n\n\n\n<p class=\"has-small-font-size\">Le recuit implique un refroidissement lent pour soulager les contraintes internes et am\u00e9liorer la ductilit\u00e9, tandis que la trempe refroidit rapidement pour augmenter la duret\u00e9. Le revenu \u00e9quilibre la duret\u00e9 et la t\u00e9nacit\u00e9 par un r\u00e9chauffement et un refroidissement contr\u00f4l\u00e9.<\/p>\n\n\n\n<p class=\"has-small-font-size\">La normalisation am\u00e9liore la structure du grain et les propri\u00e9t\u00e9s, et la trempe augmente la duret\u00e9 par un refroidissement rapide. Ces proc\u00e9d\u00e9s sont importants pour la fabrication d'outils, de pi\u00e8ces automobiles, d'engrenages et d'autres produits, car ils permettent de personnaliser les mat\u00e9riaux pour des applications sp\u00e9cifiques.<\/p>\n<\/div>\n\n\n\n<div class=\"wp-block-greenshift-blocks-row-column gspb_row__col--4 gspb_col-id-gsbp-e695e11\" id=\"gspb_col-id-gsbp-e695e11\">\n<h3 class=\"wp-block-heading\" id=\"headline-97-194-2\">Avantages du traitement thermique<\/h3>\n\n\n\n<ul class=\"wp-block-list\">\n<li>Duret\u00e9 am\u00e9lior\u00e9e<\/li>\n\n\n\n<li>R\u00e9sistance accrue<\/li>\n\n\n\n<li>T\u00e9nacit\u00e9 accrue<\/li>\n\n\n\n<li>R\u00e9duction de la fragilit\u00e9<\/li>\n\n\n\n<li>Meilleure r\u00e9sistance \u00e0 l'usure<\/li>\n\n\n\n<li>Am\u00e9lioration de l'usinabilit\u00e9<\/li>\n\n\n\n<li>Am\u00e9lioration de la stabilit\u00e9 dimensionnelle<\/li>\n\n\n\n<li>Soulagement du stress<\/li>\n\n\n\n<li>Modification des propri\u00e9t\u00e9s des mat\u00e9riaux<\/li>\n\n\n\n<li>R\u00e9sistance accrue \u00e0 la corrosion<\/li>\n<\/ul>\n<\/div>\n\n\n\n<div class=\"wp-block-greenshift-blocks-row-column gspb_row__col--4 gspb_col-id-gsbp-081aae3\" id=\"gspb_col-id-gsbp-081aae3\">\n<h3 class=\"wp-block-heading\" id=\"headline-97-194-3\">Consid\u00e9rations relatives \u00e0 la conception du traitement thermique<\/h3>\n\n\n\n<ul class=\"wp-block-list\">\n<li>Choisissez des mat\u00e9riaux dont les caract\u00e9ristiques de traitement thermique sont connues.<\/li>\n\n\n\n<li>D\u00e9finir clairement les objectifs des propri\u00e9t\u00e9s souhait\u00e9es.<\/li>\n\n\n\n<li>Contr\u00f4ler les taux pour \u00e9viter les d\u00e9formations ou les fissures.<\/li>\n\n\n\n<li>Maintenir une temp\u00e9rature pr\u00e9cise dans le four.<\/li>\n\n\n\n<li>Examinez l'impact de l'atmosph\u00e8re sur la chimie de surface.<\/li>\n\n\n\n<li>Choisir en fonction du mat\u00e9riau et de la vitesse de refroidissement souhait\u00e9e.<\/li>\n\n\n\n<li>Concevoir des montages pour assurer la stabilit\u00e9 des pi\u00e8ces pendant le traitement.<\/li>\n\n\n\n<li>Assurer un chauffage et un refroidissement homog\u00e8nes pour des propri\u00e9t\u00e9s constantes.<\/li>\n\n\n\n<li>Traiter les contraintes potentielles par des proc\u00e9d\u00e9s de post-traitement.<\/li>\n<\/ul>\n<\/div>\n <\/div><\/div>\n\n\n\n<div class=\"wp-block-greenshift-blocks-row gspb_row gspb_row-id-gsbp-3efb9a0\" id=\"gspb_row-id-gsbp-3efb9a0\"><div class=\"gspb_row__content\"> \n<div class=\"wp-block-greenshift-blocks-row-column gspb_row__col--12 gspb_col-id-gsbp-6067de0\" id=\"gspb_col-id-gsbp-6067de0\">\n<div class=\"wp-block-cover\"><span aria-hidden=\"true\" class=\"wp-block-cover__background has-background-dim\"><\/span><img loading=\"lazy\" decoding=\"async\" width=\"1024\" height=\"585\" class=\"wp-block-cover__image-background wp-image-1964\" alt=\"usinage de pr\u00e9cision\" src=\"https:\/\/mekalite.com\/wp-content\/uploads\/2024\/10\/precision-machining-1-1024x585.jpg\" data-object-fit=\"cover\" title=\"\" srcset=\"https:\/\/mekalite.com\/wp-content\/uploads\/2024\/10\/precision-machining-1-1024x585.jpg 1024w, https:\/\/mekalite.com\/wp-content\/uploads\/2024\/10\/precision-machining-1-300x171.jpg 300w, https:\/\/mekalite.com\/wp-content\/uploads\/2024\/10\/precision-machining-1-768x439.jpg 768w, https:\/\/mekalite.com\/wp-content\/uploads\/2024\/10\/precision-machining-1.jpg 1344w\" sizes=\"auto, (max-width: 1024px) 100vw, 1024px\" \/><div class=\"wp-block-cover__inner-container is-layout-flow wp-block-cover-is-layout-flow\">\n<h2 class=\"wp-block-heading has-text-align-center has-palette-color-8-color has-text-color has-link-color has-large-font-size wp-elements-e1760f4ce70cc5dd84c2d78abd5c7da0\" id=\"get-an-accurate-quote-for-your-next-projects\">Obtenez un devis pr\u00e9cis pour vos prochains projets<\/h2>\n\n\n\n<p class=\"has-text-align-center\">Que votre projet soit simple ou compliqu\u00e9, qu'il s'agisse de m\u00e9tal ou de plastique, vous obtiendrez un devis pr\u00e9cis dans les 6 heures.<\/p>\n\n\n\n<div class=\"gspb_button_wrapper gspb_button-id-gsbp-d55f3fa\" id=\"gspb_button-id-gsbp-d55f3fa\"><a class=\"wp-block-greenshift-blocks-buttonbox gspb-buttonbox wp-element-button\" href=\"https:\/\/mekalite.com\/fr\/citation\/\" rel=\"noopener\"><span class=\"gspb-buttonbox-textwrap\"><span class=\"gspb-buttonbox-text\"><span class=\"gspb-buttonbox-title\">Demande de devis<\/span><\/span><\/span><\/a><\/div>\n<\/div><\/div>\n<\/div>\n <\/div><\/div>","protected":false},"excerpt":{"rendered":"","protected":false},"author":1,"featured_media":0,"parent":0,"menu_order":0,"comment_status":"closed","ping_status":"closed","template":"","meta":{"_eb_attr":"","_gspb_post_css":"#gspb_row-id-gsbp-9c27dfc{justify-content:space-between;margin-top:0;display:flex;flex-wrap:wrap;align-content:center;margin-bottom:60px;padding-top:250px;padding-bottom:60px}#gspb_row-id-gsbp-9c27dfc>.gspb_row__content{display:flex;margin:0 auto;width:100%;flex-wrap:wrap;align-items:center;justify-content:center}.gspb_row{position:relative}div[id^=gspb_col-id]{box-sizing:border-box;position:relative;padding:15px min(3vw,20px)}body.gspb-bodyfront #gspb_row-id-gsbp-9c27dfc>.gspb_row__content{width:var(--theme-container-width, 1200px);max-width:var(--theme-normal-container-max-width, 1200px)}@media (max-width:991.98px){#gspb_row-id-gsbp-9c27dfc{padding-top:120px}}#gspb_row-id-gsbp-9c27dfc{background-size:cover;background-repeat:no-repeat;background-position:48% 51%;background-image:url(https:\/\/mekalite.com\/wp-content\/uploads\/2024\/10\/Heat-Treatment-11.jpg);isolation:isolate}#gspb_row-id-gsbp-9c27dfc:hover{background-size:cover}#gspb_row-id-gsbp-9c27dfc>.gspb_backgroundOverlay{position:absolute;top:0;left:0;width:100%;height:100%;z-index:-1;opacity:.8;background-color:#000}#gspb_col-id-gsbp-6d61d37.gspb_row__col--12{width:100%}@media (max-width:575.98px){#gspb_col-id-gsbp-6d61d37.gspb_row__col--12{width:100%}}@media (min-width:992px){body.gspb-bodyfront #gspb_col-id-gsbp-6d61d37.gspb_row__col--12{width:calc(100% - 0px - 0px)}}.gspb_row #gspb_col-id-gsbp-6d61d37.gspb_row__col--12{padding:0}body #gspb_col-id-gsbp-6d61d37.gspb_row__col--12,body #gspb_col-id-gsbp-bf37991.gspb_row__col--6{display:block}#gspb_row-id-gsbp-ea87b6f{justify-content:space-between;margin-top:0;display:flex;flex-wrap:wrap;margin-bottom:40px}#gspb_row-id-gsbp-ea87b6f>.gspb_row__content{display:flex;justify-content:space-between;margin:0 auto;width:100%;flex-wrap:wrap}body.gspb-bodyfront #gspb_row-id-gsbp-ea87b6f>.gspb_row__content{width:var(--theme-container-width, 1200px);max-width:var(--theme-normal-container-max-width, 1200px)}#gspb_col-id-gsbp-0cf4b9c.gspb_row__col--6{width:50%}@media (max-width:575.98px){#gspb_col-id-gsbp-0cf4b9c.gspb_row__col--6{width:100%}}@media (min-width:992px){body.gspb-bodyfront #gspb_col-id-gsbp-0cf4b9c.gspb_row__col--6{width:calc(30% - 0px - 0px)}}#gspb_image-id-gsbp-43b69df img{vertical-align:top;display:inline-block;box-sizing:border-box;max-width:100%;height:auto}#gspb_col-id-gsbp-8d89c67.gspb_row__col--6{width:50%}@media (max-width:575.98px){#gspb_col-id-gsbp-8d89c67.gspb_row__col--6{width:100%}}@media (min-width:992px){body.gspb-bodyfront #gspb_col-id-gsbp-8d89c67.gspb_row__col--6{width:calc(65% - 0px - 0px)}}#gspb_button-id-gsbp-c432130{display:flex;justify-content:flex-start}#gspb_button-id-gsbp-c432130 .gspb-buttonbox-text{display:flex;flex-direction:column}#gspb_button-id-gsbp-c432130>.gspb-buttonbox{box-sizing:border-box}#gspb_row-id-gsbp-9583c58{align-content:center}#gspb_row-id-gsbp-9583c58>.gspb_row__content{display:flex;justify-content:space-between;margin:0 auto;width:100%;flex-wrap:wrap;align-items:center}body.gspb-bodyfront #gspb_row-id-gsbp-9583c58>.gspb_row__content{width:var(--theme-container-width, 1200px);max-width:var(--theme-normal-container-max-width, 1200px)}#gspb_col-id-gsbp-bf37991.gspb_row__col--6{width:50%}@media (max-width:575.98px){#gspb_col-id-gsbp-bf37991.gspb_row__col--6{width:100%}}@media (min-width:992px){body.gspb-bodyfront #gspb_col-id-gsbp-bf37991.gspb_row__col--6{width:calc(30% - 0px - 0px)}}#gspb_col-id-gsbp-0c4a6da.gspb_row__col--6{width:50%}@media (max-width:575.98px){#gspb_col-id-gsbp-0c4a6da.gspb_row__col--6{width:100%}}@media (min-width:992px){body.gspb-bodyfront #gspb_col-id-gsbp-0c4a6da.gspb_row__col--6{width:calc(68% - 0px - 0px)}}#gspb_row-id-gsbp-3efb9a0,#gspb_row-id-gsbp-9583c58,#gspb_row-id-gsbp-f400041{justify-content:space-between;margin-top:0;margin-bottom:0;display:flex;flex-wrap:wrap}#gspb_row-id-gsbp-f400041>.gspb_row__content{display:flex;justify-content:space-between;margin:0 auto;width:100%;flex-wrap:wrap}#gspb_col-id-gsbp-3632ff0.gspb_row__col--4{width:33.333333333333336%}@media (max-width:575.98px){#gspb_col-id-gsbp-3632ff0.gspb_row__col--4{width:100%}}#gspb_col-id-gsbp-e695e11.gspb_row__col--4{width:33.333333333333336%}@media (max-width:575.98px){#gspb_col-id-gsbp-e695e11.gspb_row__col--4{width:100%}}#gspb_col-id-gsbp-081aae3.gspb_row__col--4{width:33.333333333333336%}@media (max-width:575.98px){#gspb_col-id-gsbp-081aae3.gspb_row__col--4{width:100%}}#gspb_row-id-gsbp-3efb9a0>.gspb_row__content{display:flex;justify-content:space-between;margin:0 auto;width:100%;flex-wrap:wrap}body.gspb-bodyfront #gspb_row-id-gsbp-3efb9a0>.gspb_row__content,body.gspb-bodyfront #gspb_row-id-gsbp-f400041>.gspb_row__content{width:var(--theme-container-width, 1200px);max-width:var(--theme-normal-container-max-width, 1200px)}#gspb_col-id-gsbp-6067de0.gspb_row__col--12{width:100%}@media (max-width:575.98px){#gspb_col-id-gsbp-6067de0.gspb_row__col--12{width:100%}}#gspb_button-id-gsbp-d55f3fa{display:flex;justify-content:center}#gspb_button-id-gsbp-d55f3fa .gspb-buttonbox-text{display:flex;flex-direction:column}#gspb_button-id-gsbp-d55f3fa>.gspb-buttonbox{box-sizing:border-box;margin-bottom:0;background-color:#fff;text-decoration:none;color:#111827;box-shadow:0 1px 3px 0 #0000001a,0 1px 2px 0 #0000000f}#gspb_button-id-gsbp-d55f3fa>.gspb-buttonbox:hover{background-color:#f9fafb!important}#gspb_button-id-gsbp-d55f3fa>.gspb-buttonbox a{text-decoration:none}#gspb_button-id-gsbp-d55f3fa>.gspb-buttonbox,#gspb_button-id-gsbp-d55f3fa>.gspb-buttonbox>.gspb_backgroundOverlay{border-top-left-radius:.5rem;border-top-right-radius:.5rem;border-bottom-right-radius:.5rem;border-bottom-left-radius:.5rem}","footnotes":""},"class_list":["post-2212","page","type-page","status-publish","hentry"],"blocksy_meta":{"has_hero_section":"disabled","vertical_spacing_source":"custom","content_area_spacing":"bottom","styles_descriptor":{"styles":{"desktop":"","tablet":"","mobile":""},"google_fonts":[],"version":6}},"_links":{"self":[{"href":"https:\/\/mekalite.com\/fr\/wp-json\/wp\/v2\/pages\/2212","targetHints":{"allow":["GET"]}}],"collection":[{"href":"https:\/\/mekalite.com\/fr\/wp-json\/wp\/v2\/pages"}],"about":[{"href":"https:\/\/mekalite.com\/fr\/wp-json\/wp\/v2\/types\/page"}],"author":[{"embeddable":true,"href":"https:\/\/mekalite.com\/fr\/wp-json\/wp\/v2\/users\/1"}],"replies":[{"embeddable":true,"href":"https:\/\/mekalite.com\/fr\/wp-json\/wp\/v2\/comments?post=2212"}],"version-history":[{"count":3,"href":"https:\/\/mekalite.com\/fr\/wp-json\/wp\/v2\/pages\/2212\/revisions"}],"predecessor-version":[{"id":2220,"href":"https:\/\/mekalite.com\/fr\/wp-json\/wp\/v2\/pages\/2212\/revisions\/2220"}],"wp:attachment":[{"href":"https:\/\/mekalite.com\/fr\/wp-json\/wp\/v2\/media?parent=2212"}],"curies":[{"name":"wp","href":"https:\/\/api.w.org\/{rel}","templated":true}]}}