{"id":2187,"date":"2024-10-27T22:22:55","date_gmt":"2024-10-27T22:22:55","guid":{"rendered":"https:\/\/mekalite.com\/?page_id=2187"},"modified":"2025-04-10T17:59:55","modified_gmt":"2025-04-10T17:59:55","slug":"dlc-coating-services","status":"publish","type":"page","link":"https:\/\/mekalite.com\/fr\/dlc-coating-services\/","title":{"rendered":"Service de rev\u00eatement DLC"},"content":{"rendered":"<div class=\"wp-block-greenshift-blocks-row alignfull gspb_row gspb_row-id-gsbp-9c27dfc\" id=\"gspb_row-id-gsbp-9c27dfc\"><div class=\"gspb_backgroundOverlay\"><\/div><div class=\"gspb_row__content\"> \n<div class=\"wp-block-greenshift-blocks-row-column gspb_row__col--12 gspb_col-id-gsbp-6d61d37\" id=\"gspb_col-id-gsbp-6d61d37\">\n\n<h1 style=\"color:#fefefe; text-transform:capitalize; margin-top:20px;margin-bottom:0px;\" class=\"ct-dynamic-data has-text-align-left wp-elements-ffa9fa256b8e68822e089e811737d287 has-text-color\">Service de rev\u00eatement DLC<\/h1>\n\n\n<p class=\"has-palette-color-7-color has-text-color has-link-color wp-elements-672d0657fb4c055785082b3a1d1d3aa5\">D\u00e9couvrez un service de rev\u00eatement DLC de premier ordre chez <a href=\"https:\/\/mekalite.com\/fr\/\">M\u00e9kalite<\/a>. Am\u00e9liorez la durabilit\u00e9, r\u00e9duisez le frottement et augmentez les performances gr\u00e2ce \u00e0 nos solutions expertes en carbone de type diamant.<\/p>\n<\/div>\n <\/div><\/div>\n\n\n\n<div class=\"wp-block-greenshift-blocks-row gspb_row gspb_row-id-gsbp-ea87b6f\" id=\"gspb_row-id-gsbp-ea87b6f\"><div class=\"gspb_row__content\"> \n<div class=\"wp-block-greenshift-blocks-row-column gspb_row__col--6 gspb_col-id-gsbp-0cf4b9c\" id=\"gspb_col-id-gsbp-0cf4b9c\">\n<p><strong>M\u00e9kalite<\/strong><\/p>\n\n\n\n<div class=\"wp-block-greenshift-blocks-image gspb_image gspb_image-id-gsbp-43b69df\" id=\"gspb_image-id-gsbp-43b69df\"><img decoding=\"async\" src=\"https:\/\/mekalite.com\/wp-content\/uploads\/2024\/10\/DLC-Coating-part1.jpg\" data-src=\"\" alt=\"Services de rev\u00eatement DLC\" loading=\"lazy\" width=\"500\" height=\"500\" title=\"\"><\/div>\n<\/div>\n\n\n\n<div class=\"wp-block-greenshift-blocks-row-column gspb_row__col--6 gspb_col-id-gsbp-8d89c67\" id=\"gspb_col-id-gsbp-8d89c67\">\n<h2 class=\"wp-block-heading has-x-large-font-size\" id=\"custom-parts-with-dlc-coating\"><strong>Pi\u00e8ces d\u00e9tach\u00e9es<\/strong>&nbsp;avec rev\u00eatement DLC<\/h2>\n\n\n\n<p>Nous fabriquons des produits rev\u00eatus de DLC d'une duret\u00e9 extr\u00eame, comparable \u00e0 celle des diamants naturels, qui r\u00e9sistent aux dommages de surface et prolongent la dur\u00e9e de vie des composants soumis \u00e0 la friction, au glissement ou \u00e0 l'usure par abrasion.<\/p>\n\n\n\n<p>Mekalite utilise une technologie de pointe pour garantir la pr\u00e9cision et la fiabilit\u00e9 de chaque projet. Avec plus de 20 ans d'exp\u00e9rience, notre \u00e9quipe comprend les subtilit\u00e9s du rev\u00eatement DLC et fournit des solutions personnalis\u00e9es pour vos besoins sp\u00e9cifiques, qu'il s'agisse de duret\u00e9, de r\u00e9sistance \u00e0 l'usure ou de faible friction.<\/p>\n\n\n\n<p>La qualit\u00e9 est une priorit\u00e9 non n\u00e9gociable ; nos proc\u00e9d\u00e9s de rev\u00eatement DLC respectent ou d\u00e9passent les normes de l'industrie. Nous nous engageons \u00e0 respecter des d\u00e9lais d'ex\u00e9cution rapides sans compromettre la qualit\u00e9. Mekalite offre des solutions rentables, rendant le rev\u00eatement DLC de haute qualit\u00e9 accessible. Nous fournissons des services de rev\u00eatement DLC de qualit\u00e9 sup\u00e9rieure qui am\u00e9liorent les performances et la dur\u00e9e de vie de vos composants dans les domaines suivants <a href=\"https:\/\/mekalite.com\/fr\/usinage-cnc\/\">Usinage CNC<\/a>.<\/p>\n\n\n\n<div class=\"gspb_button_wrapper gspb_button-id-gsbp-c432130\" id=\"gspb_button-id-gsbp-c432130\"><a class=\"wp-block-greenshift-blocks-buttonbox gspb-buttonbox wp-element-button\" href=\"https:\/\/mekalite.com\/fr\/citation\/\" rel=\"noopener\"><span class=\"gspb-buttonbox-textwrap\"><span class=\"gspb-buttonbox-text\"><span class=\"gspb-buttonbox-title\">Demande de devis<\/span><\/span><\/span><\/a><\/div>\n<\/div>\n <\/div><\/div>\n\n\n\n<div class=\"wp-block-greenshift-blocks-row gspb_row gspb_row-id-gsbp-9583c58\" id=\"gspb_row-id-gsbp-9583c58\"><div class=\"gspb_row__content\"> \n<div class=\"wp-block-greenshift-blocks-row-column gspb_row__col--6 gspb_col-id-gsbp-bf37991\" id=\"gspb_col-id-gsbp-bf37991\">\n<p><strong>APER\u00c7U DE LA TECHNOLOGIE<\/strong><\/p>\n<\/div>\n\n\n\n<div class=\"wp-block-greenshift-blocks-row-column gspb_row__col--6 gspb_col-id-gsbp-0c4a6da\" id=\"gspb_col-id-gsbp-0c4a6da\">\n<h2 class=\"wp-block-heading\" id=\"more-about-dlc-coating\" style=\"font-size:clamp(24.034px, 1.502rem + ((1vw - 3.2px) * 1.247), 40px);\"><strong>Plus d'informations<\/strong>&nbsp;Rev\u00eatement DLC<\/h2>\n<\/div>\n <\/div><\/div>\n\n\n\n<div class=\"wp-block-greenshift-blocks-row gspb_row gspb_row-id-gsbp-f400041\" id=\"gspb_row-id-gsbp-f400041\"><div class=\"gspb_row__content\"> \n<div class=\"wp-block-greenshift-blocks-row-column gspb_row__col--4 gspb_col-id-gsbp-3632ff0\" id=\"gspb_col-id-gsbp-3632ff0\">\n<h3 class=\"wp-block-heading\" id=\"headline-97-194-1\">Qu'est-ce que le rev\u00eatement DLC ?<\/h3>\n\n\n\n<p class=\"has-small-font-size\">Le rev\u00eatement DLC (Diamond-Like Carbon) est une fine couche appliqu\u00e9e sur des surfaces, principalement des m\u00e9taux, afin d'en am\u00e9liorer les propri\u00e9t\u00e9s. Il se compose de carbone et d'hydrog\u00e8ne, imitant la structure des diamants naturels. Le DLC est connu pour sa duret\u00e9, sa faible friction et son inertie chimique.<\/p>\n\n\n\n<p>Il est appliqu\u00e9 par des m\u00e9thodes telles que le d\u00e9p\u00f4t chimique en phase vapeur ou le d\u00e9p\u00f4t physique en phase vapeur. Ce rev\u00eatement est utilis\u00e9 dans des industries telles que l'automobile et l'a\u00e9rospatiale, o\u00f9 il am\u00e9liore la r\u00e9sistance \u00e0 l'usure et la durabilit\u00e9 des composants tels que les pi\u00e8ces de moteur et les outils de coupe.<\/p>\n\n\n\n<p class=\"has-small-font-size\">En outre, les variantes biocompatibles du DLC sont utilis\u00e9es dans des applications m\u00e9dicales, notamment pour les rev\u00eatements d'implants. Les rev\u00eatements DLC offrent un \u00e9quilibre entre duret\u00e9 et qualit\u00e9s protectrices dans divers secteurs.<\/p>\n<\/div>\n\n\n\n<div class=\"wp-block-greenshift-blocks-row-column gspb_row__col--4 gspb_col-id-gsbp-e695e11\" id=\"gspb_col-id-gsbp-e695e11\">\n<h3 class=\"wp-block-heading\" id=\"headline-97-194-2\">Avantages du rev\u00eatement DLC<\/h3>\n\n\n\n<ul class=\"wp-block-list\">\n<li>Duret\u00e9 accrue<\/li>\n\n\n\n<li>R\u00e9sistance accrue \u00e0 l'usure<\/li>\n\n\n\n<li>Am\u00e9lioration de la r\u00e9sistance \u00e0 la corrosion<\/li>\n\n\n\n<li>Faible coefficient de frottement<\/li>\n\n\n\n<li>Dur\u00e9e de vie prolong\u00e9e de l'outil<\/li>\n\n\n\n<li>Performances de coupe accrues<\/li>\n\n\n\n<li>Application polyvalente pour tous les mat\u00e9riaux<\/li>\n\n\n\n<li>R\u00e9duction du frottement et de la production de chaleur<\/li>\n<\/ul>\n<\/div>\n\n\n\n<div class=\"wp-block-greenshift-blocks-row-column gspb_row__col--4 gspb_col-id-gsbp-081aae3\" id=\"gspb_col-id-gsbp-081aae3\">\n<h3 class=\"wp-block-heading\" id=\"headline-97-194-3\">Consid\u00e9rations relatives \u00e0 la conception du rev\u00eatement DLC<\/h3>\n\n\n\n<ul class=\"wp-block-list\">\n<li>Choisissez des m\u00e9taux, des c\u00e9ramiques ou des polym\u00e8res compatibles.<\/li>\n\n\n\n<li>Nettoyer et pr\u00e9parer soigneusement le support pour une meilleure adh\u00e9rence.<\/li>\n\n\n\n<li>S\u00e9lectionnez CVD ou PVD en fonction des besoins de l'application.<\/li>\n\n\n\n<li>Utiliser des pr\u00e9traitements ou des rev\u00eatements intercalaires pour am\u00e9liorer l'adh\u00e9rence.<\/li>\n\n\n\n<li>Personnaliser en fonction de la duret\u00e9 et de la r\u00e9sistance \u00e0 l'usure souhait\u00e9es.<\/li>\n\n\n\n<li>S'assurer que le rev\u00eatement r\u00e9siste \u00e0 la plage de temp\u00e9rature pr\u00e9vue.<\/li>\n\n\n\n<li>Mettre en \u0153uvre un contr\u00f4le de qualit\u00e9 strict pendant et apr\u00e8s le rev\u00eatement.<\/li>\n\n\n\n<li>Personnaliser pour des besoins sp\u00e9cifiques tels que la conductivit\u00e9 ou la biocompatibilit\u00e9.<\/li>\n<\/ul>\n<\/div>\n <\/div><\/div>\n\n\n\n<div class=\"wp-block-greenshift-blocks-row alignfull gspb_row gspb_row-id-gsbp-3efb9a0\" id=\"gspb_row-id-gsbp-3efb9a0\"><div class=\"gspb_row__content\"> \n<div class=\"wp-block-greenshift-blocks-row-column gspb_row__col--12 gspb_col-id-gsbp-6067de0\" id=\"gspb_col-id-gsbp-6067de0\">\n<h3 class=\"wp-block-heading\" id=\"how-dlc-coating-services-work\">Comment fonctionnent les services de rev\u00eatement DLC<\/h3>\n\n\n\n<p>Les services de rev\u00eatement DLC comprennent g\u00e9n\u00e9ralement les \u00e9tapes suivantes :<\/p>\n\n\n\n<ol class=\"wp-block-list\">\n<li><strong>Pr\u00e9paration de la surface<\/strong>: Nettoyage et traitement du substrat pour assurer une bonne adh\u00e9rence du rev\u00eatement.<\/li>\n\n\n\n<li><strong>Processus de d\u00e9p\u00f4t<\/strong>: En utilisant un \u00e9quipement sous vide, des atomes de carbone sont d\u00e9pos\u00e9s par PVD ou PECVD pour former le film DLC.<\/li>\n\n\n\n<li><strong>Inspection de la qualit\u00e9<\/strong>: V\u00e9rifier l'\u00e9paisseur, l'uniformit\u00e9 et la performance du rev\u00eatement pour r\u00e9pondre aux sp\u00e9cifications du client.<\/li>\n<\/ol>\n\n\n\n<h3 class=\"wp-block-heading\" id=\"differences-from-other-coatings\">Diff\u00e9rences par rapport aux autres rev\u00eatements<\/h3>\n\n\n\n<ul class=\"wp-block-list\">\n<li><strong>Par rapport aux rev\u00eatements PVD<\/strong>: Le DLC est un type de rev\u00eatement PVD qui offre une duret\u00e9 et des performances de frottement sup\u00e9rieures.<\/li>\n\n\n\n<li><strong>Compar\u00e9 au nitrure de titane (TiN)<\/strong>: DLC a un coefficient de frottement plus faible et un aspect plus moderne.<\/li>\n\n\n\n<li><strong>Compar\u00e9 aux rev\u00eatements c\u00e9ramiques<\/strong>: Le DLC est plus fin et mieux adapt\u00e9 aux composants de pr\u00e9cision.<\/li>\n<\/ul>\n\n\n\n<h3 class=\"wp-block-heading\" id=\"why-choose-dlc-coating-services\">Pourquoi choisir DLC Coating Services ?<\/h3>\n\n\n\n<p>Si votre projet exige durabilit\u00e9, efficacit\u00e9 et performance, les services de rev\u00eatement DLC constituent une solution id\u00e9ale. Qu'il s'agisse d'am\u00e9liorer la fiabilit\u00e9 des \u00e9quipements industriels ou la fonctionnalit\u00e9 des produits de consommation, le DLC permet d'accro\u00eetre consid\u00e9rablement les performances.<\/p>\n<\/div>\n <\/div><\/div>\n\n\n\n<div class=\"wp-block-cover alignfull\"><span aria-hidden=\"true\" class=\"wp-block-cover__background has-background-dim\"><\/span><img loading=\"lazy\" decoding=\"async\" width=\"1024\" height=\"585\" class=\"wp-block-cover__image-background wp-image-1964\" alt=\"usinage de pr\u00e9cision\" src=\"https:\/\/mekalite.com\/wp-content\/uploads\/2024\/10\/precision-machining-1-1024x585.jpg\" data-object-fit=\"cover\" title=\"\" srcset=\"https:\/\/mekalite.com\/wp-content\/uploads\/2024\/10\/precision-machining-1-1024x585.jpg 1024w, https:\/\/mekalite.com\/wp-content\/uploads\/2024\/10\/precision-machining-1-300x171.jpg 300w, https:\/\/mekalite.com\/wp-content\/uploads\/2024\/10\/precision-machining-1-768x439.jpg 768w, https:\/\/mekalite.com\/wp-content\/uploads\/2024\/10\/precision-machining-1.jpg 1344w\" sizes=\"auto, (max-width: 1024px) 100vw, 1024px\" \/><div class=\"wp-block-cover__inner-container is-layout-flow wp-block-cover-is-layout-flow\">\n<h2 class=\"wp-block-heading has-text-align-center has-palette-color-8-color has-text-color has-link-color has-large-font-size wp-elements-e1760f4ce70cc5dd84c2d78abd5c7da0\" id=\"get-an-accurate-quote-for-your-next-projects\">Obtenez un devis pr\u00e9cis pour vos prochains projets<\/h2>\n\n\n\n<p class=\"has-text-align-center\">Que votre projet soit simple ou compliqu\u00e9, qu'il s'agisse de m\u00e9tal ou de plastique, vous obtiendrez un devis pr\u00e9cis dans les 6 heures.<\/p>\n\n\n\n<div class=\"gspb_button_wrapper gspb_button-id-gsbp-d55f3fa\" id=\"gspb_button-id-gsbp-d55f3fa\"><a class=\"wp-block-greenshift-blocks-buttonbox gspb-buttonbox wp-element-button\" href=\"https:\/\/mekalite.com\/fr\/citation\/\" rel=\"noopener\"><span class=\"gspb-buttonbox-textwrap\"><span class=\"gspb-buttonbox-text\"><span class=\"gspb-buttonbox-title\">Demande de devis<\/span><\/span><\/span><\/a><\/div>\n<\/div><\/div>","protected":false},"excerpt":{"rendered":"","protected":false},"author":1,"featured_media":0,"parent":0,"menu_order":0,"comment_status":"closed","ping_status":"closed","template":"","meta":{"_eb_attr":"","_gspb_post_css":"#gspb_row-id-gsbp-9c27dfc{justify-content:space-between;margin-top:0;display:flex;flex-wrap:wrap;align-content:center;margin-bottom:60px;padding-top:250px;padding-bottom:60px}#gspb_row-id-gsbp-9c27dfc>.gspb_row__content{display:flex;margin:0 auto;width:100%;flex-wrap:wrap;align-items:center;justify-content:center}.gspb_row{position:relative}div[id^=gspb_col-id]{box-sizing:border-box;position:relative;padding:15px min(3vw,20px)}body.gspb-bodyfront #gspb_row-id-gsbp-9c27dfc>.gspb_row__content{width:var(--theme-container-width, 1200px);max-width:var(--theme-normal-container-max-width, 1200px)}@media (max-width:991.98px){#gspb_row-id-gsbp-9c27dfc{padding-top:120px}}#gspb_row-id-gsbp-9c27dfc{background-size:cover;background-repeat:no-repeat;background-position:48% 51%;background-image:url(https:\/\/mekalite.com\/wp-content\/uploads\/2024\/10\/DLC-Coating.jpg);isolation:isolate}#gspb_row-id-gsbp-9c27dfc:hover{background-size:cover}#gspb_row-id-gsbp-9c27dfc>.gspb_backgroundOverlay{position:absolute;top:0;left:0;width:100%;height:100%;z-index:-1;opacity:.8;background-color:#000}#gspb_col-id-gsbp-6d61d37.gspb_row__col--12{width:100%}@media (max-width:575.98px){#gspb_col-id-gsbp-6d61d37.gspb_row__col--12{width:100%}}@media (min-width:992px){body.gspb-bodyfront #gspb_col-id-gsbp-6d61d37.gspb_row__col--12{width:calc(100% - 0px - 0px)}}.gspb_row #gspb_col-id-gsbp-6d61d37.gspb_row__col--12{padding:0}body #gspb_col-id-gsbp-6d61d37.gspb_row__col--12,body #gspb_col-id-gsbp-bf37991.gspb_row__col--6{display:block}#gspb_row-id-gsbp-ea87b6f{justify-content:space-between;margin-top:0;display:flex;flex-wrap:wrap;margin-bottom:40px}#gspb_row-id-gsbp-ea87b6f>.gspb_row__content{display:flex;justify-content:space-between;margin:0 auto;width:100%;flex-wrap:wrap}body.gspb-bodyfront #gspb_row-id-gsbp-ea87b6f>.gspb_row__content{width:var(--theme-container-width, 1200px);max-width:var(--theme-normal-container-max-width, 1200px)}#gspb_col-id-gsbp-0cf4b9c.gspb_row__col--6{width:50%}@media (max-width:575.98px){#gspb_col-id-gsbp-0cf4b9c.gspb_row__col--6{width:100%}}@media (min-width:992px){body.gspb-bodyfront #gspb_col-id-gsbp-0cf4b9c.gspb_row__col--6{width:calc(30% - 0px - 0px)}}#gspb_image-id-gsbp-43b69df img{vertical-align:top;display:inline-block;box-sizing:border-box;max-width:100%;height:auto}#gspb_col-id-gsbp-8d89c67.gspb_row__col--6{width:50%}@media (max-width:575.98px){#gspb_col-id-gsbp-8d89c67.gspb_row__col--6{width:100%}}@media (min-width:992px){body.gspb-bodyfront #gspb_col-id-gsbp-8d89c67.gspb_row__col--6{width:calc(65% - 0px - 0px)}}#gspb_button-id-gsbp-c432130{display:flex;justify-content:flex-start}#gspb_button-id-gsbp-c432130 .gspb-buttonbox-text{display:flex;flex-direction:column}#gspb_button-id-gsbp-c432130>.gspb-buttonbox{box-sizing:border-box}#gspb_row-id-gsbp-9583c58{align-content:center}#gspb_row-id-gsbp-9583c58>.gspb_row__content{display:flex;justify-content:space-between;margin:0 auto;width:100%;flex-wrap:wrap;align-items:center}body.gspb-bodyfront #gspb_row-id-gsbp-9583c58>.gspb_row__content{width:var(--theme-container-width, 1200px);max-width:var(--theme-normal-container-max-width, 1200px)}#gspb_col-id-gsbp-bf37991.gspb_row__col--6{width:50%}@media (max-width:575.98px){#gspb_col-id-gsbp-bf37991.gspb_row__col--6{width:100%}}@media (min-width:992px){body.gspb-bodyfront #gspb_col-id-gsbp-bf37991.gspb_row__col--6{width:calc(30% - 0px - 0px)}}#gspb_col-id-gsbp-0c4a6da.gspb_row__col--6{width:50%}@media (max-width:575.98px){#gspb_col-id-gsbp-0c4a6da.gspb_row__col--6{width:100%}}@media (min-width:992px){body.gspb-bodyfront #gspb_col-id-gsbp-0c4a6da.gspb_row__col--6{width:calc(68% - 0px - 0px)}}#gspb_row-id-gsbp-3efb9a0,#gspb_row-id-gsbp-9583c58,#gspb_row-id-gsbp-f400041{justify-content:space-between;margin-top:0;margin-bottom:0;display:flex;flex-wrap:wrap}#gspb_row-id-gsbp-f400041>.gspb_row__content{display:flex;justify-content:space-between;margin:0 auto;width:100%;flex-wrap:wrap}#gspb_col-id-gsbp-3632ff0.gspb_row__col--4{width:33.333333333333336%}@media (max-width:575.98px){#gspb_col-id-gsbp-3632ff0.gspb_row__col--4{width:100%}}#gspb_col-id-gsbp-e695e11.gspb_row__col--4{width:33.333333333333336%}@media (max-width:575.98px){#gspb_col-id-gsbp-e695e11.gspb_row__col--4{width:100%}}#gspb_col-id-gsbp-081aae3.gspb_row__col--4{width:33.333333333333336%}@media (max-width:575.98px){#gspb_col-id-gsbp-081aae3.gspb_row__col--4{width:100%}}#gspb_row-id-gsbp-3efb9a0>.gspb_row__content{display:flex;justify-content:space-between;margin:0 auto;width:100%;flex-wrap:wrap}body.gspb-bodyfront #gspb_row-id-gsbp-3efb9a0>.gspb_row__content,body.gspb-bodyfront #gspb_row-id-gsbp-f400041>.gspb_row__content{width:var(--theme-container-width, 1200px);max-width:var(--theme-normal-container-max-width, 1200px)}#gspb_col-id-gsbp-6067de0.gspb_row__col--12{width:100%}@media (max-width:575.98px){#gspb_col-id-gsbp-6067de0.gspb_row__col--12{width:100%}}#gspb_button-id-gsbp-d55f3fa{display:flex;justify-content:center}#gspb_button-id-gsbp-d55f3fa .gspb-buttonbox-text{display:flex;flex-direction:column}#gspb_button-id-gsbp-d55f3fa>.gspb-buttonbox{box-sizing:border-box;margin-bottom:0;background-color:#fff;text-decoration:none;color:#111827;box-shadow:0 1px 3px 0 #0000001a,0 1px 2px 0 #0000000f}#gspb_button-id-gsbp-d55f3fa>.gspb-buttonbox:hover{background-color:#f9fafb!important}#gspb_button-id-gsbp-d55f3fa>.gspb-buttonbox a{text-decoration:none}#gspb_button-id-gsbp-d55f3fa>.gspb-buttonbox,#gspb_button-id-gsbp-d55f3fa>.gspb-buttonbox>.gspb_backgroundOverlay{border-top-left-radius:.5rem;border-top-right-radius:.5rem;border-bottom-right-radius:.5rem;border-bottom-left-radius:.5rem}","footnotes":""},"class_list":["post-2187","page","type-page","status-publish","hentry"],"blocksy_meta":{"has_hero_section":"disabled","vertical_spacing_source":"custom","content_area_spacing":"bottom","styles_descriptor":{"styles":{"desktop":"","tablet":"","mobile":""},"google_fonts":[],"version":6}},"_links":{"self":[{"href":"https:\/\/mekalite.com\/fr\/wp-json\/wp\/v2\/pages\/2187","targetHints":{"allow":["GET"]}}],"collection":[{"href":"https:\/\/mekalite.com\/fr\/wp-json\/wp\/v2\/pages"}],"about":[{"href":"https:\/\/mekalite.com\/fr\/wp-json\/wp\/v2\/types\/page"}],"author":[{"embeddable":true,"href":"https:\/\/mekalite.com\/fr\/wp-json\/wp\/v2\/users\/1"}],"replies":[{"embeddable":true,"href":"https:\/\/mekalite.com\/fr\/wp-json\/wp\/v2\/comments?post=2187"}],"version-history":[{"count":5,"href":"https:\/\/mekalite.com\/fr\/wp-json\/wp\/v2\/pages\/2187\/revisions"}],"predecessor-version":[{"id":4486,"href":"https:\/\/mekalite.com\/fr\/wp-json\/wp\/v2\/pages\/2187\/revisions\/4486"}],"wp:attachment":[{"href":"https:\/\/mekalite.com\/fr\/wp-json\/wp\/v2\/media?parent=2187"}],"curies":[{"name":"wp","href":"https:\/\/api.w.org\/{rel}","templated":true}]}}