{"id":2158,"date":"2024-10-27T21:34:20","date_gmt":"2024-10-27T21:34:20","guid":{"rendered":"https:\/\/mekalite.com\/?page_id=2158"},"modified":"2024-10-27T21:34:32","modified_gmt":"2024-10-27T21:34:32","slug":"service-dusinage-cnc-du-magnesium","status":"publish","type":"page","link":"https:\/\/mekalite.com\/fr\/service-dusinage-cnc-du-magnesium\/","title":{"rendered":"Service d'usinage CNC du magn\u00e9sium"},"content":{"rendered":"<div class=\"wp-block-greenshift-blocks-row alignfull gspb_row gspb_row-id-gsbp-9c27dfc\" id=\"gspb_row-id-gsbp-9c27dfc\"><div class=\"gspb_backgroundOverlay\"><\/div><div class=\"gspb_row__content\"> \n<div class=\"wp-block-greenshift-blocks-row-column gspb_row__col--12 gspb_col-id-gsbp-6d61d37\" id=\"gspb_col-id-gsbp-6d61d37\">\n\n<h1 style=\"color:#fefefe; text-transform:capitalize; margin-top:20px;margin-bottom:0px;\" class=\"ct-dynamic-data has-text-align-left wp-elements-ffa9fa256b8e68822e089e811737d287 has-text-color\">Service d'usinage CNC du magn\u00e9sium<\/h1>\n\n\n<p class=\"has-palette-color-7-color has-text-color has-link-color wp-elements-6dfd75c2e3dd46713bc113f10405a332\">Le magn\u00e9sium est un m\u00e9tal sp\u00e9cial l\u00e9ger et facile \u00e0 usiner, mais les fragments g\u00e9n\u00e9r\u00e9s lors de l'extraction du magn\u00e9sium sont tr\u00e8s dangereux. <a href=\"https:\/\/mekalite.com\/fr\/usinage-cnc\/\">Usinage CNC<\/a> sont inflammables et le risque d'usinage est \u00e9lev\u00e9 ; il convient donc d'accorder une attention particuli\u00e8re \u00e0 la s\u00e9curit\u00e9 lors de l'usinage.<\/p>\n\n\n\n<p class=\"has-palette-color-7-color has-text-color has-link-color wp-elements-5356306d2c911d697521e5f321a0823e\"><a href=\"https:\/\/mekalite.com\/fr\/\">M\u00e9kalite<\/a> dispose d'un \u00e9quipement de pointe et d'une grande exp\u00e9rience dans l'usinage du magn\u00e9sium, ce qui lui permet de se pr\u00e9munir contre les risques li\u00e9s \u00e0 l'usinage CNC du magn\u00e9sium et de vous fournir des services complets d'usinage CNC du magn\u00e9sium, du prototype \u00e0 la production de masse, vous pouvez obtenir une livraison rapide de pi\u00e8ces de magn\u00e9sium personnalis\u00e9es de haute pr\u00e9cision !<\/p>\n<\/div>\n <\/div><\/div>\n\n\n\n<div class=\"wp-block-greenshift-blocks-row gspb_row gspb_row-id-gsbp-ea87b6f\" id=\"gspb_row-id-gsbp-ea87b6f\"><div class=\"gspb_row__content\"> \n<div class=\"wp-block-greenshift-blocks-row-column gspb_row__col--6 gspb_col-id-gsbp-0cf4b9c\" id=\"gspb_col-id-gsbp-0cf4b9c\">\n<p><strong>M\u00e9kalite<\/strong><\/p>\n\n\n\n<div class=\"wp-block-greenshift-blocks-image gspb_image gspb_image-id-gsbp-43b69df\" id=\"gspb_image-id-gsbp-43b69df\"><img decoding=\"async\" src=\"https:\/\/mekalite.com\/wp-content\/uploads\/2024\/10\/CNC-Titanium-Parts11.jpg\" data-src=\"\" alt=\"M\u00e9kalite\" loading=\"lazy\" width=\"500\" height=\"500\" title=\"\"><\/div>\n<\/div>\n\n\n\n<div class=\"wp-block-greenshift-blocks-row-column gspb_row__col--6 gspb_col-id-gsbp-8d89c67\" id=\"gspb_col-id-gsbp-8d89c67\">\n<h2 class=\"wp-block-heading\" id=\"custom-magnesium-parts-in-cnc-machining\"><strong>Pi\u00e8ces en magn\u00e9sium sur mesure<\/strong>\u00a0dans le domaine de l'usinage CNC<\/h2>\n\n\n\n<p>Le magn\u00e9sium poss\u00e8de une r\u00e9sistance sp\u00e9cifique \u00e9lev\u00e9e, une bonne conductivit\u00e9 thermique et de bonnes propri\u00e9t\u00e9s m\u00e9caniques. Sa densit\u00e9 n'est que de 1,74 g\/cm\u00b3, soit environ un tiers de moins que l'aluminium et le plus l\u00e9ger des m\u00e9taux de structure.<\/p>\n\n\n\n<p>Mekalite se sp\u00e9cialise dans les services d'usinage de magn\u00e9sium de haute qualit\u00e9 avec des tours et des fraiseuses CNC de pointe (centres d'usinage CNC \u00e0 5 axes) qui utilisent une technologie de premier ordre pour l'usinage, notamment le tournage, le fraisage, le per\u00e7age et l'al\u00e9sage, afin de garantir un usinage de haute pr\u00e9cision. Nous sommes en mesure de r\u00e9pondre aux besoins de fabrication de diff\u00e9rents projets, de la simple production \u00e0 l'usinage de haute pr\u00e9cision de pi\u00e8ces complexes.<\/p>\n\n\n\n<p>Mekalite est un fabricant de pi\u00e8ces d'usinage de magn\u00e9sium fiable et efficace pour tous les types de magn\u00e9sium, y compris AZ31B, AZ61B et AZ91D. Nos services de pr\u00e9cision garantissent des pi\u00e8ces de haute qualit\u00e9 pour des industries telles que l'automobile et l'a\u00e9rospatiale, et conviennent parfaitement aux bo\u00eetiers de moteurs automobiles et aux composants d'a\u00e9ronefs. Gr\u00e2ce \u00e0 nos services de pi\u00e8ces en magn\u00e9sium CNC sur mesure, vous pouvez \u00e9galement obtenir des finitions anodis\u00e9es, peintes, plaqu\u00e9es et autres pour r\u00e9pondre aux besoins esth\u00e9tiques et fonctionnels des diff\u00e9rentes pi\u00e8ces.<\/p>\n\n\n\n<div class=\"gspb_button_wrapper gspb_button-id-gsbp-c432130\" id=\"gspb_button-id-gsbp-c432130\"><a class=\"wp-block-greenshift-blocks-buttonbox gspb-buttonbox wp-element-button\" href=\"https:\/\/mekalite.com\/fr\/citation\/\" rel=\"noopener\"><span class=\"gspb-buttonbox-textwrap\"><span class=\"gspb-buttonbox-text\"><span class=\"gspb-buttonbox-title\">Demande de devis<\/span><\/span><\/span><\/a><\/div>\n<\/div>\n <\/div><\/div>\n\n\n\n<div class=\"wp-block-greenshift-blocks-row gspb_row gspb_row-id-gsbp-bb5f4dd\" id=\"gspb_row-id-gsbp-bb5f4dd\"><div class=\"gspb_row__content\"> \n<div class=\"wp-block-greenshift-blocks-row-column gspb_row__col--12 gspb_col-id-gsbp-420b058\" id=\"gspb_col-id-gsbp-420b058\">\n<h2 class=\"wp-block-heading\" id=\"magnesium-material-list\" style=\"font-size:clamp(24.034px, 1.502rem + ((1vw - 3.2px) * 1.247), 40px);\">Magn\u00e9sium Mat\u00e9riau\u00a0<strong>Liste<\/strong><\/h2>\n<\/div>\n <\/div><\/div>\n\n\n\n<div class=\"wp-block-greenshift-blocks-row gspb_row gspb_row-id-gsbp-e154e79\" id=\"gspb_row-id-gsbp-e154e79\"><div class=\"gspb_row__content\"> \n<div class=\"wp-block-greenshift-blocks-row-column gspb_row__col--3 gspb_col-id-gsbp-9dd9247\" id=\"gspb_col-id-gsbp-9dd9247\">\n<h3 class=\"wp-block-heading\" id=\"aluminum-2014\">Magn\u00e9sium AZ31B<\/h3>\n\n\n\n<p class=\"has-small-font-size\">Le magn\u00e9sium AZ31B fait partie de la famille des alliages de magn\u00e9sium-aluminium-zinc, qui sont l\u00e9gers, ont une excellente usinabilit\u00e9 et un bon rapport r\u00e9sistance\/poids.<\/p>\n\n\n\n<p><strong><a href=\"https:\/\/mekalite.com\/fr\/citation\/\" data-type=\"link\" data-id=\"https:\/\/mekalite.com\/quote\/\">Obtenir un prix<\/a><\/strong><\/p>\n<\/div>\n\n\n\n<div class=\"wp-block-greenshift-blocks-row-column gspb_row__col--3 gspb_col-id-gsbp-6ae9b63\" id=\"gspb_col-id-gsbp-6ae9b63\">\n<h3 class=\"wp-block-heading\" id=\"aluminum-2014\">Magn\u00e9sium AZ91D<\/h3>\n\n\n\n<p class=\"has-small-font-size\">Le magn\u00e9sium AZ91D est un alliage de magn\u00e9sium de haute puret\u00e9 coul\u00e9 sous pression qui offre un bon \u00e9quilibre entre r\u00e9sistance et poids, et dont la r\u00e9sistance est comparable \u00e0 celle de nombreux alliages d'aluminium.<\/p>\n\n\n\n<p><strong><a href=\"https:\/\/mekalite.com\/fr\/citation\/\" data-type=\"link\" data-id=\"https:\/\/mekalite.com\/quote\/\">Obtenir un prix<\/a><\/strong><\/p>\n<\/div>\n\n\n\n<div class=\"wp-block-greenshift-blocks-row-column gspb_row__col--3 gspb_col-id-gsbp-c3631cd\" id=\"gspb_col-id-gsbp-c3631cd\">\n<h3 class=\"wp-block-heading\" id=\"aluminum-2014\">Magn\u00e9sium AZ61B<\/h3>\n\n\n\n<p class=\"has-small-font-size\">Le magn\u00e9sium AZ61B est un alliage de magn\u00e9sium corroy\u00e9 de la s\u00e9rie AZ61. Il pr\u00e9sente une faible densit\u00e9, un bon rapport r\u00e9sistance\/poids et une excellente usinabilit\u00e9.<\/p>\n\n\n\n<p><strong><a href=\"https:\/\/mekalite.com\/fr\/citation\/\" data-type=\"link\" data-id=\"https:\/\/mekalite.com\/quote\/\">Obtenir un prix<\/a><\/strong><\/p>\n<\/div>\n <\/div><\/div>\n\n\n\n<div class=\"wp-block-greenshift-blocks-row gspb_row gspb_row-id-gsbp-9583c58\" id=\"gspb_row-id-gsbp-9583c58\"><div class=\"gspb_row__content\"> \n<div class=\"wp-block-greenshift-blocks-row-column gspb_row__col--6 gspb_col-id-gsbp-bf37991\" id=\"gspb_col-id-gsbp-bf37991\">\n<p><strong>APER\u00c7U DE LA TECHNOLOGIE<\/strong><\/p>\n<\/div>\n\n\n\n<div class=\"wp-block-greenshift-blocks-row-column gspb_row__col--6 gspb_col-id-gsbp-0c4a6da\" id=\"gspb_col-id-gsbp-0c4a6da\">\n<h2 class=\"wp-block-heading\" id=\"basic-knowledge-of-magnesium\" style=\"font-size:clamp(24.034px, 1.502rem + ((1vw - 3.2px) * 1.247), 40px);\"><strong>Connaissances de base<\/strong>\u00a0de magn\u00e9sium<\/h2>\n<\/div>\n <\/div><\/div>\n\n\n\n<div class=\"wp-block-greenshift-blocks-row gspb_row gspb_row-id-gsbp-f400041\" id=\"gspb_row-id-gsbp-f400041\"><div class=\"gspb_row__content\"> \n<div class=\"wp-block-greenshift-blocks-row-column gspb_row__col--4 gspb_col-id-gsbp-3632ff0\" id=\"gspb_col-id-gsbp-3632ff0\">\n<h3 class=\"wp-block-heading\" id=\"headline-97-194-1\">Qu'est-ce que le magn\u00e9sium ?<\/h3>\n\n\n\n<p class=\"has-small-font-size\"><strong>Magn\u00e9sium<\/strong>d\u00e9couvert en 1808 par Sir Humphry Davy, est connu \u00e0 travers des compos\u00e9s tels que les sels d'Epsom, la magn\u00e9sie et la magn\u00e9site. Le nom vient de Magnesia en Gr\u00e8ce, o\u00f9 la magn\u00e9sie alba a \u00e9t\u00e9 trouv\u00e9e pour la premi\u00e8re fois. Le magn\u00e9sium est le huiti\u00e8me \u00e9l\u00e9ment le plus abondant dans la cro\u00fbte terrestre et un m\u00e9tal structurel commun apr\u00e8s l'aluminium et le fer. Le magn\u00e9sium se trouve dans les carbonates et les silicates, ainsi que dans des min\u00e9raux comme le talc et l'olivine. Il est produit commercialement par \u00e9lectrolyse du chlorure de magn\u00e9sium fondu ou par r\u00e9duction directe de ses compos\u00e9s.<\/p>\n\n\n\n<p class=\"has-small-font-size\">Le magn\u00e9sium br\u00fble avec une lumi\u00e8re vive, ce qui fait qu'il a \u00e9t\u00e9 utilis\u00e9 historiquement dans la photographie et qu'il est toujours employ\u00e9 dans les dispositifs pyrotechniques. Sa conductivit\u00e9 thermique et \u00e9lectrique est similaire \u00e0 celle de l'aluminium. Le magn\u00e9sium r\u00e9siste aux alcalis, mais lorsqu'il entre en contact avec des acides, il r\u00e9agit avec eux, lib\u00e9rant de l'hydrog\u00e8ne et provoquant d'autres changements chimiques dans le mat\u00e9riau magn\u00e9sium. Le magn\u00e9sium forme une couche d'oxyde protectrice dans l'air et l'eau, mais r\u00e9agit \u00e0 la vapeur. Il agit comme un puissant agent r\u00e9ducteur pour produire d'autres m\u00e9taux comme le titane et le zirconium et r\u00e9agit directement avec de nombreux \u00e9l\u00e9ments.<\/p>\n<\/div>\n\n\n\n<div class=\"wp-block-greenshift-blocks-row-column gspb_row__col--4 gspb_col-id-gsbp-e695e11\" id=\"gspb_col-id-gsbp-e695e11\">\n<h3 class=\"wp-block-heading\" id=\"headline-97-194-2\">Avantages du magn\u00e9sium<\/h3>\n\n\n\n<ul class=\"wp-block-list\">\n<li>L\u00e9ger<\/li>\n\n\n\n<li>Rapport r\u00e9sistance\/poids \u00e9lev\u00e9<\/li>\n\n\n\n<li>Bonne conductivit\u00e9 thermique<\/li>\n\n\n\n<li>Excellente r\u00e9sistance \u00e0 la corrosion<\/li>\n\n\n\n<li>Point de fusion \u00e9lev\u00e9<\/li>\n\n\n\n<li>Non toxique<\/li>\n\n\n\n<li>Capacit\u00e9 d'amortissement \u00e9lev\u00e9e<\/li>\n\n\n\n<li>Une nature abondante<\/li>\n\n\n\n<li>Recyclable<\/li>\n\n\n\n<li>Biocompatible<\/li>\n<\/ul>\n<\/div>\n\n\n\n<div class=\"wp-block-greenshift-blocks-row-column gspb_row__col--4 gspb_col-id-gsbp-081aae3\" id=\"gspb_col-id-gsbp-081aae3\">\n<h3 class=\"wp-block-heading\" id=\"headline-97-194-3\">Applications du magn\u00e9sium<\/h3>\n\n\n\n<ul class=\"wp-block-list\">\n<li>Composants a\u00e9rospatiaux<\/li>\n\n\n\n<li>Pi\u00e8ces d\u00e9tach\u00e9es automobiles<\/li>\n\n\n\n<li>Production d'alliages<\/li>\n\n\n\n<li>Pyrotechnie<\/li>\n\n\n\n<li>Implants biom\u00e9dicaux<\/li>\n\n\n\n<li>D\u00e9sulfuration dans la production d'acier<\/li>\n\n\n\n<li>Piles au magn\u00e9sium<\/li>\n\n\n\n<li>Feux d'artifice<\/li>\n\n\n\n<li>Flashs photographiques<\/li>\n\n\n\n<li>Antiacides<\/li>\n<\/ul>\n<\/div>\n <\/div><\/div>\n\n\n\n<div class=\"wp-block-greenshift-blocks-row gspb_row gspb_row-id-gsbp-3efb9a0\" id=\"gspb_row-id-gsbp-3efb9a0\"><div class=\"gspb_row__content\"> \n<div class=\"wp-block-greenshift-blocks-row-column gspb_row__col--12 gspb_col-id-gsbp-6067de0\" id=\"gspb_col-id-gsbp-6067de0\">\n<div class=\"wp-block-cover\"><span aria-hidden=\"true\" class=\"wp-block-cover__background has-background-dim\"><\/span><img loading=\"lazy\" decoding=\"async\" width=\"1024\" height=\"585\" class=\"wp-block-cover__image-background wp-image-1964\" alt=\"usinage de pr\u00e9cision\" src=\"https:\/\/mekalite.com\/wp-content\/uploads\/2024\/10\/precision-machining-1-1024x585.jpg\" data-object-fit=\"cover\" title=\"\" srcset=\"https:\/\/mekalite.com\/wp-content\/uploads\/2024\/10\/precision-machining-1-1024x585.jpg 1024w, https:\/\/mekalite.com\/wp-content\/uploads\/2024\/10\/precision-machining-1-300x171.jpg 300w, https:\/\/mekalite.com\/wp-content\/uploads\/2024\/10\/precision-machining-1-768x439.jpg 768w, https:\/\/mekalite.com\/wp-content\/uploads\/2024\/10\/precision-machining-1.jpg 1344w\" sizes=\"auto, (max-width: 1024px) 100vw, 1024px\" \/><div class=\"wp-block-cover__inner-container is-layout-flow wp-block-cover-is-layout-flow\">\n<h2 class=\"wp-block-heading has-text-align-center has-palette-color-8-color has-text-color has-link-color has-large-font-size wp-elements-e1760f4ce70cc5dd84c2d78abd5c7da0\" id=\"get-an-accurate-quote-for-your-next-projects\">Obtenez un devis pr\u00e9cis pour vos prochains projets<\/h2>\n\n\n\n<p class=\"has-text-align-center\">Que votre projet soit simple ou compliqu\u00e9, qu'il s'agisse de m\u00e9tal ou de plastique, vous obtiendrez un devis pr\u00e9cis dans les 6 heures.<\/p>\n\n\n\n<div class=\"gspb_button_wrapper gspb_button-id-gsbp-d55f3fa\" id=\"gspb_button-id-gsbp-d55f3fa\"><a class=\"wp-block-greenshift-blocks-buttonbox gspb-buttonbox wp-element-button\" href=\"https:\/\/mekalite.com\/fr\/citation\/\" rel=\"noopener\"><span class=\"gspb-buttonbox-textwrap\"><span class=\"gspb-buttonbox-text\"><span class=\"gspb-buttonbox-title\">Demande de devis<\/span><\/span><\/span><\/a><\/div>\n<\/div><\/div>\n<\/div>\n <\/div><\/div>","protected":false},"excerpt":{"rendered":"","protected":false},"author":1,"featured_media":0,"parent":0,"menu_order":0,"comment_status":"closed","ping_status":"closed","template":"","meta":{"_eb_attr":"","_gspb_post_css":"#gspb_row-id-gsbp-9c27dfc{justify-content:space-between;margin-top:0;display:flex;flex-wrap:wrap;align-content:center;margin-bottom:60px;padding-top:250px;padding-bottom:60px}#gspb_row-id-gsbp-9c27dfc>.gspb_row__content{display:flex;margin:0 auto;width:100%;flex-wrap:wrap;align-items:center;justify-content:center}.gspb_row{position:relative}div[id^=gspb_col-id]{box-sizing:border-box;position:relative;padding:15px min(3vw,20px)}body.gspb-bodyfront #gspb_row-id-gsbp-9c27dfc>.gspb_row__content{width:var(--theme-container-width, 1200px);max-width:var(--theme-normal-container-max-width, 1200px)}@media (max-width:991.98px){#gspb_row-id-gsbp-9c27dfc{padding-top:120px}}#gspb_row-id-gsbp-9c27dfc{background-size:cover;background-repeat:no-repeat;background-position:48% 51%;background-image:url(https:\/\/mekalite.com\/wp-content\/uploads\/2024\/10\/CNC-Magnesium-parts1.jpg);isolation:isolate}#gspb_row-id-gsbp-9c27dfc:hover{background-size:cover}#gspb_row-id-gsbp-9c27dfc>.gspb_backgroundOverlay{position:absolute;top:0;left:0;width:100%;height:100%;z-index:-1;opacity:.8;background-color:#000}#gspb_col-id-gsbp-6d61d37.gspb_row__col--12{width:100%}@media (max-width:575.98px){#gspb_col-id-gsbp-6d61d37.gspb_row__col--12{width:100%}}@media (min-width:992px){body.gspb-bodyfront #gspb_col-id-gsbp-6d61d37.gspb_row__col--12{width:calc(100% - 0px - 0px)}}.gspb_row #gspb_col-id-gsbp-6d61d37.gspb_row__col--12{padding:0}body #gspb_col-id-gsbp-6d61d37.gspb_row__col--12,body #gspb_col-id-gsbp-bf37991.gspb_row__col--6{display:block}#gspb_row-id-gsbp-ea87b6f{justify-content:space-between;margin-top:0;display:flex;flex-wrap:wrap;margin-bottom:40px}#gspb_row-id-gsbp-ea87b6f>.gspb_row__content{display:flex;justify-content:space-between;margin:0 auto;width:100%;flex-wrap:wrap}body.gspb-bodyfront #gspb_row-id-gsbp-ea87b6f>.gspb_row__content{width:var(--theme-container-width, 1200px);max-width:var(--theme-normal-container-max-width, 1200px)}#gspb_col-id-gsbp-0cf4b9c.gspb_row__col--6{width:50%}@media (max-width:575.98px){#gspb_col-id-gsbp-0cf4b9c.gspb_row__col--6{width:100%}}@media (min-width:992px){body.gspb-bodyfront #gspb_col-id-gsbp-0cf4b9c.gspb_row__col--6{width:calc(30% - 0px - 0px)}}#gspb_image-id-gsbp-43b69df img{vertical-align:top;display:inline-block;box-sizing:border-box;max-width:100%;height:auto}#gspb_col-id-gsbp-8d89c67.gspb_row__col--6{width:50%}@media (max-width:575.98px){#gspb_col-id-gsbp-8d89c67.gspb_row__col--6{width:100%}}@media (min-width:992px){body.gspb-bodyfront #gspb_col-id-gsbp-8d89c67.gspb_row__col--6{width:calc(65% - 0px - 0px)}}#gspb_button-id-gsbp-c432130{display:flex;justify-content:flex-start}#gspb_button-id-gsbp-c432130 .gspb-buttonbox-text{display:flex;flex-direction:column}#gspb_button-id-gsbp-c432130>.gspb-buttonbox{box-sizing:border-box}#gspb_row-id-gsbp-bb5f4dd,#gspb_row-id-gsbp-e154e79{justify-content:space-between;margin-top:0;margin-bottom:0;display:flex;flex-wrap:wrap}#gspb_row-id-gsbp-e154e79{margin-bottom:20px}#gspb_row-id-gsbp-bb5f4dd>.gspb_row__content{display:flex;justify-content:space-between;margin:0 auto;width:100%;flex-wrap:wrap}#gspb_col-id-gsbp-420b058.gspb_row__col--12{width:100%}@media (max-width:575.98px){#gspb_col-id-gsbp-420b058.gspb_row__col--12{width:100%}}#gspb_row-id-gsbp-e154e79>.gspb_row__content{display:flex;justify-content:space-between;margin:0 auto;width:100%;flex-wrap:wrap}body.gspb-bodyfront #gspb_row-id-gsbp-bb5f4dd>.gspb_row__content,body.gspb-bodyfront #gspb_row-id-gsbp-e154e79>.gspb_row__content{width:var(--theme-container-width, 1200px);max-width:var(--theme-normal-container-max-width, 1200px)}#gspb_col-id-gsbp-9dd9247.gspb_row__col--3{width:25%}@media (max-width:575.98px){#gspb_col-id-gsbp-9dd9247.gspb_row__col--3{width:100%}}@media (min-width:992px){body.gspb-bodyfront #gspb_col-id-gsbp-9dd9247.gspb_row__col--3{width:calc(33% - 0px - 0px)}}#gspb_col-id-gsbp-9dd9247.gspb_row__col--3{border-style:solid;border-width:1px}#gspb_col-id-gsbp-6ae9b63.gspb_row__col--3{width:25%}@media (max-width:575.98px){#gspb_col-id-gsbp-6ae9b63.gspb_row__col--3{width:100%}}@media (min-width:992px){body.gspb-bodyfront #gspb_col-id-gsbp-6ae9b63.gspb_row__col--3{width:calc(33% - 0px - 0px)}}#gspb_col-id-gsbp-6ae9b63.gspb_row__col--3{border-style:solid;border-width:1px}#gspb_col-id-gsbp-c3631cd.gspb_row__col--3{width:25%}@media (max-width:575.98px){#gspb_col-id-gsbp-c3631cd.gspb_row__col--3{width:100%}}@media (min-width:992px){body.gspb-bodyfront #gspb_col-id-gsbp-c3631cd.gspb_row__col--3{width:calc(33% - 0px - 0px)}}#gspb_col-id-gsbp-c3631cd.gspb_row__col--3{border-style:solid;border-width:1px}#gspb_row-id-gsbp-9583c58{align-content:center}#gspb_row-id-gsbp-9583c58>.gspb_row__content{display:flex;justify-content:space-between;margin:0 auto;width:100%;flex-wrap:wrap;align-items:center}body.gspb-bodyfront #gspb_row-id-gsbp-9583c58>.gspb_row__content{width:var(--theme-container-width, 1200px);max-width:var(--theme-normal-container-max-width, 1200px)}#gspb_col-id-gsbp-bf37991.gspb_row__col--6{width:50%}@media (max-width:575.98px){#gspb_col-id-gsbp-bf37991.gspb_row__col--6{width:100%}}@media (min-width:992px){body.gspb-bodyfront #gspb_col-id-gsbp-bf37991.gspb_row__col--6{width:calc(30% - 0px - 0px)}}#gspb_col-id-gsbp-0c4a6da.gspb_row__col--6{width:50%}@media (max-width:575.98px){#gspb_col-id-gsbp-0c4a6da.gspb_row__col--6{width:100%}}@media (min-width:992px){body.gspb-bodyfront #gspb_col-id-gsbp-0c4a6da.gspb_row__col--6{width:calc(68% - 0px - 0px)}}#gspb_row-id-gsbp-3efb9a0,#gspb_row-id-gsbp-9583c58,#gspb_row-id-gsbp-f400041{justify-content:space-between;margin-top:0;margin-bottom:0;display:flex;flex-wrap:wrap}#gspb_row-id-gsbp-f400041>.gspb_row__content{display:flex;justify-content:space-between;margin:0 auto;width:100%;flex-wrap:wrap}#gspb_col-id-gsbp-3632ff0.gspb_row__col--4{width:33.333333333333336%}@media (max-width:575.98px){#gspb_col-id-gsbp-3632ff0.gspb_row__col--4{width:100%}}#gspb_col-id-gsbp-e695e11.gspb_row__col--4{width:33.333333333333336%}@media (max-width:575.98px){#gspb_col-id-gsbp-e695e11.gspb_row__col--4{width:100%}}#gspb_col-id-gsbp-081aae3.gspb_row__col--4{width:33.333333333333336%}@media (max-width:575.98px){#gspb_col-id-gsbp-081aae3.gspb_row__col--4{width:100%}}#gspb_row-id-gsbp-3efb9a0>.gspb_row__content{display:flex;justify-content:space-between;margin:0 auto;width:100%;flex-wrap:wrap}body.gspb-bodyfront #gspb_row-id-gsbp-3efb9a0>.gspb_row__content,body.gspb-bodyfront #gspb_row-id-gsbp-f400041>.gspb_row__content{width:var(--theme-container-width, 1200px);max-width:var(--theme-normal-container-max-width, 1200px)}#gspb_col-id-gsbp-6067de0.gspb_row__col--12{width:100%}@media (max-width:575.98px){#gspb_col-id-gsbp-6067de0.gspb_row__col--12{width:100%}}#gspb_button-id-gsbp-d55f3fa{display:flex;justify-content:center}#gspb_button-id-gsbp-d55f3fa .gspb-buttonbox-text{display:flex;flex-direction:column}#gspb_button-id-gsbp-d55f3fa>.gspb-buttonbox{box-sizing:border-box;margin-bottom:0;background-color:#fff;text-decoration:none;color:#111827;box-shadow:0 1px 3px 0 #0000001a,0 1px 2px 0 #0000000f}#gspb_button-id-gsbp-d55f3fa>.gspb-buttonbox:hover{background-color:#f9fafb!important}#gspb_button-id-gsbp-d55f3fa>.gspb-buttonbox a{text-decoration:none}#gspb_button-id-gsbp-d55f3fa>.gspb-buttonbox,#gspb_button-id-gsbp-d55f3fa>.gspb-buttonbox>.gspb_backgroundOverlay{border-top-left-radius:.5rem;border-top-right-radius:.5rem;border-bottom-right-radius:.5rem;border-bottom-left-radius:.5rem}","footnotes":""},"class_list":["post-2158","page","type-page","status-publish","hentry"],"blocksy_meta":{"has_hero_section":"disabled","vertical_spacing_source":"custom","content_area_spacing":"bottom","styles_descriptor":{"styles":{"desktop":"","tablet":"","mobile":""},"google_fonts":[],"version":6}},"_links":{"self":[{"href":"https:\/\/mekalite.com\/fr\/wp-json\/wp\/v2\/pages\/2158","targetHints":{"allow":["GET"]}}],"collection":[{"href":"https:\/\/mekalite.com\/fr\/wp-json\/wp\/v2\/pages"}],"about":[{"href":"https:\/\/mekalite.com\/fr\/wp-json\/wp\/v2\/types\/page"}],"author":[{"embeddable":true,"href":"https:\/\/mekalite.com\/fr\/wp-json\/wp\/v2\/users\/1"}],"replies":[{"embeddable":true,"href":"https:\/\/mekalite.com\/fr\/wp-json\/wp\/v2\/comments?post=2158"}],"version-history":[{"count":1,"href":"https:\/\/mekalite.com\/fr\/wp-json\/wp\/v2\/pages\/2158\/revisions"}],"predecessor-version":[{"id":2162,"href":"https:\/\/mekalite.com\/fr\/wp-json\/wp\/v2\/pages\/2158\/revisions\/2162"}],"wp:attachment":[{"href":"https:\/\/mekalite.com\/fr\/wp-json\/wp\/v2\/media?parent=2158"}],"curies":[{"name":"wp","href":"https:\/\/api.w.org\/{rel}","templated":true}]}}