{"id":2148,"date":"2024-10-27T21:27:05","date_gmt":"2024-10-27T21:27:05","guid":{"rendered":"https:\/\/mekalite.com\/?page_id=2148"},"modified":"2024-10-27T21:39:54","modified_gmt":"2024-10-27T21:39:54","slug":"service-dusinage-cnc-de-lacier-a-outils","status":"publish","type":"page","link":"https:\/\/mekalite.com\/fr\/service-dusinage-cnc-de-lacier-a-outils\/","title":{"rendered":"Service d'usinage CNC de l'acier \u00e0 outils"},"content":{"rendered":"<div class=\"wp-block-greenshift-blocks-row alignfull gspb_row gspb_row-id-gsbp-9c27dfc\" id=\"gspb_row-id-gsbp-9c27dfc\"><div class=\"gspb_backgroundOverlay\"><\/div><div class=\"gspb_row__content\"> \n<div class=\"wp-block-greenshift-blocks-row-column gspb_row__col--12 gspb_col-id-gsbp-6d61d37\" id=\"gspb_col-id-gsbp-6d61d37\">\n\n<h1 style=\"color:#fefefe; text-transform:capitalize; margin-top:20px;margin-bottom:0px;\" class=\"ct-dynamic-data has-text-align-left wp-elements-ffa9fa256b8e68822e089e811737d287 has-text-color\">Service d'usinage CNC de l'acier \u00e0 outils<\/h1>\n\n\n<p class=\"has-palette-color-7-color has-text-color has-link-color wp-elements-702b5a59c23761e229bc76e626425c9d\">L'acier \u00e0 outils est connu pour sa grande duret\u00e9, sa r\u00e9sistance \u00e0 l'usure et sa t\u00e9nacit\u00e9. <a href=\"https:\/\/mekalite.com\/fr\/\">M\u00e9kalite<\/a> dispose d'une riche exp\u00e9rience de plus de 20 ans dans les domaines suivants <a href=\"https:\/\/mekalite.com\/fr\/usinage-cnc\/\">Usinage CNC<\/a> et peut fournir des services complets d'usinage CNC de l'acier \u00e0 outils. Nous disposons de centres d'usinage de haute pr\u00e9cision et d'une technologie avanc\u00e9e permettant d'obtenir des tol\u00e9rances serr\u00e9es de +\/- 0,005 mm et des d\u00e9lais de livraison courts.<\/p>\n<\/div>\n <\/div><\/div>\n\n\n\n<div class=\"wp-block-greenshift-blocks-row gspb_row gspb_row-id-gsbp-ea87b6f\" id=\"gspb_row-id-gsbp-ea87b6f\"><div class=\"gspb_row__content\"> \n<div class=\"wp-block-greenshift-blocks-row-column gspb_row__col--6 gspb_col-id-gsbp-0cf4b9c\" id=\"gspb_col-id-gsbp-0cf4b9c\">\n<p><strong>M\u00e9kalite<\/strong><\/p>\n\n\n\n<div class=\"wp-block-greenshift-blocks-image gspb_image gspb_image-id-gsbp-43b69df\" id=\"gspb_image-id-gsbp-43b69df\"><img decoding=\"async\" src=\"https:\/\/mekalite.com\/wp-content\/uploads\/2024\/10\/CNC-Machined-Steel-Part1.jpg\" data-src=\"\" alt=\"M\u00e9kalite\" loading=\"lazy\" width=\"500\" height=\"500\" title=\"\"><\/div>\n<\/div>\n\n\n\n<div class=\"wp-block-greenshift-blocks-row-column gspb_row__col--6 gspb_col-id-gsbp-8d89c67\" id=\"gspb_col-id-gsbp-8d89c67\">\n<h2 class=\"wp-block-heading\" id=\"high-quality-cnc-machining-tool-steel-for-custom-parts\">Haute qualit\u00e9<strong>&nbsp;Usinage CNC de l'acier \u00e0 outils&nbsp;<\/strong>pour les pi\u00e8ces sur mesure<\/h2>\n\n\n\n<p>L'acier \u00e0 outils pr\u00e9sente une duret\u00e9 \u00e9lev\u00e9e, une bonne t\u00e9nacit\u00e9, une bonne r\u00e9sistance \u00e0 l'usure et \u00e0 la corrosion. Il s'agit d'un acier sp\u00e9cial utilis\u00e9 pour l'usinage CNC afin de fabriquer des outils et des moules.<\/p>\n\n\n\n<p>L'atelier d'usinage de Mekalite utilise des machines-outils CNC et des \u00e9quipements EDM de pointe pour produire des pi\u00e8ces en acier \u00e0 outils sur mesure, notamment des tours de haute pr\u00e9cision, des fraiseuses, des meuleuses et des \u00e9quipements de d\u00e9coupe par fil. Ces \u00e9quipements et ces technologies de pointe nous permettent de traiter diverses formes complexes et des pi\u00e8ces personnalis\u00e9es de haute pr\u00e9cision. Nous sommes sp\u00e9cialis\u00e9s dans le traitement de tous les types d'acier \u00e0 outils, notamment A2, A3, D2, H13, O1 et S7.<\/p>\n\n\n\n<p>Mekalite est un fabricant professionnel et comp\u00e9tent de pi\u00e8ces de transformation de l'acier \u00e0 outils. Nos services de haute pr\u00e9cision garantissent des pi\u00e8ces de haute qualit\u00e9 pour les industries telles que la fabrication, l'automobile et l'a\u00e9rospatiale. C'est un choix parfait pour divers outils, roulements, pi\u00e8ces de moule, engrenages, pi\u00e8ces de moteur, aubes de turbine. Nous pouvons fournir une vari\u00e9t\u00e9 de services de traitement de surface tels que le traitement thermique, la nitruration, le chromage et l'oxydation pour am\u00e9liorer la duret\u00e9 de surface et la r\u00e9sistance \u00e0 l'usure de l'acier \u00e0 outils afin de r\u00e9pondre aux besoins de traitement de diff\u00e9rentes pi\u00e8ces. Du prototype \u00e0 la production de masse, nous vous fournissons des pi\u00e8ces personnalis\u00e9es en acier \u00e0 outils de haute qualit\u00e9.<\/p>\n\n\n\n<div class=\"gspb_button_wrapper gspb_button-id-gsbp-c432130\" id=\"gspb_button-id-gsbp-c432130\"><a class=\"wp-block-greenshift-blocks-buttonbox gspb-buttonbox wp-element-button\" href=\"https:\/\/mekalite.com\/fr\/citation\/\" rel=\"noopener\"><span class=\"gspb-buttonbox-textwrap\"><span class=\"gspb-buttonbox-text\"><span class=\"gspb-buttonbox-title\">Demande de devis<\/span><\/span><\/span><\/a><\/div>\n<\/div>\n <\/div><\/div>\n\n\n\n<div class=\"wp-block-greenshift-blocks-row gspb_row gspb_row-id-gsbp-bb5f4dd\" id=\"gspb_row-id-gsbp-bb5f4dd\"><div class=\"gspb_row__content\"> \n<div class=\"wp-block-greenshift-blocks-row-column gspb_row__col--12 gspb_col-id-gsbp-420b058\" id=\"gspb_col-id-gsbp-420b058\">\n<h2 class=\"wp-block-heading\" id=\"tool-steel-material-list\" style=\"font-size:clamp(24.034px, 1.502rem + ((1vw - 3.2px) * 1.247), 40px);\">Mat\u00e9riau de l'acier \u00e0 outils&nbsp;<strong>Liste<\/strong><\/h2>\n<\/div>\n <\/div><\/div>\n\n\n\n<div class=\"wp-block-greenshift-blocks-row gspb_row gspb_row-id-gsbp-e154e79\" id=\"gspb_row-id-gsbp-e154e79\"><div class=\"gspb_row__content\"> \n<div class=\"wp-block-greenshift-blocks-row-column gspb_row__col--3 gspb_col-id-gsbp-9dd9247\" id=\"gspb_col-id-gsbp-9dd9247\">\n<h3 class=\"wp-block-heading\" id=\"aluminum-2014\"><a href=\"https:\/\/www.dekmake.com\/cnc-machining-metals\/tool-steel\/tool-steel-a2\/\" target=\"_blank\" rel=\"noopener\">Acier \u00e0 outils A2<\/a><\/h3>\n\n\n\n<p class=\"has-small-font-size\">L'acier \u00e0 outils A2 est un acier \u00e0 outils \u00e0 froid, durcissant \u00e0 l'air, couramment utilis\u00e9 dans l'usinage CNC en raison de son excellente r\u00e9sistance \u00e0 l'usure et de sa t\u00e9nacit\u00e9.<\/p>\n\n\n\n<p><strong><a href=\"https:\/\/mekalite.com\/fr\/citation\/\" data-type=\"link\" data-id=\"https:\/\/mekalite.com\/quote\/\">Obtenir un prix<\/a><\/strong><\/p>\n<\/div>\n\n\n\n<div class=\"wp-block-greenshift-blocks-row-column gspb_row__col--3 gspb_col-id-gsbp-e63dc9c\" id=\"gspb_col-id-gsbp-e63dc9c\">\n<h3 class=\"wp-block-heading\" id=\"aluminum-2014\"><a href=\"https:\/\/www.dekmake.com\/cnc-machining-metals\/tool-steel\/tool-steel-a3\/\" target=\"_blank\" rel=\"noopener\">Acier \u00e0 outils A3<\/a><\/h3>\n\n\n\n<p class=\"has-small-font-size\">L'acier \u00e0 outils A3, \u00e9galement connu sous le nom d'AISI A3 ou W1-A-1, est un acier \u00e0 haute teneur en carbone et fortement alli\u00e9 qui pr\u00e9sente une excellente r\u00e9sistance \u00e0 l'usure et une grande t\u00e9nacit\u00e9.<\/p>\n\n\n\n<p><strong><a href=\"https:\/\/mekalite.com\/fr\/citation\/\" data-type=\"link\" data-id=\"https:\/\/mekalite.com\/quote\/\">Obtenir un prix<\/a><\/strong><\/p>\n<\/div>\n\n\n\n<div class=\"wp-block-greenshift-blocks-row-column gspb_row__col--3 gspb_col-id-gsbp-4cfc04d\" id=\"gspb_col-id-gsbp-4cfc04d\">\n<h3 class=\"wp-block-heading\" id=\"aluminum-2014\"><a href=\"https:\/\/www.dekmake.com\/cnc-machining-metals\/tool-steel\/tool-steel-d2\/\" target=\"_blank\" rel=\"noopener\">Acier \u00e0 outils D2<\/a><\/h3>\n\n\n\n<p class=\"has-small-font-size\">L'acier \u00e0 outils D2 est un acier \u00e0 haute teneur en carbone et en chrome, durcissant \u00e0 l'air, qui pr\u00e9sente une excellente r\u00e9sistance \u00e0 l'usure, une grande r\u00e9sistance \u00e0 la compression et une bonne t\u00e9nacit\u00e9.<\/p>\n\n\n\n<p><strong><a href=\"https:\/\/mekalite.com\/fr\/citation\/\" data-type=\"link\" data-id=\"https:\/\/mekalite.com\/quote\/\">Obtenir un prix<\/a><\/strong><\/p>\n<\/div>\n\n\n\n<div class=\"wp-block-greenshift-blocks-row-column gspb_row__col--3 gspb_col-id-gsbp-5de73d4\" id=\"gspb_col-id-gsbp-5de73d4\">\n<h3 class=\"wp-block-heading\" id=\"aluminum-2014\"><a href=\"https:\/\/www.dekmake.com\/cnc-machining-metals\/tool-steel\/tool-steel-h13\/\" target=\"_blank\" rel=\"noopener\">Acier \u00e0 outils H13<\/a><\/h3>\n\n\n\n<p class=\"has-small-font-size\">L'acier \u00e0 outils H13 est largement utilis\u00e9 dans l'usinage CNC en raison de son excellente duret\u00e9, de sa r\u00e9sistance \u00e0 la chaleur et de sa t\u00e9nacit\u00e9.<\/p>\n\n\n\n<p><strong><a href=\"https:\/\/mekalite.com\/fr\/citation\/\" data-type=\"link\" data-id=\"https:\/\/mekalite.com\/quote\/\">Obtenir un prix<\/a><\/strong><\/p>\n<\/div>\n <\/div><\/div>\n\n\n\n<div class=\"wp-block-greenshift-blocks-row gspb_row gspb_row-id-gsbp-127608c\" id=\"gspb_row-id-gsbp-127608c\"><div class=\"gspb_row__content\"> \n<div class=\"wp-block-greenshift-blocks-row-column gspb_row__col--3 gspb_col-id-gsbp-bfef8a4\" id=\"gspb_col-id-gsbp-bfef8a4\">\n<h3 class=\"wp-block-heading\" id=\"aluminum-2014\"><a href=\"https:\/\/www.dekmake.com\/cnc-machining-metals\/tool-steel\/tool-steel-a2\/\" target=\"_blank\" rel=\"noopener\">Acier \u00e0 outils O1<\/a><\/h3>\n\n\n\n<p class=\"has-small-font-size\">L'acier \u00e0 outils O1 est un acier \u00e0 outils non d\u00e9formable et durcissant \u00e0 l'huile qui appartient au groupe des aciers \u00e0 outils pour le travail \u00e0 froid. Il pr\u00e9sente une r\u00e9sistance \u00e9lev\u00e9e \u00e0 l'usure, une bonne stabilit\u00e9 dimensionnelle, une bonne t\u00e9nacit\u00e9 et une bonne usinabilit\u00e9.<\/p>\n\n\n\n<p><strong><a href=\"https:\/\/mekalite.com\/fr\/citation\/\" data-type=\"link\" data-id=\"https:\/\/mekalite.com\/quote\/\">Obtenir un prix<\/a><\/strong><\/p>\n<\/div>\n\n\n\n<div class=\"wp-block-greenshift-blocks-row-column gspb_row__col--3 gspb_col-id-gsbp-47bc367\" id=\"gspb_col-id-gsbp-47bc367\">\n<h3 class=\"wp-block-heading\" id=\"aluminum-2014\"><a href=\"https:\/\/www.dekmake.com\/cnc-machining-metals\/tool-steel\/tool-steel-a3\/\" target=\"_blank\" rel=\"noopener\">Acier \u00e0 outils S7<\/a><\/h3>\n\n\n\n<p class=\"has-small-font-size\">L'acier \u00e0 outils S7 est connu pour ses propri\u00e9t\u00e9s de r\u00e9sistance aux chocs. Il poss\u00e8de une grande r\u00e9sistance aux chocs, \u00e0 l'usure et \u00e0 la t\u00e9nacit\u00e9.<\/p>\n\n\n\n<p><strong><a href=\"https:\/\/mekalite.com\/fr\/citation\/\" data-type=\"link\" data-id=\"https:\/\/mekalite.com\/quote\/\">Obtenir un prix<\/a><\/strong><\/p>\n<\/div>\n <\/div><\/div>\n\n\n\n<div class=\"wp-block-greenshift-blocks-row gspb_row gspb_row-id-gsbp-9583c58\" id=\"gspb_row-id-gsbp-9583c58\"><div class=\"gspb_row__content\"> \n<div class=\"wp-block-greenshift-blocks-row-column gspb_row__col--6 gspb_col-id-gsbp-bf37991\" id=\"gspb_col-id-gsbp-bf37991\">\n<p><strong>APER\u00c7U DE LA TECHNOLOGIE<\/strong><\/p>\n<\/div>\n\n\n\n<div class=\"wp-block-greenshift-blocks-row-column gspb_row__col--6 gspb_col-id-gsbp-0c4a6da\" id=\"gspb_col-id-gsbp-0c4a6da\">\n<h2 class=\"wp-block-heading\" id=\"basic-knowledge-of-copper\" style=\"font-size:clamp(24.034px, 1.502rem + ((1vw - 3.2px) * 1.247), 40px);\"><strong>Connaissances de base<\/strong>&nbsp;de cuivre<\/h2>\n<\/div>\n <\/div><\/div>\n\n\n\n<div class=\"wp-block-greenshift-blocks-row gspb_row gspb_row-id-gsbp-f400041\" id=\"gspb_row-id-gsbp-f400041\"><div class=\"gspb_row__content\"> \n<div class=\"wp-block-greenshift-blocks-row-column gspb_row__col--4 gspb_col-id-gsbp-3632ff0\" id=\"gspb_col-id-gsbp-3632ff0\">\n<h3 class=\"wp-block-heading\" id=\"headline-97-194-1\">Qu'est-ce que l'acier \u00e0 outils ?<\/h3>\n\n\n\n<p class=\"has-small-font-size\"><strong>Acier \u00e0 outils<\/strong>&nbsp;est un type d'acier utilis\u00e9 pour la fabrication d'outils tels que les outils de coupe, les matrices, les outils \u00e0 main et les couteaux. Ces aciers sont choisis pour leur duret\u00e9, leur r\u00e9sistance \u00e0 l'usure et leur capacit\u00e9 \u00e0 conserver un tranchant \u00e0 haute temp\u00e9rature. Les aciers \u00e0 outils, dont la teneur en carbone se situe entre 0,5% et 1,5%, sont soigneusement fabriqu\u00e9s avec des \u00e9l\u00e9ments d'alliage tels que le tungst\u00e8ne, le chrome, le vanadium et le molybd\u00e8ne pour former des carbures. La vitesse de dissolution des carbures dans la phase aust\u00e9nitique du fer affecte les performances de l'acier \u00e0 haute temp\u00e9rature.<\/p>\n\n\n\n<p class=\"has-small-font-size\">Un traitement thermique appropri\u00e9 est important pour am\u00e9liorer les propri\u00e9t\u00e9s telles que la duret\u00e9 et la t\u00e9nacit\u00e9. Il existe six groupes d'aciers \u00e0 outils : aciers pour travail \u00e0 froid, aciers \u00e0 haute vitesse, aciers pour travail \u00e0 chaud, aciers pour r\u00e9sistance aux chocs, aciers pour durcissement \u00e0 l'eau et aciers \u00e0 usage sp\u00e9cial. Ils sont choisis en fonction du co\u00fbt, de la temp\u00e9rature de travail, de la duret\u00e9, de la solidit\u00e9, de la r\u00e9sistance aux chocs et de la t\u00e9nacit\u00e9. Les aciers \u00e0 outils sont tr\u00e8s importants pour couper, presser, extruder et frapper les m\u00e9taux.<\/p>\n<\/div>\n\n\n\n<div class=\"wp-block-greenshift-blocks-row-column gspb_row__col--4 gspb_col-id-gsbp-e695e11\" id=\"gspb_col-id-gsbp-e695e11\">\n<h3 class=\"wp-block-heading\" id=\"headline-97-194-2\">Avantages de l'acier \u00e0 outils<\/h3>\n\n\n\n<ul class=\"wp-block-list\">\n<li>R\u00e9sistance \u00e0 l'usure<\/li>\n\n\n\n<li>Solidit\u00e9<\/li>\n\n\n\n<li>R\u00e9sistance \u00e0 la chaleur<\/li>\n\n\n\n<li>Usinabilit\u00e9<\/li>\n\n\n\n<li>R\u00e9sistance \u00e0 la corrosion<\/li>\n\n\n\n<li>Pr\u00e9cision<\/li>\n\n\n\n<li>Rentabilit\u00e9<\/li>\n\n\n\n<li>Haute performance<\/li>\n\n\n\n<li>Polyvalence<\/li>\n\n\n\n<li>Personnalisation<\/li>\n<\/ul>\n<\/div>\n\n\n\n<div class=\"wp-block-greenshift-blocks-row-column gspb_row__col--4 gspb_col-id-gsbp-081aae3\" id=\"gspb_col-id-gsbp-081aae3\">\n<h3 class=\"wp-block-heading\" id=\"headline-97-194-3\">Applications de l'acier \u00e0 outils<\/h3>\n\n\n\n<ul class=\"wp-block-list\">\n<li>Moules d'injection<\/li>\n\n\n\n<li>Insertion du noyau<\/li>\n\n\n\n<li>Outils de formage \u00e0 froid<\/li>\n\n\n\n<li>Fili\u00e8res d'extrusion<\/li>\n\n\n\n<li>Matrices d'estampage<\/li>\n\n\n\n<li>Lames de cisailles<\/li>\n\n\n\n<li>Fili\u00e8res de roulage de filets<\/li>\n\n\n\n<li>Poin\u00e7ons et ciseaux<\/li>\n\n\n\n<li>Couteaux \u00e0 engrenages<\/li>\n\n\n\n<li>Outils de tour<\/li>\n<\/ul>\n<\/div>\n <\/div><\/div>\n\n\n\n<div class=\"wp-block-greenshift-blocks-row gspb_row gspb_row-id-gsbp-3efb9a0\" id=\"gspb_row-id-gsbp-3efb9a0\"><div class=\"gspb_row__content\"> \n<div class=\"wp-block-greenshift-blocks-row-column gspb_row__col--12 gspb_col-id-gsbp-6067de0\" id=\"gspb_col-id-gsbp-6067de0\">\n<div class=\"wp-block-cover\"><span aria-hidden=\"true\" class=\"wp-block-cover__background has-background-dim\"><\/span><img loading=\"lazy\" decoding=\"async\" width=\"1024\" height=\"585\" class=\"wp-block-cover__image-background wp-image-1964\" alt=\"usinage de pr\u00e9cision\" src=\"https:\/\/mekalite.com\/wp-content\/uploads\/2024\/10\/precision-machining-1-1024x585.jpg\" data-object-fit=\"cover\" title=\"\" srcset=\"https:\/\/mekalite.com\/wp-content\/uploads\/2024\/10\/precision-machining-1-1024x585.jpg 1024w, https:\/\/mekalite.com\/wp-content\/uploads\/2024\/10\/precision-machining-1-300x171.jpg 300w, https:\/\/mekalite.com\/wp-content\/uploads\/2024\/10\/precision-machining-1-768x439.jpg 768w, https:\/\/mekalite.com\/wp-content\/uploads\/2024\/10\/precision-machining-1.jpg 1344w\" sizes=\"auto, (max-width: 1024px) 100vw, 1024px\" \/><div class=\"wp-block-cover__inner-container is-layout-flow wp-block-cover-is-layout-flow\">\n<h2 class=\"wp-block-heading has-text-align-center has-palette-color-8-color has-text-color has-link-color has-large-font-size wp-elements-e1760f4ce70cc5dd84c2d78abd5c7da0\" id=\"get-an-accurate-quote-for-your-next-projects\">Obtenez un devis pr\u00e9cis pour vos prochains projets<\/h2>\n\n\n\n<p class=\"has-text-align-center\">Que votre projet soit simple ou compliqu\u00e9, qu'il s'agisse de m\u00e9tal ou de plastique, vous obtiendrez un devis pr\u00e9cis dans les 6 heures.<\/p>\n\n\n\n<div class=\"gspb_button_wrapper gspb_button-id-gsbp-d55f3fa\" id=\"gspb_button-id-gsbp-d55f3fa\"><a class=\"wp-block-greenshift-blocks-buttonbox gspb-buttonbox wp-element-button\" href=\"https:\/\/mekalite.com\/fr\/citation\/\" rel=\"noopener\"><span class=\"gspb-buttonbox-textwrap\"><span class=\"gspb-buttonbox-text\"><span class=\"gspb-buttonbox-title\">Demande de devis<\/span><\/span><\/span><\/a><\/div>\n<\/div><\/div>\n<\/div>\n <\/div><\/div>","protected":false},"excerpt":{"rendered":"","protected":false},"author":1,"featured_media":0,"parent":0,"menu_order":0,"comment_status":"closed","ping_status":"closed","template":"","meta":{"_eb_attr":"","_gspb_post_css":"#gspb_row-id-gsbp-9c27dfc{justify-content:space-between;margin-top:0;display:flex;flex-wrap:wrap;align-content:center;margin-bottom:60px;padding-top:250px;padding-bottom:60px}#gspb_row-id-gsbp-9c27dfc>.gspb_row__content{display:flex;margin:0 auto;width:100%;flex-wrap:wrap;align-items:center;justify-content:center}.gspb_row{position:relative}div[id^=gspb_col-id]{box-sizing:border-box;position:relative;padding:15px min(3vw,20px)}body.gspb-bodyfront #gspb_row-id-gsbp-9c27dfc>.gspb_row__content{width:var(--theme-container-width, 1200px);max-width:var(--theme-normal-container-max-width, 1200px)}@media (max-width:991.98px){#gspb_row-id-gsbp-9c27dfc{padding-top:120px}}#gspb_row-id-gsbp-9c27dfc{background-size:cover;background-repeat:no-repeat;background-position:48% 51%;background-image:url(https:\/\/mekalite.com\/wp-content\/uploads\/2024\/10\/CNC-Machining-Tool-Steel-Parts.jpg);isolation:isolate}#gspb_row-id-gsbp-9c27dfc:hover{background-size:cover}#gspb_row-id-gsbp-9c27dfc>.gspb_backgroundOverlay{position:absolute;top:0;left:0;width:100%;height:100%;z-index:-1;opacity:.8;background-color:#000}#gspb_col-id-gsbp-6d61d37.gspb_row__col--12{width:100%}@media (max-width:575.98px){#gspb_col-id-gsbp-6d61d37.gspb_row__col--12{width:100%}}@media (min-width:992px){body.gspb-bodyfront #gspb_col-id-gsbp-6d61d37.gspb_row__col--12{width:calc(100% - 0px - 0px)}}.gspb_row #gspb_col-id-gsbp-6d61d37.gspb_row__col--12{padding:0}body #gspb_col-id-gsbp-6d61d37.gspb_row__col--12,body #gspb_col-id-gsbp-bf37991.gspb_row__col--6{display:block}#gspb_row-id-gsbp-ea87b6f{justify-content:space-between;margin-top:0;display:flex;flex-wrap:wrap;margin-bottom:40px}#gspb_row-id-gsbp-ea87b6f>.gspb_row__content{display:flex;justify-content:space-between;margin:0 auto;width:100%;flex-wrap:wrap}body.gspb-bodyfront #gspb_row-id-gsbp-ea87b6f>.gspb_row__content{width:var(--theme-container-width, 1200px);max-width:var(--theme-normal-container-max-width, 1200px)}#gspb_col-id-gsbp-0cf4b9c.gspb_row__col--6{width:50%}@media (max-width:575.98px){#gspb_col-id-gsbp-0cf4b9c.gspb_row__col--6{width:100%}}@media (min-width:992px){body.gspb-bodyfront #gspb_col-id-gsbp-0cf4b9c.gspb_row__col--6{width:calc(30% - 0px - 0px)}}#gspb_image-id-gsbp-43b69df img{vertical-align:top;display:inline-block;box-sizing:border-box;max-width:100%;height:auto}#gspb_col-id-gsbp-8d89c67.gspb_row__col--6{width:50%}@media (max-width:575.98px){#gspb_col-id-gsbp-8d89c67.gspb_row__col--6{width:100%}}@media (min-width:992px){body.gspb-bodyfront #gspb_col-id-gsbp-8d89c67.gspb_row__col--6{width:calc(65% - 0px - 0px)}}#gspb_button-id-gsbp-c432130{display:flex;justify-content:flex-start}#gspb_button-id-gsbp-c432130 .gspb-buttonbox-text{display:flex;flex-direction:column}#gspb_button-id-gsbp-c432130>.gspb-buttonbox{box-sizing:border-box}#gspb_row-id-gsbp-bb5f4dd{justify-content:space-between;margin-top:0;display:flex;flex-wrap:wrap;margin-bottom:0}#gspb_row-id-gsbp-bb5f4dd>.gspb_row__content{display:flex;justify-content:space-between;margin:0 auto;width:100%;flex-wrap:wrap}#gspb_col-id-gsbp-420b058.gspb_row__col--12{width:100%}@media (max-width:575.98px){#gspb_col-id-gsbp-420b058.gspb_row__col--12{width:100%}}#gspb_row-id-gsbp-e154e79>.gspb_row__content{display:flex;justify-content:space-between;margin:0 auto;width:100%;flex-wrap:wrap}body.gspb-bodyfront #gspb_row-id-gsbp-bb5f4dd>.gspb_row__content,body.gspb-bodyfront #gspb_row-id-gsbp-e154e79>.gspb_row__content{width:var(--theme-container-width, 1200px);max-width:var(--theme-normal-container-max-width, 1200px)}#gspb_col-id-gsbp-9dd9247.gspb_row__col--3{width:25%}@media (max-width:575.98px){#gspb_col-id-gsbp-9dd9247.gspb_row__col--3{width:100%}}@media (min-width:992px){body.gspb-bodyfront #gspb_col-id-gsbp-9dd9247.gspb_row__col--3{width:calc(24% - 0px - 0px)}}#gspb_col-id-gsbp-9dd9247.gspb_row__col--3{border-style:solid;border-width:1px}#gspb_col-id-gsbp-e63dc9c.gspb_row__col--3{width:25%}@media (max-width:575.98px){#gspb_col-id-gsbp-e63dc9c.gspb_row__col--3{width:100%}}@media (min-width:992px){body.gspb-bodyfront #gspb_col-id-gsbp-e63dc9c.gspb_row__col--3{width:calc(24% - 0px - 0px)}}#gspb_col-id-gsbp-e63dc9c.gspb_row__col--3{border-style:solid;border-width:1px}#gspb_col-id-gsbp-4cfc04d.gspb_row__col--3{width:25%}@media (max-width:575.98px){#gspb_col-id-gsbp-4cfc04d.gspb_row__col--3{width:100%}}@media (min-width:992px){body.gspb-bodyfront #gspb_col-id-gsbp-4cfc04d.gspb_row__col--3{width:calc(24% - 0px - 0px)}}#gspb_col-id-gsbp-4cfc04d.gspb_row__col--3{border-style:solid;border-width:1px}#gspb_col-id-gsbp-5de73d4.gspb_row__col--3{width:25%}@media (max-width:575.98px){#gspb_col-id-gsbp-5de73d4.gspb_row__col--3{width:100%}}@media (min-width:992px){body.gspb-bodyfront #gspb_col-id-gsbp-5de73d4.gspb_row__col--3{width:calc(24% - 0px - 0px)}}#gspb_col-id-gsbp-5de73d4.gspb_row__col--3{border-style:solid;border-width:1px}#gspb_row-id-gsbp-127608c,#gspb_row-id-gsbp-e154e79{justify-content:space-between;display:flex;flex-wrap:wrap;margin-top:0;margin-bottom:20px}#gspb_row-id-gsbp-127608c>.gspb_row__content{display:flex;margin:0 auto;width:100%;flex-wrap:wrap;justify-content:flex-start}body.gspb-bodyfront #gspb_row-id-gsbp-127608c>.gspb_row__content{width:var(--theme-container-width, 1200px);max-width:var(--theme-normal-container-max-width, 1200px)}#gspb_col-id-gsbp-bfef8a4.gspb_row__col--3{width:25%}@media (max-width:575.98px){#gspb_col-id-gsbp-bfef8a4.gspb_row__col--3{width:100%}}@media (min-width:992px){body.gspb-bodyfront #gspb_col-id-gsbp-bfef8a4.gspb_row__col--3{width:calc(24% - 0px - 0px)}}body.gspb-bodyfront #gspb_col-id-gsbp-bfef8a4.gspb_row__col--3{right:0}#gspb_col-id-gsbp-bfef8a4.gspb_row__col--3{transition:all .5s cubic-bezier(.42,0,.58,1);transform-origin:center center;border-style:solid;border-width:1px}#gspb_col-id-gsbp-47bc367.gspb_row__col--3{width:25%}@media (max-width:575.98px){#gspb_col-id-gsbp-47bc367.gspb_row__col--3{width:100%}}@media (min-width:992px){body.gspb-bodyfront #gspb_col-id-gsbp-47bc367.gspb_row__col--3{width:calc(24% - 0px - 0px)}}body.gspb-bodyfront #gspb_col-id-gsbp-47bc367.gspb_row__col--3{right:0;left:15px}#gspb_col-id-gsbp-47bc367.gspb_row__col--3{border-style:solid;border-width:1px}#gspb_row-id-gsbp-9583c58{align-content:center}#gspb_row-id-gsbp-9583c58>.gspb_row__content{display:flex;justify-content:space-between;margin:0 auto;width:100%;flex-wrap:wrap;align-items:center}body.gspb-bodyfront #gspb_row-id-gsbp-9583c58>.gspb_row__content{width:var(--theme-container-width, 1200px);max-width:var(--theme-normal-container-max-width, 1200px)}#gspb_col-id-gsbp-bf37991.gspb_row__col--6{width:50%}@media (max-width:575.98px){#gspb_col-id-gsbp-bf37991.gspb_row__col--6{width:100%}}@media (min-width:992px){body.gspb-bodyfront #gspb_col-id-gsbp-bf37991.gspb_row__col--6{width:calc(30% - 0px - 0px)}}#gspb_col-id-gsbp-0c4a6da.gspb_row__col--6{width:50%}@media (max-width:575.98px){#gspb_col-id-gsbp-0c4a6da.gspb_row__col--6{width:100%}}@media (min-width:992px){body.gspb-bodyfront #gspb_col-id-gsbp-0c4a6da.gspb_row__col--6{width:calc(68% - 0px - 0px)}}#gspb_row-id-gsbp-3efb9a0,#gspb_row-id-gsbp-9583c58,#gspb_row-id-gsbp-f400041{justify-content:space-between;margin-top:0;margin-bottom:0;display:flex;flex-wrap:wrap}#gspb_row-id-gsbp-f400041>.gspb_row__content{display:flex;justify-content:space-between;margin:0 auto;width:100%;flex-wrap:wrap}#gspb_col-id-gsbp-3632ff0.gspb_row__col--4{width:33.333333333333336%}@media (max-width:575.98px){#gspb_col-id-gsbp-3632ff0.gspb_row__col--4{width:100%}}#gspb_col-id-gsbp-e695e11.gspb_row__col--4{width:33.333333333333336%}@media (max-width:575.98px){#gspb_col-id-gsbp-e695e11.gspb_row__col--4{width:100%}}#gspb_col-id-gsbp-081aae3.gspb_row__col--4{width:33.333333333333336%}@media (max-width:575.98px){#gspb_col-id-gsbp-081aae3.gspb_row__col--4{width:100%}}#gspb_row-id-gsbp-3efb9a0>.gspb_row__content{display:flex;justify-content:space-between;margin:0 auto;width:100%;flex-wrap:wrap}body.gspb-bodyfront #gspb_row-id-gsbp-3efb9a0>.gspb_row__content,body.gspb-bodyfront #gspb_row-id-gsbp-f400041>.gspb_row__content{width:var(--theme-container-width, 1200px);max-width:var(--theme-normal-container-max-width, 1200px)}#gspb_col-id-gsbp-6067de0.gspb_row__col--12{width:100%}@media (max-width:575.98px){#gspb_col-id-gsbp-6067de0.gspb_row__col--12{width:100%}}#gspb_button-id-gsbp-d55f3fa{display:flex;justify-content:center}#gspb_button-id-gsbp-d55f3fa .gspb-buttonbox-text{display:flex;flex-direction:column}#gspb_button-id-gsbp-d55f3fa>.gspb-buttonbox{box-sizing:border-box;margin-bottom:0;background-color:#fff;text-decoration:none;color:#111827;box-shadow:0 1px 3px 0 #0000001a,0 1px 2px 0 #0000000f}#gspb_button-id-gsbp-d55f3fa>.gspb-buttonbox:hover{background-color:#f9fafb!important}#gspb_button-id-gsbp-d55f3fa>.gspb-buttonbox a{text-decoration:none}#gspb_button-id-gsbp-d55f3fa>.gspb-buttonbox,#gspb_button-id-gsbp-d55f3fa>.gspb-buttonbox>.gspb_backgroundOverlay{border-top-left-radius:.5rem;border-top-right-radius:.5rem;border-bottom-right-radius:.5rem;border-bottom-left-radius:.5rem}","footnotes":""},"class_list":["post-2148","page","type-page","status-publish","hentry"],"blocksy_meta":{"has_hero_section":"disabled","vertical_spacing_source":"custom","content_area_spacing":"bottom","styles_descriptor":{"styles":{"desktop":"","tablet":"","mobile":""},"google_fonts":[],"version":6}},"_links":{"self":[{"href":"https:\/\/mekalite.com\/fr\/wp-json\/wp\/v2\/pages\/2148","targetHints":{"allow":["GET"]}}],"collection":[{"href":"https:\/\/mekalite.com\/fr\/wp-json\/wp\/v2\/pages"}],"about":[{"href":"https:\/\/mekalite.com\/fr\/wp-json\/wp\/v2\/types\/page"}],"author":[{"embeddable":true,"href":"https:\/\/mekalite.com\/fr\/wp-json\/wp\/v2\/users\/1"}],"replies":[{"embeddable":true,"href":"https:\/\/mekalite.com\/fr\/wp-json\/wp\/v2\/comments?post=2148"}],"version-history":[{"count":2,"href":"https:\/\/mekalite.com\/fr\/wp-json\/wp\/v2\/pages\/2148\/revisions"}],"predecessor-version":[{"id":2168,"href":"https:\/\/mekalite.com\/fr\/wp-json\/wp\/v2\/pages\/2148\/revisions\/2168"}],"wp:attachment":[{"href":"https:\/\/mekalite.com\/fr\/wp-json\/wp\/v2\/media?parent=2148"}],"curies":[{"name":"wp","href":"https:\/\/api.w.org\/{rel}","templated":true}]}}