{"id":2138,"date":"2024-10-27T21:16:18","date_gmt":"2024-10-27T21:16:18","guid":{"rendered":"https:\/\/mekalite.com\/?page_id=2138"},"modified":"2024-10-27T21:39:33","modified_gmt":"2024-10-27T21:39:33","slug":"service-dusinage-cnc-pour-le-cuivre","status":"publish","type":"page","link":"https:\/\/mekalite.com\/fr\/service-dusinage-cnc-pour-le-cuivre\/","title":{"rendered":"Service d'usinage CNC du cuivre"},"content":{"rendered":"<div class=\"wp-block-greenshift-blocks-row alignfull gspb_row gspb_row-id-gsbp-9c27dfc\" id=\"gspb_row-id-gsbp-9c27dfc\"><div class=\"gspb_backgroundOverlay\"><\/div><div class=\"gspb_row__content\"> \n<div class=\"wp-block-greenshift-blocks-row-column gspb_row__col--12 gspb_col-id-gsbp-6d61d37\" id=\"gspb_col-id-gsbp-6d61d37\">\n\n<h1 style=\"color:#fefefe; text-transform:capitalize; margin-top:20px;margin-bottom:0px;\" class=\"ct-dynamic-data has-text-align-left wp-elements-ffa9fa256b8e68822e089e811737d287 has-text-color\">Service d'usinage CNC du cuivre<\/h1>\n\n\n<p class=\"has-palette-color-7-color has-text-color has-link-color wp-elements-4cc42b466cf35e3ed8f590765e798e5c\">Le cuivre est l'un des rares \u00e9l\u00e9ments facilement disponibles sous forme de m\u00e9tal, <a href=\"https:\/\/mekalite.com\/fr\/\">M\u00e9kalite<\/a> offre un service complet de <a href=\"https:\/\/mekalite.com\/fr\/usinage-cnc\/\">Usinage CNC<\/a> Nous offrons un service d'usinage du cuivre, du prototype \u00e0 la production de masse, pour vous fournir des pi\u00e8ces en laiton personnalis\u00e9es de haute pr\u00e9cision. Nous disposons d'une grande exp\u00e9rience et d'un \u00e9quipement de pointe dans l'usinage du cuivre, ce qui nous permet d'obtenir des tol\u00e9rances serr\u00e9es de +\/- 0,005 mm dans des d\u00e9lais tr\u00e8s courts.<\/p>\n<\/div>\n <\/div><\/div>\n\n\n\n<div class=\"wp-block-greenshift-blocks-row gspb_row gspb_row-id-gsbp-ea87b6f\" id=\"gspb_row-id-gsbp-ea87b6f\"><div class=\"gspb_row__content\"> \n<div class=\"wp-block-greenshift-blocks-row-column gspb_row__col--6 gspb_col-id-gsbp-0cf4b9c\" id=\"gspb_col-id-gsbp-0cf4b9c\">\n<p><strong>M\u00e9kalite<\/strong><\/p>\n\n\n\n<div class=\"wp-block-greenshift-blocks-image gspb_image gspb_image-id-gsbp-43b69df\" id=\"gspb_image-id-gsbp-43b69df\"><img decoding=\"async\" src=\"https:\/\/mekalite.com\/wp-content\/uploads\/2024\/10\/CNC-Copper-Machined-Parts1.jpg\" data-src=\"\" alt=\"M\u00e9kalite\" loading=\"lazy\" width=\"500\" height=\"500\" title=\"\"><\/div>\n<\/div>\n\n\n\n<div class=\"wp-block-greenshift-blocks-row-column gspb_row__col--6 gspb_col-id-gsbp-8d89c67\" id=\"gspb_col-id-gsbp-8d89c67\">\n<h2 class=\"wp-block-heading\" id=\"precision-copper-machine-shop-in-china\">Pr\u00e9cision<strong>&nbsp;Atelier d'usinage du cuivre&nbsp;<\/strong>en Chine<\/h2>\n\n\n\n<p><strong>Le cuivre est un mat\u00e9riau m\u00e9tallique courant dans la vie, dont l'aspect rouge-orange est caract\u00e9ristique. Il est largement utilis\u00e9 dans <a href=\"https:\/\/mekalite.com\/fr\/services-dusinage-cnc-en-chine-2\/\">Services d'usinage CNC<\/a> pour son excellente conductivit\u00e9 thermique, sa conductivit\u00e9 \u00e9lectrique exceptionnelle, sa grande ductilit\u00e9 et sa r\u00e9sistance \u00e0 la corrosion.<\/strong><\/p>\n\n\n\n<p>L'atelier d'usinage de Mekalite dispose de tours et de centres de fraisage (3, 4 et 5 axes) hautement sophistiqu\u00e9s pour produire des pi\u00e8ces en cuivre sur mesure. Nos proc\u00e9d\u00e9s comprennent le tournage, le fraisage, le per\u00e7age et la rectification pour permettre l'usinage de pi\u00e8ces de formes et de conceptions complexes. En outre, nous sommes sp\u00e9cialis\u00e9s dans l'usinage de diff\u00e9rents types de cuivre : 101 et 110. Ainsi, que vous ayez un prototype ou une production en grande quantit\u00e9, nous pouvons r\u00e9pondre aux besoins de votre projet.<\/p>\n\n\n\n<p>Si vous recherchez un fabricant efficace et exp\u00e9riment\u00e9 de pi\u00e8ces usin\u00e9es en cuivre en Chine, Mekalite est sans aucun doute votre meilleur partenaire. Nos services de haute pr\u00e9cision garantissent des pi\u00e8ces de haute qualit\u00e9 pour des industries telles que l'ing\u00e9nierie \u00e9lectrique et la construction, parfaites pour les roulements, les radiateurs, les corps de vanne, les engrenages, etc. Vous pouvez \u00e9galement obtenir des traitements de surface de haute qualit\u00e9 tels que le microbillage, le polissage, le placage, etc.<\/p>\n\n\n\n<div class=\"gspb_button_wrapper gspb_button-id-gsbp-c432130\" id=\"gspb_button-id-gsbp-c432130\"><a class=\"wp-block-greenshift-blocks-buttonbox gspb-buttonbox wp-element-button\" href=\"https:\/\/mekalite.com\/fr\/citation\/\" rel=\"noopener\"><span class=\"gspb-buttonbox-textwrap\"><span class=\"gspb-buttonbox-text\"><span class=\"gspb-buttonbox-title\">Demande de devis<\/span><\/span><\/span><\/a><\/div>\n<\/div>\n <\/div><\/div>\n\n\n\n<div class=\"wp-block-greenshift-blocks-row gspb_row gspb_row-id-gsbp-bb5f4dd\" id=\"gspb_row-id-gsbp-bb5f4dd\"><div class=\"gspb_row__content\"> \n<div class=\"wp-block-greenshift-blocks-row-column gspb_row__col--12 gspb_col-id-gsbp-420b058\" id=\"gspb_col-id-gsbp-420b058\">\n<h2 class=\"wp-block-heading\" id=\"copper-material-list\" style=\"font-size:clamp(24.034px, 1.502rem + ((1vw - 3.2px) * 1.247), 40px);\">Mat\u00e9riau cuivre&nbsp;<strong>Liste<\/strong><\/h2>\n<\/div>\n <\/div><\/div>\n\n\n\n<div class=\"wp-block-greenshift-blocks-row gspb_row gspb_row-id-gsbp-e154e79\" id=\"gspb_row-id-gsbp-e154e79\"><div class=\"gspb_row__content\"> \n<div class=\"wp-block-greenshift-blocks-row-column gspb_row__col--3 gspb_col-id-gsbp-9dd9247\" id=\"gspb_col-id-gsbp-9dd9247\">\n<h3 class=\"wp-block-heading\" id=\"aluminum-2014\">Cuivre C101<\/h3>\n\n\n\n<p class=\"has-small-font-size\">Le cuivre C101, \u00e9galement connu sous le nom de cuivre \u00e9lectronique sans oxyg\u00e8ne (OFE), est un alliage de cuivre de haute puret\u00e9 pr\u00e9sentant une excellente conductivit\u00e9 \u00e9lectrique et thermique.<\/p>\n\n\n\n<p><strong><a href=\"https:\/\/mekalite.com\/fr\/citation\/\" data-type=\"link\" data-id=\"https:\/\/mekalite.com\/quote\/\">Obtenir un prix<\/a><\/strong><\/p>\n<\/div>\n\n\n\n<div class=\"wp-block-greenshift-blocks-row-column gspb_row__col--3 gspb_col-id-gsbp-6ae9b63\" id=\"gspb_col-id-gsbp-6ae9b63\">\n<h3 class=\"wp-block-heading\" id=\"aluminum-2014\">Cuivre C110<\/h3>\n\n\n\n<p class=\"has-small-font-size\">Le cuivre C110, \u00e9galement connu sous le nom de cuivre ETP (electrolytic tough pitch), est un alliage de cuivre commercialement pur pr\u00e9sentant une conductivit\u00e9 thermique et \u00e9lectrique \u00e9lev\u00e9e.<\/p>\n\n\n\n<p><strong><a href=\"https:\/\/mekalite.com\/fr\/citation\/\" data-type=\"link\" data-id=\"https:\/\/mekalite.com\/quote\/\">Obtenir un prix<\/a><\/strong><\/p>\n<\/div>\n <\/div><\/div>\n\n\n\n<div class=\"wp-block-greenshift-blocks-row gspb_row gspb_row-id-gsbp-9583c58\" id=\"gspb_row-id-gsbp-9583c58\"><div class=\"gspb_row__content\"> \n<div class=\"wp-block-greenshift-blocks-row-column gspb_row__col--6 gspb_col-id-gsbp-bf37991\" id=\"gspb_col-id-gsbp-bf37991\">\n<p><strong>APER\u00c7U DE LA TECHNOLOGIE<\/strong><\/p>\n<\/div>\n\n\n\n<div class=\"wp-block-greenshift-blocks-row-column gspb_row__col--6 gspb_col-id-gsbp-0c4a6da\" id=\"gspb_col-id-gsbp-0c4a6da\">\n<h2 class=\"wp-block-heading\" id=\"basic-knowledge-of-copper\" style=\"font-size:clamp(24.034px, 1.502rem + ((1vw - 3.2px) * 1.247), 40px);\"><strong>Connaissances de base<\/strong>&nbsp;de cuivre<\/h2>\n<\/div>\n <\/div><\/div>\n\n\n\n<div class=\"wp-block-greenshift-blocks-row gspb_row gspb_row-id-gsbp-f400041\" id=\"gspb_row-id-gsbp-f400041\"><div class=\"gspb_row__content\"> \n<div class=\"wp-block-greenshift-blocks-row-column gspb_row__col--4 gspb_col-id-gsbp-3632ff0\" id=\"gspb_col-id-gsbp-3632ff0\">\n<h3 class=\"wp-block-heading\" id=\"headline-97-194-1\">Qu'est-ce que le cuivre ?<\/h3>\n\n\n\n<p class=\"has-small-font-size\"><strong>Cuivre<\/strong>&nbsp;est un m\u00e9tal brun rouge\u00e2tre qui pr\u00e9sente une excellente conductivit\u00e9 \u00e9lectrique et thermique, une r\u00e9sistance \u00e0 la corrosion et une grande ductilit\u00e9. Il est utilis\u00e9 depuis l'Antiquit\u00e9 et est extrait des minerais par l'exploitation mini\u00e8re et divers proc\u00e9d\u00e9s de purification. Le mot latin pour cuivre est \"cuprum\" et son symbole dans le tableau p\u00e9riodique est Cu. Le cuivre est constitu\u00e9 d'un seul type d'atome dont le num\u00e9ro atomique est 29.<\/p>\n\n\n\n<p class=\"has-small-font-size\">Le laiton et le bronze, alliages de cuivre courants, sont utilis\u00e9s dans la plomberie, la d\u00e9coration, les roulements et les pi\u00e8ces de navire. Les cuivres purs, avec un minimum d'impuret\u00e9s, sont doux et utilis\u00e9s pour les composants \u00e9lectriques de pr\u00e9cision. Les nanoparticules de cuivre sont de minuscules particules aux caract\u00e9ristiques uniques qui pr\u00e9sentent une activit\u00e9 catalytique \u00e9lev\u00e9e et des effets antimicrobiens. Avec les \u00e9l\u00e9ments ajout\u00e9s, les cuivres \u00e0 usinage libre facilitent l'usinage d'articles tels que les buses de soudage. Les feuilles et plaques de cuivre de diff\u00e9rentes qualit\u00e9s sont tr\u00e8s mall\u00e9ables et permettent de former diff\u00e9rents composants. Les cuivres sans oxyg\u00e8ne avec un minimum d'impuret\u00e9s conviennent \u00e0 l'\u00e9lectronique sous vide pouss\u00e9. Enfin, les cuivres \u00e9lectrolytiques raffin\u00e9s pour leur puret\u00e9 sont utilis\u00e9s dans divers composants \u00e9lectriques.<\/p>\n<\/div>\n\n\n\n<div class=\"wp-block-greenshift-blocks-row-column gspb_row__col--4 gspb_col-id-gsbp-e695e11\" id=\"gspb_col-id-gsbp-e695e11\">\n<h3 class=\"wp-block-heading\" id=\"headline-97-194-2\">Avantages du cuivre<\/h3>\n\n\n\n<ul class=\"wp-block-list\">\n<li>Excellente conductivit\u00e9 \u00e9lectrique<\/li>\n\n\n\n<li>Conductivit\u00e9 thermique \u00e9lev\u00e9e<\/li>\n\n\n\n<li>R\u00e9sistance \u00e0 la corrosion<\/li>\n\n\n\n<li>Mall\u00e9abilit\u00e9 et ductilit\u00e9<\/li>\n\n\n\n<li>Recyclabilit\u00e9<\/li>\n\n\n\n<li>Propri\u00e9t\u00e9s antibact\u00e9riennes<\/li>\n\n\n\n<li>Longue dur\u00e9e de vie<\/li>\n\n\n\n<li>Peu d'entretien<\/li>\n\n\n\n<li>L'attrait esth\u00e9tique<\/li>\n\n\n\n<li>Large \u00e9ventail d'applications<\/li>\n<\/ul>\n<\/div>\n\n\n\n<div class=\"wp-block-greenshift-blocks-row-column gspb_row__col--4 gspb_col-id-gsbp-081aae3\" id=\"gspb_col-id-gsbp-081aae3\">\n<h3 class=\"wp-block-heading\" id=\"headline-97-194-3\">Applications du cuivre<\/h3>\n\n\n\n<ul class=\"wp-block-list\">\n<li>C\u00e2blage \u00e9lectrique<\/li>\n\n\n\n<li>Tuyaux de plomberie<\/li>\n\n\n\n<li>\u00c9lectronique<\/li>\n\n\n\n<li>Mat\u00e9riaux de couverture<\/li>\n\n\n\n<li>ustensiles de cuisine<\/li>\n\n\n\n<li>Sculptures<\/li>\n\n\n\n<li>Pi\u00e8ces de monnaie<\/li>\n\n\n\n<li>Rev\u00eatements antisalissures<\/li>\n\n\n\n<li>Instruments de musique (cuivres)<\/li>\n\n\n\n<li>\u00c9changeurs de chaleur<\/li>\n<\/ul>\n<\/div>\n <\/div><\/div>\n\n\n\n<div class=\"wp-block-greenshift-blocks-row gspb_row gspb_row-id-gsbp-3efb9a0\" id=\"gspb_row-id-gsbp-3efb9a0\"><div class=\"gspb_row__content\"> \n<div class=\"wp-block-greenshift-blocks-row-column gspb_row__col--12 gspb_col-id-gsbp-6067de0\" id=\"gspb_col-id-gsbp-6067de0\">\n<div class=\"wp-block-cover\"><span aria-hidden=\"true\" class=\"wp-block-cover__background has-background-dim\"><\/span><img loading=\"lazy\" decoding=\"async\" width=\"1024\" height=\"585\" class=\"wp-block-cover__image-background wp-image-1964\" alt=\"usinage de pr\u00e9cision\" src=\"https:\/\/mekalite.com\/wp-content\/uploads\/2024\/10\/precision-machining-1-1024x585.jpg\" data-object-fit=\"cover\" title=\"\" srcset=\"https:\/\/mekalite.com\/wp-content\/uploads\/2024\/10\/precision-machining-1-1024x585.jpg 1024w, https:\/\/mekalite.com\/wp-content\/uploads\/2024\/10\/precision-machining-1-300x171.jpg 300w, https:\/\/mekalite.com\/wp-content\/uploads\/2024\/10\/precision-machining-1-768x439.jpg 768w, https:\/\/mekalite.com\/wp-content\/uploads\/2024\/10\/precision-machining-1.jpg 1344w\" sizes=\"auto, (max-width: 1024px) 100vw, 1024px\" \/><div class=\"wp-block-cover__inner-container is-layout-flow wp-block-cover-is-layout-flow\">\n<h2 class=\"wp-block-heading has-text-align-center has-palette-color-8-color has-text-color has-link-color has-large-font-size wp-elements-e1760f4ce70cc5dd84c2d78abd5c7da0\" id=\"get-an-accurate-quote-for-your-next-projects\">Obtenez un devis pr\u00e9cis pour vos prochains projets<\/h2>\n\n\n\n<p class=\"has-text-align-center\">Que votre projet soit simple ou compliqu\u00e9, qu'il s'agisse de m\u00e9tal ou de plastique, vous obtiendrez un devis pr\u00e9cis dans les 6 heures.<\/p>\n\n\n\n<div class=\"gspb_button_wrapper gspb_button-id-gsbp-d55f3fa\" id=\"gspb_button-id-gsbp-d55f3fa\"><a class=\"wp-block-greenshift-blocks-buttonbox gspb-buttonbox wp-element-button\" href=\"https:\/\/mekalite.com\/fr\/citation\/\" rel=\"noopener\"><span class=\"gspb-buttonbox-textwrap\"><span class=\"gspb-buttonbox-text\"><span class=\"gspb-buttonbox-title\">Demande de devis<\/span><\/span><\/span><\/a><\/div>\n<\/div><\/div>\n<\/div>\n <\/div><\/div>","protected":false},"excerpt":{"rendered":"","protected":false},"author":1,"featured_media":0,"parent":0,"menu_order":0,"comment_status":"closed","ping_status":"closed","template":"","meta":{"_eb_attr":"","_gspb_post_css":"#gspb_row-id-gsbp-9c27dfc{justify-content:space-between;margin-top:0;display:flex;flex-wrap:wrap;align-content:center;margin-bottom:60px;padding-top:250px;padding-bottom:60px}#gspb_row-id-gsbp-9c27dfc>.gspb_row__content{display:flex;margin:0 auto;width:100%;flex-wrap:wrap;align-items:center;justify-content:center}.gspb_row{position:relative}div[id^=gspb_col-id]{box-sizing:border-box;position:relative;padding:15px min(3vw,20px)}body.gspb-bodyfront #gspb_row-id-gsbp-9c27dfc>.gspb_row__content{width:var(--theme-container-width, 1200px);max-width:var(--theme-normal-container-max-width, 1200px)}@media (max-width:991.98px){#gspb_row-id-gsbp-9c27dfc{padding-top:120px}}#gspb_row-id-gsbp-9c27dfc{background-size:cover;background-repeat:no-repeat;background-position:48% 51%;background-image:url(https:\/\/mekalite.com\/wp-content\/uploads\/2024\/10\/Machining-Copper-Part1.jpg);isolation:isolate}#gspb_row-id-gsbp-9c27dfc:hover{background-size:cover}#gspb_row-id-gsbp-9c27dfc>.gspb_backgroundOverlay{position:absolute;top:0;left:0;width:100%;height:100%;z-index:-1;opacity:.8;background-color:#000}#gspb_col-id-gsbp-6d61d37.gspb_row__col--12{width:100%}@media (max-width:575.98px){#gspb_col-id-gsbp-6d61d37.gspb_row__col--12{width:100%}}@media (min-width:992px){body.gspb-bodyfront #gspb_col-id-gsbp-6d61d37.gspb_row__col--12{width:calc(100% - 0px - 0px)}}.gspb_row #gspb_col-id-gsbp-6d61d37.gspb_row__col--12{padding:0}body #gspb_col-id-gsbp-6d61d37.gspb_row__col--12,body #gspb_col-id-gsbp-bf37991.gspb_row__col--6{display:block}#gspb_row-id-gsbp-ea87b6f{justify-content:space-between;margin-top:0;display:flex;flex-wrap:wrap;margin-bottom:40px}#gspb_row-id-gsbp-ea87b6f>.gspb_row__content{display:flex;justify-content:space-between;margin:0 auto;width:100%;flex-wrap:wrap}body.gspb-bodyfront #gspb_row-id-gsbp-ea87b6f>.gspb_row__content{width:var(--theme-container-width, 1200px);max-width:var(--theme-normal-container-max-width, 1200px)}#gspb_col-id-gsbp-0cf4b9c.gspb_row__col--6{width:50%}@media (max-width:575.98px){#gspb_col-id-gsbp-0cf4b9c.gspb_row__col--6{width:100%}}@media (min-width:992px){body.gspb-bodyfront #gspb_col-id-gsbp-0cf4b9c.gspb_row__col--6{width:calc(30% - 0px - 0px)}}#gspb_image-id-gsbp-43b69df img{vertical-align:top;display:inline-block;box-sizing:border-box;max-width:100%;height:auto}#gspb_col-id-gsbp-8d89c67.gspb_row__col--6{width:50%}@media (max-width:575.98px){#gspb_col-id-gsbp-8d89c67.gspb_row__col--6{width:100%}}@media (min-width:992px){body.gspb-bodyfront #gspb_col-id-gsbp-8d89c67.gspb_row__col--6{width:calc(65% - 0px - 0px)}}#gspb_button-id-gsbp-c432130{display:flex;justify-content:flex-start}#gspb_button-id-gsbp-c432130 .gspb-buttonbox-text{display:flex;flex-direction:column}#gspb_button-id-gsbp-c432130>.gspb-buttonbox{box-sizing:border-box}#gspb_row-id-gsbp-bb5f4dd,#gspb_row-id-gsbp-e154e79{justify-content:space-between;margin-top:0;margin-bottom:0;display:flex;flex-wrap:wrap}#gspb_row-id-gsbp-e154e79{margin-bottom:20px}#gspb_row-id-gsbp-bb5f4dd>.gspb_row__content{display:flex;justify-content:space-between;margin:0 auto;width:100%;flex-wrap:wrap}#gspb_col-id-gsbp-420b058.gspb_row__col--12{width:100%}@media (max-width:575.98px){#gspb_col-id-gsbp-420b058.gspb_row__col--12{width:100%}}#gspb_row-id-gsbp-e154e79>.gspb_row__content{display:flex;justify-content:space-between;margin:0 auto;width:100%;flex-wrap:wrap}body.gspb-bodyfront #gspb_row-id-gsbp-bb5f4dd>.gspb_row__content,body.gspb-bodyfront #gspb_row-id-gsbp-e154e79>.gspb_row__content{width:var(--theme-container-width, 1200px);max-width:var(--theme-normal-container-max-width, 1200px)}#gspb_col-id-gsbp-9dd9247.gspb_row__col--3{width:25%}@media (max-width:575.98px){#gspb_col-id-gsbp-9dd9247.gspb_row__col--3{width:100%}}@media (min-width:992px){body.gspb-bodyfront #gspb_col-id-gsbp-9dd9247.gspb_row__col--3{width:calc(33% - 0px - 0px)}}#gspb_col-id-gsbp-9dd9247.gspb_row__col--3{border-style:solid;border-width:1px}#gspb_col-id-gsbp-6ae9b63.gspb_row__col--3{width:25%}@media (max-width:575.98px){#gspb_col-id-gsbp-6ae9b63.gspb_row__col--3{width:100%}}@media (min-width:992px){body.gspb-bodyfront #gspb_col-id-gsbp-6ae9b63.gspb_row__col--3{width:calc(33% - 0px - 0px)}}#gspb_col-id-gsbp-6ae9b63.gspb_row__col--3{border-style:solid;border-width:1px}#gspb_row-id-gsbp-9583c58{align-content:center}#gspb_row-id-gsbp-9583c58>.gspb_row__content{display:flex;justify-content:space-between;margin:0 auto;width:100%;flex-wrap:wrap;align-items:center}body.gspb-bodyfront #gspb_row-id-gsbp-9583c58>.gspb_row__content{width:var(--theme-container-width, 1200px);max-width:var(--theme-normal-container-max-width, 1200px)}#gspb_col-id-gsbp-bf37991.gspb_row__col--6{width:50%}@media (max-width:575.98px){#gspb_col-id-gsbp-bf37991.gspb_row__col--6{width:100%}}@media (min-width:992px){body.gspb-bodyfront #gspb_col-id-gsbp-bf37991.gspb_row__col--6{width:calc(30% - 0px - 0px)}}#gspb_col-id-gsbp-0c4a6da.gspb_row__col--6{width:50%}@media (max-width:575.98px){#gspb_col-id-gsbp-0c4a6da.gspb_row__col--6{width:100%}}@media (min-width:992px){body.gspb-bodyfront #gspb_col-id-gsbp-0c4a6da.gspb_row__col--6{width:calc(68% - 0px - 0px)}}#gspb_row-id-gsbp-3efb9a0,#gspb_row-id-gsbp-9583c58,#gspb_row-id-gsbp-f400041{justify-content:space-between;margin-top:0;margin-bottom:0;display:flex;flex-wrap:wrap}#gspb_row-id-gsbp-f400041>.gspb_row__content{display:flex;justify-content:space-between;margin:0 auto;width:100%;flex-wrap:wrap}#gspb_col-id-gsbp-3632ff0.gspb_row__col--4{width:33.333333333333336%}@media (max-width:575.98px){#gspb_col-id-gsbp-3632ff0.gspb_row__col--4{width:100%}}#gspb_col-id-gsbp-e695e11.gspb_row__col--4{width:33.333333333333336%}@media (max-width:575.98px){#gspb_col-id-gsbp-e695e11.gspb_row__col--4{width:100%}}#gspb_col-id-gsbp-081aae3.gspb_row__col--4{width:33.333333333333336%}@media (max-width:575.98px){#gspb_col-id-gsbp-081aae3.gspb_row__col--4{width:100%}}#gspb_row-id-gsbp-3efb9a0>.gspb_row__content{display:flex;justify-content:space-between;margin:0 auto;width:100%;flex-wrap:wrap}body.gspb-bodyfront #gspb_row-id-gsbp-3efb9a0>.gspb_row__content,body.gspb-bodyfront #gspb_row-id-gsbp-f400041>.gspb_row__content{width:var(--theme-container-width, 1200px);max-width:var(--theme-normal-container-max-width, 1200px)}#gspb_col-id-gsbp-6067de0.gspb_row__col--12{width:100%}@media (max-width:575.98px){#gspb_col-id-gsbp-6067de0.gspb_row__col--12{width:100%}}#gspb_button-id-gsbp-d55f3fa{display:flex;justify-content:center}#gspb_button-id-gsbp-d55f3fa .gspb-buttonbox-text{display:flex;flex-direction:column}#gspb_button-id-gsbp-d55f3fa>.gspb-buttonbox{box-sizing:border-box;margin-bottom:0;background-color:#fff;text-decoration:none;color:#111827;box-shadow:0 1px 3px 0 #0000001a,0 1px 2px 0 #0000000f}#gspb_button-id-gsbp-d55f3fa>.gspb-buttonbox:hover{background-color:#f9fafb!important}#gspb_button-id-gsbp-d55f3fa>.gspb-buttonbox a{text-decoration:none}#gspb_button-id-gsbp-d55f3fa>.gspb-buttonbox,#gspb_button-id-gsbp-d55f3fa>.gspb-buttonbox>.gspb_backgroundOverlay{border-top-left-radius:.5rem;border-top-right-radius:.5rem;border-bottom-right-radius:.5rem;border-bottom-left-radius:.5rem}","footnotes":""},"class_list":["post-2138","page","type-page","status-publish","hentry"],"blocksy_meta":{"has_hero_section":"disabled","vertical_spacing_source":"custom","content_area_spacing":"bottom","styles_descriptor":{"styles":{"desktop":"","tablet":"","mobile":""},"google_fonts":[],"version":6}},"_links":{"self":[{"href":"https:\/\/mekalite.com\/fr\/wp-json\/wp\/v2\/pages\/2138","targetHints":{"allow":["GET"]}}],"collection":[{"href":"https:\/\/mekalite.com\/fr\/wp-json\/wp\/v2\/pages"}],"about":[{"href":"https:\/\/mekalite.com\/fr\/wp-json\/wp\/v2\/types\/page"}],"author":[{"embeddable":true,"href":"https:\/\/mekalite.com\/fr\/wp-json\/wp\/v2\/users\/1"}],"replies":[{"embeddable":true,"href":"https:\/\/mekalite.com\/fr\/wp-json\/wp\/v2\/comments?post=2138"}],"version-history":[{"count":2,"href":"https:\/\/mekalite.com\/fr\/wp-json\/wp\/v2\/pages\/2138\/revisions"}],"predecessor-version":[{"id":2167,"href":"https:\/\/mekalite.com\/fr\/wp-json\/wp\/v2\/pages\/2138\/revisions\/2167"}],"wp:attachment":[{"href":"https:\/\/mekalite.com\/fr\/wp-json\/wp\/v2\/media?parent=2138"}],"curies":[{"name":"wp","href":"https:\/\/api.w.org\/{rel}","templated":true}]}}