{"id":2134,"date":"2024-10-27T21:11:46","date_gmt":"2024-10-27T21:11:46","guid":{"rendered":"https:\/\/mekalite.com\/?page_id=2134"},"modified":"2024-10-27T21:40:22","modified_gmt":"2024-10-27T21:40:22","slug":"service-dusinage-cnc-du-laiton","status":"publish","type":"page","link":"https:\/\/mekalite.com\/fr\/service-dusinage-cnc-du-laiton\/","title":{"rendered":"Service d'usinage CNC du laiton"},"content":{"rendered":"<div class=\"wp-block-greenshift-blocks-row alignfull gspb_row gspb_row-id-gsbp-9c27dfc\" id=\"gspb_row-id-gsbp-9c27dfc\"><div class=\"gspb_backgroundOverlay\"><\/div><div class=\"gspb_row__content\"> \n<div class=\"wp-block-greenshift-blocks-row-column gspb_row__col--12 gspb_col-id-gsbp-6d61d37\" id=\"gspb_col-id-gsbp-6d61d37\">\n\n<h1 style=\"color:#fefefe; text-transform:capitalize; margin-top:20px;margin-bottom:0px;\" class=\"ct-dynamic-data has-text-align-left wp-elements-ffa9fa256b8e68822e089e811737d287 has-text-color\">Service d'usinage CNC du laiton<\/h1>\n\n\n<p class=\"has-palette-color-7-color has-text-color has-link-color wp-elements-e4ca24e6188793bd327c890cb8700874\">Le laiton est un alliage de cuivre et de zinc, <a href=\"https:\/\/mekalite.com\/fr\/\">M\u00e9kalite<\/a> offre des services complets <a href=\"https:\/\/mekalite.com\/fr\/usinage-cnc\/\">Usinage CNC<\/a> Nous offrons des services en laiton, du prototype \u00e0 la production de masse, pour vous fournir des pi\u00e8ces en laiton personnalis\u00e9es de haute pr\u00e9cision. Gr\u00e2ce \u00e0 un \u00e9quipement de pointe et \u00e0 une technologie qualifi\u00e9e, nous pouvons obtenir des tol\u00e9rances serr\u00e9es de +\/- 0,005 mm avec une livraison aussi rapide que 3 jours !<\/p>\n<\/div>\n <\/div><\/div>\n\n\n\n<div class=\"wp-block-greenshift-blocks-row gspb_row gspb_row-id-gsbp-ea87b6f\" id=\"gspb_row-id-gsbp-ea87b6f\"><div class=\"gspb_row__content\"> \n<div class=\"wp-block-greenshift-blocks-row-column gspb_row__col--6 gspb_col-id-gsbp-0cf4b9c\" id=\"gspb_col-id-gsbp-0cf4b9c\">\n<p><strong>M\u00e9kalite<\/strong><\/p>\n\n\n\n<div class=\"wp-block-greenshift-blocks-image gspb_image gspb_image-id-gsbp-43b69df\" id=\"gspb_image-id-gsbp-43b69df\"><img decoding=\"async\" src=\"https:\/\/mekalite.com\/wp-content\/uploads\/2024\/10\/brass-part1.jpg\" data-src=\"\" alt=\"M\u00e9kalite\" loading=\"lazy\" width=\"500\" height=\"500\" title=\"\"><\/div>\n<\/div>\n\n\n\n<div class=\"wp-block-greenshift-blocks-row-column gspb_row__col--6 gspb_col-id-gsbp-8d89c67\" id=\"gspb_col-id-gsbp-8d89c67\">\n<h2 class=\"wp-block-heading\" id=\"precision-cnc-machining-brass-service\">Pr\u00e9cision<strong>&nbsp;Usinage CNC du laiton<\/strong>&nbsp;Service<\/h2>\n\n\n\n<p style=\"font-size:clamp(14px, 0.875rem + ((1vw - 3.2px) * 0.313), 18px);\"><strong>Le laiton est principalement un alliage de cuivre et de zinc. Il est id\u00e9al pour l'usinage CNC en raison de sa r\u00e9sistance \u00e0 la corrosion, de sa bonne conductivit\u00e9 \u00e9lectrique et thermique, de sa facilit\u00e9 d'usinage, de sa grande duret\u00e9 et de sa t\u00e9nacit\u00e9.<\/strong><\/p>\n\n\n\n<p>L'atelier d'usinage de Mekalite produit des pi\u00e8ces en laiton personnalis\u00e9es \u00e0 l'aide des derniers tours et fraiseuses CNC (3 axes, 4 axes et 5 axes), entre autres. Nos proc\u00e9d\u00e9s comprennent le tournage, le fraisage, le per\u00e7age et la d\u00e9coupe au laser, ce qui nous permet de r\u00e9pondre aux besoins de fabrication d'un large \u00e9ventail de pi\u00e8ces complexes. Nous sommes sp\u00e9cialis\u00e9s dans tous les types de laiton : 260,\u00a0<a href=\"https:\/\/www.dekmake.com\/cnc-machining-metals\/brass\/brass-c360\/\" target=\"_blank\" rel=\"noopener\">C360<\/a>Cz121 et autres.<\/p>\n\n\n\n<p>Mekalite est un fabricant fiable et abordable de pi\u00e8ces en laiton usin\u00e9es, et nos services de haute pr\u00e9cision garantissent des pi\u00e8ces de haute qualit\u00e9 pour des industries telles que l'industrie et l'\u00e9lectronique, parfaites pour les raccords, les roulements, les joints, les vannes, les connecteurs et les dissipateurs de chaleur. Avec nos services d'usinage CNC de pi\u00e8ces en laiton, vous pouvez \u00e9galement choisir entre le microbillage, le polissage, le placage et d'autres finitions de surface pour r\u00e9pondre aux besoins esth\u00e9tiques et fonctionnels des diff\u00e9rentes pi\u00e8ces.<\/p>\n\n\n\n<div class=\"gspb_button_wrapper gspb_button-id-gsbp-c432130\" id=\"gspb_button-id-gsbp-c432130\"><a class=\"wp-block-greenshift-blocks-buttonbox gspb-buttonbox wp-element-button\" href=\"https:\/\/mekalite.com\/fr\/citation\/\" rel=\"noopener\"><span class=\"gspb-buttonbox-textwrap\"><span class=\"gspb-buttonbox-text\"><span class=\"gspb-buttonbox-title\">Demande de devis<\/span><\/span><\/span><\/a><\/div>\n<\/div>\n <\/div><\/div>\n\n\n\n<div class=\"wp-block-greenshift-blocks-row gspb_row gspb_row-id-gsbp-bb5f4dd\" id=\"gspb_row-id-gsbp-bb5f4dd\"><div class=\"gspb_row__content\"> \n<div class=\"wp-block-greenshift-blocks-row-column gspb_row__col--12 gspb_col-id-gsbp-420b058\" id=\"gspb_col-id-gsbp-420b058\">\n<h2 class=\"wp-block-heading\" id=\"brass-material-list\" style=\"font-size:clamp(24.034px, 1.502rem + ((1vw - 3.2px) * 1.247), 40px);\">Mat\u00e9riau en laiton&nbsp;<strong>Liste<\/strong><\/h2>\n<\/div>\n <\/div><\/div>\n\n\n\n<div class=\"wp-block-greenshift-blocks-row gspb_row gspb_row-id-gsbp-e154e79\" id=\"gspb_row-id-gsbp-e154e79\"><div class=\"gspb_row__content\"> \n<div class=\"wp-block-greenshift-blocks-row-column gspb_row__col--3 gspb_col-id-gsbp-9dd9247\" id=\"gspb_col-id-gsbp-9dd9247\">\n<h3 class=\"wp-block-heading\" id=\"aluminum-2014\">Laiton 260<\/h3>\n\n\n\n<p class=\"has-small-font-size\">Le laiton 260 est un alliage de laiton populaire et \u00e9conomique. Il est tr\u00e8s ductile et poss\u00e8de une bonne r\u00e9sistance m\u00e9canique, de bonnes capacit\u00e9s de finition et une bonne r\u00e9sistance \u00e0 la corrosion.<\/p>\n\n\n\n<p><strong><a href=\"https:\/\/mekalite.com\/fr\/citation\/\" data-type=\"link\" data-id=\"https:\/\/mekalite.com\/quote\/\">Obtenir un prix<\/a><\/strong><\/p>\n<\/div>\n\n\n\n<div class=\"wp-block-greenshift-blocks-row-column gspb_row__col--3 gspb_col-id-gsbp-6ae9b63\" id=\"gspb_col-id-gsbp-6ae9b63\">\n<h3 class=\"wp-block-heading\" id=\"aluminum-2014\">Laiton C360<\/h3>\n\n\n\n<p class=\"has-small-font-size\">Le laiton C360, \u00e9galement appel\u00e9 laiton de d\u00e9colletage ou laiton au plomb, est un alliage compos\u00e9 principalement de cuivre et de zinc, avec un faible pourcentage de plomb.<\/p>\n\n\n\n<p><strong><a href=\"https:\/\/mekalite.com\/fr\/citation\/\" data-type=\"link\" data-id=\"https:\/\/mekalite.com\/quote\/\">Obtenir un prix<\/a><\/strong><\/p>\n<\/div>\n\n\n\n<div class=\"wp-block-greenshift-blocks-row-column gspb_row__col--3 gspb_col-id-gsbp-c3631cd\" id=\"gspb_col-id-gsbp-c3631cd\">\n<h3 class=\"wp-block-heading\" id=\"aluminum-2014\">Laiton Cz121<\/h3>\n\n\n\n<p class=\"has-small-font-size\">Brass CZ121 est la d\u00e9signation d'un type d'alliage de laiton. Le laiton est un alliage m\u00e9tallique compos\u00e9 principalement de cuivre et de zinc.<\/p>\n\n\n\n<p><strong><a href=\"https:\/\/mekalite.com\/fr\/citation\/\" data-type=\"link\" data-id=\"https:\/\/mekalite.com\/quote\/\">Obtenir un prix<\/a><\/strong><\/p>\n<\/div>\n <\/div><\/div>\n\n\n\n<div class=\"wp-block-greenshift-blocks-row gspb_row gspb_row-id-gsbp-9583c58\" id=\"gspb_row-id-gsbp-9583c58\"><div class=\"gspb_row__content\"> \n<div class=\"wp-block-greenshift-blocks-row-column gspb_row__col--6 gspb_col-id-gsbp-bf37991\" id=\"gspb_col-id-gsbp-bf37991\">\n<p><strong>APER\u00c7U DE LA TECHNOLOGIE<\/strong><\/p>\n<\/div>\n\n\n\n<div class=\"wp-block-greenshift-blocks-row-column gspb_row__col--6 gspb_col-id-gsbp-0c4a6da\" id=\"gspb_col-id-gsbp-0c4a6da\">\n<h2 class=\"wp-block-heading\" id=\"basic-knowledge-of-brass\" style=\"font-size:clamp(24.034px, 1.502rem + ((1vw - 3.2px) * 1.247), 40px);\"><strong>Connaissances de base<\/strong>&nbsp;de laiton<\/h2>\n<\/div>\n <\/div><\/div>\n\n\n\n<div class=\"wp-block-greenshift-blocks-row gspb_row gspb_row-id-gsbp-f400041\" id=\"gspb_row-id-gsbp-f400041\"><div class=\"gspb_row__content\"> \n<div class=\"wp-block-greenshift-blocks-row-column gspb_row__col--4 gspb_col-id-gsbp-3632ff0\" id=\"gspb_col-id-gsbp-3632ff0\">\n<h3 class=\"wp-block-heading\" id=\"headline-97-194-1\">Qu'est-ce qu'un mat\u00e9riau en laiton ?<\/h3>\n\n\n\n<p class=\"has-small-font-size\"><strong>Laiton<\/strong>&nbsp;Le laiton est un alliage de cuivre et de zinc dans des proportions variables, la teneur en zinc \u00e9tant g\u00e9n\u00e9ralement comprise entre 5% et 45%. La composition exacte influence les propri\u00e9t\u00e9s du laiton, telles que la couleur, la duret\u00e9 et l'usinabilit\u00e9. L'alliage peut \u00e9galement contenir de petites quantit\u00e9s d'autres \u00e9l\u00e9ments tels que le plomb ou l'\u00e9tain.<\/p>\n\n\n\n<p class=\"has-small-font-size\">Le laiton se caract\u00e9rise par sa couleur jaune ou or rouge\u00e2tre, sa mall\u00e9abilit\u00e9 et sa r\u00e9sistance \u00e0 la corrosion. Ce m\u00e9tal est appr\u00e9ci\u00e9 pour sa maniabilit\u00e9 et sa polyvalence. Il est couramment utilis\u00e9 pour fabriquer des instruments de musique, des objets d\u00e9coratifs, des accessoires de plomberie, des composants \u00e9lectriques et des douilles de munitions.<\/p>\n\n\n\n<p class=\"has-small-font-size\">Les diff\u00e9rents types de laiton, tels que le laiton rouge, le laiton naval et le laiton d'amiraut\u00e9, ont des compositions sp\u00e9cifiques destin\u00e9es \u00e0 des usages particuliers. L'alliage n'est pas seulement r\u00e9sistant \u00e0 la corrosion, il est aussi esth\u00e9tique.<\/p>\n<\/div>\n\n\n\n<div class=\"wp-block-greenshift-blocks-row-column gspb_row__col--4 gspb_col-id-gsbp-e695e11\" id=\"gspb_col-id-gsbp-e695e11\">\n<h3 class=\"wp-block-heading\" id=\"headline-97-194-2\">Avantages du laiton<\/h3>\n\n\n\n<ul class=\"wp-block-list\">\n<li>R\u00e9sistance \u00e0 la corrosion<\/li>\n\n\n\n<li>Aspect attrayant<\/li>\n\n\n\n<li>Grande mall\u00e9abilit\u00e9<\/li>\n\n\n\n<li>Bonne conductivit\u00e9<\/li>\n\n\n\n<li>Durable<\/li>\n\n\n\n<li>Faible friction<\/li>\n\n\n\n<li>Recyclableb<\/li>\n<\/ul>\n<\/div>\n\n\n\n<div class=\"wp-block-greenshift-blocks-row-column gspb_row__col--4 gspb_col-id-gsbp-081aae3\" id=\"gspb_col-id-gsbp-081aae3\">\n<h3 class=\"wp-block-heading\" id=\"headline-97-194-3\">Applications du laiton<\/h3>\n\n\n\n<ul class=\"wp-block-list\">\n<li>Raccords de plomberie<\/li>\n\n\n\n<li>Connecteurs \u00e9lectriques<\/li>\n\n\n\n<li>Quincaillerie marine<\/li>\n\n\n\n<li>Composants des soupapes<\/li>\n\n\n\n<li>Bijoux fantaisie<\/li>\n\n\n\n<li>Noyaux de radiateurs<\/li>\n\n\n\n<li>Monnaies et m\u00e9dailles<\/li>\n<\/ul>\n<\/div>\n <\/div><\/div>\n\n\n\n<div class=\"wp-block-greenshift-blocks-row gspb_row gspb_row-id-gsbp-3efb9a0\" id=\"gspb_row-id-gsbp-3efb9a0\"><div class=\"gspb_row__content\"> \n<div class=\"wp-block-greenshift-blocks-row-column gspb_row__col--12 gspb_col-id-gsbp-6067de0\" id=\"gspb_col-id-gsbp-6067de0\">\n<div class=\"wp-block-cover\"><span aria-hidden=\"true\" class=\"wp-block-cover__background has-background-dim\"><\/span><img loading=\"lazy\" decoding=\"async\" width=\"1024\" height=\"585\" class=\"wp-block-cover__image-background wp-image-1964\" alt=\"usinage de pr\u00e9cision\" src=\"https:\/\/mekalite.com\/wp-content\/uploads\/2024\/10\/precision-machining-1-1024x585.jpg\" data-object-fit=\"cover\" title=\"\" srcset=\"https:\/\/mekalite.com\/wp-content\/uploads\/2024\/10\/precision-machining-1-1024x585.jpg 1024w, https:\/\/mekalite.com\/wp-content\/uploads\/2024\/10\/precision-machining-1-300x171.jpg 300w, https:\/\/mekalite.com\/wp-content\/uploads\/2024\/10\/precision-machining-1-768x439.jpg 768w, https:\/\/mekalite.com\/wp-content\/uploads\/2024\/10\/precision-machining-1.jpg 1344w\" sizes=\"auto, (max-width: 1024px) 100vw, 1024px\" \/><div class=\"wp-block-cover__inner-container is-layout-flow wp-block-cover-is-layout-flow\">\n<h2 class=\"wp-block-heading has-text-align-center has-palette-color-8-color has-text-color has-link-color has-large-font-size wp-elements-e1760f4ce70cc5dd84c2d78abd5c7da0\" id=\"get-an-accurate-quote-for-your-next-projects\">Obtenez un devis pr\u00e9cis pour vos prochains projets<\/h2>\n\n\n\n<p class=\"has-text-align-center\">Que votre projet soit simple ou compliqu\u00e9, qu'il s'agisse de m\u00e9tal ou de plastique, vous obtiendrez un devis pr\u00e9cis dans les 6 heures.<\/p>\n\n\n\n<div class=\"gspb_button_wrapper gspb_button-id-gsbp-d55f3fa\" id=\"gspb_button-id-gsbp-d55f3fa\"><a class=\"wp-block-greenshift-blocks-buttonbox gspb-buttonbox wp-element-button\" href=\"https:\/\/mekalite.com\/fr\/citation\/\" rel=\"noopener\"><span class=\"gspb-buttonbox-textwrap\"><span class=\"gspb-buttonbox-text\"><span class=\"gspb-buttonbox-title\">Demande de devis<\/span><\/span><\/span><\/a><\/div>\n<\/div><\/div>\n<\/div>\n <\/div><\/div>","protected":false},"excerpt":{"rendered":"","protected":false},"author":1,"featured_media":0,"parent":0,"menu_order":0,"comment_status":"closed","ping_status":"closed","template":"","meta":{"_eb_attr":"","_gspb_post_css":"#gspb_row-id-gsbp-9c27dfc{justify-content:space-between;margin-top:0;display:flex;flex-wrap:wrap;align-content:center;margin-bottom:60px;padding-top:250px;padding-bottom:60px}#gspb_row-id-gsbp-9c27dfc>.gspb_row__content{display:flex;margin:0 auto;width:100%;flex-wrap:wrap;align-items:center;justify-content:center}.gspb_row{position:relative}div[id^=gspb_col-id]{box-sizing:border-box;position:relative;padding:15px min(3vw,20px)}body.gspb-bodyfront #gspb_row-id-gsbp-9c27dfc>.gspb_row__content{width:var(--theme-container-width, 1200px);max-width:var(--theme-normal-container-max-width, 1200px)}@media (max-width:991.98px){#gspb_row-id-gsbp-9c27dfc{padding-top:120px}}#gspb_row-id-gsbp-9c27dfc{background-size:cover;background-repeat:no-repeat;background-position:48% 51%;background-image:url(https:\/\/mekalite.com\/wp-content\/uploads\/2024\/10\/Stainless-Steel-CNC-Machined-Part1.jpg);isolation:isolate}#gspb_row-id-gsbp-9c27dfc:hover{background-size:cover}#gspb_row-id-gsbp-9c27dfc>.gspb_backgroundOverlay{position:absolute;top:0;left:0;width:100%;height:100%;z-index:-1;opacity:.8;background-color:#000}#gspb_col-id-gsbp-6d61d37.gspb_row__col--12{width:100%}@media (max-width:575.98px){#gspb_col-id-gsbp-6d61d37.gspb_row__col--12{width:100%}}@media (min-width:992px){body.gspb-bodyfront #gspb_col-id-gsbp-6d61d37.gspb_row__col--12{width:calc(100% - 0px - 0px)}}.gspb_row #gspb_col-id-gsbp-6d61d37.gspb_row__col--12{padding:0}body #gspb_col-id-gsbp-6d61d37.gspb_row__col--12,body #gspb_col-id-gsbp-bf37991.gspb_row__col--6{display:block}#gspb_row-id-gsbp-ea87b6f{justify-content:space-between;margin-top:0;display:flex;flex-wrap:wrap;margin-bottom:40px}#gspb_row-id-gsbp-ea87b6f>.gspb_row__content{display:flex;justify-content:space-between;margin:0 auto;width:100%;flex-wrap:wrap}body.gspb-bodyfront #gspb_row-id-gsbp-ea87b6f>.gspb_row__content{width:var(--theme-container-width, 1200px);max-width:var(--theme-normal-container-max-width, 1200px)}#gspb_col-id-gsbp-0cf4b9c.gspb_row__col--6{width:50%}@media (max-width:575.98px){#gspb_col-id-gsbp-0cf4b9c.gspb_row__col--6{width:100%}}@media (min-width:992px){body.gspb-bodyfront #gspb_col-id-gsbp-0cf4b9c.gspb_row__col--6{width:calc(30% - 0px - 0px)}}#gspb_image-id-gsbp-43b69df img{vertical-align:top;display:inline-block;box-sizing:border-box;max-width:100%;height:auto}#gspb_col-id-gsbp-8d89c67.gspb_row__col--6{width:50%}@media (max-width:575.98px){#gspb_col-id-gsbp-8d89c67.gspb_row__col--6{width:100%}}@media (min-width:992px){body.gspb-bodyfront #gspb_col-id-gsbp-8d89c67.gspb_row__col--6{width:calc(65% - 0px - 0px)}}#gspb_button-id-gsbp-c432130{display:flex;justify-content:flex-start}#gspb_button-id-gsbp-c432130 .gspb-buttonbox-text{display:flex;flex-direction:column}#gspb_button-id-gsbp-c432130>.gspb-buttonbox{box-sizing:border-box}#gspb_row-id-gsbp-bb5f4dd,#gspb_row-id-gsbp-e154e79{justify-content:space-between;margin-top:0;margin-bottom:0;display:flex;flex-wrap:wrap}#gspb_row-id-gsbp-e154e79{margin-bottom:20px}#gspb_row-id-gsbp-bb5f4dd>.gspb_row__content{display:flex;justify-content:space-between;margin:0 auto;width:100%;flex-wrap:wrap}#gspb_col-id-gsbp-420b058.gspb_row__col--12{width:100%}@media (max-width:575.98px){#gspb_col-id-gsbp-420b058.gspb_row__col--12{width:100%}}#gspb_row-id-gsbp-e154e79>.gspb_row__content{display:flex;justify-content:space-between;margin:0 auto;width:100%;flex-wrap:wrap}body.gspb-bodyfront #gspb_row-id-gsbp-bb5f4dd>.gspb_row__content,body.gspb-bodyfront #gspb_row-id-gsbp-e154e79>.gspb_row__content{width:var(--theme-container-width, 1200px);max-width:var(--theme-normal-container-max-width, 1200px)}#gspb_col-id-gsbp-9dd9247.gspb_row__col--3{width:25%}@media (max-width:575.98px){#gspb_col-id-gsbp-9dd9247.gspb_row__col--3{width:100%}}@media (min-width:992px){body.gspb-bodyfront #gspb_col-id-gsbp-9dd9247.gspb_row__col--3{width:calc(33% - 0px - 0px)}}#gspb_col-id-gsbp-9dd9247.gspb_row__col--3{border-style:solid;border-width:1px}#gspb_col-id-gsbp-6ae9b63.gspb_row__col--3{width:25%}@media (max-width:575.98px){#gspb_col-id-gsbp-6ae9b63.gspb_row__col--3{width:100%}}@media (min-width:992px){body.gspb-bodyfront #gspb_col-id-gsbp-6ae9b63.gspb_row__col--3{width:calc(33% - 0px - 0px)}}#gspb_col-id-gsbp-6ae9b63.gspb_row__col--3{border-style:solid;border-width:1px}#gspb_col-id-gsbp-c3631cd.gspb_row__col--3{width:25%}@media (max-width:575.98px){#gspb_col-id-gsbp-c3631cd.gspb_row__col--3{width:100%}}@media (min-width:992px){body.gspb-bodyfront #gspb_col-id-gsbp-c3631cd.gspb_row__col--3{width:calc(33% - 0px - 0px)}}#gspb_col-id-gsbp-c3631cd.gspb_row__col--3{border-style:solid;border-width:1px}#gspb_row-id-gsbp-9583c58{align-content:center}#gspb_row-id-gsbp-9583c58>.gspb_row__content{display:flex;justify-content:space-between;margin:0 auto;width:100%;flex-wrap:wrap;align-items:center}body.gspb-bodyfront #gspb_row-id-gsbp-9583c58>.gspb_row__content{width:var(--theme-container-width, 1200px);max-width:var(--theme-normal-container-max-width, 1200px)}#gspb_col-id-gsbp-bf37991.gspb_row__col--6{width:50%}@media (max-width:575.98px){#gspb_col-id-gsbp-bf37991.gspb_row__col--6{width:100%}}@media (min-width:992px){body.gspb-bodyfront #gspb_col-id-gsbp-bf37991.gspb_row__col--6{width:calc(30% - 0px - 0px)}}#gspb_col-id-gsbp-0c4a6da.gspb_row__col--6{width:50%}@media (max-width:575.98px){#gspb_col-id-gsbp-0c4a6da.gspb_row__col--6{width:100%}}@media (min-width:992px){body.gspb-bodyfront #gspb_col-id-gsbp-0c4a6da.gspb_row__col--6{width:calc(68% - 0px - 0px)}}#gspb_row-id-gsbp-3efb9a0,#gspb_row-id-gsbp-9583c58,#gspb_row-id-gsbp-f400041{justify-content:space-between;margin-top:0;margin-bottom:0;display:flex;flex-wrap:wrap}#gspb_row-id-gsbp-f400041>.gspb_row__content{display:flex;justify-content:space-between;margin:0 auto;width:100%;flex-wrap:wrap}#gspb_col-id-gsbp-3632ff0.gspb_row__col--4{width:33.333333333333336%}@media (max-width:575.98px){#gspb_col-id-gsbp-3632ff0.gspb_row__col--4{width:100%}}#gspb_col-id-gsbp-e695e11.gspb_row__col--4{width:33.333333333333336%}@media (max-width:575.98px){#gspb_col-id-gsbp-e695e11.gspb_row__col--4{width:100%}}#gspb_col-id-gsbp-081aae3.gspb_row__col--4{width:33.333333333333336%}@media (max-width:575.98px){#gspb_col-id-gsbp-081aae3.gspb_row__col--4{width:100%}}#gspb_row-id-gsbp-3efb9a0>.gspb_row__content{display:flex;justify-content:space-between;margin:0 auto;width:100%;flex-wrap:wrap}body.gspb-bodyfront #gspb_row-id-gsbp-3efb9a0>.gspb_row__content,body.gspb-bodyfront #gspb_row-id-gsbp-f400041>.gspb_row__content{width:var(--theme-container-width, 1200px);max-width:var(--theme-normal-container-max-width, 1200px)}#gspb_col-id-gsbp-6067de0.gspb_row__col--12{width:100%}@media (max-width:575.98px){#gspb_col-id-gsbp-6067de0.gspb_row__col--12{width:100%}}#gspb_button-id-gsbp-d55f3fa{display:flex;justify-content:center}#gspb_button-id-gsbp-d55f3fa .gspb-buttonbox-text{display:flex;flex-direction:column}#gspb_button-id-gsbp-d55f3fa>.gspb-buttonbox{box-sizing:border-box;margin-bottom:0;background-color:#fff;text-decoration:none;color:#111827;box-shadow:0 1px 3px 0 #0000001a,0 1px 2px 0 #0000000f}#gspb_button-id-gsbp-d55f3fa>.gspb-buttonbox:hover{background-color:#f9fafb!important}#gspb_button-id-gsbp-d55f3fa>.gspb-buttonbox a{text-decoration:none}#gspb_button-id-gsbp-d55f3fa>.gspb-buttonbox,#gspb_button-id-gsbp-d55f3fa>.gspb-buttonbox>.gspb_backgroundOverlay{border-top-left-radius:.5rem;border-top-right-radius:.5rem;border-bottom-right-radius:.5rem;border-bottom-left-radius:.5rem}","footnotes":""},"class_list":["post-2134","page","type-page","status-publish","hentry"],"blocksy_meta":{"has_hero_section":"disabled","vertical_spacing_source":"custom","content_area_spacing":"bottom","styles_descriptor":{"styles":{"desktop":"","tablet":"","mobile":""},"google_fonts":[],"version":6}},"_links":{"self":[{"href":"https:\/\/mekalite.com\/fr\/wp-json\/wp\/v2\/pages\/2134","targetHints":{"allow":["GET"]}}],"collection":[{"href":"https:\/\/mekalite.com\/fr\/wp-json\/wp\/v2\/pages"}],"about":[{"href":"https:\/\/mekalite.com\/fr\/wp-json\/wp\/v2\/types\/page"}],"author":[{"embeddable":true,"href":"https:\/\/mekalite.com\/fr\/wp-json\/wp\/v2\/users\/1"}],"replies":[{"embeddable":true,"href":"https:\/\/mekalite.com\/fr\/wp-json\/wp\/v2\/comments?post=2134"}],"version-history":[{"count":3,"href":"https:\/\/mekalite.com\/fr\/wp-json\/wp\/v2\/pages\/2134\/revisions"}],"predecessor-version":[{"id":2169,"href":"https:\/\/mekalite.com\/fr\/wp-json\/wp\/v2\/pages\/2134\/revisions\/2169"}],"wp:attachment":[{"href":"https:\/\/mekalite.com\/fr\/wp-json\/wp\/v2\/media?parent=2134"}],"curies":[{"name":"wp","href":"https:\/\/api.w.org\/{rel}","templated":true}]}}