{"id":1070,"date":"2024-02-22T14:17:10","date_gmt":"2024-02-22T14:17:10","guid":{"rendered":"https:\/\/startersites.io\/blocksy\/pottery\/?page_id=22"},"modified":"2024-11-27T15:09:17","modified_gmt":"2024-11-27T15:09:17","slug":"nous-contacter","status":"publish","type":"page","link":"https:\/\/mekalite.com\/fr\/nous-contacter\/","title":{"rendered":"Nous contacter"},"content":{"rendered":"<div class=\"wp-block-greenshift-blocks-row alignfull gspb_row gspb_row-id-gsbp-82d37ff\" id=\"gspb_row-id-gsbp-82d37ff\"><div class=\"gspb_backgroundOverlay\"><\/div><div class=\"gspb_row__content\"> \n<div class=\"wp-block-greenshift-blocks-row-column gspb_row__col--12 gspb_col-id-gsbp-2fc7bc1\" id=\"gspb_col-id-gsbp-2fc7bc1\">\n\n<h2 style=\"color:#fefefe; text-transform:uppercase; margin-top:20px;margin-bottom:0px;\" class=\"ct-dynamic-data has-text-align-left wp-elements-707e4fab640ffa04e3a56c01309b3da0 has-text-color\">Nous contacter<\/h2><\/div>\n <\/div><\/div>\n\n\n\n<div class=\"wp-block-greenshift-blocks-row gspb_row gspb_row-id-gsbp-7904ad2 gspb_row--gutter-custom-0\" id=\"gspb_row-id-gsbp-7904ad2\"><div class=\"gspb_row__content\"> \n<div class=\"wp-block-greenshift-blocks-row-column gspb_row__col--6 gspb_col-id-gsbp-67222b7\" id=\"gspb_col-id-gsbp-67222b7\">\n<h4 id=\"gspb_heading-id-gsbp-a634934\" class=\"gspb_heading gspb_heading-id-gsbp-a634934\">NOTRE ADRESSE<\/h4>\n\n\n\n<div id=\"gspb_text-id-gsbp-b8e04f8\" class=\"gspb_text gspb_text-id-gsbp-b8e04f8\">B\u00e2timent F, Digital Silicone Valley Industrial Park, Yuanshan Town, Longgang District, Shenzhen, Chine<\/div>\n\n\n\n<h4 id=\"gspb_heading-id-gsbp-f2e6334\" class=\"gspb_heading gspb_heading-id-gsbp-f2e6334\">Heures d'ouverture<\/h4>\n\n\n\n<div id=\"gspb_text-id-gsbp-77afb8a\" class=\"gspb_text gspb_text-id-gsbp-77afb8a\">Mon-Fri 08:00AM - 08:00PM<br>Samedi et dimanche 09h00 - 18h00<br>Nous sommes en ligne 7*24 heures pour r\u00e9pondre \u00e0 toutes vos questions<\/div>\n<\/div>\n\n\n\n<div class=\"wp-block-greenshift-blocks-row-column gspb_row__col--6 gspb_col-id-gsbp-cfd1dc9\" id=\"gspb_col-id-gsbp-cfd1dc9\">\n<h4 id=\"gspb_heading-id-gsbp-67d638d\" class=\"gspb_heading gspb_heading-id-gsbp-67d638d\">Vous avez une question ?<\/h4>\n\n\n\n<div id=\"gspb_text-id-gsbp-7cdaeda\" class=\"gspb_text gspb_text-id-gsbp-7cdaeda\">wendy@mekalite.com<\/div>\n\n\n\n<h4 id=\"gspb_heading-id-gsbp-c7dce3a\" class=\"gspb_heading gspb_heading-id-gsbp-c7dce3a\">Appelez-nous<\/h4>\n\n\n\n<div id=\"gspb_text-id-gsbp-ee7c087\" class=\"gspb_text gspb_text-id-gsbp-ee7c087\">+86 15013664194<\/div>\n<\/div>\n <\/div><\/div>\n\n\n\n<div class=\"wp-block-greenshift-blocks-row alignfull gspb_row gspb_row-id-gsbp-d47f8e5\" id=\"gspb_row-id-gsbp-d47f8e5\"><div class=\"gspb_backgroundOverlay\"><\/div><div class=\"gspb_row__content\"> \n<div class=\"wp-block-greenshift-blocks-row-column gspb_row__col--6 gspb_col-id-gsbp-0cc6e85\" id=\"gspb_col-id-gsbp-0cc6e85\">\n<div style=\"height:400px\" aria-hidden=\"true\" class=\"wp-block-spacer\"><\/div>\n<\/div>\n\n\n\n<div class=\"wp-block-greenshift-blocks-row-column gspb_row__col--6 gspb_col-id-gsbp-d2f3731\" id=\"gspb_col-id-gsbp-d2f3731\">\n<h3 id=\"gspb_heading-id-gsbp-409250d\" class=\"gspb_heading gspb_heading-id-gsbp-409250d\">Prendre contact<\/h3>\n\n\n\n<div id=\"gspb_text-id-gsbp-3cfa114\" class=\"gspb_text gspb_text-id-gsbp-3cfa114\">Au <a href=\"https:\/\/mekalite.com\/fr\/\">M\u00e9kalite<\/a>Nous sommes fiers du travail que nous accomplissons et des partenariats que nous cr\u00e9ons. Laissez-nous vous aider \u00e0 donner vie \u00e0 vos id\u00e9es gr\u00e2ce \u00e0 notre <a href=\"https:\/\/mekalite.com\/fr\/usinage-cnc\/\">Usinage CNC<\/a> expertise.<\/div>\n\n\n<div class='fluentform ff-inherit-theme-style fluentform_wrapper_1  ff_guten_block ff_guten_block-1'><form data-form_id=\"1\" id=\"fluentform_1\" class=\"frm-fluent-form fluent_form_1 ff-el-form-top ff_form_instance_1_1 ff-form-loading ff_has_v3_recptcha ffs_inherit_theme\" data-form_instance=\"ff_form_instance_1_1\" method=\"POST\" data-recptcha_key=\"6Ldct1MsAAAAAMKEJy5WvRNM_mlq5ADlADCYH6bo\" action=\"\" ><fieldset  style=\"border: none!important;margin: 0!important;padding: 0!important;background-color: transparent!important;box-shadow: none!important;outline: none!important; min-inline-size: 100%;\">\n                    <legend class=\"ff_screen_reader_title\" style=\"display: block; margin: 0!important;padding: 0!important;height: 0!important;text-indent: -999999px;width: 0!important;overflow:hidden;\">D\u00e9monstration du formulaire de contact<\/legend><input type='hidden' name='__fluent_form_embded_post_id' value='1070' \/><input type=\"hidden\" id=\"_fluentform_1_fluentformnonce\" name=\"_fluentform_1_fluentformnonce\" value=\"b387c7d1a8\" \/><input type=\"hidden\" name=\"_wp_http_referer\" value=\"\/fr\/wp-json\/wp\/v2\/pages\/1070\" \/><div data-type=\"name-element\" data-name=\"names\" class=\"ff-field_container ff-name-field-wrapper\" ><div class='ff-t-container'><div class='ff-t-cell'><div class='ff-el-group  ff-el-form-hide_label'><div class=\"ff-el-input--label asterisk-right\"><label for='ff_1_names_first_name_' id='label_ff_1_names_first_name_' >Nom<\/label><\/div><div class='ff-el-input--content'><input type=\"text\" name=\"names[first_name]\" id=\"ff_1_names_first_name_\" class=\"ff-el-form-control\" placeholder=\"Nom\" aria-invalid=\"false\" aria-required=\"false\"><\/div><\/div><\/div><\/div><\/div><div class='ff-el-group ff-el-form-hide_label'><div class=\"ff-el-input--label ff-el-is-required asterisk-right\"><label for='ff_1_email' id='label_ff_1_email' aria-label=\"Courriel\">Courriel<\/label><\/div><div class='ff-el-input--content'><input type=\"email\" name=\"email\" id=\"ff_1_email\" class=\"ff-el-form-control\" placeholder=\"Adresse \u00e9lectronique\" data-name=\"email\"  aria-invalid=\"false\" aria-required=\"true\"><\/div><\/div><div class='ff-el-group ff-el-form-hide_label'><div class=\"ff-el-input--label asterisk-right\"><label for='ff_1_subject' id='label_ff_1_subject' aria-label=\"Sujet\">Sujet<\/label><\/div><div class='ff-el-input--content'><input type=\"text\" name=\"subject\" class=\"ff-el-form-control\" placeholder=\"Sujet\" data-name=\"subject\" id=\"ff_1_subject\"  aria-invalid=\"false\" aria-required=\"false\"><\/div><\/div><div class='ff-el-group ff-el-form-hide_label'><div class=\"ff-el-input--label ff-el-is-required asterisk-right\"><label for='ff_1_message' id='label_ff_1_message' aria-label=\"Message\">Message<\/label><\/div><div class='ff-el-input--content'><textarea aria-required=\"true\" aria-labelledby=\"label_ff_1_message\" name=\"message\" id=\"ff_1_message\" class=\"ff-el-form-control\" placeholder=\"Message\" rows=\"4\" cols=\"2\" data-name=\"message\" ><\/textarea><\/div><\/div><div class='ff-el-group ff-text-left ff_submit_btn_wrapper'><button type=\"submit\" class=\"ff-btn ff-btn-submit ff-btn-md ff_btn_no_style\"  aria-label=\"Envoyer un message\">Envoyer un message<\/button><\/div><\/fieldset><input type=\"hidden\" name=\"trp-form-language\" value=\"fr\"\/><\/form><div id='fluentform_1_errors' class='ff-errors-in-stack ff_form_instance_1_1 ff-form-loading_errors ff_form_instance_1_1_errors'><\/div><\/div>            <script type=\"text\/javascript\">\n                window.fluent_form_ff_form_instance_1_1 = {\"id\":\"1\",\"settings\":{\"layout\":{\"labelPlacement\":\"top\",\"helpMessagePlacement\":\"with_label\",\"errorMessagePlacement\":\"inline\",\"cssClassName\":\"\",\"asteriskPlacement\":\"asterisk-right\"},\"restrictions\":{\"denyEmptySubmission\":{\"enabled\":false}}},\"form_instance\":\"ff_form_instance_1_1\",\"form_id_selector\":\"fluentform_1\",\"rules\":{\"names[first_name]\":{\"required\":{\"value\":false,\"message\":\"This field is required\",\"global\":false,\"global_message\":\"This field is required\"}},\"names[middle_name]\":{\"required\":{\"value\":false,\"message\":\"This field is required\",\"global\":false,\"global_message\":\"This field is required\"}},\"names[last_name]\":{\"required\":{\"value\":false,\"message\":\"This field is required\",\"global\":false,\"global_message\":\"This field is required\"}},\"email\":{\"required\":{\"value\":true,\"message\":\"This field is required\",\"global\":false,\"global_message\":\"This field is required\"},\"email\":{\"value\":true,\"message\":\"This field must contain a valid email\",\"global\":false,\"global_message\":\"This field must contain a valid email\"}},\"subject\":{\"required\":{\"value\":false,\"message\":\"This field is required\",\"global\":false,\"global_message\":\"This field is required\"}},\"message\":{\"required\":{\"value\":true,\"message\":\"This field is required\",\"global\":false,\"global_message\":\"This field is required\"}},\"g-recaptcha-response\":[]},\"debounce_time\":300};\n                            <\/script>\n            \n\n\n<p class=\"has-text-align-left\"><strong>Nous sommes en ligne 7*24 heures pour r\u00e9pondre \u00e0 toutes vos questions<\/strong><\/p>\n<\/div>\n <\/div><\/div>\n\n\n\n<p><\/p>","protected":false},"excerpt":{"rendered":"","protected":false},"author":1,"featured_media":0,"parent":0,"menu_order":0,"comment_status":"closed","ping_status":"closed","template":"","meta":{"_eb_attr":"","_gspb_post_css":"#gspb_row-id-gsbp-82d37ff{justify-content:space-between;margin-top:0;display:flex;flex-wrap:wrap;margin-bottom:60px;padding-top:250px;padding-bottom:60px}#gspb_row-id-gsbp-82d37ff>.gspb_row__content{display:flex;justify-content:space-between;margin:0 auto;width:100%;flex-wrap:wrap}div[id^=gspb_col-id]{box-sizing:border-box;position:relative;padding:15px min(3vw,20px)}body.gspb-bodyfront #gspb_row-id-gsbp-82d37ff>.gspb_row__content{width:var(--theme-container-width, 1200px);max-width:var(--theme-normal-container-max-width, 1200px)}@media (max-width:991.98px){#gspb_row-id-gsbp-82d37ff{padding-top:120px}}#gspb_row-id-gsbp-82d37ff{background-size:cover;background-repeat:no-repeat;background-position:54% 68%;background-image:url(https:\/\/mekalite.com\/wp-content\/uploads\/2024\/10\/the-handshakes-from-businessman-for-teamwork-with-ai-generated-free-photo.jpg);isolation:isolate}#gspb_row-id-gsbp-82d37ff:hover{background-size:cover}#gspb_row-id-gsbp-82d37ff>.gspb_backgroundOverlay{position:absolute;top:0;left:0;width:100%;height:100%;z-index:-1;opacity:.8;background-color:var(--wp--preset--color--palette-color-4, var(--theme-palette-color-4, #171010))}#gspb_col-id-gsbp-2fc7bc1.gspb_row__col--12{width:100%}@media (max-width:575.98px){#gspb_col-id-gsbp-2fc7bc1.gspb_row__col--12{width:100%}}.gspb_row #gspb_col-id-gsbp-0cc6e85.gspb_row__col--6,.gspb_row #gspb_col-id-gsbp-2fc7bc1.gspb_row__col--12,.gspb_row #gspb_col-id-gsbp-67222b7.gspb_row__col--6,.gspb_row #gspb_col-id-gsbp-cfd1dc9.gspb_row__col--6{padding:0}body #gspb_col-id-gsbp-2fc7bc1.gspb_row__col--12{display:flex;flex-direction:column}@media (max-width:575.98px){body #gspb_col-id-gsbp-2fc7bc1.gspb_row__col--12{align-items:center}}#gspb_row-id-gsbp-7904ad2{justify-content:space-between;margin-top:0;display:flex;flex-wrap:wrap;margin-bottom:0}#gspb_row-id-gsbp-7904ad2>.gspb_row__content{display:flex;justify-content:space-between;margin:0 auto;width:100%;flex-wrap:wrap}@media (max-width:575.98px){#gspb_row-id-gsbp-7904ad2>.gspb_row__content{row-gap:40px}}#gspb_col-id-gsbp-67222b7.gspb_row__col--6{width:50%}@media (max-width:575.98px){#gspb_col-id-gsbp-67222b7.gspb_row__col--6{width:100%}}#gspb_heading-id-gsbp-a634934{text-transform:uppercase;font-size:17px}@media (max-width:575.98px){#gspb_heading-id-gsbp-a634934,#gspb_heading-id-gsbp-a634934 .gsap-g-line{text-align:center!important}}#gspb_heading-id-gsbp-a634934{margin-top:0;margin-bottom:15px}@media (max-width:575.98px){.gspb_text-id-gsbp-b8e04f8,.gspb_text-id-gsbp-b8e04f8 .gsap-g-line{text-align:center!important}}.gspb_text-id-gsbp-b8e04f8{margin-top:0!important;margin-bottom:40px!important}#gspb_heading-id-gsbp-f2e6334{text-transform:uppercase;font-size:17px}@media (max-width:575.98px){#gspb_heading-id-gsbp-f2e6334,#gspb_heading-id-gsbp-f2e6334 .gsap-g-line{text-align:center!important}}#gspb_heading-id-gsbp-f2e6334{margin-top:0;margin-bottom:15px}@media (max-width:575.98px){.gspb_text-id-gsbp-77afb8a,.gspb_text-id-gsbp-77afb8a .gsap-g-line{text-align:center!important}}.gspb_text-id-gsbp-77afb8a{margin-top:0!important}#gspb_col-id-gsbp-cfd1dc9.gspb_row__col--6{width:50%}@media (max-width:575.98px){#gspb_col-id-gsbp-cfd1dc9.gspb_row__col--6{width:100%}}#gspb_heading-id-gsbp-67d638d{text-transform:uppercase;font-size:17px}@media (max-width:575.98px){#gspb_heading-id-gsbp-67d638d,#gspb_heading-id-gsbp-67d638d .gsap-g-line{text-align:center!important}}#gspb_heading-id-gsbp-67d638d{margin-top:0;margin-bottom:15px}@media (max-width:575.98px){.gspb_text-id-gsbp-7cdaeda,.gspb_text-id-gsbp-7cdaeda .gsap-g-line{text-align:center!important}}.gspb_text-id-gsbp-7cdaeda{margin-top:0!important;margin-bottom:40px!important}#gspb_heading-id-gsbp-c7dce3a{text-transform:uppercase;font-size:17px}@media (max-width:575.98px){#gspb_heading-id-gsbp-c7dce3a,#gspb_heading-id-gsbp-c7dce3a .gsap-g-line{text-align:center!important}}#gspb_heading-id-gsbp-c7dce3a{margin-top:0;margin-bottom:15px}@media (max-width:575.98px){.gspb_text-id-gsbp-ee7c087,.gspb_text-id-gsbp-ee7c087 .gsap-g-line{text-align:center!important}}.gspb_text-id-gsbp-ee7c087{margin-top:0!important}#gspb_row-id-gsbp-d47f8e5{justify-content:space-between;display:flex;flex-wrap:wrap;margin-top:80px;margin-bottom:0}#gspb_row-id-gsbp-d47f8e5>.gspb_row__content{display:flex;justify-content:space-between;margin:0 auto;width:100%;flex-wrap:wrap}.gspb_row{position:relative}body.gspb-bodyfront #gspb_row-id-gsbp-7904ad2>.gspb_row__content,body.gspb-bodyfront #gspb_row-id-gsbp-d47f8e5>.gspb_row__content{width:var(--theme-container-width, 1200px);max-width:var(--theme-normal-container-max-width, 1200px)}@media (max-width:991.98px){#gspb_row-id-gsbp-d47f8e5{margin-bottom:80px}}@media (max-width:575.98px){#gspb_row-id-gsbp-d47f8e5{margin-top:60px;margin-bottom:0;padding-bottom:60px}}#gspb_row-id-gsbp-d47f8e5{background-color:#14248f00;background-size:cover;background-repeat:no-repeat;background-image:url(https:\/\/mekalite.com\/wp-content\/uploads\/2024\/10\/CNC-Machine-Design-scaled-landscape-5500632d8e220dff51d4bdb235926d91-.jpg);isolation:isolate}#gspb_row-id-gsbp-d47f8e5:hover{background-size:cover}#gspb_row-id-gsbp-d47f8e5>.gspb_backgroundOverlay{position:absolute;top:0;left:0;width:100%;height:100%;z-index:-1;opacity:.52;background-color:var(--wp--preset--color--palette-color-1, var(--theme-palette-color-1, #14248e))}#gspb_col-id-gsbp-0cc6e85.gspb_row__col--6{width:50%}@media (max-width:575.98px){#gspb_col-id-gsbp-0cc6e85.gspb_row__col--6{width:100%}}#gspb_col-id-gsbp-d2f3731.gspb_row__col--6{width:50%}@media (max-width:575.98px){#gspb_col-id-gsbp-d2f3731.gspb_row__col--6{width:100%}}.gspb_row #gspb_col-id-gsbp-d2f3731.gspb_row__col--6{padding:50px}@media (max-width:575.98px){.gspb_row #gspb_col-id-gsbp-d2f3731.gspb_row__col--6{padding:35px}}#gspb_col-id-gsbp-d2f3731.gspb_row__col--6{background-color:var(--wp--preset--color--palette-color-7, var(--theme-palette-color-7, #FAFAFA));transition:all .5s cubic-bezier(.42,0,.58,1);transform:translateY(-100px)}@media (max-width:575.98px){#gspb_col-id-gsbp-d2f3731.gspb_row__col--6{transform:translateY(0)}}#gspb_col-id-gsbp-d2f3731.gspb_row__col--6,#gspb_col-id-gsbp-d2f3731.gspb_row__col--6>.gspb_backgroundOverlay{border-top-left-radius:10px;border-top-right-radius:10px;border-bottom-right-radius:10px;border-bottom-left-radius:10px}#gspb_heading-id-gsbp-409250d{text-transform:uppercase;margin-top:0;margin-bottom:15px}.gspb_text-id-gsbp-3cfa114{margin-top:0!important;margin-bottom:50px!important}","footnotes":""},"class_list":["post-1070","page","type-page","status-publish","hentry"],"blocksy_meta":{"has_hero_section":"disabled","styles_descriptor":{"styles":{"desktop":"","tablet":"","mobile":""},"google_fonts":[],"version":6},"vertical_spacing_source":"custom","content_area_spacing":"none"},"_links":{"self":[{"href":"https:\/\/mekalite.com\/fr\/wp-json\/wp\/v2\/pages\/1070","targetHints":{"allow":["GET"]}}],"collection":[{"href":"https:\/\/mekalite.com\/fr\/wp-json\/wp\/v2\/pages"}],"about":[{"href":"https:\/\/mekalite.com\/fr\/wp-json\/wp\/v2\/types\/page"}],"author":[{"embeddable":true,"href":"https:\/\/mekalite.com\/fr\/wp-json\/wp\/v2\/users\/1"}],"replies":[{"embeddable":true,"href":"https:\/\/mekalite.com\/fr\/wp-json\/wp\/v2\/comments?post=1070"}],"version-history":[{"count":8,"href":"https:\/\/mekalite.com\/fr\/wp-json\/wp\/v2\/pages\/1070\/revisions"}],"predecessor-version":[{"id":6217,"href":"https:\/\/mekalite.com\/fr\/wp-json\/wp\/v2\/pages\/1070\/revisions\/6217"}],"wp:attachment":[{"href":"https:\/\/mekalite.com\/fr\/wp-json\/wp\/v2\/media?parent=1070"}],"curies":[{"name":"wp","href":"https:\/\/api.w.org\/{rel}","templated":true}]}}