{"id":2600,"date":"2024-11-09T15:09:28","date_gmt":"2024-11-09T15:09:28","guid":{"rendered":"https:\/\/mekalite.com\/?page_id=2600"},"modified":"2024-11-09T15:09:40","modified_gmt":"2024-11-09T15:09:40","slug":"politica-de-privacidad-de-mekalite","status":"publish","type":"page","link":"https:\/\/mekalite.com\/es\/politica-de-privacidad-de-mekalite\/","title":{"rendered":"Pol\u00edtica de privacidad de Mekalite"},"content":{"rendered":"<div class=\"wp-block-greenshift-blocks-row alignfull gspb_row gspb_row-id-gsbp-9c27dfc\" id=\"gspb_row-id-gsbp-9c27dfc\"><div class=\"gspb_backgroundOverlay\"><\/div><div class=\"gspb_row__content\"> \n<div class=\"wp-block-greenshift-blocks-row-column gspb_row__col--12 gspb_col-id-gsbp-6d61d37\" id=\"gspb_col-id-gsbp-6d61d37\">\n\n<h2 style=\"color:#fefefe; text-transform:uppercase; margin-top:20px;margin-bottom:0px;\" class=\"ct-dynamic-data has-text-align-left wp-elements-707e4fab640ffa04e3a56c01309b3da0 has-text-color\">Pol\u00edtica de privacidad de Mekalite<\/h2><\/div>\n <\/div><\/div>\n\n\n\n<div class=\"wp-block-greenshift-blocks-row gspb_row gspb_row-id-gsbp-702b9dd\" id=\"gspb_row-id-gsbp-702b9dd\"><div class=\"gspb_row__content\"> \n<div class=\"wp-block-greenshift-blocks-row-column gspb_row__col--12 gspb_col-id-gsbp-20ba942\" id=\"gspb_col-id-gsbp-20ba942\">\n<p>Thank you for visiting <a href=\"https:\/\/mekalite.com\/es\/\">Mekalite<\/a>.com (referred to as \u201cthis website\u201d). We understand the importance of your privacy and are committed to protecting your personal information. Please read this Privacy Policy carefully to understand how we collect, use, protect, and share your personal information.<\/p>\n\n\n\n<h3 class=\"wp-block-heading\" id=\"1-information-collection\">1. Recogida de informaci\u00f3n<\/h3>\n\n\n\n<p>Cuando utiliza este sitio web, podemos recopilar los siguientes tipos de informaci\u00f3n:<\/p>\n\n\n\n<ul class=\"wp-block-list\">\n<li><strong>Informaci\u00f3n personal identificable (IPI)<\/strong>: Incluidos su nombre, direcci\u00f3n de correo electr\u00f3nico, n\u00famero de tel\u00e9fono, etc., cuando rellena formularios o se registra en el sitio web.<\/li>\n\n\n\n<li><strong>Informaci\u00f3n no personal identificable (Non-PII)<\/strong>: Como su tipo de navegador, sistema operativo, direcci\u00f3n IP, horas de acceso y otra informaci\u00f3n t\u00e9cnica, que nos ayuda a mejorar la experiencia del usuario.<\/li>\n\n\n\n<li><strong>Cookies y tecnolog\u00edas de seguimiento<\/strong>: Podemos utilizar cookies y otras tecnolog\u00edas de seguimiento para conocer sus preferencias y mejorar nuestros servicios.<\/li>\n<\/ul>\n\n\n\n<h3 class=\"wp-block-heading\" id=\"2-use-of-information\">2. Uso de la informaci\u00f3n<\/h3>\n\n\n\n<p>La informaci\u00f3n que recogemos se utiliza para los siguientes fines:<\/p>\n\n\n\n<ul class=\"wp-block-list\">\n<li><strong>Prestaci\u00f3n y mejora de servicios<\/strong>: Para ofrecerle servicios personalizados basados en sus necesidades y optimizar nuestros productos y nuestro sitio web.<\/li>\n\n\n\n<li><strong>Comunicaci\u00f3n<\/strong>: Con su consentimiento, podemos enviarle correos electr\u00f3nicos o mensajes sobre nuevos productos, servicios, promociones y eventos.<\/li>\n\n\n\n<li><strong>Cumplimiento legal<\/strong>: Cumplir las leyes y reglamentos aplicables, as\u00ed como las obligaciones legales.<\/li>\n<\/ul>\n\n\n\n<h3 class=\"wp-block-heading\" id=\"3-sharing-of-information\">3. 3. Intercambio de informaci\u00f3n<\/h3>\n\n\n\n<p>Mekalite no comparte su informaci\u00f3n personal excepto en las siguientes circunstancias:<\/p>\n\n\n\n<ul class=\"wp-block-list\">\n<li><strong>Socios comerciales y proveedores de servicios<\/strong>: Podemos compartir informaci\u00f3n con socios externos de confianza para ofrecer mejores servicios. Nos aseguramos de que estos socios se comprometen a proteger su privacidad.<\/li>\n\n\n\n<li><strong>Requisitos legales<\/strong>: Podemos revelar informaci\u00f3n cuando lo exija la ley o en respuesta a una solicitud razonable de una autoridad gubernamental.<\/li>\n\n\n\n<li><strong>Transferencia de empresas<\/strong>: En caso de fusi\u00f3n, adquisici\u00f3n o transferencia de activos o negocios de la empresa, su informaci\u00f3n personal puede ser transferida como uno de los activos de la empresa.<\/li>\n<\/ul>\n\n\n\n<h3 class=\"wp-block-heading\" id=\"4-information-security\">4. 4. Seguridad de la informaci\u00f3n<\/h3>\n\n\n\n<p>Aplicamos medidas t\u00e9cnicas y organizativas razonables para proteger sus datos personales del acceso, la divulgaci\u00f3n, la alteraci\u00f3n o la destrucci\u00f3n no autorizados. Esto incluye cortafuegos, encriptaci\u00f3n de datos y controles de acceso. No obstante, tenga en cuenta que ning\u00fan m\u00e9todo de transmisi\u00f3n o almacenamiento de datos es 100% seguro.<\/p>\n\n\n\n<h3 class=\"wp-block-heading\" id=\"5-your-rights\">5. Sus derechos<\/h3>\n\n\n\n<p>Tiene derecho a acceder a la informaci\u00f3n personal que recopilamos, corregirla o eliminarla. Tambi\u00e9n puede darse de baja de nuestra lista de correo en cualquier momento para dejar de recibir informaci\u00f3n promocional.<\/p>\n\n\n\n<h3 class=\"wp-block-heading\" id=\"6-cookies-policy\">6. 6. Pol\u00edtica de cookies<\/h3>\n\n\n\n<p>Este sitio web puede utilizar cookies para mejorar la experiencia del usuario. Puede optar por aceptar o rechazar las cookies o desactivarlas en la configuraci\u00f3n de su navegador. Rechazar las cookies puede afectar a determinadas funcionalidades del sitio web.<\/p>\n\n\n\n<h3 class=\"wp-block-heading\" id=\"7-third-party-links\">7. Enlaces de terceros<\/h3>\n\n\n\n<p>Este sitio web puede contener enlaces a otros sitios web. No somos responsables de las pr\u00e1cticas de privacidad de estos sitios de terceros, y le recomendamos que lea sus pol\u00edticas de privacidad para entender c\u00f3mo recogen y utilizan su informaci\u00f3n.<\/p>\n\n\n\n<h3 class=\"wp-block-heading\" id=\"8-updates-to-the-privacy-policy\">8. Actualizaciones de la pol\u00edtica de privacidad<\/h3>\n\n\n\n<p>Nos reservamos el derecho de actualizar esta Pol\u00edtica de Privacidad en cualquier momento. La pol\u00edtica actualizada se publicar\u00e1 en esta p\u00e1gina con la \u00faltima fecha de entrada en vigor. Le recomendamos que la revise peri\u00f3dicamente para mantenerse informado sobre nuestras pr\u00e1cticas de privacidad.<\/p>\n\n\n\n<h3 class=\"wp-block-heading\" id=\"9-contact-us\">9. Contacto<\/h3>\n\n\n\n<p>Si tiene alguna pregunta o duda sobre nuestra Pol\u00edtica de privacidad, p\u00f3ngase en contacto con nosotros en:<\/p>\n\n\n\n<ul class=\"wp-block-list\">\n<li><strong>Correo electr\u00f3nico<\/strong>: <a>privacy@mekalite.com<\/a><\/li>\n\n\n\n<li><strong>Tel\u00e9fono<\/strong>: +86 15013664194<\/li>\n\n\n\n<li><strong>Direcci\u00f3n<\/strong>: Building F, Digital Silicon Valley Industrial Park, Yuanshen Town, Longgang District, Shenzhen, China<\/li>\n<\/ul>\n<\/div>\n <\/div><\/div>","protected":false},"excerpt":{"rendered":"","protected":false},"author":1,"featured_media":0,"parent":0,"menu_order":0,"comment_status":"closed","ping_status":"closed","template":"","meta":{"_eb_attr":"","_gspb_post_css":"#gspb_row-id-gsbp-9c27dfc{justify-content:space-between;margin-top:0;display:flex;flex-wrap:wrap;margin-bottom:60px;padding-top:250px;padding-bottom:60px}#gspb_row-id-gsbp-9c27dfc>.gspb_row__content{display:flex;justify-content:space-between;margin:0 auto;width:100%;flex-wrap:wrap}.gspb_row{position:relative}div[id^=gspb_col-id]{box-sizing:border-box;position:relative;padding:15px min(3vw,20px)}@media (max-width:991.98px){#gspb_row-id-gsbp-9c27dfc{padding-top:120px}}#gspb_row-id-gsbp-9c27dfc{background-size:cover;background-repeat:no-repeat;background-position:57% 52%;background-image:url(https:\/\/mekalite.com\/wp-content\/uploads\/2024\/10\/sheet-metal-fabrication.jpeg);isolation:isolate}#gspb_row-id-gsbp-9c27dfc:hover{background-size:cover}#gspb_row-id-gsbp-9c27dfc>.gspb_backgroundOverlay{position:absolute;top:0;left:0;width:100%;height:100%;z-index:-1;opacity:.8;background-color:#000}#gspb_col-id-gsbp-6d61d37.gspb_row__col--12{width:100%}@media (max-width:575.98px){#gspb_col-id-gsbp-6d61d37.gspb_row__col--12{width:100%}}.gspb_row #gspb_col-id-gsbp-6d61d37.gspb_row__col--12{padding:0}body #gspb_col-id-gsbp-6d61d37.gspb_row__col--12{display:flex;flex-direction:column}@media (max-width:575.98px){body #gspb_col-id-gsbp-6d61d37.gspb_row__col--12{align-items:center}}#gspb_row-id-gsbp-702b9dd{justify-content:space-between;margin-top:0;margin-bottom:0;display:flex;flex-wrap:wrap;background-color:var(--wp--preset--color--palette-color-5, var(--theme-palette-color-5, #eaeaec))}#gspb_row-id-gsbp-702b9dd>.gspb_row__content{display:flex;justify-content:space-between;margin:0 auto;width:100%;flex-wrap:wrap}body.gspb-bodyfront #gspb_row-id-gsbp-702b9dd>.gspb_row__content,body.gspb-bodyfront #gspb_row-id-gsbp-9c27dfc>.gspb_row__content{width:var(--theme-container-width, 1200px);max-width:var(--theme-normal-container-max-width, 1200px)}#gspb_row-id-gsbp-702b9dd,#gspb_row-id-gsbp-702b9dd>.gspb_backgroundOverlay{border-top-left-radius:10px;border-top-right-radius:10px;border-bottom-right-radius:10px;border-bottom-left-radius:10px}#gspb_col-id-gsbp-20ba942.gspb_row__col--12{width:100%}@media (max-width:575.98px){#gspb_col-id-gsbp-20ba942.gspb_row__col--12{width:100%}}","footnotes":""},"class_list":["post-2600","page","type-page","status-publish","hentry"],"blocksy_meta":{"has_hero_section":"disabled","vertical_spacing_source":"custom","content_area_spacing":"bottom","styles_descriptor":{"styles":{"desktop":"","tablet":"","mobile":""},"google_fonts":[],"version":6}},"_links":{"self":[{"href":"https:\/\/mekalite.com\/es\/wp-json\/wp\/v2\/pages\/2600","targetHints":{"allow":["GET"]}}],"collection":[{"href":"https:\/\/mekalite.com\/es\/wp-json\/wp\/v2\/pages"}],"about":[{"href":"https:\/\/mekalite.com\/es\/wp-json\/wp\/v2\/types\/page"}],"author":[{"embeddable":true,"href":"https:\/\/mekalite.com\/es\/wp-json\/wp\/v2\/users\/1"}],"replies":[{"embeddable":true,"href":"https:\/\/mekalite.com\/es\/wp-json\/wp\/v2\/comments?post=2600"}],"version-history":[{"count":1,"href":"https:\/\/mekalite.com\/es\/wp-json\/wp\/v2\/pages\/2600\/revisions"}],"predecessor-version":[{"id":2601,"href":"https:\/\/mekalite.com\/es\/wp-json\/wp\/v2\/pages\/2600\/revisions\/2601"}],"wp:attachment":[{"href":"https:\/\/mekalite.com\/es\/wp-json\/wp\/v2\/media?parent=2600"}],"curies":[{"name":"wp","href":"https:\/\/api.w.org\/{rel}","templated":true}]}}