{"id":2520,"date":"2024-11-04T07:37:05","date_gmt":"2024-11-04T07:37:05","guid":{"rendered":"https:\/\/mekalite.com\/?page_id=2520"},"modified":"2024-11-04T11:45:07","modified_gmt":"2024-11-04T11:45:07","slug":"fabricacion-de-moldes-de-inyeccion","status":"publish","type":"page","link":"https:\/\/mekalite.com\/es\/fabricacion-de-moldes-de-inyeccion\/","title":{"rendered":"Fabricaci\u00f3n de moldes de inyecci\u00f3n"},"content":{"rendered":"<div class=\"wp-block-cover alignfull wp-duotone-dark-grayscale\" style=\"min-height:700px;aspect-ratio:unset;\"><span aria-hidden=\"true\" class=\"wp-block-cover__background has-background-dim\"><\/span><img loading=\"lazy\" decoding=\"async\" width=\"1024\" height=\"576\" class=\"wp-block-cover__image-background wp-image-2494\" alt=\"Mekalite\" src=\"https:\/\/mekalite.com\/wp-content\/uploads\/2024\/11\/PolymerMolding-232132-Plastic-Injection-Molding-Blogbanner1-1024x576.jpg\" data-object-fit=\"cover\" title=\"\" srcset=\"https:\/\/mekalite.com\/wp-content\/uploads\/2024\/11\/PolymerMolding-232132-Plastic-Injection-Molding-Blogbanner1-1024x576.jpg 1024w, https:\/\/mekalite.com\/wp-content\/uploads\/2024\/11\/PolymerMolding-232132-Plastic-Injection-Molding-Blogbanner1-300x169.jpg 300w, https:\/\/mekalite.com\/wp-content\/uploads\/2024\/11\/PolymerMolding-232132-Plastic-Injection-Molding-Blogbanner1-768x432.jpg 768w, https:\/\/mekalite.com\/wp-content\/uploads\/2024\/11\/PolymerMolding-232132-Plastic-Injection-Molding-Blogbanner1-18x10.jpg 18w, https:\/\/mekalite.com\/wp-content\/uploads\/2024\/11\/PolymerMolding-232132-Plastic-Injection-Molding-Blogbanner1.jpg 1212w\" sizes=\"auto, (max-width: 1024px) 100vw, 1024px\" \/><div class=\"wp-block-cover__inner-container is-layout-flow wp-block-cover-is-layout-flow\">\n<div class=\"wp-block-greenshift-blocks-row gspb_row gspb_row-id-gsbp-8573232\" id=\"gspb_row-id-gsbp-8573232\"><div class=\"gspb_row__content\"> \n<div class=\"wp-block-greenshift-blocks-row-column gspb_row__col--6 gspb_col-id-gsbp-53b6b32\" id=\"gspb_col-id-gsbp-53b6b32\">\n<h1 id=\"gspb_heading-id-gsbp-806b2eb\" class=\"gspb_heading gspb_heading-id-gsbp-806b2eb\"><strong>Fabricaci\u00f3n de moldes de inyecci\u00f3n de pl\u00e1stico\u00a0<\/strong><\/h1>\n\n\n\n<p>Sea <a href=\"https:\/\/mekalite.com\/es\/\">Mekalite<\/a> \u00a1le ayudamos a personalizar moldes de inyecci\u00f3n de pl\u00e1stico! \u00a1Obtenga un presupuesto en tan solo 1 hora!<\/p>\n\n\n\n<div class=\"gspb_button_wrapper gspb_button-id-gsbp-a2dc8e7\" id=\"gspb_button-id-gsbp-a2dc8e7\"><a class=\"wp-block-greenshift-blocks-buttonbox gspb-buttonbox wp-element-button\" rel=\"noopener\"><span class=\"gspb-buttonbox-textwrap\"><span class=\"gspb-buttonbox-text\"><span class=\"gspb-buttonbox-title\">Cargar una pieza<\/span><\/span><\/span><\/a><\/div>\n\n\n\n<p><strong>Certificaciones<\/strong><\/p>\n\n\n\n<p>ISO 9001:2015 | Registro ITAR | Inspecciones cr\u00edticas de calidad<\/p>\n<\/div>\n\n\n\n<div class=\"wp-block-greenshift-blocks-row-column gspb_row__col--6 gspb_col-id-gsbp-6d59a7d\" id=\"gspb_col-id-gsbp-6d59a7d\">\n<div class=\"wp-block-greenshift-blocks-image gspb_image gspb_image-id-gsbp-4de74c2\" id=\"gspb_image-id-gsbp-4de74c2\"><img decoding=\"async\" src=\"https:\/\/mekalite.com\/wp-content\/uploads\/2024\/11\/mould-making.png\" data-src=\"\" alt=\"Fabricaci\u00f3n de moldes de inyecci\u00f3n\" loading=\"lazy\" width=\"800\" height=\"541\" title=\"\"><\/div>\n<\/div>\n <\/div><\/div>\n<\/div><\/div>\n\n\n\n<h2 class=\"wp-block-heading\" id=\"understanding-plastic-injection-molds\">Moldes de inyecci\u00f3n de pl\u00e1stico<\/h2>\n\n\n\n<p>Los moldes de inyecci\u00f3n de pl\u00e1stico suelen fabricarse con materiales como acero endurecido o preendurecido, aluminio y aleaci\u00f3n de berilio y cobre. Aunque los moldes de acero son m\u00e1s caros, se prefieren por su excepcional durabilidad. Los moldes de acero templado se someten a un tratamiento t\u00e9rmico tras el mecanizado, lo que les confiere una mayor resistencia al desgaste y una vida \u00fatil m\u00e1s larga. Muchos moldes de acero son capaces de producir m\u00e1s de un mill\u00f3n de piezas a lo largo de su vida \u00fatil. Para vol\u00famenes de producci\u00f3n m\u00e1s bajos, los moldes de acero preendurecido son una opci\u00f3n m\u00e1s asequible, aunque son menos resistentes al desgaste.<\/p>\n\n\n\n<p>Los moldes de aluminio son una alternativa rentable, pero no suelen ser adecuados para la producci\u00f3n de grandes vol\u00famenes o piezas con tolerancias dimensionales estrictas. Sin embargo, pueden producir eficazmente de decenas de miles a cientos de miles de piezas cuando se dise\u00f1an utilizando <a href=\"https:\/\/mekalite.com\/es\/mecanizado-cnc\/\">Mecanizado CNC<\/a> o Mecanizado por Descarga El\u00e9ctrica (EDM).<\/p>\n\n\n\n<p>Los insertos de aleaci\u00f3n de cobre pueden utilizarse en zonas espec\u00edficas de un molde que requieran una r\u00e1pida eliminaci\u00f3n del calor, lo que puede ayudar a reducir los tiempos de ciclo y mejorar la calidad est\u00e9tica del producto final.<\/p>\n\n\n\n<h2 class=\"wp-block-heading\" id=\"how-are-plastic-injection-molds-made\">\u00bfC\u00f3mo se fabrican los moldes de inyecci\u00f3n de pl\u00e1stico?<\/h2>\n\n\n\n<p>Los moldes se construyen principalmente mediante dos m\u00e9todos: el mecanizado est\u00e1ndar y el mecanizado por descarga el\u00e9ctrica (EDM).<\/p>\n\n\n\n<h3 class=\"wp-block-heading\" id=\"standard-cnc-machining\">Mecanizado est\u00e1ndar\/CNC<\/h3>\n\n\n\n<p>En sus formas tradicionales, el mecanizado est\u00e1ndar implica operaciones manuales con tornos, fresadoras y taladradoras. Con los avances tecnol\u00f3gicos, el mecanizado CNC se ha convertido en el m\u00e9todo principal para crear moldes complejos y precisos. El CNC utiliza ordenadores para controlar el movimiento de fresadoras, tornos y otras m\u00e1quinas de corte.<\/p>\n\n\n\n<p>En los sistemas CNC modernos, los procesos de dise\u00f1o y fabricaci\u00f3n de moldes est\u00e1n muy automatizados. Las dimensiones mec\u00e1nicas del molde se definen mediante software de dise\u00f1o asistido por ordenador (CAD), que luego se traduce en instrucciones de fabricaci\u00f3n mediante software de fabricaci\u00f3n asistida por ordenador (CAM). Estas instrucciones se convierten en comandos espec\u00edficos para cada m\u00e1quina implicada en la creaci\u00f3n del molde.<\/p>\n\n\n\n<figure class=\"wp-block-image alignright size-full\"><img loading=\"lazy\" decoding=\"async\" width=\"400\" height=\"600\" src=\"https:\/\/mekalite.com\/wp-content\/uploads\/2024\/11\/image-3.png\" alt=\"Mekalite\" class=\"wp-image-2524\" title=\"\" srcset=\"https:\/\/mekalite.com\/wp-content\/uploads\/2024\/11\/image-3.png 400w, https:\/\/mekalite.com\/wp-content\/uploads\/2024\/11\/image-3-200x300.png 200w, https:\/\/mekalite.com\/wp-content\/uploads\/2024\/11\/image-3-8x12.png 8w\" sizes=\"auto, (max-width: 400px) 100vw, 400px\" \/><\/figure>\n\n\n\n<h3 class=\"wp-block-heading\" id=\"electrical-discharge-machining-edm\">Mecanizado por descarga el\u00e9ctrica (EDM)<\/h3>\n\n\n\n<p>La electroerosi\u00f3n es cada vez m\u00e1s popular en la fabricaci\u00f3n de moldes. Este proceso utiliza un electrodo de grafito o cobre que se coloca sobre la pieza sumergida en un fluido diel\u00e9ctrico. El electrodo se baja para crear un espacio de chispas, lo que permite descargas el\u00e9ctricas controladas para eliminar el metal sin contacto directo. Aunque este m\u00e9todo es m\u00e1s lento que el mecanizado CNC convencional, puede crear formas complejas imposibles de conseguir de otro modo.<\/p>\n\n\n\n<p>Adem\u00e1s, la electroerosi\u00f3n permite dar forma a moldes preendurecidos sin necesidad de tratamiento t\u00e9rmico adicional. En algunos casos, el acabado fino producido por EDM sirve como acabado final de la superficie de la cavidad del molde.<\/p>\n\n\n\n<h2 class=\"wp-block-heading\" id=\"mold-design\">Dise\u00f1o de moldes<\/h2>\n\n\n\n<p>Un molde de inyecci\u00f3n de pl\u00e1stico consta de dos componentes principales: la mitad de la cavidad (mitad A) y la mitad del eyector (mitad B). A continuaci\u00f3n se explica c\u00f3mo funcionan juntos estos componentes:<\/p>\n\n\n\n<ol class=\"wp-block-list\">\n<li><strong>Entrada de pl\u00e1stico:<\/strong> La resina pl\u00e1stica fundida entra en la mitad A a trav\u00e9s de un \"bebedero\" o \"compuerta\", sellado herm\u00e9ticamente por un casquillo del bebedero contra la boquilla del ca\u00f1\u00f3n de inyecci\u00f3n.<\/li>\n\n\n\n<li><strong>Canalizaci\u00f3n:<\/strong> El casquillo del bebedero dirige el pl\u00e1stico fundido a trav\u00e9s de canales denominados \"canales\", que se mecanizan en las caras de las mitades A y B del molde.<\/li>\n\n\n\n<li><strong>Relleno de cavidades:<\/strong> El pl\u00e1stico fundido fluye a trav\u00e9s del canal y entra por compuertas especializadas en la cavidad, formando la pieza deseada.<\/li>\n\n\n\n<li><strong>Expulsi\u00f3n:<\/strong> Una vez finalizado el moldeo, el dise\u00f1o garantiza que la pieza moldeada permanezca en la mitad B cuando se abra el molde. El canal y el bebedero se extraen de la mitad A, lo que permite que la pieza caiga libremente de la mitad B.<\/li>\n<\/ol>\n\n\n\n<p>Un solo molde de inyecci\u00f3n de pl\u00e1stico puede tener desde una cavidad (que produce una pieza a la vez) hasta m\u00faltiples cavidades, lo que permite tasas de producci\u00f3n extremadamente altas, como se ve en moldes dise\u00f1ados para art\u00edculos como tapas de botellas, que pueden tener m\u00e1s de 100 cavidades.<\/p>\n\n\n\n<figure class=\"wp-block-image aligncenter size-full\"><img loading=\"lazy\" decoding=\"async\" width=\"800\" height=\"533\" src=\"https:\/\/mekalite.com\/wp-content\/uploads\/2024\/11\/image-2.png\" alt=\"Mekalite\" class=\"wp-image-2523\" title=\"\" srcset=\"https:\/\/mekalite.com\/wp-content\/uploads\/2024\/11\/image-2.png 800w, https:\/\/mekalite.com\/wp-content\/uploads\/2024\/11\/image-2-300x200.png 300w, https:\/\/mekalite.com\/wp-content\/uploads\/2024\/11\/image-2-768x512.png 768w, https:\/\/mekalite.com\/wp-content\/uploads\/2024\/11\/image-2-18x12.png 18w\" sizes=\"auto, (max-width: 800px) 100vw, 800px\" \/><\/figure>","protected":false},"excerpt":{"rendered":"<p>Understanding Plastic Injection Molds Plastic injection molds are typically made from materials like hardened or pre-hardened steel, aluminum, and beryllium-copper alloy. While steel molds are more expensive, they are preferred for their exceptional durability. Hardened steel molds are heat-treated after machining, offering superior wear resistance and a longer lifespan. Many steel molds are capable of [&hellip;]<\/p>","protected":false},"author":1,"featured_media":0,"parent":0,"menu_order":0,"comment_status":"closed","ping_status":"closed","template":"","meta":{"_eb_attr":"","_gspb_post_css":"#gspb_row-id-gsbp-8573232{justify-content:space-between;margin-top:0;margin-bottom:0;display:flex;flex-wrap:wrap;align-content:center}#gspb_row-id-gsbp-8573232>.gspb_row__content{display:flex;justify-content:space-between;margin:0 auto;width:100%;flex-wrap:wrap;max-width:1400px;align-items:center}.gspb_row{position:relative}div[id^=gspb_col-id]{box-sizing:border-box;position:relative;padding:15px min(3vw,20px)}#gspb_col-id-gsbp-53b6b32.gspb_row__col--6{width:50%}@media (max-width:575.98px){#gspb_col-id-gsbp-53b6b32.gspb_row__col--6{width:100%}#gspb_heading-id-gsbp-806b2eb{font-size:30px}}#gspb_heading-id-gsbp-806b2eb{color:var(--wp--preset--color--palette-color-8, var(--theme-palette-color-8, #ffffff))}@media (max-width:575.98px){#gspb_heading-id-gsbp-806b2eb{margin-top:52px}}#gspb_button-id-gsbp-a2dc8e7{display:flex;justify-content:flex-start}#gspb_button-id-gsbp-a2dc8e7 .gspb-buttonbox-text{display:flex;flex-direction:column}#gspb_button-id-gsbp-a2dc8e7>.gspb-buttonbox{box-sizing:border-box;margin-bottom:20px}#gspb_col-id-gsbp-6d59a7d.gspb_row__col--6{width:50%}@media (max-width:575.98px){#gspb_col-id-gsbp-6d59a7d.gspb_row__col--6{width:100%}}#gspb_image-id-gsbp-4de74c2{text-align:center}#gspb_image-id-gsbp-4de74c2 img{vertical-align:bottom;display:inline-block;box-sizing:border-box;max-width:100%;height:auto}","footnotes":""},"class_list":["post-2520","page","type-page","status-publish","hentry"],"blocksy_meta":{"has_hero_section":"disabled","vertical_spacing_source":"custom","content_area_spacing":"bottom","styles_descriptor":{"styles":{"desktop":"","tablet":"","mobile":""},"google_fonts":[],"version":6}},"_links":{"self":[{"href":"https:\/\/mekalite.com\/es\/wp-json\/wp\/v2\/pages\/2520","targetHints":{"allow":["GET"]}}],"collection":[{"href":"https:\/\/mekalite.com\/es\/wp-json\/wp\/v2\/pages"}],"about":[{"href":"https:\/\/mekalite.com\/es\/wp-json\/wp\/v2\/types\/page"}],"author":[{"embeddable":true,"href":"https:\/\/mekalite.com\/es\/wp-json\/wp\/v2\/users\/1"}],"replies":[{"embeddable":true,"href":"https:\/\/mekalite.com\/es\/wp-json\/wp\/v2\/comments?post=2520"}],"version-history":[{"count":3,"href":"https:\/\/mekalite.com\/es\/wp-json\/wp\/v2\/pages\/2520\/revisions"}],"predecessor-version":[{"id":2552,"href":"https:\/\/mekalite.com\/es\/wp-json\/wp\/v2\/pages\/2520\/revisions\/2552"}],"wp:attachment":[{"href":"https:\/\/mekalite.com\/es\/wp-json\/wp\/v2\/media?parent=2520"}],"curies":[{"name":"wp","href":"https:\/\/api.w.org\/{rel}","templated":true}]}}