{"id":2212,"date":"2024-10-27T23:57:45","date_gmt":"2024-10-27T23:57:45","guid":{"rendered":"https:\/\/mekalite.com\/?page_id=2212"},"modified":"2024-10-28T00:00:13","modified_gmt":"2024-10-28T00:00:13","slug":"servicios-de-tratamiento-termico","status":"publish","type":"page","link":"https:\/\/mekalite.com\/es\/servicios-de-tratamiento-termico\/","title":{"rendered":"Servicios de tratamiento t\u00e9rmico"},"content":{"rendered":"<div class=\"wp-block-greenshift-blocks-row alignfull gspb_row gspb_row-id-gsbp-9c27dfc\" id=\"gspb_row-id-gsbp-9c27dfc\"><div class=\"gspb_backgroundOverlay\"><\/div><div class=\"gspb_row__content\"> \n<div class=\"wp-block-greenshift-blocks-row-column gspb_row__col--12 gspb_col-id-gsbp-6d61d37\" id=\"gspb_col-id-gsbp-6d61d37\">\n\n<h1 style=\"color:#fefefe; text-transform:capitalize; margin-top:20px;margin-bottom:0px;\" class=\"ct-dynamic-data has-text-align-left wp-elements-ffa9fa256b8e68822e089e811737d287 has-text-color\">Servicios de tratamiento t\u00e9rmico<\/h1>\n\n\n<p class=\"has-palette-color-7-color has-text-color has-link-color wp-elements-90833747f5ee7a17ddfb9887a3d83996\">Mejore las propiedades f\u00edsicas y mec\u00e1nicas de los materiales mediante el tratamiento t\u00e9rmico. Mejore la dureza, aumente la resistencia, mejore la tenacidad, alivie tensiones y mucho m\u00e1s.<\/p>\n<\/div>\n <\/div><\/div>\n\n\n\n<div class=\"wp-block-greenshift-blocks-row gspb_row gspb_row-id-gsbp-ea87b6f\" id=\"gspb_row-id-gsbp-ea87b6f\"><div class=\"gspb_row__content\"> \n<div class=\"wp-block-greenshift-blocks-row-column gspb_row__col--6 gspb_col-id-gsbp-0cf4b9c\" id=\"gspb_col-id-gsbp-0cf4b9c\">\n<p><strong><a href=\"https:\/\/mekalite.com\/es\/\">Mekalite<\/a><\/strong><\/p>\n\n\n\n<div class=\"wp-block-greenshift-blocks-image gspb_image gspb_image-id-gsbp-43b69df\" id=\"gspb_image-id-gsbp-43b69df\"><img decoding=\"async\" src=\"https:\/\/mekalite.com\/wp-content\/uploads\/2024\/10\/Heat-Treatment-part1.jpg\" data-src=\"\" alt=\"Mekalite\" loading=\"lazy\" width=\"500\" height=\"500\" title=\"\"><\/div>\n<\/div>\n\n\n\n<div class=\"wp-block-greenshift-blocks-row-column gspb_row__col--6 gspb_col-id-gsbp-8d89c67\" id=\"gspb_col-id-gsbp-8d89c67\">\n<h2 class=\"wp-block-heading has-x-large-font-size\" id=\"harder-with-heat-treatment\">M\u00e1s duro con tratamiento t\u00e9rmico<\/h2>\n\n\n\n<p>Aumentar la dureza hace que los materiales sean m\u00e1s resistentes al desgaste y la abrasi\u00f3n. Los hace menos propensos a fracturarse o fallar bajo cargas de impacto o choque.<\/p>\n\n\n\n<p>El enfoque de Mekalite implica una secuencia sistem\u00e1tica de pasos, que comienza con el an\u00e1lisis exhaustivo de las materias primas para determinar los m\u00e9todos de tratamiento t\u00e9rmico m\u00e1s adecuados. A continuaci\u00f3n, se finaliza con pruebas rigurosas, como evaluaciones de dureza, para verificar que el tratamiento t\u00e9rmico cumple los requisitos especificados, con un estricto enfoque en el control de calidad para garantizar productos finales consistentes y fiables.<\/p>\n\n\n\n<p>Los procesos de tratamiento t\u00e9rmico como el recocido pueden inducir la recristalizaci\u00f3n, dando lugar a una microestructura m\u00e1s uniforme y refinada, mejorando las propiedades generales del material. Mekalite puede controlar con precisi\u00f3n los procesos de tratamiento t\u00e9rmico para lograr los resultados deseados. Este nivel de control permite personalizar las propiedades de los materiales en funci\u00f3n de los requisitos espec\u00edficos de ingenier\u00eda.<\/p>\n\n\n\n<div class=\"gspb_button_wrapper gspb_button-id-gsbp-c432130\" id=\"gspb_button-id-gsbp-c432130\"><a class=\"wp-block-greenshift-blocks-buttonbox gspb-buttonbox wp-element-button\" href=\"https:\/\/mekalite.com\/es\/cita\/\" rel=\"noopener\"><span class=\"gspb-buttonbox-textwrap\"><span class=\"gspb-buttonbox-text\"><span class=\"gspb-buttonbox-title\">Solicitar presupuesto<\/span><\/span><\/span><\/a><\/div>\n<\/div>\n <\/div><\/div>\n\n\n\n<div class=\"wp-block-greenshift-blocks-row gspb_row gspb_row-id-gsbp-9583c58\" id=\"gspb_row-id-gsbp-9583c58\"><div class=\"gspb_row__content\"> \n<div class=\"wp-block-greenshift-blocks-row-column gspb_row__col--6 gspb_col-id-gsbp-bf37991\" id=\"gspb_col-id-gsbp-bf37991\">\n<p><strong>RESUMEN TECNOL\u00d3GICO<\/strong><\/p>\n<\/div>\n\n\n\n<div class=\"wp-block-greenshift-blocks-row-column gspb_row__col--6 gspb_col-id-gsbp-0c4a6da\" id=\"gspb_col-id-gsbp-0c4a6da\">\n<h2 class=\"wp-block-heading\" id=\"more-about-heat-treatment\" style=\"font-size:clamp(24.034px, 1.502rem + ((1vw - 3.2px) * 1.247), 40px);\"><strong>M\u00e1s informaci\u00f3n<\/strong>\u00a0Tratamiento t\u00e9rmico<\/h2>\n<\/div>\n <\/div><\/div>\n\n\n\n<div class=\"wp-block-greenshift-blocks-row gspb_row gspb_row-id-gsbp-f400041\" id=\"gspb_row-id-gsbp-f400041\"><div class=\"gspb_row__content\"> \n<div class=\"wp-block-greenshift-blocks-row-column gspb_row__col--4 gspb_col-id-gsbp-3632ff0\" id=\"gspb_col-id-gsbp-3632ff0\">\n<h3 class=\"wp-block-heading\" id=\"headline-97-194-1\">\u00bfQu\u00e9 es el tratamiento t\u00e9rmico?<\/h3>\n\n\n\n<p class=\"has-small-font-size\">El tratamiento t\u00e9rmico es un proceso que modifica las caracter\u00edsticas f\u00edsicas, mec\u00e1nicas y a veces qu\u00edmicas de los materiales, especialmente metales o aleaciones. El m\u00e9todo consiste en el calentamiento y enfriamiento controlados para mejorar propiedades como la dureza, la resistencia, la tenacidad y la ductilidad.<\/p>\n\n\n\n<p class=\"has-small-font-size\">El recocido implica un enfriamiento lento para aliviar las tensiones internas y mejorar la ductilidad, mientras que el temple enfr\u00eda r\u00e1pidamente para aumentar la dureza. El revenido equilibra la dureza y la tenacidad mediante el recalentamiento y el enfriamiento controlado.<\/p>\n\n\n\n<p class=\"has-small-font-size\">El normalizado mejora la estructura del grano y las propiedades, y el endurecimiento aumenta la dureza mediante un enfriamiento r\u00e1pido. Estos procesos son importantes en la fabricaci\u00f3n de herramientas, piezas de autom\u00f3viles, engranajes y otros productos, ya que permiten personalizar los materiales para aplicaciones espec\u00edficas.<\/p>\n<\/div>\n\n\n\n<div class=\"wp-block-greenshift-blocks-row-column gspb_row__col--4 gspb_col-id-gsbp-e695e11\" id=\"gspb_col-id-gsbp-e695e11\">\n<h3 class=\"wp-block-heading\" id=\"headline-97-194-2\">Ventajas del tratamiento t\u00e9rmico<\/h3>\n\n\n\n<ul class=\"wp-block-list\">\n<li>Dureza mejorada<\/li>\n\n\n\n<li>Mayor resistencia<\/li>\n\n\n\n<li>Mayor resistencia<\/li>\n\n\n\n<li>Reducci\u00f3n de la fragilidad<\/li>\n\n\n\n<li>Mayor resistencia al desgaste<\/li>\n\n\n\n<li>Maquinabilidad mejorada<\/li>\n\n\n\n<li>Mayor estabilidad dimensional<\/li>\n\n\n\n<li>Alivio del estr\u00e9s<\/li>\n\n\n\n<li>Modificaci\u00f3n de las propiedades de los materiales<\/li>\n\n\n\n<li>Mayor resistencia a la corrosi\u00f3n<\/li>\n<\/ul>\n<\/div>\n\n\n\n<div class=\"wp-block-greenshift-blocks-row-column gspb_row__col--4 gspb_col-id-gsbp-081aae3\" id=\"gspb_col-id-gsbp-081aae3\">\n<h3 class=\"wp-block-heading\" id=\"headline-97-194-3\">Consideraciones de dise\u00f1o para el tratamiento t\u00e9rmico<\/h3>\n\n\n\n<ul class=\"wp-block-list\">\n<li>Elija materiales con caracter\u00edsticas de tratamiento t\u00e9rmico conocidas.<\/li>\n\n\n\n<li>Definir claramente los objetivos de las propiedades deseadas.<\/li>\n\n\n\n<li>Controlar los \u00edndices para evitar distorsiones o grietas.<\/li>\n\n\n\n<li>Mantener una temperatura precisa del horno.<\/li>\n\n\n\n<li>Considere el impacto de la atm\u00f3sfera en la qu\u00edmica de la superficie.<\/li>\n\n\n\n<li>Elija en funci\u00f3n del material y la velocidad de enfriamiento deseada.<\/li>\n\n\n\n<li>Dise\u00f1o de utillajes para la estabilidad de la pieza durante el tratamiento.<\/li>\n\n\n\n<li>Garantiza un calentamiento y enfriamiento uniformes para propiedades constantes.<\/li>\n\n\n\n<li>Abordar las tensiones potenciales con procesos posteriores al tratamiento.<\/li>\n<\/ul>\n<\/div>\n <\/div><\/div>\n\n\n\n<div class=\"wp-block-greenshift-blocks-row gspb_row gspb_row-id-gsbp-3efb9a0\" id=\"gspb_row-id-gsbp-3efb9a0\"><div class=\"gspb_row__content\"> \n<div class=\"wp-block-greenshift-blocks-row-column gspb_row__col--12 gspb_col-id-gsbp-6067de0\" id=\"gspb_col-id-gsbp-6067de0\">\n<div class=\"wp-block-cover\"><span aria-hidden=\"true\" class=\"wp-block-cover__background has-background-dim\"><\/span><img loading=\"lazy\" decoding=\"async\" width=\"1024\" height=\"585\" class=\"wp-block-cover__image-background wp-image-1964\" alt=\"mecanizado de precisi\u00f3n\" src=\"https:\/\/mekalite.com\/wp-content\/uploads\/2024\/10\/precision-machining-1-1024x585.jpg\" data-object-fit=\"cover\" title=\"\" srcset=\"https:\/\/mekalite.com\/wp-content\/uploads\/2024\/10\/precision-machining-1-1024x585.jpg 1024w, https:\/\/mekalite.com\/wp-content\/uploads\/2024\/10\/precision-machining-1-300x171.jpg 300w, https:\/\/mekalite.com\/wp-content\/uploads\/2024\/10\/precision-machining-1-768x439.jpg 768w, https:\/\/mekalite.com\/wp-content\/uploads\/2024\/10\/precision-machining-1.jpg 1344w\" sizes=\"auto, (max-width: 1024px) 100vw, 1024px\" \/><div class=\"wp-block-cover__inner-container is-layout-flow wp-block-cover-is-layout-flow\">\n<h2 class=\"wp-block-heading has-text-align-center has-palette-color-8-color has-text-color has-link-color has-large-font-size wp-elements-e1760f4ce70cc5dd84c2d78abd5c7da0\" id=\"get-an-accurate-quote-for-your-next-projects\">Obtenga un presupuesto preciso para sus pr\u00f3ximos proyectos<\/h2>\n\n\n\n<p class=\"has-text-align-center\">No importa que su proyecto sea complicado o sencillo, no importa que sea de metal o de pl\u00e1stico, obtendr\u00e1 un presupuesto preciso en menos de 6 horas.<\/p>\n\n\n\n<div class=\"gspb_button_wrapper gspb_button-id-gsbp-d55f3fa\" id=\"gspb_button-id-gsbp-d55f3fa\"><a class=\"wp-block-greenshift-blocks-buttonbox gspb-buttonbox wp-element-button\" href=\"https:\/\/mekalite.com\/es\/cita\/\" rel=\"noopener\"><span class=\"gspb-buttonbox-textwrap\"><span class=\"gspb-buttonbox-text\"><span class=\"gspb-buttonbox-title\">Solicitar presupuesto<\/span><\/span><\/span><\/a><\/div>\n<\/div><\/div>\n<\/div>\n <\/div><\/div>","protected":false},"excerpt":{"rendered":"","protected":false},"author":1,"featured_media":0,"parent":0,"menu_order":0,"comment_status":"closed","ping_status":"closed","template":"","meta":{"_eb_attr":"","_gspb_post_css":"#gspb_row-id-gsbp-9c27dfc{justify-content:space-between;margin-top:0;display:flex;flex-wrap:wrap;align-content:center;margin-bottom:60px;padding-top:250px;padding-bottom:60px}#gspb_row-id-gsbp-9c27dfc>.gspb_row__content{display:flex;margin:0 auto;width:100%;flex-wrap:wrap;align-items:center;justify-content:center}.gspb_row{position:relative}div[id^=gspb_col-id]{box-sizing:border-box;position:relative;padding:15px min(3vw,20px)}body.gspb-bodyfront #gspb_row-id-gsbp-9c27dfc>.gspb_row__content{width:var(--theme-container-width, 1200px);max-width:var(--theme-normal-container-max-width, 1200px)}@media (max-width:991.98px){#gspb_row-id-gsbp-9c27dfc{padding-top:120px}}#gspb_row-id-gsbp-9c27dfc{background-size:cover;background-repeat:no-repeat;background-position:48% 51%;background-image:url(https:\/\/mekalite.com\/wp-content\/uploads\/2024\/10\/Heat-Treatment-11.jpg);isolation:isolate}#gspb_row-id-gsbp-9c27dfc:hover{background-size:cover}#gspb_row-id-gsbp-9c27dfc>.gspb_backgroundOverlay{position:absolute;top:0;left:0;width:100%;height:100%;z-index:-1;opacity:.8;background-color:#000}#gspb_col-id-gsbp-6d61d37.gspb_row__col--12{width:100%}@media (max-width:575.98px){#gspb_col-id-gsbp-6d61d37.gspb_row__col--12{width:100%}}@media (min-width:992px){body.gspb-bodyfront #gspb_col-id-gsbp-6d61d37.gspb_row__col--12{width:calc(100% - 0px - 0px)}}.gspb_row #gspb_col-id-gsbp-6d61d37.gspb_row__col--12{padding:0}body #gspb_col-id-gsbp-6d61d37.gspb_row__col--12,body #gspb_col-id-gsbp-bf37991.gspb_row__col--6{display:block}#gspb_row-id-gsbp-ea87b6f{justify-content:space-between;margin-top:0;display:flex;flex-wrap:wrap;margin-bottom:40px}#gspb_row-id-gsbp-ea87b6f>.gspb_row__content{display:flex;justify-content:space-between;margin:0 auto;width:100%;flex-wrap:wrap}body.gspb-bodyfront #gspb_row-id-gsbp-ea87b6f>.gspb_row__content{width:var(--theme-container-width, 1200px);max-width:var(--theme-normal-container-max-width, 1200px)}#gspb_col-id-gsbp-0cf4b9c.gspb_row__col--6{width:50%}@media (max-width:575.98px){#gspb_col-id-gsbp-0cf4b9c.gspb_row__col--6{width:100%}}@media (min-width:992px){body.gspb-bodyfront #gspb_col-id-gsbp-0cf4b9c.gspb_row__col--6{width:calc(30% - 0px - 0px)}}#gspb_image-id-gsbp-43b69df img{vertical-align:top;display:inline-block;box-sizing:border-box;max-width:100%;height:auto}#gspb_col-id-gsbp-8d89c67.gspb_row__col--6{width:50%}@media (max-width:575.98px){#gspb_col-id-gsbp-8d89c67.gspb_row__col--6{width:100%}}@media (min-width:992px){body.gspb-bodyfront #gspb_col-id-gsbp-8d89c67.gspb_row__col--6{width:calc(65% - 0px - 0px)}}#gspb_button-id-gsbp-c432130{display:flex;justify-content:flex-start}#gspb_button-id-gsbp-c432130 .gspb-buttonbox-text{display:flex;flex-direction:column}#gspb_button-id-gsbp-c432130>.gspb-buttonbox{box-sizing:border-box}#gspb_row-id-gsbp-9583c58{align-content:center}#gspb_row-id-gsbp-9583c58>.gspb_row__content{display:flex;justify-content:space-between;margin:0 auto;width:100%;flex-wrap:wrap;align-items:center}body.gspb-bodyfront #gspb_row-id-gsbp-9583c58>.gspb_row__content{width:var(--theme-container-width, 1200px);max-width:var(--theme-normal-container-max-width, 1200px)}#gspb_col-id-gsbp-bf37991.gspb_row__col--6{width:50%}@media (max-width:575.98px){#gspb_col-id-gsbp-bf37991.gspb_row__col--6{width:100%}}@media (min-width:992px){body.gspb-bodyfront #gspb_col-id-gsbp-bf37991.gspb_row__col--6{width:calc(30% - 0px - 0px)}}#gspb_col-id-gsbp-0c4a6da.gspb_row__col--6{width:50%}@media (max-width:575.98px){#gspb_col-id-gsbp-0c4a6da.gspb_row__col--6{width:100%}}@media (min-width:992px){body.gspb-bodyfront #gspb_col-id-gsbp-0c4a6da.gspb_row__col--6{width:calc(68% - 0px - 0px)}}#gspb_row-id-gsbp-3efb9a0,#gspb_row-id-gsbp-9583c58,#gspb_row-id-gsbp-f400041{justify-content:space-between;margin-top:0;margin-bottom:0;display:flex;flex-wrap:wrap}#gspb_row-id-gsbp-f400041>.gspb_row__content{display:flex;justify-content:space-between;margin:0 auto;width:100%;flex-wrap:wrap}#gspb_col-id-gsbp-3632ff0.gspb_row__col--4{width:33.333333333333336%}@media (max-width:575.98px){#gspb_col-id-gsbp-3632ff0.gspb_row__col--4{width:100%}}#gspb_col-id-gsbp-e695e11.gspb_row__col--4{width:33.333333333333336%}@media (max-width:575.98px){#gspb_col-id-gsbp-e695e11.gspb_row__col--4{width:100%}}#gspb_col-id-gsbp-081aae3.gspb_row__col--4{width:33.333333333333336%}@media (max-width:575.98px){#gspb_col-id-gsbp-081aae3.gspb_row__col--4{width:100%}}#gspb_row-id-gsbp-3efb9a0>.gspb_row__content{display:flex;justify-content:space-between;margin:0 auto;width:100%;flex-wrap:wrap}body.gspb-bodyfront #gspb_row-id-gsbp-3efb9a0>.gspb_row__content,body.gspb-bodyfront #gspb_row-id-gsbp-f400041>.gspb_row__content{width:var(--theme-container-width, 1200px);max-width:var(--theme-normal-container-max-width, 1200px)}#gspb_col-id-gsbp-6067de0.gspb_row__col--12{width:100%}@media (max-width:575.98px){#gspb_col-id-gsbp-6067de0.gspb_row__col--12{width:100%}}#gspb_button-id-gsbp-d55f3fa{display:flex;justify-content:center}#gspb_button-id-gsbp-d55f3fa .gspb-buttonbox-text{display:flex;flex-direction:column}#gspb_button-id-gsbp-d55f3fa>.gspb-buttonbox{box-sizing:border-box;margin-bottom:0;background-color:#fff;text-decoration:none;color:#111827;box-shadow:0 1px 3px 0 #0000001a,0 1px 2px 0 #0000000f}#gspb_button-id-gsbp-d55f3fa>.gspb-buttonbox:hover{background-color:#f9fafb!important}#gspb_button-id-gsbp-d55f3fa>.gspb-buttonbox a{text-decoration:none}#gspb_button-id-gsbp-d55f3fa>.gspb-buttonbox,#gspb_button-id-gsbp-d55f3fa>.gspb-buttonbox>.gspb_backgroundOverlay{border-top-left-radius:.5rem;border-top-right-radius:.5rem;border-bottom-right-radius:.5rem;border-bottom-left-radius:.5rem}","footnotes":""},"class_list":["post-2212","page","type-page","status-publish","hentry"],"blocksy_meta":{"has_hero_section":"disabled","vertical_spacing_source":"custom","content_area_spacing":"bottom","styles_descriptor":{"styles":{"desktop":"","tablet":"","mobile":""},"google_fonts":[],"version":6}},"_links":{"self":[{"href":"https:\/\/mekalite.com\/es\/wp-json\/wp\/v2\/pages\/2212","targetHints":{"allow":["GET"]}}],"collection":[{"href":"https:\/\/mekalite.com\/es\/wp-json\/wp\/v2\/pages"}],"about":[{"href":"https:\/\/mekalite.com\/es\/wp-json\/wp\/v2\/types\/page"}],"author":[{"embeddable":true,"href":"https:\/\/mekalite.com\/es\/wp-json\/wp\/v2\/users\/1"}],"replies":[{"embeddable":true,"href":"https:\/\/mekalite.com\/es\/wp-json\/wp\/v2\/comments?post=2212"}],"version-history":[{"count":3,"href":"https:\/\/mekalite.com\/es\/wp-json\/wp\/v2\/pages\/2212\/revisions"}],"predecessor-version":[{"id":2220,"href":"https:\/\/mekalite.com\/es\/wp-json\/wp\/v2\/pages\/2212\/revisions\/2220"}],"wp:attachment":[{"href":"https:\/\/mekalite.com\/es\/wp-json\/wp\/v2\/media?parent=2212"}],"curies":[{"name":"wp","href":"https:\/\/api.w.org\/{rel}","templated":true}]}}