{"id":2187,"date":"2024-10-27T22:22:55","date_gmt":"2024-10-27T22:22:55","guid":{"rendered":"https:\/\/mekalite.com\/?page_id=2187"},"modified":"2025-04-10T17:59:55","modified_gmt":"2025-04-10T17:59:55","slug":"dlc-servicios-de-revestimiento","status":"publish","type":"page","link":"https:\/\/mekalite.com\/es\/dlc-servicios-de-revestimiento\/","title":{"rendered":"Servicio de revestimiento DLC"},"content":{"rendered":"<div class=\"wp-block-greenshift-blocks-row alignfull gspb_row gspb_row-id-gsbp-9c27dfc\" id=\"gspb_row-id-gsbp-9c27dfc\"><div class=\"gspb_backgroundOverlay\"><\/div><div class=\"gspb_row__content\"> \n<div class=\"wp-block-greenshift-blocks-row-column gspb_row__col--12 gspb_col-id-gsbp-6d61d37\" id=\"gspb_col-id-gsbp-6d61d37\">\n\n<h1 style=\"color:#fefefe; text-transform:capitalize; margin-top:20px;margin-bottom:0px;\" class=\"ct-dynamic-data has-text-align-left wp-elements-ffa9fa256b8e68822e089e811737d287 has-text-color\">Servicio de revestimiento DLC<\/h1>\n\n\n<p class=\"has-palette-color-7-color has-text-color has-link-color wp-elements-672d0657fb4c055785082b3a1d1d3aa5\">Descubra el mejor servicio de revestimiento DLC en <a href=\"https:\/\/mekalite.com\/es\/\">Mekalite<\/a>. Mejore la durabilidad, reduzca la fricci\u00f3n y aumente el rendimiento con nuestras soluciones expertas de carbono diamantado.<\/p>\n<\/div>\n <\/div><\/div>\n\n\n\n<div class=\"wp-block-greenshift-blocks-row gspb_row gspb_row-id-gsbp-ea87b6f\" id=\"gspb_row-id-gsbp-ea87b6f\"><div class=\"gspb_row__content\"> \n<div class=\"wp-block-greenshift-blocks-row-column gspb_row__col--6 gspb_col-id-gsbp-0cf4b9c\" id=\"gspb_col-id-gsbp-0cf4b9c\">\n<p><strong>Mekalite<\/strong><\/p>\n\n\n\n<div class=\"wp-block-greenshift-blocks-image gspb_image gspb_image-id-gsbp-43b69df\" id=\"gspb_image-id-gsbp-43b69df\"><img decoding=\"async\" src=\"https:\/\/mekalite.com\/wp-content\/uploads\/2024\/10\/DLC-Coating-part1.jpg\" data-src=\"\" alt=\"Servicios de revestimiento DLC\" loading=\"lazy\" width=\"500\" height=\"500\" title=\"\"><\/div>\n<\/div>\n\n\n\n<div class=\"wp-block-greenshift-blocks-row-column gspb_row__col--6 gspb_col-id-gsbp-8d89c67\" id=\"gspb_col-id-gsbp-8d89c67\">\n<h2 class=\"wp-block-heading has-x-large-font-size\" id=\"custom-parts-with-dlc-coating\"><strong>Piezas a medida<\/strong>&nbsp;con revestimiento DLC<\/h2>\n\n\n\n<p>Fabricamos productos recubiertos de DLC con una dureza extrema, comparable a la de los diamantes naturales, que resisten los da\u00f1os superficiales y prolongan la vida \u00fatil de los componentes sometidos a fricci\u00f3n, deslizamiento o desgaste abrasivo.<\/p>\n\n\n\n<p>Mekalite utiliza tecnolog\u00eda punta para garantizar precisi\u00f3n y fiabilidad en cada proyecto. Gracias a los m\u00e1s de 20 a\u00f1os de experiencia de nuestro equipo, comprendemos las complejidades de los revestimientos de DLC y ofrecemos soluciones personalizadas para sus necesidades espec\u00edficas, ya se trate de dureza, resistencia al desgaste o baja fricci\u00f3n.<\/p>\n\n\n\n<p>La calidad es una prioridad innegociable; nuestros procesos de revestimiento de DLC cumplen o superan las normas del sector. Nos comprometemos a plazos de entrega r\u00e1pidos sin comprometer la calidad. Mekalite ofrece soluciones rentables, haciendo accesible el recubrimiento DLC de alta calidad. Proporcionamos servicios superiores de recubrimiento DLC que mejoran el rendimiento y la vida \u00fatil de sus componentes en <a href=\"https:\/\/mekalite.com\/es\/mecanizado-cnc\/\">Mecanizado CNC<\/a>.<\/p>\n\n\n\n<div class=\"gspb_button_wrapper gspb_button-id-gsbp-c432130\" id=\"gspb_button-id-gsbp-c432130\"><a class=\"wp-block-greenshift-blocks-buttonbox gspb-buttonbox wp-element-button\" href=\"https:\/\/mekalite.com\/es\/cita\/\" rel=\"noopener\"><span class=\"gspb-buttonbox-textwrap\"><span class=\"gspb-buttonbox-text\"><span class=\"gspb-buttonbox-title\">Solicitar presupuesto<\/span><\/span><\/span><\/a><\/div>\n<\/div>\n <\/div><\/div>\n\n\n\n<div class=\"wp-block-greenshift-blocks-row gspb_row gspb_row-id-gsbp-9583c58\" id=\"gspb_row-id-gsbp-9583c58\"><div class=\"gspb_row__content\"> \n<div class=\"wp-block-greenshift-blocks-row-column gspb_row__col--6 gspb_col-id-gsbp-bf37991\" id=\"gspb_col-id-gsbp-bf37991\">\n<p><strong>RESUMEN TECNOL\u00d3GICO<\/strong><\/p>\n<\/div>\n\n\n\n<div class=\"wp-block-greenshift-blocks-row-column gspb_row__col--6 gspb_col-id-gsbp-0c4a6da\" id=\"gspb_col-id-gsbp-0c4a6da\">\n<h2 class=\"wp-block-heading\" id=\"more-about-dlc-coating\" style=\"font-size:clamp(24.034px, 1.502rem + ((1vw - 3.2px) * 1.247), 40px);\"><strong>M\u00e1s informaci\u00f3n<\/strong>&nbsp;Revestimiento DLC<\/h2>\n<\/div>\n <\/div><\/div>\n\n\n\n<div class=\"wp-block-greenshift-blocks-row gspb_row gspb_row-id-gsbp-f400041\" id=\"gspb_row-id-gsbp-f400041\"><div class=\"gspb_row__content\"> \n<div class=\"wp-block-greenshift-blocks-row-column gspb_row__col--4 gspb_col-id-gsbp-3632ff0\" id=\"gspb_col-id-gsbp-3632ff0\">\n<h3 class=\"wp-block-heading\" id=\"headline-97-194-1\">\u00bfQu\u00e9 es el revestimiento DLC?<\/h3>\n\n\n\n<p class=\"has-small-font-size\">El recubrimiento de carbono similar al diamante (DLC) es una fina capa que se aplica a las superficies, principalmente metales, para mejorar sus propiedades. Se compone de carbono e hidr\u00f3geno, imitando la estructura de los diamantes naturales. El DLC es conocido por su dureza, baja fricci\u00f3n e inercia qu\u00edmica.<\/p>\n\n\n\n<p>Se aplica mediante m\u00e9todos como la deposici\u00f3n qu\u00edmica de vapor o la deposici\u00f3n f\u00edsica de vapor. Este revestimiento se utiliza en industrias como la automovil\u00edstica y la aeroespacial, donde mejora la resistencia al desgaste y la durabilidad de componentes como piezas de motores y herramientas de corte.<\/p>\n\n\n\n<p class=\"has-small-font-size\">Adem\u00e1s, las variantes biocompatibles de DLC se utilizan en aplicaciones m\u00e9dicas, incluidos los revestimientos para implantes. Los revestimientos de DLC ofrecen un equilibrio entre dureza y cualidades protectoras en diversos sectores.<\/p>\n<\/div>\n\n\n\n<div class=\"wp-block-greenshift-blocks-row-column gspb_row__col--4 gspb_col-id-gsbp-e695e11\" id=\"gspb_col-id-gsbp-e695e11\">\n<h3 class=\"wp-block-heading\" id=\"headline-97-194-2\">Ventajas del revestimiento DLC<\/h3>\n\n\n\n<ul class=\"wp-block-list\">\n<li>Mayor dureza<\/li>\n\n\n\n<li>Mayor resistencia al desgaste<\/li>\n\n\n\n<li>Mayor resistencia a la corrosi\u00f3n<\/li>\n\n\n\n<li>Bajo coeficiente de fricci\u00f3n<\/li>\n\n\n\n<li>Mayor vida \u00fatil de la herramienta<\/li>\n\n\n\n<li>Mayor rendimiento de corte<\/li>\n\n\n\n<li>Aplicaci\u00f3n vers\u00e1til en distintos materiales<\/li>\n\n\n\n<li>Reducci\u00f3n de la fricci\u00f3n y la generaci\u00f3n de calor<\/li>\n<\/ul>\n<\/div>\n\n\n\n<div class=\"wp-block-greenshift-blocks-row-column gspb_row__col--4 gspb_col-id-gsbp-081aae3\" id=\"gspb_col-id-gsbp-081aae3\">\n<h3 class=\"wp-block-heading\" id=\"headline-97-194-3\">Consideraciones de dise\u00f1o para el revestimiento DLC<\/h3>\n\n\n\n<ul class=\"wp-block-list\">\n<li>Elija metales, cer\u00e1micas o pol\u00edmeros compatibles.<\/li>\n\n\n\n<li>Limpie a fondo y prepare el sustrato para una mejor adherencia.<\/li>\n\n\n\n<li>Seleccione CVD o PVD en funci\u00f3n de las necesidades de la aplicaci\u00f3n.<\/li>\n\n\n\n<li>Utilizar tratamientos previos o revestimientos intercalares para mejorar la adherencia.<\/li>\n\n\n\n<li>Personalizar para obtener la dureza y la resistencia al desgaste previstas.<\/li>\n\n\n\n<li>Aseg\u00farese de que el revestimiento resiste el intervalo de temperatura previsto.<\/li>\n\n\n\n<li>Aplicar un estricto control de calidad durante y despu\u00e9s del recubrimiento.<\/li>\n\n\n\n<li>Personalizaci\u00f3n para necesidades espec\u00edficas como la conductividad o la biocompatibilidad.<\/li>\n<\/ul>\n<\/div>\n <\/div><\/div>\n\n\n\n<div class=\"wp-block-greenshift-blocks-row alignfull gspb_row gspb_row-id-gsbp-3efb9a0\" id=\"gspb_row-id-gsbp-3efb9a0\"><div class=\"gspb_row__content\"> \n<div class=\"wp-block-greenshift-blocks-row-column gspb_row__col--12 gspb_col-id-gsbp-6067de0\" id=\"gspb_col-id-gsbp-6067de0\">\n<h3 class=\"wp-block-heading\" id=\"how-dlc-coating-services-work\">C\u00f3mo funcionan los servicios de revestimiento DLC<\/h3>\n\n\n\n<p>Los servicios de revestimiento de DLC suelen implicar los siguientes pasos:<\/p>\n\n\n\n<ol class=\"wp-block-list\">\n<li><strong>Preparaci\u00f3n de la superficie<\/strong>: Limpieza y tratamiento del sustrato para garantizar una fuerte adherencia del revestimiento.<\/li>\n\n\n\n<li><strong>Proceso de dep\u00f3sito<\/strong>: Utilizando equipos de vac\u00edo, los \u00e1tomos de carbono se depositan mediante PVD o PECVD para formar la pel\u00edcula de DLC.<\/li>\n\n\n\n<li><strong>Inspecci\u00f3n de calidad<\/strong>: Verificaci\u00f3n del espesor, la uniformidad y el rendimiento del revestimiento para cumplir las especificaciones del cliente.<\/li>\n<\/ol>\n\n\n\n<h3 class=\"wp-block-heading\" id=\"differences-from-other-coatings\">Diferencias con otros revestimientos<\/h3>\n\n\n\n<ul class=\"wp-block-list\">\n<li><strong>En comparaci\u00f3n con los revestimientos PVD<\/strong>: El DLC es un tipo de revestimiento de PVD, pero ofrece una dureza y unas prestaciones de fricci\u00f3n superiores.<\/li>\n\n\n\n<li><strong>Comparado con el nitruro de titanio (TiN)<\/strong>: El DLC tiene un coeficiente de fricci\u00f3n m\u00e1s bajo y un aspecto m\u00e1s moderno.<\/li>\n\n\n\n<li><strong>En comparaci\u00f3n con los revestimientos cer\u00e1micos<\/strong>: El DLC es m\u00e1s fino y m\u00e1s adecuado para componentes de precisi\u00f3n.<\/li>\n<\/ul>\n\n\n\n<h3 class=\"wp-block-heading\" id=\"why-choose-dlc-coating-services\">\u00bfPor qu\u00e9 elegir los servicios de revestimiento de DLC?<\/h3>\n\n\n\n<p>Si su proyecto exige durabilidad, eficacia y rendimiento, los servicios de revestimiento con DLC son una soluci\u00f3n ideal. Tanto si se trata de mejorar la fiabilidad de los equipos industriales como de aumentar la funcionalidad de los productos de consumo, el DLC ofrece importantes mejoras de rendimiento.<\/p>\n<\/div>\n <\/div><\/div>\n\n\n\n<div class=\"wp-block-cover alignfull\"><span aria-hidden=\"true\" class=\"wp-block-cover__background has-background-dim\"><\/span><img loading=\"lazy\" decoding=\"async\" width=\"1024\" height=\"585\" class=\"wp-block-cover__image-background wp-image-1964\" alt=\"mecanizado de precisi\u00f3n\" src=\"https:\/\/mekalite.com\/wp-content\/uploads\/2024\/10\/precision-machining-1-1024x585.jpg\" data-object-fit=\"cover\" title=\"\" srcset=\"https:\/\/mekalite.com\/wp-content\/uploads\/2024\/10\/precision-machining-1-1024x585.jpg 1024w, https:\/\/mekalite.com\/wp-content\/uploads\/2024\/10\/precision-machining-1-300x171.jpg 300w, https:\/\/mekalite.com\/wp-content\/uploads\/2024\/10\/precision-machining-1-768x439.jpg 768w, https:\/\/mekalite.com\/wp-content\/uploads\/2024\/10\/precision-machining-1.jpg 1344w\" sizes=\"auto, (max-width: 1024px) 100vw, 1024px\" \/><div class=\"wp-block-cover__inner-container is-layout-flow wp-block-cover-is-layout-flow\">\n<h2 class=\"wp-block-heading has-text-align-center has-palette-color-8-color has-text-color has-link-color has-large-font-size wp-elements-e1760f4ce70cc5dd84c2d78abd5c7da0\" id=\"get-an-accurate-quote-for-your-next-projects\">Obtenga un presupuesto preciso para sus pr\u00f3ximos proyectos<\/h2>\n\n\n\n<p class=\"has-text-align-center\">No importa que su proyecto sea complicado o sencillo, no importa que sea de metal o de pl\u00e1stico, obtendr\u00e1 un presupuesto preciso en menos de 6 horas.<\/p>\n\n\n\n<div class=\"gspb_button_wrapper gspb_button-id-gsbp-d55f3fa\" id=\"gspb_button-id-gsbp-d55f3fa\"><a class=\"wp-block-greenshift-blocks-buttonbox gspb-buttonbox wp-element-button\" href=\"https:\/\/mekalite.com\/es\/cita\/\" rel=\"noopener\"><span class=\"gspb-buttonbox-textwrap\"><span class=\"gspb-buttonbox-text\"><span class=\"gspb-buttonbox-title\">Solicitar presupuesto<\/span><\/span><\/span><\/a><\/div>\n<\/div><\/div>","protected":false},"excerpt":{"rendered":"","protected":false},"author":1,"featured_media":0,"parent":0,"menu_order":0,"comment_status":"closed","ping_status":"closed","template":"","meta":{"_eb_attr":"","_gspb_post_css":"#gspb_row-id-gsbp-9c27dfc{justify-content:space-between;margin-top:0;display:flex;flex-wrap:wrap;align-content:center;margin-bottom:60px;padding-top:250px;padding-bottom:60px}#gspb_row-id-gsbp-9c27dfc>.gspb_row__content{display:flex;margin:0 auto;width:100%;flex-wrap:wrap;align-items:center;justify-content:center}.gspb_row{position:relative}div[id^=gspb_col-id]{box-sizing:border-box;position:relative;padding:15px min(3vw,20px)}body.gspb-bodyfront #gspb_row-id-gsbp-9c27dfc>.gspb_row__content{width:var(--theme-container-width, 1200px);max-width:var(--theme-normal-container-max-width, 1200px)}@media (max-width:991.98px){#gspb_row-id-gsbp-9c27dfc{padding-top:120px}}#gspb_row-id-gsbp-9c27dfc{background-size:cover;background-repeat:no-repeat;background-position:48% 51%;background-image:url(https:\/\/mekalite.com\/wp-content\/uploads\/2024\/10\/DLC-Coating.jpg);isolation:isolate}#gspb_row-id-gsbp-9c27dfc:hover{background-size:cover}#gspb_row-id-gsbp-9c27dfc>.gspb_backgroundOverlay{position:absolute;top:0;left:0;width:100%;height:100%;z-index:-1;opacity:.8;background-color:#000}#gspb_col-id-gsbp-6d61d37.gspb_row__col--12{width:100%}@media (max-width:575.98px){#gspb_col-id-gsbp-6d61d37.gspb_row__col--12{width:100%}}@media (min-width:992px){body.gspb-bodyfront #gspb_col-id-gsbp-6d61d37.gspb_row__col--12{width:calc(100% - 0px - 0px)}}.gspb_row #gspb_col-id-gsbp-6d61d37.gspb_row__col--12{padding:0}body #gspb_col-id-gsbp-6d61d37.gspb_row__col--12,body #gspb_col-id-gsbp-bf37991.gspb_row__col--6{display:block}#gspb_row-id-gsbp-ea87b6f{justify-content:space-between;margin-top:0;display:flex;flex-wrap:wrap;margin-bottom:40px}#gspb_row-id-gsbp-ea87b6f>.gspb_row__content{display:flex;justify-content:space-between;margin:0 auto;width:100%;flex-wrap:wrap}body.gspb-bodyfront #gspb_row-id-gsbp-ea87b6f>.gspb_row__content{width:var(--theme-container-width, 1200px);max-width:var(--theme-normal-container-max-width, 1200px)}#gspb_col-id-gsbp-0cf4b9c.gspb_row__col--6{width:50%}@media (max-width:575.98px){#gspb_col-id-gsbp-0cf4b9c.gspb_row__col--6{width:100%}}@media (min-width:992px){body.gspb-bodyfront #gspb_col-id-gsbp-0cf4b9c.gspb_row__col--6{width:calc(30% - 0px - 0px)}}#gspb_image-id-gsbp-43b69df img{vertical-align:top;display:inline-block;box-sizing:border-box;max-width:100%;height:auto}#gspb_col-id-gsbp-8d89c67.gspb_row__col--6{width:50%}@media (max-width:575.98px){#gspb_col-id-gsbp-8d89c67.gspb_row__col--6{width:100%}}@media (min-width:992px){body.gspb-bodyfront #gspb_col-id-gsbp-8d89c67.gspb_row__col--6{width:calc(65% - 0px - 0px)}}#gspb_button-id-gsbp-c432130{display:flex;justify-content:flex-start}#gspb_button-id-gsbp-c432130 .gspb-buttonbox-text{display:flex;flex-direction:column}#gspb_button-id-gsbp-c432130>.gspb-buttonbox{box-sizing:border-box}#gspb_row-id-gsbp-9583c58{align-content:center}#gspb_row-id-gsbp-9583c58>.gspb_row__content{display:flex;justify-content:space-between;margin:0 auto;width:100%;flex-wrap:wrap;align-items:center}body.gspb-bodyfront #gspb_row-id-gsbp-9583c58>.gspb_row__content{width:var(--theme-container-width, 1200px);max-width:var(--theme-normal-container-max-width, 1200px)}#gspb_col-id-gsbp-bf37991.gspb_row__col--6{width:50%}@media (max-width:575.98px){#gspb_col-id-gsbp-bf37991.gspb_row__col--6{width:100%}}@media (min-width:992px){body.gspb-bodyfront #gspb_col-id-gsbp-bf37991.gspb_row__col--6{width:calc(30% - 0px - 0px)}}#gspb_col-id-gsbp-0c4a6da.gspb_row__col--6{width:50%}@media (max-width:575.98px){#gspb_col-id-gsbp-0c4a6da.gspb_row__col--6{width:100%}}@media (min-width:992px){body.gspb-bodyfront #gspb_col-id-gsbp-0c4a6da.gspb_row__col--6{width:calc(68% - 0px - 0px)}}#gspb_row-id-gsbp-3efb9a0,#gspb_row-id-gsbp-9583c58,#gspb_row-id-gsbp-f400041{justify-content:space-between;margin-top:0;margin-bottom:0;display:flex;flex-wrap:wrap}#gspb_row-id-gsbp-f400041>.gspb_row__content{display:flex;justify-content:space-between;margin:0 auto;width:100%;flex-wrap:wrap}#gspb_col-id-gsbp-3632ff0.gspb_row__col--4{width:33.333333333333336%}@media (max-width:575.98px){#gspb_col-id-gsbp-3632ff0.gspb_row__col--4{width:100%}}#gspb_col-id-gsbp-e695e11.gspb_row__col--4{width:33.333333333333336%}@media (max-width:575.98px){#gspb_col-id-gsbp-e695e11.gspb_row__col--4{width:100%}}#gspb_col-id-gsbp-081aae3.gspb_row__col--4{width:33.333333333333336%}@media (max-width:575.98px){#gspb_col-id-gsbp-081aae3.gspb_row__col--4{width:100%}}#gspb_row-id-gsbp-3efb9a0>.gspb_row__content{display:flex;justify-content:space-between;margin:0 auto;width:100%;flex-wrap:wrap}body.gspb-bodyfront #gspb_row-id-gsbp-3efb9a0>.gspb_row__content,body.gspb-bodyfront #gspb_row-id-gsbp-f400041>.gspb_row__content{width:var(--theme-container-width, 1200px);max-width:var(--theme-normal-container-max-width, 1200px)}#gspb_col-id-gsbp-6067de0.gspb_row__col--12{width:100%}@media (max-width:575.98px){#gspb_col-id-gsbp-6067de0.gspb_row__col--12{width:100%}}#gspb_button-id-gsbp-d55f3fa{display:flex;justify-content:center}#gspb_button-id-gsbp-d55f3fa .gspb-buttonbox-text{display:flex;flex-direction:column}#gspb_button-id-gsbp-d55f3fa>.gspb-buttonbox{box-sizing:border-box;margin-bottom:0;background-color:#fff;text-decoration:none;color:#111827;box-shadow:0 1px 3px 0 #0000001a,0 1px 2px 0 #0000000f}#gspb_button-id-gsbp-d55f3fa>.gspb-buttonbox:hover{background-color:#f9fafb!important}#gspb_button-id-gsbp-d55f3fa>.gspb-buttonbox a{text-decoration:none}#gspb_button-id-gsbp-d55f3fa>.gspb-buttonbox,#gspb_button-id-gsbp-d55f3fa>.gspb-buttonbox>.gspb_backgroundOverlay{border-top-left-radius:.5rem;border-top-right-radius:.5rem;border-bottom-right-radius:.5rem;border-bottom-left-radius:.5rem}","footnotes":""},"class_list":["post-2187","page","type-page","status-publish","hentry"],"blocksy_meta":{"has_hero_section":"disabled","vertical_spacing_source":"custom","content_area_spacing":"bottom","styles_descriptor":{"styles":{"desktop":"","tablet":"","mobile":""},"google_fonts":[],"version":6}},"_links":{"self":[{"href":"https:\/\/mekalite.com\/es\/wp-json\/wp\/v2\/pages\/2187","targetHints":{"allow":["GET"]}}],"collection":[{"href":"https:\/\/mekalite.com\/es\/wp-json\/wp\/v2\/pages"}],"about":[{"href":"https:\/\/mekalite.com\/es\/wp-json\/wp\/v2\/types\/page"}],"author":[{"embeddable":true,"href":"https:\/\/mekalite.com\/es\/wp-json\/wp\/v2\/users\/1"}],"replies":[{"embeddable":true,"href":"https:\/\/mekalite.com\/es\/wp-json\/wp\/v2\/comments?post=2187"}],"version-history":[{"count":5,"href":"https:\/\/mekalite.com\/es\/wp-json\/wp\/v2\/pages\/2187\/revisions"}],"predecessor-version":[{"id":4486,"href":"https:\/\/mekalite.com\/es\/wp-json\/wp\/v2\/pages\/2187\/revisions\/4486"}],"wp:attachment":[{"href":"https:\/\/mekalite.com\/es\/wp-json\/wp\/v2\/media?parent=2187"}],"curies":[{"name":"wp","href":"https:\/\/api.w.org\/{rel}","templated":true}]}}