{"id":2158,"date":"2024-10-27T21:34:20","date_gmt":"2024-10-27T21:34:20","guid":{"rendered":"https:\/\/mekalite.com\/?page_id=2158"},"modified":"2024-10-27T21:34:32","modified_gmt":"2024-10-27T21:34:32","slug":"servicio-de-mecanizado-cnc-de-magnesio","status":"publish","type":"page","link":"https:\/\/mekalite.com\/es\/servicio-de-mecanizado-cnc-de-magnesio\/","title":{"rendered":"Servicio de mecanizado CNC de magnesio"},"content":{"rendered":"<div class=\"wp-block-greenshift-blocks-row alignfull gspb_row gspb_row-id-gsbp-9c27dfc\" id=\"gspb_row-id-gsbp-9c27dfc\"><div class=\"gspb_backgroundOverlay\"><\/div><div class=\"gspb_row__content\"> \n<div class=\"wp-block-greenshift-blocks-row-column gspb_row__col--12 gspb_col-id-gsbp-6d61d37\" id=\"gspb_col-id-gsbp-6d61d37\">\n\n<h1 style=\"color:#fefefe; text-transform:capitalize; margin-top:20px;margin-bottom:0px;\" class=\"ct-dynamic-data has-text-align-left wp-elements-ffa9fa256b8e68822e089e811737d287 has-text-color\">Servicio de mecanizado CNC de magnesio<\/h1>\n\n\n<p class=\"has-palette-color-7-color has-text-color has-link-color wp-elements-6dfd75c2e3dd46713bc113f10405a332\">El magnesio es un metal especial ligero y f\u00e1cil de mecanizar, pero los fragmentos generados en <a href=\"https:\/\/mekalite.com\/es\/mecanizado-cnc\/\">Mecanizado CNC<\/a> son inflamables y el riesgo de mecanizado es elevado, por lo que debe prestarse especial atenci\u00f3n a la seguridad durante el mecanizado.<\/p>\n\n\n\n<p class=\"has-palette-color-7-color has-text-color has-link-color wp-elements-5356306d2c911d697521e5f321a0823e\"><a href=\"https:\/\/mekalite.com\/es\/\">Mekalite<\/a> \u00a1cuenta con equipos avanzados y experiencia madura de mecanizado de magnesio, que bien puede proteger contra el riesgo de mecanizado CNC de magnesio, y le proporcionar\u00e1 servicios integrales de mecanizado CNC de magnesio, desde el prototipo hasta la producci\u00f3n en masa, puede obtener la entrega r\u00e1pida de piezas de magnesio personalizadas de alta precisi\u00f3n!<\/p>\n<\/div>\n <\/div><\/div>\n\n\n\n<div class=\"wp-block-greenshift-blocks-row gspb_row gspb_row-id-gsbp-ea87b6f\" id=\"gspb_row-id-gsbp-ea87b6f\"><div class=\"gspb_row__content\"> \n<div class=\"wp-block-greenshift-blocks-row-column gspb_row__col--6 gspb_col-id-gsbp-0cf4b9c\" id=\"gspb_col-id-gsbp-0cf4b9c\">\n<p><strong>Mekalite<\/strong><\/p>\n\n\n\n<div class=\"wp-block-greenshift-blocks-image gspb_image gspb_image-id-gsbp-43b69df\" id=\"gspb_image-id-gsbp-43b69df\"><img decoding=\"async\" src=\"https:\/\/mekalite.com\/wp-content\/uploads\/2024\/10\/CNC-Titanium-Parts11.jpg\" data-src=\"\" alt=\"Mekalite\" loading=\"lazy\" width=\"500\" height=\"500\" title=\"\"><\/div>\n<\/div>\n\n\n\n<div class=\"wp-block-greenshift-blocks-row-column gspb_row__col--6 gspb_col-id-gsbp-8d89c67\" id=\"gspb_col-id-gsbp-8d89c67\">\n<h2 class=\"wp-block-heading\" id=\"custom-magnesium-parts-in-cnc-machining\"><strong>Piezas de magnesio a medida<\/strong>\u00a0en Mecanizado CNC<\/h2>\n\n\n\n<p>El magnesio tiene una alta resistencia espec\u00edfica, buena conductividad t\u00e9rmica y propiedades mec\u00e1nicas, y su densidad es de s\u00f3lo 1,74 g\/cm\u00b3, lo que supone un tercio m\u00e1s ligero que el aluminio y el m\u00e1s ligero de los metales estructurales.<\/p>\n\n\n\n<p>Mekalite se especializa en servicios de mecanizado de magnesio de alta calidad con avanzados tornos y fresadoras CNC (centros de mecanizado CNC de 5 ejes) que utilizan tecnolog\u00eda de primera clase para el mecanizado, incluyendo torneado, fresado, taladrado y mandrinado para garantizar un mecanizado de alta precisi\u00f3n. Podemos satisfacer las necesidades de fabricaci\u00f3n de diferentes proyectos, desde la producci\u00f3n sencilla hasta el mecanizado de alta precisi\u00f3n de piezas complejas.<\/p>\n\n\n\n<p>Mekalite es un fabricante eficiente y de confianza de piezas de magnesio mecanizadas para todo tipo de magnesio, incluyendo AZ31B, AZ61B y AZ91D, y nuestros servicios de precisi\u00f3n garantizan piezas de alta calidad para industrias como la automoci\u00f3n y la aeroespacial, y son ideales para carcasas de motores de automoci\u00f3n y componentes de aeronaves. Con nuestros servicios CNC de piezas de magnesio a medida, tambi\u00e9n puede obtener acabados anodizados, pintados, chapados y de otro tipo para satisfacer las necesidades est\u00e9ticas y funcionales de las distintas piezas.<\/p>\n\n\n\n<div class=\"gspb_button_wrapper gspb_button-id-gsbp-c432130\" id=\"gspb_button-id-gsbp-c432130\"><a class=\"wp-block-greenshift-blocks-buttonbox gspb-buttonbox wp-element-button\" href=\"https:\/\/mekalite.com\/es\/cita\/\" rel=\"noopener\"><span class=\"gspb-buttonbox-textwrap\"><span class=\"gspb-buttonbox-text\"><span class=\"gspb-buttonbox-title\">Solicitar presupuesto<\/span><\/span><\/span><\/a><\/div>\n<\/div>\n <\/div><\/div>\n\n\n\n<div class=\"wp-block-greenshift-blocks-row gspb_row gspb_row-id-gsbp-bb5f4dd\" id=\"gspb_row-id-gsbp-bb5f4dd\"><div class=\"gspb_row__content\"> \n<div class=\"wp-block-greenshift-blocks-row-column gspb_row__col--12 gspb_col-id-gsbp-420b058\" id=\"gspb_col-id-gsbp-420b058\">\n<h2 class=\"wp-block-heading\" id=\"magnesium-material-list\" style=\"font-size:clamp(24.034px, 1.502rem + ((1vw - 3.2px) * 1.247), 40px);\">Material de magnesio\u00a0<strong>Lista<\/strong><\/h2>\n<\/div>\n <\/div><\/div>\n\n\n\n<div class=\"wp-block-greenshift-blocks-row gspb_row gspb_row-id-gsbp-e154e79\" id=\"gspb_row-id-gsbp-e154e79\"><div class=\"gspb_row__content\"> \n<div class=\"wp-block-greenshift-blocks-row-column gspb_row__col--3 gspb_col-id-gsbp-9dd9247\" id=\"gspb_col-id-gsbp-9dd9247\">\n<h3 class=\"wp-block-heading\" id=\"aluminum-2014\">Magnesio AZ31B<\/h3>\n\n\n\n<p class=\"has-small-font-size\">El magnesio AZ31B forma parte de la familia de aleaciones de magnesio-aluminio-zinc, que son ligeras, tienen una excelente maquinabilidad y presentan una buena relaci\u00f3n resistencia-peso.<\/p>\n\n\n\n<p><strong><a href=\"https:\/\/mekalite.com\/es\/cita\/\" data-type=\"link\" data-id=\"https:\/\/mekalite.com\/quote\/\">Obtener precio<\/a><\/strong><\/p>\n<\/div>\n\n\n\n<div class=\"wp-block-greenshift-blocks-row-column gspb_row__col--3 gspb_col-id-gsbp-6ae9b63\" id=\"gspb_col-id-gsbp-6ae9b63\">\n<h3 class=\"wp-block-heading\" id=\"aluminum-2014\">Magnesio AZ91D<\/h3>\n\n\n\n<p class=\"has-small-font-size\">El magnesio AZ91D es una aleaci\u00f3n de fundici\u00f3n a presi\u00f3n de magnesio de gran pureza que ofrece un buen equilibrio entre resistencia y peso, proporcionando una resistencia comparable a la de muchas aleaciones de aluminio.<\/p>\n\n\n\n<p><strong><a href=\"https:\/\/mekalite.com\/es\/cita\/\" data-type=\"link\" data-id=\"https:\/\/mekalite.com\/quote\/\">Obtener precio<\/a><\/strong><\/p>\n<\/div>\n\n\n\n<div class=\"wp-block-greenshift-blocks-row-column gspb_row__col--3 gspb_col-id-gsbp-c3631cd\" id=\"gspb_col-id-gsbp-c3631cd\">\n<h3 class=\"wp-block-heading\" id=\"aluminum-2014\">Magnesio AZ61B<\/h3>\n\n\n\n<p class=\"has-small-font-size\">El magnesio AZ61B es una aleaci\u00f3n de magnesio forjado de la serie AZ61. Tiene una baja densidad, una buena relaci\u00f3n resistencia-peso y una excelente mecanizabilidad.<\/p>\n\n\n\n<p><strong><a href=\"https:\/\/mekalite.com\/es\/cita\/\" data-type=\"link\" data-id=\"https:\/\/mekalite.com\/quote\/\">Obtener precio<\/a><\/strong><\/p>\n<\/div>\n <\/div><\/div>\n\n\n\n<div class=\"wp-block-greenshift-blocks-row gspb_row gspb_row-id-gsbp-9583c58\" id=\"gspb_row-id-gsbp-9583c58\"><div class=\"gspb_row__content\"> \n<div class=\"wp-block-greenshift-blocks-row-column gspb_row__col--6 gspb_col-id-gsbp-bf37991\" id=\"gspb_col-id-gsbp-bf37991\">\n<p><strong>RESUMEN TECNOL\u00d3GICO<\/strong><\/p>\n<\/div>\n\n\n\n<div class=\"wp-block-greenshift-blocks-row-column gspb_row__col--6 gspb_col-id-gsbp-0c4a6da\" id=\"gspb_col-id-gsbp-0c4a6da\">\n<h2 class=\"wp-block-heading\" id=\"basic-knowledge-of-magnesium\" style=\"font-size:clamp(24.034px, 1.502rem + ((1vw - 3.2px) * 1.247), 40px);\"><strong>Conocimientos b\u00e1sicos<\/strong>\u00a0de Magnesio<\/h2>\n<\/div>\n <\/div><\/div>\n\n\n\n<div class=\"wp-block-greenshift-blocks-row gspb_row gspb_row-id-gsbp-f400041\" id=\"gspb_row-id-gsbp-f400041\"><div class=\"gspb_row__content\"> \n<div class=\"wp-block-greenshift-blocks-row-column gspb_row__col--4 gspb_col-id-gsbp-3632ff0\" id=\"gspb_col-id-gsbp-3632ff0\">\n<h3 class=\"wp-block-heading\" id=\"headline-97-194-1\">\u00bfQu\u00e9 es el magnesio?<\/h3>\n\n\n\n<p class=\"has-small-font-size\"><strong>Magnesio<\/strong>descubierta en 1808 por Sir Humphry Davy, se conoce a trav\u00e9s de compuestos como las sales de Epsom, la magnesia y la magnesita. Su nombre procede de Magnesia, en Grecia, donde se encontr\u00f3 por primera vez magnesia alba. Es el octavo elemento m\u00e1s abundante en la corteza terrestre y un metal estructural com\u00fan despu\u00e9s del aluminio y el hierro. El magnesio se encuentra en carbonatos y silicatos, as\u00ed como en minerales como el talco y el olivino. Se produce comercialmente por electr\u00f3lisis de cloruro de magnesio fundido o por reducci\u00f3n directa de sus compuestos.<\/p>\n\n\n\n<p class=\"has-small-font-size\">El magnesio arde con una luz brillante, por lo que hist\u00f3ricamente se ha utilizado en fotograf\u00eda y a\u00fan se emplea en dispositivos pirot\u00e9cnicos. Tiene una conductividad t\u00e9rmica y el\u00e9ctrica similar a la del aluminio. El magnesio es resistente a los \u00e1lcalis, pero cuando entra en contacto con \u00e1cidos, reacciona con ellos, liberando gas hidr\u00f3geno y otros cambios qu\u00edmicos en el material magn\u00e9sico. El magnesio forma una capa protectora de \u00f3xido en el aire y el agua, pero reacciona con el vapor. Act\u00faa como un potente agente reductor para producir otros metales como el titanio y el circonio y reacciona directamente con muchos elementos.<\/p>\n<\/div>\n\n\n\n<div class=\"wp-block-greenshift-blocks-row-column gspb_row__col--4 gspb_col-id-gsbp-e695e11\" id=\"gspb_col-id-gsbp-e695e11\">\n<h3 class=\"wp-block-heading\" id=\"headline-97-194-2\">Ventajas del magnesio<\/h3>\n\n\n\n<ul class=\"wp-block-list\">\n<li>Ligero<\/li>\n\n\n\n<li>Elevada relaci\u00f3n resistencia\/peso<\/li>\n\n\n\n<li>Buena conductividad t\u00e9rmica<\/li>\n\n\n\n<li>Excelente resistencia a la corrosi\u00f3n<\/li>\n\n\n\n<li>Alto punto de fusi\u00f3n<\/li>\n\n\n\n<li>No t\u00f3xico<\/li>\n\n\n\n<li>Gran capacidad de amortiguaci\u00f3n<\/li>\n\n\n\n<li>Abundante en la naturaleza<\/li>\n\n\n\n<li>Reciclable<\/li>\n\n\n\n<li>Biocompatible<\/li>\n<\/ul>\n<\/div>\n\n\n\n<div class=\"wp-block-greenshift-blocks-row-column gspb_row__col--4 gspb_col-id-gsbp-081aae3\" id=\"gspb_col-id-gsbp-081aae3\">\n<h3 class=\"wp-block-heading\" id=\"headline-97-194-3\">Aplicaciones del magnesio<\/h3>\n\n\n\n<ul class=\"wp-block-list\">\n<li>Componentes aeroespaciales<\/li>\n\n\n\n<li>Piezas de autom\u00f3viles<\/li>\n\n\n\n<li>Producci\u00f3n de aleaciones<\/li>\n\n\n\n<li>Pirotecnia<\/li>\n\n\n\n<li>Implantes biom\u00e9dicos<\/li>\n\n\n\n<li>Desulfuraci\u00f3n en la producci\u00f3n de acero<\/li>\n\n\n\n<li>Pilas de magnesio<\/li>\n\n\n\n<li>Fuegos artificiales<\/li>\n\n\n\n<li>Bombillas fotogr\u00e1ficas<\/li>\n\n\n\n<li>Anti\u00e1cidos<\/li>\n<\/ul>\n<\/div>\n <\/div><\/div>\n\n\n\n<div class=\"wp-block-greenshift-blocks-row gspb_row gspb_row-id-gsbp-3efb9a0\" id=\"gspb_row-id-gsbp-3efb9a0\"><div class=\"gspb_row__content\"> \n<div class=\"wp-block-greenshift-blocks-row-column gspb_row__col--12 gspb_col-id-gsbp-6067de0\" id=\"gspb_col-id-gsbp-6067de0\">\n<div class=\"wp-block-cover\"><span aria-hidden=\"true\" class=\"wp-block-cover__background has-background-dim\"><\/span><img loading=\"lazy\" decoding=\"async\" width=\"1024\" height=\"585\" class=\"wp-block-cover__image-background wp-image-1964\" alt=\"mecanizado de precisi\u00f3n\" src=\"https:\/\/mekalite.com\/wp-content\/uploads\/2024\/10\/precision-machining-1-1024x585.jpg\" data-object-fit=\"cover\" title=\"\" srcset=\"https:\/\/mekalite.com\/wp-content\/uploads\/2024\/10\/precision-machining-1-1024x585.jpg 1024w, https:\/\/mekalite.com\/wp-content\/uploads\/2024\/10\/precision-machining-1-300x171.jpg 300w, https:\/\/mekalite.com\/wp-content\/uploads\/2024\/10\/precision-machining-1-768x439.jpg 768w, https:\/\/mekalite.com\/wp-content\/uploads\/2024\/10\/precision-machining-1.jpg 1344w\" sizes=\"auto, (max-width: 1024px) 100vw, 1024px\" \/><div class=\"wp-block-cover__inner-container is-layout-flow wp-block-cover-is-layout-flow\">\n<h2 class=\"wp-block-heading has-text-align-center has-palette-color-8-color has-text-color has-link-color has-large-font-size wp-elements-e1760f4ce70cc5dd84c2d78abd5c7da0\" id=\"get-an-accurate-quote-for-your-next-projects\">Obtenga un presupuesto preciso para sus pr\u00f3ximos proyectos<\/h2>\n\n\n\n<p class=\"has-text-align-center\">No importa que su proyecto sea complicado o sencillo, no importa que sea de metal o de pl\u00e1stico, obtendr\u00e1 un presupuesto preciso en menos de 6 horas.<\/p>\n\n\n\n<div class=\"gspb_button_wrapper gspb_button-id-gsbp-d55f3fa\" id=\"gspb_button-id-gsbp-d55f3fa\"><a class=\"wp-block-greenshift-blocks-buttonbox gspb-buttonbox wp-element-button\" href=\"https:\/\/mekalite.com\/es\/cita\/\" rel=\"noopener\"><span class=\"gspb-buttonbox-textwrap\"><span class=\"gspb-buttonbox-text\"><span class=\"gspb-buttonbox-title\">Solicitar presupuesto<\/span><\/span><\/span><\/a><\/div>\n<\/div><\/div>\n<\/div>\n <\/div><\/div>","protected":false},"excerpt":{"rendered":"","protected":false},"author":1,"featured_media":0,"parent":0,"menu_order":0,"comment_status":"closed","ping_status":"closed","template":"","meta":{"_eb_attr":"","_gspb_post_css":"#gspb_row-id-gsbp-9c27dfc{justify-content:space-between;margin-top:0;display:flex;flex-wrap:wrap;align-content:center;margin-bottom:60px;padding-top:250px;padding-bottom:60px}#gspb_row-id-gsbp-9c27dfc>.gspb_row__content{display:flex;margin:0 auto;width:100%;flex-wrap:wrap;align-items:center;justify-content:center}.gspb_row{position:relative}div[id^=gspb_col-id]{box-sizing:border-box;position:relative;padding:15px min(3vw,20px)}body.gspb-bodyfront #gspb_row-id-gsbp-9c27dfc>.gspb_row__content{width:var(--theme-container-width, 1200px);max-width:var(--theme-normal-container-max-width, 1200px)}@media (max-width:991.98px){#gspb_row-id-gsbp-9c27dfc{padding-top:120px}}#gspb_row-id-gsbp-9c27dfc{background-size:cover;background-repeat:no-repeat;background-position:48% 51%;background-image:url(https:\/\/mekalite.com\/wp-content\/uploads\/2024\/10\/CNC-Magnesium-parts1.jpg);isolation:isolate}#gspb_row-id-gsbp-9c27dfc:hover{background-size:cover}#gspb_row-id-gsbp-9c27dfc>.gspb_backgroundOverlay{position:absolute;top:0;left:0;width:100%;height:100%;z-index:-1;opacity:.8;background-color:#000}#gspb_col-id-gsbp-6d61d37.gspb_row__col--12{width:100%}@media (max-width:575.98px){#gspb_col-id-gsbp-6d61d37.gspb_row__col--12{width:100%}}@media (min-width:992px){body.gspb-bodyfront #gspb_col-id-gsbp-6d61d37.gspb_row__col--12{width:calc(100% - 0px - 0px)}}.gspb_row #gspb_col-id-gsbp-6d61d37.gspb_row__col--12{padding:0}body #gspb_col-id-gsbp-6d61d37.gspb_row__col--12,body #gspb_col-id-gsbp-bf37991.gspb_row__col--6{display:block}#gspb_row-id-gsbp-ea87b6f{justify-content:space-between;margin-top:0;display:flex;flex-wrap:wrap;margin-bottom:40px}#gspb_row-id-gsbp-ea87b6f>.gspb_row__content{display:flex;justify-content:space-between;margin:0 auto;width:100%;flex-wrap:wrap}body.gspb-bodyfront #gspb_row-id-gsbp-ea87b6f>.gspb_row__content{width:var(--theme-container-width, 1200px);max-width:var(--theme-normal-container-max-width, 1200px)}#gspb_col-id-gsbp-0cf4b9c.gspb_row__col--6{width:50%}@media (max-width:575.98px){#gspb_col-id-gsbp-0cf4b9c.gspb_row__col--6{width:100%}}@media (min-width:992px){body.gspb-bodyfront #gspb_col-id-gsbp-0cf4b9c.gspb_row__col--6{width:calc(30% - 0px - 0px)}}#gspb_image-id-gsbp-43b69df img{vertical-align:top;display:inline-block;box-sizing:border-box;max-width:100%;height:auto}#gspb_col-id-gsbp-8d89c67.gspb_row__col--6{width:50%}@media (max-width:575.98px){#gspb_col-id-gsbp-8d89c67.gspb_row__col--6{width:100%}}@media (min-width:992px){body.gspb-bodyfront #gspb_col-id-gsbp-8d89c67.gspb_row__col--6{width:calc(65% - 0px - 0px)}}#gspb_button-id-gsbp-c432130{display:flex;justify-content:flex-start}#gspb_button-id-gsbp-c432130 .gspb-buttonbox-text{display:flex;flex-direction:column}#gspb_button-id-gsbp-c432130>.gspb-buttonbox{box-sizing:border-box}#gspb_row-id-gsbp-bb5f4dd,#gspb_row-id-gsbp-e154e79{justify-content:space-between;margin-top:0;margin-bottom:0;display:flex;flex-wrap:wrap}#gspb_row-id-gsbp-e154e79{margin-bottom:20px}#gspb_row-id-gsbp-bb5f4dd>.gspb_row__content{display:flex;justify-content:space-between;margin:0 auto;width:100%;flex-wrap:wrap}#gspb_col-id-gsbp-420b058.gspb_row__col--12{width:100%}@media (max-width:575.98px){#gspb_col-id-gsbp-420b058.gspb_row__col--12{width:100%}}#gspb_row-id-gsbp-e154e79>.gspb_row__content{display:flex;justify-content:space-between;margin:0 auto;width:100%;flex-wrap:wrap}body.gspb-bodyfront #gspb_row-id-gsbp-bb5f4dd>.gspb_row__content,body.gspb-bodyfront #gspb_row-id-gsbp-e154e79>.gspb_row__content{width:var(--theme-container-width, 1200px);max-width:var(--theme-normal-container-max-width, 1200px)}#gspb_col-id-gsbp-9dd9247.gspb_row__col--3{width:25%}@media (max-width:575.98px){#gspb_col-id-gsbp-9dd9247.gspb_row__col--3{width:100%}}@media (min-width:992px){body.gspb-bodyfront #gspb_col-id-gsbp-9dd9247.gspb_row__col--3{width:calc(33% - 0px - 0px)}}#gspb_col-id-gsbp-9dd9247.gspb_row__col--3{border-style:solid;border-width:1px}#gspb_col-id-gsbp-6ae9b63.gspb_row__col--3{width:25%}@media (max-width:575.98px){#gspb_col-id-gsbp-6ae9b63.gspb_row__col--3{width:100%}}@media (min-width:992px){body.gspb-bodyfront #gspb_col-id-gsbp-6ae9b63.gspb_row__col--3{width:calc(33% - 0px - 0px)}}#gspb_col-id-gsbp-6ae9b63.gspb_row__col--3{border-style:solid;border-width:1px}#gspb_col-id-gsbp-c3631cd.gspb_row__col--3{width:25%}@media (max-width:575.98px){#gspb_col-id-gsbp-c3631cd.gspb_row__col--3{width:100%}}@media (min-width:992px){body.gspb-bodyfront #gspb_col-id-gsbp-c3631cd.gspb_row__col--3{width:calc(33% - 0px - 0px)}}#gspb_col-id-gsbp-c3631cd.gspb_row__col--3{border-style:solid;border-width:1px}#gspb_row-id-gsbp-9583c58{align-content:center}#gspb_row-id-gsbp-9583c58>.gspb_row__content{display:flex;justify-content:space-between;margin:0 auto;width:100%;flex-wrap:wrap;align-items:center}body.gspb-bodyfront #gspb_row-id-gsbp-9583c58>.gspb_row__content{width:var(--theme-container-width, 1200px);max-width:var(--theme-normal-container-max-width, 1200px)}#gspb_col-id-gsbp-bf37991.gspb_row__col--6{width:50%}@media (max-width:575.98px){#gspb_col-id-gsbp-bf37991.gspb_row__col--6{width:100%}}@media (min-width:992px){body.gspb-bodyfront #gspb_col-id-gsbp-bf37991.gspb_row__col--6{width:calc(30% - 0px - 0px)}}#gspb_col-id-gsbp-0c4a6da.gspb_row__col--6{width:50%}@media (max-width:575.98px){#gspb_col-id-gsbp-0c4a6da.gspb_row__col--6{width:100%}}@media (min-width:992px){body.gspb-bodyfront #gspb_col-id-gsbp-0c4a6da.gspb_row__col--6{width:calc(68% - 0px - 0px)}}#gspb_row-id-gsbp-3efb9a0,#gspb_row-id-gsbp-9583c58,#gspb_row-id-gsbp-f400041{justify-content:space-between;margin-top:0;margin-bottom:0;display:flex;flex-wrap:wrap}#gspb_row-id-gsbp-f400041>.gspb_row__content{display:flex;justify-content:space-between;margin:0 auto;width:100%;flex-wrap:wrap}#gspb_col-id-gsbp-3632ff0.gspb_row__col--4{width:33.333333333333336%}@media (max-width:575.98px){#gspb_col-id-gsbp-3632ff0.gspb_row__col--4{width:100%}}#gspb_col-id-gsbp-e695e11.gspb_row__col--4{width:33.333333333333336%}@media (max-width:575.98px){#gspb_col-id-gsbp-e695e11.gspb_row__col--4{width:100%}}#gspb_col-id-gsbp-081aae3.gspb_row__col--4{width:33.333333333333336%}@media (max-width:575.98px){#gspb_col-id-gsbp-081aae3.gspb_row__col--4{width:100%}}#gspb_row-id-gsbp-3efb9a0>.gspb_row__content{display:flex;justify-content:space-between;margin:0 auto;width:100%;flex-wrap:wrap}body.gspb-bodyfront #gspb_row-id-gsbp-3efb9a0>.gspb_row__content,body.gspb-bodyfront #gspb_row-id-gsbp-f400041>.gspb_row__content{width:var(--theme-container-width, 1200px);max-width:var(--theme-normal-container-max-width, 1200px)}#gspb_col-id-gsbp-6067de0.gspb_row__col--12{width:100%}@media (max-width:575.98px){#gspb_col-id-gsbp-6067de0.gspb_row__col--12{width:100%}}#gspb_button-id-gsbp-d55f3fa{display:flex;justify-content:center}#gspb_button-id-gsbp-d55f3fa .gspb-buttonbox-text{display:flex;flex-direction:column}#gspb_button-id-gsbp-d55f3fa>.gspb-buttonbox{box-sizing:border-box;margin-bottom:0;background-color:#fff;text-decoration:none;color:#111827;box-shadow:0 1px 3px 0 #0000001a,0 1px 2px 0 #0000000f}#gspb_button-id-gsbp-d55f3fa>.gspb-buttonbox:hover{background-color:#f9fafb!important}#gspb_button-id-gsbp-d55f3fa>.gspb-buttonbox a{text-decoration:none}#gspb_button-id-gsbp-d55f3fa>.gspb-buttonbox,#gspb_button-id-gsbp-d55f3fa>.gspb-buttonbox>.gspb_backgroundOverlay{border-top-left-radius:.5rem;border-top-right-radius:.5rem;border-bottom-right-radius:.5rem;border-bottom-left-radius:.5rem}","footnotes":""},"class_list":["post-2158","page","type-page","status-publish","hentry"],"blocksy_meta":{"has_hero_section":"disabled","vertical_spacing_source":"custom","content_area_spacing":"bottom","styles_descriptor":{"styles":{"desktop":"","tablet":"","mobile":""},"google_fonts":[],"version":6}},"_links":{"self":[{"href":"https:\/\/mekalite.com\/es\/wp-json\/wp\/v2\/pages\/2158","targetHints":{"allow":["GET"]}}],"collection":[{"href":"https:\/\/mekalite.com\/es\/wp-json\/wp\/v2\/pages"}],"about":[{"href":"https:\/\/mekalite.com\/es\/wp-json\/wp\/v2\/types\/page"}],"author":[{"embeddable":true,"href":"https:\/\/mekalite.com\/es\/wp-json\/wp\/v2\/users\/1"}],"replies":[{"embeddable":true,"href":"https:\/\/mekalite.com\/es\/wp-json\/wp\/v2\/comments?post=2158"}],"version-history":[{"count":1,"href":"https:\/\/mekalite.com\/es\/wp-json\/wp\/v2\/pages\/2158\/revisions"}],"predecessor-version":[{"id":2162,"href":"https:\/\/mekalite.com\/es\/wp-json\/wp\/v2\/pages\/2158\/revisions\/2162"}],"wp:attachment":[{"href":"https:\/\/mekalite.com\/es\/wp-json\/wp\/v2\/media?parent=2158"}],"curies":[{"name":"wp","href":"https:\/\/api.w.org\/{rel}","templated":true}]}}