{"id":2153,"date":"2024-10-27T21:30:49","date_gmt":"2024-10-27T21:30:49","guid":{"rendered":"https:\/\/mekalite.com\/?page_id=2153"},"modified":"2024-10-27T21:38:44","modified_gmt":"2024-10-27T21:38:44","slug":"servicio-de-mecanizado-cnc-de-titanio","status":"publish","type":"page","link":"https:\/\/mekalite.com\/es\/servicio-de-mecanizado-cnc-de-titanio\/","title":{"rendered":"Servicio de mecanizado CNC de titanio"},"content":{"rendered":"<div class=\"wp-block-greenshift-blocks-row alignfull gspb_row gspb_row-id-gsbp-9c27dfc\" id=\"gspb_row-id-gsbp-9c27dfc\"><div class=\"gspb_backgroundOverlay\"><\/div><div class=\"gspb_row__content\"> \n<div class=\"wp-block-greenshift-blocks-row-column gspb_row__col--12 gspb_col-id-gsbp-6d61d37\" id=\"gspb_col-id-gsbp-6d61d37\">\n\n<h1 style=\"color:#fefefe; text-transform:capitalize; margin-top:20px;margin-bottom:0px;\" class=\"ct-dynamic-data has-text-align-left wp-elements-ffa9fa256b8e68822e089e811737d287 has-text-color\">Servicio de mecanizado CNC de titanio<\/h1>\n\n\n<p class=\"has-palette-color-7-color has-text-color has-link-color wp-elements-7a5b883e83d8db9f49bd677c4869d881\">El titanio tiene una elevada relaci\u00f3n resistencia-peso y una magn\u00edfica resistencia a la corrosi\u00f3n. <a href=\"https:\/\/mekalite.com\/es\/\">Mekalite<\/a> ofrece una completa <a href=\"https:\/\/mekalite.com\/es\/mecanizado-cnc\/\">Mecanizado CNC<\/a> servicios de titanio, desde el prototipo hasta la producci\u00f3n en serie, puede obtener piezas de titanio personalizadas de alta precisi\u00f3n. Utilizamos equipos y tecnolog\u00eda avanzados para conseguir tolerancias ajustadas de +\/- 0,01 mm con una entrega r\u00e1pida.<\/p>\n<\/div>\n <\/div><\/div>\n\n\n\n<div class=\"wp-block-greenshift-blocks-row gspb_row gspb_row-id-gsbp-ea87b6f\" id=\"gspb_row-id-gsbp-ea87b6f\"><div class=\"gspb_row__content\"> \n<div class=\"wp-block-greenshift-blocks-row-column gspb_row__col--6 gspb_col-id-gsbp-0cf4b9c\" id=\"gspb_col-id-gsbp-0cf4b9c\">\n<p><strong>Mekalite<\/strong><\/p>\n\n\n\n<div class=\"wp-block-greenshift-blocks-image gspb_image gspb_image-id-gsbp-43b69df\" id=\"gspb_image-id-gsbp-43b69df\"><img decoding=\"async\" src=\"https:\/\/mekalite.com\/wp-content\/uploads\/2024\/10\/Titanium-part-1.jpg\" data-src=\"\" alt=\"Mekalite\" loading=\"lazy\" width=\"500\" height=\"500\" title=\"\"><\/div>\n<\/div>\n\n\n\n<div class=\"wp-block-greenshift-blocks-row-column gspb_row__col--6 gspb_col-id-gsbp-8d89c67\" id=\"gspb_col-id-gsbp-8d89c67\">\n<h2 class=\"wp-block-heading\" id=\"custom-titanium-parts-in-cnc-machining\"><strong>Piezas de titanio a medida&nbsp;<\/strong>en Mecanizado CNC<\/h2>\n\n\n\n<p>El titanio es un metal de color gris plateado brillante, tan resistente como el acero pero mucho menos denso, y que puede mantener un rendimiento estable en condiciones extremas. Este material de alta calidad es muy adecuado para las industrias aeroespacial, joyera y m\u00e9dica, y resulta ideal para el mecanizado CNC.<\/p>\n\n\n\n<p>Mekalite se especializa en servicios de mecanizado de titanio de alta calidad, utilizando una variedad de m\u00e9todos avanzados de procesamiento, incluyendo torneado CNC, fresado, taladrado, rectificado, corte por chorro de agua, corte por l\u00e1ser, corte por plasma y mecanizado por descarga el\u00e9ctrica (EDM), desde el mecanizado simple hasta el procesamiento de geometr\u00eda compleja de alta precisi\u00f3n, nos aseguramos de que podemos satisfacer las necesidades de fabricaci\u00f3n de diferentes proyectos.<\/p>\n\n\n\n<p>Mekalite es un vanguardista y serio fabricante de piezas de titanio mecanizadas que puede procesar varios tipos de titanio, incluyendo titanio grado 1, titanio grado 2, titanio grado 5, etc. Nuestros servicios de alta precisi\u00f3n garantizan piezas de alta calidad para industrias como la aeroespacial y la naval, y son la elecci\u00f3n perfecta para carcasas de motores, \u00e1labes de turbinas, discos de turbinas y estructuras de cascos. Con nuestro servicio CNC de piezas de titanio a medida, tambi\u00e9n puede elegir tratamientos superficiales como el recubrimiento PVD y el pulido electrol\u00edtico para satisfacer las necesidades est\u00e9ticas y funcionales de las distintas piezas.<\/p>\n\n\n\n<div class=\"gspb_button_wrapper gspb_button-id-gsbp-c432130\" id=\"gspb_button-id-gsbp-c432130\"><a class=\"wp-block-greenshift-blocks-buttonbox gspb-buttonbox wp-element-button\" href=\"https:\/\/mekalite.com\/es\/cita\/\" rel=\"noopener\"><span class=\"gspb-buttonbox-textwrap\"><span class=\"gspb-buttonbox-text\"><span class=\"gspb-buttonbox-title\">Solicitar presupuesto<\/span><\/span><\/span><\/a><\/div>\n<\/div>\n <\/div><\/div>\n\n\n\n<div class=\"wp-block-greenshift-blocks-row gspb_row gspb_row-id-gsbp-bb5f4dd\" id=\"gspb_row-id-gsbp-bb5f4dd\"><div class=\"gspb_row__content\"> \n<div class=\"wp-block-greenshift-blocks-row-column gspb_row__col--12 gspb_col-id-gsbp-420b058\" id=\"gspb_col-id-gsbp-420b058\">\n<h2 class=\"wp-block-heading\" id=\"titanium-material-list\" style=\"font-size:clamp(24.034px, 1.502rem + ((1vw - 3.2px) * 1.247), 40px);\">Titanio Material&nbsp;<strong>Lista<\/strong><\/h2>\n<\/div>\n <\/div><\/div>\n\n\n\n<div class=\"wp-block-greenshift-blocks-row gspb_row gspb_row-id-gsbp-e154e79\" id=\"gspb_row-id-gsbp-e154e79\"><div class=\"gspb_row__content\"> \n<div class=\"wp-block-greenshift-blocks-row-column gspb_row__col--3 gspb_col-id-gsbp-9dd9247\" id=\"gspb_col-id-gsbp-9dd9247\">\n<h3 class=\"wp-block-heading\" id=\"aluminum-2014\">Titanio Grado 1<\/h3>\n\n\n\n<p class=\"has-small-font-size\">El titanio de grado 1 es el m\u00e1s maleable y blando de los cuatro grados de titanio comercialmente puro.<\/p>\n\n\n\n<p><strong><a href=\"https:\/\/mekalite.com\/es\/cita\/\" data-type=\"link\" data-id=\"https:\/\/mekalite.com\/quote\/\">Obtener precio<\/a><\/strong><\/p>\n<\/div>\n\n\n\n<div class=\"wp-block-greenshift-blocks-row-column gspb_row__col--3 gspb_col-id-gsbp-6ae9b63\" id=\"gspb_col-id-gsbp-6ae9b63\">\n<h3 class=\"wp-block-heading\" id=\"aluminum-2014\">Titanio Grado 2<\/h3>\n\n\n\n<p class=\"has-small-font-size\">El titanio de grado 2 es un titanio comercialmente puro con una excelente resistencia a la corrosi\u00f3n, una elevada relaci\u00f3n resistencia-peso y biocompatibilidad.<\/p>\n\n\n\n<p><strong><a href=\"https:\/\/mekalite.com\/es\/cita\/\" data-type=\"link\" data-id=\"https:\/\/mekalite.com\/quote\/\">Obtener precio<\/a><\/strong><\/p>\n<\/div>\n\n\n\n<div class=\"wp-block-greenshift-blocks-row-column gspb_row__col--3 gspb_col-id-gsbp-c3631cd\" id=\"gspb_col-id-gsbp-c3631cd\">\n<h3 class=\"wp-block-heading\" id=\"aluminum-2014\">Titanio Grado 5<\/h3>\n\n\n\n<p class=\"has-small-font-size\">El titanio de grado 5, tambi\u00e9n conocido como Ti-6Al-4V, es una popular aleaci\u00f3n de titanio con una excelente combinaci\u00f3n de fuerza, resistencia a la corrosi\u00f3n y bajo peso.<\/p>\n\n\n\n<p><strong><a href=\"https:\/\/mekalite.com\/es\/cita\/\" data-type=\"link\" data-id=\"https:\/\/mekalite.com\/quote\/\">Obtener precio<\/a><\/strong><\/p>\n<\/div>\n <\/div><\/div>\n\n\n\n<div class=\"wp-block-greenshift-blocks-row gspb_row gspb_row-id-gsbp-9583c58\" id=\"gspb_row-id-gsbp-9583c58\"><div class=\"gspb_row__content\"> \n<div class=\"wp-block-greenshift-blocks-row-column gspb_row__col--6 gspb_col-id-gsbp-bf37991\" id=\"gspb_col-id-gsbp-bf37991\">\n<p><strong>RESUMEN TECNOL\u00d3GICO<\/strong><\/p>\n<\/div>\n\n\n\n<div class=\"wp-block-greenshift-blocks-row-column gspb_row__col--6 gspb_col-id-gsbp-0c4a6da\" id=\"gspb_col-id-gsbp-0c4a6da\">\n<h2 class=\"wp-block-heading\" id=\"basic-knowledge-of-titanium\" style=\"font-size:clamp(24.034px, 1.502rem + ((1vw - 3.2px) * 1.247), 40px);\"><strong>Conocimientos b\u00e1sicos<\/strong>&nbsp;de titanio<\/h2>\n<\/div>\n <\/div><\/div>\n\n\n\n<div class=\"wp-block-greenshift-blocks-row gspb_row gspb_row-id-gsbp-f400041\" id=\"gspb_row-id-gsbp-f400041\"><div class=\"gspb_row__content\"> \n<div class=\"wp-block-greenshift-blocks-row-column gspb_row__col--4 gspb_col-id-gsbp-3632ff0\" id=\"gspb_col-id-gsbp-3632ff0\">\n<h3 class=\"wp-block-heading\" id=\"headline-97-194-1\">\u00bfQu\u00e9 es el titanio?<\/h3>\n\n\n\n<p class=\"has-small-font-size\"><strong>Titanio<\/strong>&nbsp;es un metal de transici\u00f3n de color plateado, baja densidad, gran dureza y excelente resistencia a la corrosi\u00f3n. El metal se descubri\u00f3 por primera vez en 1791 y recibi\u00f3 su nombre de los Titanes de la mitolog\u00eda griega. El titanio se extrae de minerales como la ilmenita y el rutilo mediante un complejo proceso de reducci\u00f3n y purificaci\u00f3n. Este material es conocido por su relaci\u00f3n resistencia-peso y se utiliza habitualmente en aplicaciones aeroespaciales. Tambi\u00e9n es biocompatible, por lo que se utiliza en implantes m\u00e9dicos como los dentales y las pr\u00f3tesis articulares.<\/p>\n\n\n\n<p class=\"has-small-font-size\">La resistencia del titanio a la corrosi\u00f3n tambi\u00e9n es \u00fatil en aplicaciones marinas, procesos qu\u00edmicos y fabricaci\u00f3n de equipamiento deportivo. Adem\u00e1s, el di\u00f3xido de titanio, un compuesto derivado del titanio, se utiliza ampliamente como pigmento blanco en pinturas, pl\u00e1sticos y cosm\u00e9ticos. Aunque el titanio tiene excelentes propiedades, su elevado coste y el dif\u00edcil proceso de extracci\u00f3n limitan su uso generalizado en comparaci\u00f3n con otros metales en aplicaciones cotidianas.<\/p>\n<\/div>\n\n\n\n<div class=\"wp-block-greenshift-blocks-row-column gspb_row__col--4 gspb_col-id-gsbp-e695e11\" id=\"gspb_col-id-gsbp-e695e11\">\n<h3 class=\"wp-block-heading\" id=\"headline-97-194-2\">Ventajas del titanio<\/h3>\n\n\n\n<ul class=\"wp-block-list\">\n<li>Ligero<\/li>\n\n\n\n<li>Resistente a la corrosi\u00f3n<\/li>\n\n\n\n<li>Elevada relaci\u00f3n resistencia\/peso<\/li>\n\n\n\n<li>Biocompatible<\/li>\n\n\n\n<li>Baja dilataci\u00f3n t\u00e9rmica<\/li>\n\n\n\n<li>Duradero<\/li>\n\n\n\n<li>No magn\u00e9tico<\/li>\n\n\n\n<li>Excelente resistencia al calor<\/li>\n\n\n\n<li>Bajo mantenimiento<\/li>\n\n\n\n<li>Ampliamente disponible<\/li>\n<\/ul>\n<\/div>\n\n\n\n<div class=\"wp-block-greenshift-blocks-row-column gspb_row__col--4 gspb_col-id-gsbp-081aae3\" id=\"gspb_col-id-gsbp-081aae3\">\n<h3 class=\"wp-block-heading\" id=\"headline-97-194-3\">Aplicaciones del titanio<\/h3>\n\n\n\n<ul class=\"wp-block-list\">\n<li>Componentes aeroespaciales<\/li>\n\n\n\n<li>Implantes m\u00e9dicos<\/li>\n\n\n\n<li>Equipamiento deportivo<\/li>\n\n\n\n<li>Equipamiento marino<\/li>\n\n\n\n<li>Piezas de autom\u00f3viles<\/li>\n\n\n\n<li>Equipos de procesamiento qu\u00edmico<\/li>\n\n\n\n<li>Arquitectura y materiales de construcci\u00f3n<\/li>\n\n\n\n<li>Componentes electr\u00f3nicos<\/li>\n\n\n\n<li>Equipos de generaci\u00f3n de energ\u00eda<\/li>\n\n\n\n<li>Joyas y accesorios<\/li>\n<\/ul>\n<\/div>\n <\/div><\/div>\n\n\n\n<div class=\"wp-block-greenshift-blocks-row gspb_row gspb_row-id-gsbp-3efb9a0\" id=\"gspb_row-id-gsbp-3efb9a0\"><div class=\"gspb_row__content\"> \n<div class=\"wp-block-greenshift-blocks-row-column gspb_row__col--12 gspb_col-id-gsbp-6067de0\" id=\"gspb_col-id-gsbp-6067de0\">\n<div class=\"wp-block-cover\"><span aria-hidden=\"true\" class=\"wp-block-cover__background has-background-dim\"><\/span><img loading=\"lazy\" decoding=\"async\" width=\"1024\" height=\"585\" class=\"wp-block-cover__image-background wp-image-1964\" alt=\"mecanizado de precisi\u00f3n\" src=\"https:\/\/mekalite.com\/wp-content\/uploads\/2024\/10\/precision-machining-1-1024x585.jpg\" data-object-fit=\"cover\" title=\"\" srcset=\"https:\/\/mekalite.com\/wp-content\/uploads\/2024\/10\/precision-machining-1-1024x585.jpg 1024w, https:\/\/mekalite.com\/wp-content\/uploads\/2024\/10\/precision-machining-1-300x171.jpg 300w, https:\/\/mekalite.com\/wp-content\/uploads\/2024\/10\/precision-machining-1-768x439.jpg 768w, https:\/\/mekalite.com\/wp-content\/uploads\/2024\/10\/precision-machining-1.jpg 1344w\" sizes=\"auto, (max-width: 1024px) 100vw, 1024px\" \/><div class=\"wp-block-cover__inner-container is-layout-flow wp-block-cover-is-layout-flow\">\n<h2 class=\"wp-block-heading has-text-align-center has-palette-color-8-color has-text-color has-link-color has-large-font-size wp-elements-e1760f4ce70cc5dd84c2d78abd5c7da0\" id=\"get-an-accurate-quote-for-your-next-projects\">Obtenga un presupuesto preciso para sus pr\u00f3ximos proyectos<\/h2>\n\n\n\n<p class=\"has-text-align-center\">No importa que su proyecto sea complicado o sencillo, no importa que sea de metal o de pl\u00e1stico, obtendr\u00e1 un presupuesto preciso en menos de 6 horas.<\/p>\n\n\n\n<div class=\"gspb_button_wrapper gspb_button-id-gsbp-d55f3fa\" id=\"gspb_button-id-gsbp-d55f3fa\"><a class=\"wp-block-greenshift-blocks-buttonbox gspb-buttonbox wp-element-button\" href=\"https:\/\/mekalite.com\/es\/cita\/\" rel=\"noopener\"><span class=\"gspb-buttonbox-textwrap\"><span class=\"gspb-buttonbox-text\"><span class=\"gspb-buttonbox-title\">Solicitar presupuesto<\/span><\/span><\/span><\/a><\/div>\n<\/div><\/div>\n<\/div>\n <\/div><\/div>","protected":false},"excerpt":{"rendered":"","protected":false},"author":1,"featured_media":0,"parent":0,"menu_order":0,"comment_status":"closed","ping_status":"closed","template":"","meta":{"_eb_attr":"","_gspb_post_css":"#gspb_row-id-gsbp-9c27dfc{justify-content:space-between;margin-top:0;display:flex;flex-wrap:wrap;align-content:center;margin-bottom:60px;padding-top:250px;padding-bottom:60px}#gspb_row-id-gsbp-9c27dfc>.gspb_row__content{display:flex;margin:0 auto;width:100%;flex-wrap:wrap;align-items:center;justify-content:center}.gspb_row{position:relative}div[id^=gspb_col-id]{box-sizing:border-box;position:relative;padding:15px min(3vw,20px)}body.gspb-bodyfront #gspb_row-id-gsbp-9c27dfc>.gspb_row__content{width:var(--theme-container-width, 1200px);max-width:var(--theme-normal-container-max-width, 1200px)}@media (max-width:991.98px){#gspb_row-id-gsbp-9c27dfc{padding-top:120px}}#gspb_row-id-gsbp-9c27dfc{background-size:cover;background-repeat:no-repeat;background-position:48% 51%;background-image:url(https:\/\/mekalite.com\/wp-content\/uploads\/2024\/10\/CNC-Titanium-part1.jpg);isolation:isolate}#gspb_row-id-gsbp-9c27dfc:hover{background-size:cover}#gspb_row-id-gsbp-9c27dfc>.gspb_backgroundOverlay{position:absolute;top:0;left:0;width:100%;height:100%;z-index:-1;opacity:.8;background-color:#000}#gspb_col-id-gsbp-6d61d37.gspb_row__col--12{width:100%}@media (max-width:575.98px){#gspb_col-id-gsbp-6d61d37.gspb_row__col--12{width:100%}}@media (min-width:992px){body.gspb-bodyfront #gspb_col-id-gsbp-6d61d37.gspb_row__col--12{width:calc(100% - 0px - 0px)}}.gspb_row #gspb_col-id-gsbp-6d61d37.gspb_row__col--12{padding:0}body #gspb_col-id-gsbp-6d61d37.gspb_row__col--12,body #gspb_col-id-gsbp-bf37991.gspb_row__col--6{display:block}#gspb_row-id-gsbp-ea87b6f{justify-content:space-between;margin-top:0;display:flex;flex-wrap:wrap;margin-bottom:40px}#gspb_row-id-gsbp-ea87b6f>.gspb_row__content{display:flex;justify-content:space-between;margin:0 auto;width:100%;flex-wrap:wrap}body.gspb-bodyfront #gspb_row-id-gsbp-ea87b6f>.gspb_row__content{width:var(--theme-container-width, 1200px);max-width:var(--theme-normal-container-max-width, 1200px)}#gspb_col-id-gsbp-0cf4b9c.gspb_row__col--6{width:50%}@media (max-width:575.98px){#gspb_col-id-gsbp-0cf4b9c.gspb_row__col--6{width:100%}}@media (min-width:992px){body.gspb-bodyfront #gspb_col-id-gsbp-0cf4b9c.gspb_row__col--6{width:calc(30% - 0px - 0px)}}#gspb_image-id-gsbp-43b69df img{vertical-align:top;display:inline-block;box-sizing:border-box;max-width:100%;height:auto}#gspb_col-id-gsbp-8d89c67.gspb_row__col--6{width:50%}@media (max-width:575.98px){#gspb_col-id-gsbp-8d89c67.gspb_row__col--6{width:100%}}@media (min-width:992px){body.gspb-bodyfront #gspb_col-id-gsbp-8d89c67.gspb_row__col--6{width:calc(65% - 0px - 0px)}}#gspb_button-id-gsbp-c432130{display:flex;justify-content:flex-start}#gspb_button-id-gsbp-c432130 .gspb-buttonbox-text{display:flex;flex-direction:column}#gspb_button-id-gsbp-c432130>.gspb-buttonbox{box-sizing:border-box}#gspb_row-id-gsbp-bb5f4dd,#gspb_row-id-gsbp-e154e79{justify-content:space-between;margin-top:0;margin-bottom:0;display:flex;flex-wrap:wrap}#gspb_row-id-gsbp-e154e79{margin-bottom:20px}#gspb_row-id-gsbp-bb5f4dd>.gspb_row__content{display:flex;justify-content:space-between;margin:0 auto;width:100%;flex-wrap:wrap}#gspb_col-id-gsbp-420b058.gspb_row__col--12{width:100%}@media (max-width:575.98px){#gspb_col-id-gsbp-420b058.gspb_row__col--12{width:100%}}#gspb_row-id-gsbp-e154e79>.gspb_row__content{display:flex;justify-content:space-between;margin:0 auto;width:100%;flex-wrap:wrap}body.gspb-bodyfront #gspb_row-id-gsbp-bb5f4dd>.gspb_row__content,body.gspb-bodyfront #gspb_row-id-gsbp-e154e79>.gspb_row__content{width:var(--theme-container-width, 1200px);max-width:var(--theme-normal-container-max-width, 1200px)}#gspb_col-id-gsbp-9dd9247.gspb_row__col--3{width:25%}@media (max-width:575.98px){#gspb_col-id-gsbp-9dd9247.gspb_row__col--3{width:100%}}@media (min-width:992px){body.gspb-bodyfront #gspb_col-id-gsbp-9dd9247.gspb_row__col--3{width:calc(33% - 0px - 0px)}}#gspb_col-id-gsbp-9dd9247.gspb_row__col--3{border-style:solid;border-width:1px}#gspb_col-id-gsbp-6ae9b63.gspb_row__col--3{width:25%}@media (max-width:575.98px){#gspb_col-id-gsbp-6ae9b63.gspb_row__col--3{width:100%}}@media (min-width:992px){body.gspb-bodyfront #gspb_col-id-gsbp-6ae9b63.gspb_row__col--3{width:calc(33% - 0px - 0px)}}#gspb_col-id-gsbp-6ae9b63.gspb_row__col--3{border-style:solid;border-width:1px}#gspb_col-id-gsbp-c3631cd.gspb_row__col--3{width:25%}@media (max-width:575.98px){#gspb_col-id-gsbp-c3631cd.gspb_row__col--3{width:100%}}@media (min-width:992px){body.gspb-bodyfront #gspb_col-id-gsbp-c3631cd.gspb_row__col--3{width:calc(33% - 0px - 0px)}}#gspb_col-id-gsbp-c3631cd.gspb_row__col--3{border-style:solid;border-width:1px}#gspb_row-id-gsbp-9583c58{align-content:center}#gspb_row-id-gsbp-9583c58>.gspb_row__content{display:flex;justify-content:space-between;margin:0 auto;width:100%;flex-wrap:wrap;align-items:center}body.gspb-bodyfront #gspb_row-id-gsbp-9583c58>.gspb_row__content{width:var(--theme-container-width, 1200px);max-width:var(--theme-normal-container-max-width, 1200px)}#gspb_col-id-gsbp-bf37991.gspb_row__col--6{width:50%}@media (max-width:575.98px){#gspb_col-id-gsbp-bf37991.gspb_row__col--6{width:100%}}@media (min-width:992px){body.gspb-bodyfront #gspb_col-id-gsbp-bf37991.gspb_row__col--6{width:calc(30% - 0px - 0px)}}#gspb_col-id-gsbp-0c4a6da.gspb_row__col--6{width:50%}@media (max-width:575.98px){#gspb_col-id-gsbp-0c4a6da.gspb_row__col--6{width:100%}}@media (min-width:992px){body.gspb-bodyfront #gspb_col-id-gsbp-0c4a6da.gspb_row__col--6{width:calc(68% - 0px - 0px)}}#gspb_row-id-gsbp-3efb9a0,#gspb_row-id-gsbp-9583c58,#gspb_row-id-gsbp-f400041{justify-content:space-between;margin-top:0;margin-bottom:0;display:flex;flex-wrap:wrap}#gspb_row-id-gsbp-f400041>.gspb_row__content{display:flex;justify-content:space-between;margin:0 auto;width:100%;flex-wrap:wrap}#gspb_col-id-gsbp-3632ff0.gspb_row__col--4{width:33.333333333333336%}@media (max-width:575.98px){#gspb_col-id-gsbp-3632ff0.gspb_row__col--4{width:100%}}#gspb_col-id-gsbp-e695e11.gspb_row__col--4{width:33.333333333333336%}@media (max-width:575.98px){#gspb_col-id-gsbp-e695e11.gspb_row__col--4{width:100%}}#gspb_col-id-gsbp-081aae3.gspb_row__col--4{width:33.333333333333336%}@media (max-width:575.98px){#gspb_col-id-gsbp-081aae3.gspb_row__col--4{width:100%}}#gspb_row-id-gsbp-3efb9a0>.gspb_row__content{display:flex;justify-content:space-between;margin:0 auto;width:100%;flex-wrap:wrap}body.gspb-bodyfront #gspb_row-id-gsbp-3efb9a0>.gspb_row__content,body.gspb-bodyfront #gspb_row-id-gsbp-f400041>.gspb_row__content{width:var(--theme-container-width, 1200px);max-width:var(--theme-normal-container-max-width, 1200px)}#gspb_col-id-gsbp-6067de0.gspb_row__col--12{width:100%}@media (max-width:575.98px){#gspb_col-id-gsbp-6067de0.gspb_row__col--12{width:100%}}#gspb_button-id-gsbp-d55f3fa{display:flex;justify-content:center}#gspb_button-id-gsbp-d55f3fa .gspb-buttonbox-text{display:flex;flex-direction:column}#gspb_button-id-gsbp-d55f3fa>.gspb-buttonbox{box-sizing:border-box;margin-bottom:0;background-color:#fff;text-decoration:none;color:#111827;box-shadow:0 1px 3px 0 #0000001a,0 1px 2px 0 #0000000f}#gspb_button-id-gsbp-d55f3fa>.gspb-buttonbox:hover{background-color:#f9fafb!important}#gspb_button-id-gsbp-d55f3fa>.gspb-buttonbox a{text-decoration:none}#gspb_button-id-gsbp-d55f3fa>.gspb-buttonbox,#gspb_button-id-gsbp-d55f3fa>.gspb-buttonbox>.gspb_backgroundOverlay{border-top-left-radius:.5rem;border-top-right-radius:.5rem;border-bottom-right-radius:.5rem;border-bottom-left-radius:.5rem}","footnotes":""},"class_list":["post-2153","page","type-page","status-publish","hentry"],"blocksy_meta":{"has_hero_section":"disabled","vertical_spacing_source":"custom","content_area_spacing":"bottom","styles_descriptor":{"styles":{"desktop":"","tablet":"","mobile":""},"google_fonts":[],"version":6}},"_links":{"self":[{"href":"https:\/\/mekalite.com\/es\/wp-json\/wp\/v2\/pages\/2153","targetHints":{"allow":["GET"]}}],"collection":[{"href":"https:\/\/mekalite.com\/es\/wp-json\/wp\/v2\/pages"}],"about":[{"href":"https:\/\/mekalite.com\/es\/wp-json\/wp\/v2\/types\/page"}],"author":[{"embeddable":true,"href":"https:\/\/mekalite.com\/es\/wp-json\/wp\/v2\/users\/1"}],"replies":[{"embeddable":true,"href":"https:\/\/mekalite.com\/es\/wp-json\/wp\/v2\/comments?post=2153"}],"version-history":[{"count":2,"href":"https:\/\/mekalite.com\/es\/wp-json\/wp\/v2\/pages\/2153\/revisions"}],"predecessor-version":[{"id":2165,"href":"https:\/\/mekalite.com\/es\/wp-json\/wp\/v2\/pages\/2153\/revisions\/2165"}],"wp:attachment":[{"href":"https:\/\/mekalite.com\/es\/wp-json\/wp\/v2\/media?parent=2153"}],"curies":[{"name":"wp","href":"https:\/\/api.w.org\/{rel}","templated":true}]}}