{"id":2148,"date":"2024-10-27T21:27:05","date_gmt":"2024-10-27T21:27:05","guid":{"rendered":"https:\/\/mekalite.com\/?page_id=2148"},"modified":"2024-10-27T21:39:54","modified_gmt":"2024-10-27T21:39:54","slug":"servicio-de-mecanizado-cnc-de-acero-para-herramientas","status":"publish","type":"page","link":"https:\/\/mekalite.com\/es\/servicio-de-mecanizado-cnc-de-acero-para-herramientas\/","title":{"rendered":"Servicio de mecanizado CNC de acero para herramientas"},"content":{"rendered":"<div class=\"wp-block-greenshift-blocks-row alignfull gspb_row gspb_row-id-gsbp-9c27dfc\" id=\"gspb_row-id-gsbp-9c27dfc\"><div class=\"gspb_backgroundOverlay\"><\/div><div class=\"gspb_row__content\"> \n<div class=\"wp-block-greenshift-blocks-row-column gspb_row__col--12 gspb_col-id-gsbp-6d61d37\" id=\"gspb_col-id-gsbp-6d61d37\">\n\n<h1 style=\"color:#fefefe; text-transform:capitalize; margin-top:20px;margin-bottom:0px;\" class=\"ct-dynamic-data has-text-align-left wp-elements-ffa9fa256b8e68822e089e811737d287 has-text-color\">Servicio de mecanizado CNC de acero para herramientas<\/h1>\n\n\n<p class=\"has-palette-color-7-color has-text-color has-link-color wp-elements-702b5a59c23761e229bc76e626425c9d\">El acero para herramientas es conocido por su gran dureza, alta resistencia al desgaste y buena tenacidad. <a href=\"https:\/\/mekalite.com\/es\/\">Mekalite<\/a> cuenta con m\u00e1s de 20 a\u00f1os de rica experiencia en <a href=\"https:\/\/mekalite.com\/es\/mecanizado-cnc\/\">Mecanizado CNC<\/a> y podemos ofrecer servicios integrales de mecanizado CNC de acero para herramientas. Disponemos de centros de mecanizado de alta precisi\u00f3n y tecnolog\u00eda avanzada para lograr tolerancias ajustadas de +\/- 0,005 mm y plazos de entrega cortos.<\/p>\n<\/div>\n <\/div><\/div>\n\n\n\n<div class=\"wp-block-greenshift-blocks-row gspb_row gspb_row-id-gsbp-ea87b6f\" id=\"gspb_row-id-gsbp-ea87b6f\"><div class=\"gspb_row__content\"> \n<div class=\"wp-block-greenshift-blocks-row-column gspb_row__col--6 gspb_col-id-gsbp-0cf4b9c\" id=\"gspb_col-id-gsbp-0cf4b9c\">\n<p><strong>Mekalite<\/strong><\/p>\n\n\n\n<div class=\"wp-block-greenshift-blocks-image gspb_image gspb_image-id-gsbp-43b69df\" id=\"gspb_image-id-gsbp-43b69df\"><img decoding=\"async\" src=\"https:\/\/mekalite.com\/wp-content\/uploads\/2024\/10\/CNC-Machined-Steel-Part1.jpg\" data-src=\"\" alt=\"Mekalite\" loading=\"lazy\" width=\"500\" height=\"500\" title=\"\"><\/div>\n<\/div>\n\n\n\n<div class=\"wp-block-greenshift-blocks-row-column gspb_row__col--6 gspb_col-id-gsbp-8d89c67\" id=\"gspb_col-id-gsbp-8d89c67\">\n<h2 class=\"wp-block-heading\" id=\"high-quality-cnc-machining-tool-steel-for-custom-parts\">Alta calidad<strong>&nbsp;Mecanizado CNC de acero para herramientas&nbsp;<\/strong>para piezas personalizadas<\/h2>\n\n\n\n<p>El acero para herramientas tiene gran dureza, buena tenacidad, resistencia al desgaste y a la corrosi\u00f3n. Es un acero especial que se utiliza en el mecanizado CNC para fabricar herramientas y moldes.<\/p>\n\n\n\n<p>El taller mec\u00e1nico de Mekalite utiliza avanzadas m\u00e1quinas herramienta CNC y equipos de electroerosi\u00f3n para producir piezas personalizadas de acero para herramientas, incluyendo tornos de alta precisi\u00f3n, fresadoras, rectificadoras y equipos de corte por hilo. Estos equipos y tecnolog\u00edas avanzadas nos permiten procesar diversas formas complejas y piezas personalizadas de alta precisi\u00f3n. Estamos especializados en el procesamiento de todo tipo de aceros para herramientas, como A2, A3, D2, H13, O1 y S7.<\/p>\n\n\n\n<p>Mekalite es un fabricante profesional y cualificado de piezas de procesamiento de acero para herramientas. Nuestros servicios de alta precisi\u00f3n garantizan piezas de alta calidad para industrias como la fabricaci\u00f3n, la automoci\u00f3n y la aeroespacial. Es una elecci\u00f3n perfecta para diversas herramientas, cojinetes, piezas de moldes, engranajes, piezas de motores, \u00e1labes de turbinas. Podemos ofrecer una gran variedad de servicios de tratamiento de superficies, como tratamiento t\u00e9rmico, nitruraci\u00f3n, cromado y oxidaci\u00f3n, para mejorar la dureza de la superficie y la resistencia al desgaste del acero para herramientas, con el fin de satisfacer las necesidades de procesamiento de diferentes piezas. Desde el prototipo hasta la producci\u00f3n en serie, le proporcionamos piezas personalizadas de acero para herramientas de alta calidad.<\/p>\n\n\n\n<div class=\"gspb_button_wrapper gspb_button-id-gsbp-c432130\" id=\"gspb_button-id-gsbp-c432130\"><a class=\"wp-block-greenshift-blocks-buttonbox gspb-buttonbox wp-element-button\" href=\"https:\/\/mekalite.com\/es\/cita\/\" rel=\"noopener\"><span class=\"gspb-buttonbox-textwrap\"><span class=\"gspb-buttonbox-text\"><span class=\"gspb-buttonbox-title\">Solicitar presupuesto<\/span><\/span><\/span><\/a><\/div>\n<\/div>\n <\/div><\/div>\n\n\n\n<div class=\"wp-block-greenshift-blocks-row gspb_row gspb_row-id-gsbp-bb5f4dd\" id=\"gspb_row-id-gsbp-bb5f4dd\"><div class=\"gspb_row__content\"> \n<div class=\"wp-block-greenshift-blocks-row-column gspb_row__col--12 gspb_col-id-gsbp-420b058\" id=\"gspb_col-id-gsbp-420b058\">\n<h2 class=\"wp-block-heading\" id=\"tool-steel-material-list\" style=\"font-size:clamp(24.034px, 1.502rem + ((1vw - 3.2px) * 1.247), 40px);\">Material de acero para herramientas&nbsp;<strong>Lista<\/strong><\/h2>\n<\/div>\n <\/div><\/div>\n\n\n\n<div class=\"wp-block-greenshift-blocks-row gspb_row gspb_row-id-gsbp-e154e79\" id=\"gspb_row-id-gsbp-e154e79\"><div class=\"gspb_row__content\"> \n<div class=\"wp-block-greenshift-blocks-row-column gspb_row__col--3 gspb_col-id-gsbp-9dd9247\" id=\"gspb_col-id-gsbp-9dd9247\">\n<h3 class=\"wp-block-heading\" id=\"aluminum-2014\"><a href=\"https:\/\/www.dekmake.com\/cnc-machining-metals\/tool-steel\/tool-steel-a2\/\" target=\"_blank\" rel=\"noopener\">Acero para herramientas A2<\/a><\/h3>\n\n\n\n<p class=\"has-small-font-size\">El acero para herramientas A2 es un acero para herramientas templado al aire para trabajo en fr\u00edo que se utiliza habitualmente en el mecanizado CNC debido a su excelente resistencia al desgaste y tenacidad.<\/p>\n\n\n\n<p><strong><a href=\"https:\/\/mekalite.com\/es\/cita\/\" data-type=\"link\" data-id=\"https:\/\/mekalite.com\/quote\/\">Obtener precio<\/a><\/strong><\/p>\n<\/div>\n\n\n\n<div class=\"wp-block-greenshift-blocks-row-column gspb_row__col--3 gspb_col-id-gsbp-e63dc9c\" id=\"gspb_col-id-gsbp-e63dc9c\">\n<h3 class=\"wp-block-heading\" id=\"aluminum-2014\"><a href=\"https:\/\/www.dekmake.com\/cnc-machining-metals\/tool-steel\/tool-steel-a3\/\" target=\"_blank\" rel=\"noopener\">Acero para herramientas A3<\/a><\/h3>\n\n\n\n<p class=\"has-small-font-size\">El acero para herramientas A3, tambi\u00e9n conocido como AISI A3 o W1-A-1, es un acero de alta aleaci\u00f3n y alto contenido en carbono con una excelente resistencia al desgaste y tenacidad.<\/p>\n\n\n\n<p><strong><a href=\"https:\/\/mekalite.com\/es\/cita\/\" data-type=\"link\" data-id=\"https:\/\/mekalite.com\/quote\/\">Obtener precio<\/a><\/strong><\/p>\n<\/div>\n\n\n\n<div class=\"wp-block-greenshift-blocks-row-column gspb_row__col--3 gspb_col-id-gsbp-4cfc04d\" id=\"gspb_col-id-gsbp-4cfc04d\">\n<h3 class=\"wp-block-heading\" id=\"aluminum-2014\"><a href=\"https:\/\/www.dekmake.com\/cnc-machining-metals\/tool-steel\/tool-steel-d2\/\" target=\"_blank\" rel=\"noopener\">Acero para herramientas D2<\/a><\/h3>\n\n\n\n<p class=\"has-small-font-size\">El acero para herramientas D2 es un acero de alto contenido en carbono, alto contenido en cromo, templable al aire, con excelente resistencia al desgaste, alta resistencia a la compresi\u00f3n y buena tenacidad.<\/p>\n\n\n\n<p><strong><a href=\"https:\/\/mekalite.com\/es\/cita\/\" data-type=\"link\" data-id=\"https:\/\/mekalite.com\/quote\/\">Obtener precio<\/a><\/strong><\/p>\n<\/div>\n\n\n\n<div class=\"wp-block-greenshift-blocks-row-column gspb_row__col--3 gspb_col-id-gsbp-5de73d4\" id=\"gspb_col-id-gsbp-5de73d4\">\n<h3 class=\"wp-block-heading\" id=\"aluminum-2014\"><a href=\"https:\/\/www.dekmake.com\/cnc-machining-metals\/tool-steel\/tool-steel-h13\/\" target=\"_blank\" rel=\"noopener\">Acero para herramientas H13<\/a><\/h3>\n\n\n\n<p class=\"has-small-font-size\">El acero para herramientas H13 se utiliza ampliamente en el mecanizado CNC debido a su excelente dureza, resistencia al calor y tenacidad.<\/p>\n\n\n\n<p><strong><a href=\"https:\/\/mekalite.com\/es\/cita\/\" data-type=\"link\" data-id=\"https:\/\/mekalite.com\/quote\/\">Obtener precio<\/a><\/strong><\/p>\n<\/div>\n <\/div><\/div>\n\n\n\n<div class=\"wp-block-greenshift-blocks-row gspb_row gspb_row-id-gsbp-127608c\" id=\"gspb_row-id-gsbp-127608c\"><div class=\"gspb_row__content\"> \n<div class=\"wp-block-greenshift-blocks-row-column gspb_row__col--3 gspb_col-id-gsbp-bfef8a4\" id=\"gspb_col-id-gsbp-bfef8a4\">\n<h3 class=\"wp-block-heading\" id=\"aluminum-2014\"><a href=\"https:\/\/www.dekmake.com\/cnc-machining-metals\/tool-steel\/tool-steel-a2\/\" target=\"_blank\" rel=\"noopener\">Acero para herramientas O1<\/a><\/h3>\n\n\n\n<p class=\"has-small-font-size\">El acero para herramientas O1 es un acero para herramientas indeformable, templable al aceite, que pertenece al grupo de aceros para herramientas de trabajo en fr\u00edo. Presenta una elevada resistencia al desgaste, buena estabilidad dimensional, tenacidad y mecanizabilidad.<\/p>\n\n\n\n<p><strong><a href=\"https:\/\/mekalite.com\/es\/cita\/\" data-type=\"link\" data-id=\"https:\/\/mekalite.com\/quote\/\">Obtener precio<\/a><\/strong><\/p>\n<\/div>\n\n\n\n<div class=\"wp-block-greenshift-blocks-row-column gspb_row__col--3 gspb_col-id-gsbp-47bc367\" id=\"gspb_col-id-gsbp-47bc367\">\n<h3 class=\"wp-block-heading\" id=\"aluminum-2014\"><a href=\"https:\/\/www.dekmake.com\/cnc-machining-metals\/tool-steel\/tool-steel-a3\/\" target=\"_blank\" rel=\"noopener\">Acero para herramientas S7<\/a><\/h3>\n\n\n\n<p class=\"has-small-font-size\">Acero para herramientas S7, conocido por sus propiedades de resistencia a los golpes. Tiene una gran resistencia al impacto, al desgaste y a la fatiga.<\/p>\n\n\n\n<p><strong><a href=\"https:\/\/mekalite.com\/es\/cita\/\" data-type=\"link\" data-id=\"https:\/\/mekalite.com\/quote\/\">Obtener precio<\/a><\/strong><\/p>\n<\/div>\n <\/div><\/div>\n\n\n\n<div class=\"wp-block-greenshift-blocks-row gspb_row gspb_row-id-gsbp-9583c58\" id=\"gspb_row-id-gsbp-9583c58\"><div class=\"gspb_row__content\"> \n<div class=\"wp-block-greenshift-blocks-row-column gspb_row__col--6 gspb_col-id-gsbp-bf37991\" id=\"gspb_col-id-gsbp-bf37991\">\n<p><strong>RESUMEN TECNOL\u00d3GICO<\/strong><\/p>\n<\/div>\n\n\n\n<div class=\"wp-block-greenshift-blocks-row-column gspb_row__col--6 gspb_col-id-gsbp-0c4a6da\" id=\"gspb_col-id-gsbp-0c4a6da\">\n<h2 class=\"wp-block-heading\" id=\"basic-knowledge-of-copper\" style=\"font-size:clamp(24.034px, 1.502rem + ((1vw - 3.2px) * 1.247), 40px);\"><strong>Conocimientos b\u00e1sicos<\/strong>&nbsp;de Cobre<\/h2>\n<\/div>\n <\/div><\/div>\n\n\n\n<div class=\"wp-block-greenshift-blocks-row gspb_row gspb_row-id-gsbp-f400041\" id=\"gspb_row-id-gsbp-f400041\"><div class=\"gspb_row__content\"> \n<div class=\"wp-block-greenshift-blocks-row-column gspb_row__col--4 gspb_col-id-gsbp-3632ff0\" id=\"gspb_col-id-gsbp-3632ff0\">\n<h3 class=\"wp-block-heading\" id=\"headline-97-194-1\">\u00bfQu\u00e9 es el acero para herramientas?<\/h3>\n\n\n\n<p class=\"has-small-font-size\"><strong>Acero para herramientas<\/strong>&nbsp;es un tipo de acero utilizado para fabricar herramientas como herramientas de corte, troqueles, herramientas manuales y cuchillos. Estos aceros se eligen por su dureza, resistencia al desgaste y capacidad para mantener el filo a altas temperaturas. Los aceros para herramientas, con un contenido de carbono entre 0,5% y 1,5%, se fabrican cuidadosamente con elementos de aleaci\u00f3n como el wolframio, el cromo, el vanadio y el molibdeno para formar carburos. La velocidad de disoluci\u00f3n de los carburos en la fase austenita del hierro influye en el comportamiento del acero a altas temperaturas.<\/p>\n\n\n\n<p class=\"has-small-font-size\">Un tratamiento t\u00e9rmico adecuado es importante para mejorar propiedades como la dureza y la tenacidad. Existen seis grupos de aceros para herramientas: para trabajo en fr\u00edo, de alta velocidad, para trabajo en caliente, resistentes a los golpes, templables al agua y especiales. Se eligen en funci\u00f3n del coste, la temperatura de trabajo, la dureza, la resistencia, la resistencia a los golpes y la tenacidad. Los aceros para herramientas son muy importantes para cortar, prensar, extrudir y acu\u00f1ar metales.<\/p>\n<\/div>\n\n\n\n<div class=\"wp-block-greenshift-blocks-row-column gspb_row__col--4 gspb_col-id-gsbp-e695e11\" id=\"gspb_col-id-gsbp-e695e11\">\n<h3 class=\"wp-block-heading\" id=\"headline-97-194-2\">Ventajas del acero para herramientas<\/h3>\n\n\n\n<ul class=\"wp-block-list\">\n<li>Resistencia al desgaste<\/li>\n\n\n\n<li>Dureza<\/li>\n\n\n\n<li>Resistencia al calor<\/li>\n\n\n\n<li>Maquinabilidad<\/li>\n\n\n\n<li>Resistencia a la corrosi\u00f3n<\/li>\n\n\n\n<li>Precisi\u00f3n<\/li>\n\n\n\n<li>Rentable<\/li>\n\n\n\n<li>Alto rendimiento<\/li>\n\n\n\n<li>Versatilidad<\/li>\n\n\n\n<li>Personalizaci\u00f3n<\/li>\n<\/ul>\n<\/div>\n\n\n\n<div class=\"wp-block-greenshift-blocks-row-column gspb_row__col--4 gspb_col-id-gsbp-081aae3\" id=\"gspb_col-id-gsbp-081aae3\">\n<h3 class=\"wp-block-heading\" id=\"headline-97-194-3\">Aplicaciones del acero para herramientas<\/h3>\n\n\n\n<ul class=\"wp-block-list\">\n<li>Moldes de inyecci\u00f3n<\/li>\n\n\n\n<li>N\u00facleo<\/li>\n\n\n\n<li>Herramientas de conformado en fr\u00edo<\/li>\n\n\n\n<li>Matrices de extrusi\u00f3n<\/li>\n\n\n\n<li>Troqueles de estampaci\u00f3n<\/li>\n\n\n\n<li>Cuchillas de corte<\/li>\n\n\n\n<li>Peines de laminado de roscas<\/li>\n\n\n\n<li>Punzones y cinceles<\/li>\n\n\n\n<li>Cortadoras de engranajes<\/li>\n\n\n\n<li>Herramientas de torno<\/li>\n<\/ul>\n<\/div>\n <\/div><\/div>\n\n\n\n<div class=\"wp-block-greenshift-blocks-row gspb_row gspb_row-id-gsbp-3efb9a0\" id=\"gspb_row-id-gsbp-3efb9a0\"><div class=\"gspb_row__content\"> \n<div class=\"wp-block-greenshift-blocks-row-column gspb_row__col--12 gspb_col-id-gsbp-6067de0\" id=\"gspb_col-id-gsbp-6067de0\">\n<div class=\"wp-block-cover\"><span aria-hidden=\"true\" class=\"wp-block-cover__background has-background-dim\"><\/span><img loading=\"lazy\" decoding=\"async\" width=\"1024\" height=\"585\" class=\"wp-block-cover__image-background wp-image-1964\" alt=\"mecanizado de precisi\u00f3n\" src=\"https:\/\/mekalite.com\/wp-content\/uploads\/2024\/10\/precision-machining-1-1024x585.jpg\" data-object-fit=\"cover\" title=\"\" srcset=\"https:\/\/mekalite.com\/wp-content\/uploads\/2024\/10\/precision-machining-1-1024x585.jpg 1024w, https:\/\/mekalite.com\/wp-content\/uploads\/2024\/10\/precision-machining-1-300x171.jpg 300w, https:\/\/mekalite.com\/wp-content\/uploads\/2024\/10\/precision-machining-1-768x439.jpg 768w, https:\/\/mekalite.com\/wp-content\/uploads\/2024\/10\/precision-machining-1.jpg 1344w\" sizes=\"auto, (max-width: 1024px) 100vw, 1024px\" \/><div class=\"wp-block-cover__inner-container is-layout-flow wp-block-cover-is-layout-flow\">\n<h2 class=\"wp-block-heading has-text-align-center has-palette-color-8-color has-text-color has-link-color has-large-font-size wp-elements-e1760f4ce70cc5dd84c2d78abd5c7da0\" id=\"get-an-accurate-quote-for-your-next-projects\">Obtenga un presupuesto preciso para sus pr\u00f3ximos proyectos<\/h2>\n\n\n\n<p class=\"has-text-align-center\">No importa que su proyecto sea complicado o sencillo, no importa que sea de metal o de pl\u00e1stico, obtendr\u00e1 un presupuesto preciso en menos de 6 horas.<\/p>\n\n\n\n<div class=\"gspb_button_wrapper gspb_button-id-gsbp-d55f3fa\" id=\"gspb_button-id-gsbp-d55f3fa\"><a class=\"wp-block-greenshift-blocks-buttonbox gspb-buttonbox wp-element-button\" href=\"https:\/\/mekalite.com\/es\/cita\/\" rel=\"noopener\"><span class=\"gspb-buttonbox-textwrap\"><span class=\"gspb-buttonbox-text\"><span class=\"gspb-buttonbox-title\">Solicitar presupuesto<\/span><\/span><\/span><\/a><\/div>\n<\/div><\/div>\n<\/div>\n <\/div><\/div>","protected":false},"excerpt":{"rendered":"","protected":false},"author":1,"featured_media":0,"parent":0,"menu_order":0,"comment_status":"closed","ping_status":"closed","template":"","meta":{"_eb_attr":"","_gspb_post_css":"#gspb_row-id-gsbp-9c27dfc{justify-content:space-between;margin-top:0;display:flex;flex-wrap:wrap;align-content:center;margin-bottom:60px;padding-top:250px;padding-bottom:60px}#gspb_row-id-gsbp-9c27dfc>.gspb_row__content{display:flex;margin:0 auto;width:100%;flex-wrap:wrap;align-items:center;justify-content:center}.gspb_row{position:relative}div[id^=gspb_col-id]{box-sizing:border-box;position:relative;padding:15px min(3vw,20px)}body.gspb-bodyfront #gspb_row-id-gsbp-9c27dfc>.gspb_row__content{width:var(--theme-container-width, 1200px);max-width:var(--theme-normal-container-max-width, 1200px)}@media (max-width:991.98px){#gspb_row-id-gsbp-9c27dfc{padding-top:120px}}#gspb_row-id-gsbp-9c27dfc{background-size:cover;background-repeat:no-repeat;background-position:48% 51%;background-image:url(https:\/\/mekalite.com\/wp-content\/uploads\/2024\/10\/CNC-Machining-Tool-Steel-Parts.jpg);isolation:isolate}#gspb_row-id-gsbp-9c27dfc:hover{background-size:cover}#gspb_row-id-gsbp-9c27dfc>.gspb_backgroundOverlay{position:absolute;top:0;left:0;width:100%;height:100%;z-index:-1;opacity:.8;background-color:#000}#gspb_col-id-gsbp-6d61d37.gspb_row__col--12{width:100%}@media (max-width:575.98px){#gspb_col-id-gsbp-6d61d37.gspb_row__col--12{width:100%}}@media (min-width:992px){body.gspb-bodyfront #gspb_col-id-gsbp-6d61d37.gspb_row__col--12{width:calc(100% - 0px - 0px)}}.gspb_row #gspb_col-id-gsbp-6d61d37.gspb_row__col--12{padding:0}body #gspb_col-id-gsbp-6d61d37.gspb_row__col--12,body #gspb_col-id-gsbp-bf37991.gspb_row__col--6{display:block}#gspb_row-id-gsbp-ea87b6f{justify-content:space-between;margin-top:0;display:flex;flex-wrap:wrap;margin-bottom:40px}#gspb_row-id-gsbp-ea87b6f>.gspb_row__content{display:flex;justify-content:space-between;margin:0 auto;width:100%;flex-wrap:wrap}body.gspb-bodyfront #gspb_row-id-gsbp-ea87b6f>.gspb_row__content{width:var(--theme-container-width, 1200px);max-width:var(--theme-normal-container-max-width, 1200px)}#gspb_col-id-gsbp-0cf4b9c.gspb_row__col--6{width:50%}@media (max-width:575.98px){#gspb_col-id-gsbp-0cf4b9c.gspb_row__col--6{width:100%}}@media (min-width:992px){body.gspb-bodyfront #gspb_col-id-gsbp-0cf4b9c.gspb_row__col--6{width:calc(30% - 0px - 0px)}}#gspb_image-id-gsbp-43b69df img{vertical-align:top;display:inline-block;box-sizing:border-box;max-width:100%;height:auto}#gspb_col-id-gsbp-8d89c67.gspb_row__col--6{width:50%}@media (max-width:575.98px){#gspb_col-id-gsbp-8d89c67.gspb_row__col--6{width:100%}}@media (min-width:992px){body.gspb-bodyfront #gspb_col-id-gsbp-8d89c67.gspb_row__col--6{width:calc(65% - 0px - 0px)}}#gspb_button-id-gsbp-c432130{display:flex;justify-content:flex-start}#gspb_button-id-gsbp-c432130 .gspb-buttonbox-text{display:flex;flex-direction:column}#gspb_button-id-gsbp-c432130>.gspb-buttonbox{box-sizing:border-box}#gspb_row-id-gsbp-bb5f4dd{justify-content:space-between;margin-top:0;display:flex;flex-wrap:wrap;margin-bottom:0}#gspb_row-id-gsbp-bb5f4dd>.gspb_row__content{display:flex;justify-content:space-between;margin:0 auto;width:100%;flex-wrap:wrap}#gspb_col-id-gsbp-420b058.gspb_row__col--12{width:100%}@media (max-width:575.98px){#gspb_col-id-gsbp-420b058.gspb_row__col--12{width:100%}}#gspb_row-id-gsbp-e154e79>.gspb_row__content{display:flex;justify-content:space-between;margin:0 auto;width:100%;flex-wrap:wrap}body.gspb-bodyfront #gspb_row-id-gsbp-bb5f4dd>.gspb_row__content,body.gspb-bodyfront #gspb_row-id-gsbp-e154e79>.gspb_row__content{width:var(--theme-container-width, 1200px);max-width:var(--theme-normal-container-max-width, 1200px)}#gspb_col-id-gsbp-9dd9247.gspb_row__col--3{width:25%}@media (max-width:575.98px){#gspb_col-id-gsbp-9dd9247.gspb_row__col--3{width:100%}}@media (min-width:992px){body.gspb-bodyfront #gspb_col-id-gsbp-9dd9247.gspb_row__col--3{width:calc(24% - 0px - 0px)}}#gspb_col-id-gsbp-9dd9247.gspb_row__col--3{border-style:solid;border-width:1px}#gspb_col-id-gsbp-e63dc9c.gspb_row__col--3{width:25%}@media (max-width:575.98px){#gspb_col-id-gsbp-e63dc9c.gspb_row__col--3{width:100%}}@media (min-width:992px){body.gspb-bodyfront #gspb_col-id-gsbp-e63dc9c.gspb_row__col--3{width:calc(24% - 0px - 0px)}}#gspb_col-id-gsbp-e63dc9c.gspb_row__col--3{border-style:solid;border-width:1px}#gspb_col-id-gsbp-4cfc04d.gspb_row__col--3{width:25%}@media (max-width:575.98px){#gspb_col-id-gsbp-4cfc04d.gspb_row__col--3{width:100%}}@media (min-width:992px){body.gspb-bodyfront #gspb_col-id-gsbp-4cfc04d.gspb_row__col--3{width:calc(24% - 0px - 0px)}}#gspb_col-id-gsbp-4cfc04d.gspb_row__col--3{border-style:solid;border-width:1px}#gspb_col-id-gsbp-5de73d4.gspb_row__col--3{width:25%}@media (max-width:575.98px){#gspb_col-id-gsbp-5de73d4.gspb_row__col--3{width:100%}}@media (min-width:992px){body.gspb-bodyfront #gspb_col-id-gsbp-5de73d4.gspb_row__col--3{width:calc(24% - 0px - 0px)}}#gspb_col-id-gsbp-5de73d4.gspb_row__col--3{border-style:solid;border-width:1px}#gspb_row-id-gsbp-127608c,#gspb_row-id-gsbp-e154e79{justify-content:space-between;display:flex;flex-wrap:wrap;margin-top:0;margin-bottom:20px}#gspb_row-id-gsbp-127608c>.gspb_row__content{display:flex;margin:0 auto;width:100%;flex-wrap:wrap;justify-content:flex-start}body.gspb-bodyfront #gspb_row-id-gsbp-127608c>.gspb_row__content{width:var(--theme-container-width, 1200px);max-width:var(--theme-normal-container-max-width, 1200px)}#gspb_col-id-gsbp-bfef8a4.gspb_row__col--3{width:25%}@media (max-width:575.98px){#gspb_col-id-gsbp-bfef8a4.gspb_row__col--3{width:100%}}@media (min-width:992px){body.gspb-bodyfront #gspb_col-id-gsbp-bfef8a4.gspb_row__col--3{width:calc(24% - 0px - 0px)}}body.gspb-bodyfront #gspb_col-id-gsbp-bfef8a4.gspb_row__col--3{right:0}#gspb_col-id-gsbp-bfef8a4.gspb_row__col--3{transition:all .5s cubic-bezier(.42,0,.58,1);transform-origin:center center;border-style:solid;border-width:1px}#gspb_col-id-gsbp-47bc367.gspb_row__col--3{width:25%}@media (max-width:575.98px){#gspb_col-id-gsbp-47bc367.gspb_row__col--3{width:100%}}@media (min-width:992px){body.gspb-bodyfront #gspb_col-id-gsbp-47bc367.gspb_row__col--3{width:calc(24% - 0px - 0px)}}body.gspb-bodyfront #gspb_col-id-gsbp-47bc367.gspb_row__col--3{right:0;left:15px}#gspb_col-id-gsbp-47bc367.gspb_row__col--3{border-style:solid;border-width:1px}#gspb_row-id-gsbp-9583c58{align-content:center}#gspb_row-id-gsbp-9583c58>.gspb_row__content{display:flex;justify-content:space-between;margin:0 auto;width:100%;flex-wrap:wrap;align-items:center}body.gspb-bodyfront #gspb_row-id-gsbp-9583c58>.gspb_row__content{width:var(--theme-container-width, 1200px);max-width:var(--theme-normal-container-max-width, 1200px)}#gspb_col-id-gsbp-bf37991.gspb_row__col--6{width:50%}@media (max-width:575.98px){#gspb_col-id-gsbp-bf37991.gspb_row__col--6{width:100%}}@media (min-width:992px){body.gspb-bodyfront #gspb_col-id-gsbp-bf37991.gspb_row__col--6{width:calc(30% - 0px - 0px)}}#gspb_col-id-gsbp-0c4a6da.gspb_row__col--6{width:50%}@media (max-width:575.98px){#gspb_col-id-gsbp-0c4a6da.gspb_row__col--6{width:100%}}@media (min-width:992px){body.gspb-bodyfront #gspb_col-id-gsbp-0c4a6da.gspb_row__col--6{width:calc(68% - 0px - 0px)}}#gspb_row-id-gsbp-3efb9a0,#gspb_row-id-gsbp-9583c58,#gspb_row-id-gsbp-f400041{justify-content:space-between;margin-top:0;margin-bottom:0;display:flex;flex-wrap:wrap}#gspb_row-id-gsbp-f400041>.gspb_row__content{display:flex;justify-content:space-between;margin:0 auto;width:100%;flex-wrap:wrap}#gspb_col-id-gsbp-3632ff0.gspb_row__col--4{width:33.333333333333336%}@media (max-width:575.98px){#gspb_col-id-gsbp-3632ff0.gspb_row__col--4{width:100%}}#gspb_col-id-gsbp-e695e11.gspb_row__col--4{width:33.333333333333336%}@media (max-width:575.98px){#gspb_col-id-gsbp-e695e11.gspb_row__col--4{width:100%}}#gspb_col-id-gsbp-081aae3.gspb_row__col--4{width:33.333333333333336%}@media (max-width:575.98px){#gspb_col-id-gsbp-081aae3.gspb_row__col--4{width:100%}}#gspb_row-id-gsbp-3efb9a0>.gspb_row__content{display:flex;justify-content:space-between;margin:0 auto;width:100%;flex-wrap:wrap}body.gspb-bodyfront #gspb_row-id-gsbp-3efb9a0>.gspb_row__content,body.gspb-bodyfront #gspb_row-id-gsbp-f400041>.gspb_row__content{width:var(--theme-container-width, 1200px);max-width:var(--theme-normal-container-max-width, 1200px)}#gspb_col-id-gsbp-6067de0.gspb_row__col--12{width:100%}@media (max-width:575.98px){#gspb_col-id-gsbp-6067de0.gspb_row__col--12{width:100%}}#gspb_button-id-gsbp-d55f3fa{display:flex;justify-content:center}#gspb_button-id-gsbp-d55f3fa .gspb-buttonbox-text{display:flex;flex-direction:column}#gspb_button-id-gsbp-d55f3fa>.gspb-buttonbox{box-sizing:border-box;margin-bottom:0;background-color:#fff;text-decoration:none;color:#111827;box-shadow:0 1px 3px 0 #0000001a,0 1px 2px 0 #0000000f}#gspb_button-id-gsbp-d55f3fa>.gspb-buttonbox:hover{background-color:#f9fafb!important}#gspb_button-id-gsbp-d55f3fa>.gspb-buttonbox a{text-decoration:none}#gspb_button-id-gsbp-d55f3fa>.gspb-buttonbox,#gspb_button-id-gsbp-d55f3fa>.gspb-buttonbox>.gspb_backgroundOverlay{border-top-left-radius:.5rem;border-top-right-radius:.5rem;border-bottom-right-radius:.5rem;border-bottom-left-radius:.5rem}","footnotes":""},"class_list":["post-2148","page","type-page","status-publish","hentry"],"blocksy_meta":{"has_hero_section":"disabled","vertical_spacing_source":"custom","content_area_spacing":"bottom","styles_descriptor":{"styles":{"desktop":"","tablet":"","mobile":""},"google_fonts":[],"version":6}},"_links":{"self":[{"href":"https:\/\/mekalite.com\/es\/wp-json\/wp\/v2\/pages\/2148","targetHints":{"allow":["GET"]}}],"collection":[{"href":"https:\/\/mekalite.com\/es\/wp-json\/wp\/v2\/pages"}],"about":[{"href":"https:\/\/mekalite.com\/es\/wp-json\/wp\/v2\/types\/page"}],"author":[{"embeddable":true,"href":"https:\/\/mekalite.com\/es\/wp-json\/wp\/v2\/users\/1"}],"replies":[{"embeddable":true,"href":"https:\/\/mekalite.com\/es\/wp-json\/wp\/v2\/comments?post=2148"}],"version-history":[{"count":2,"href":"https:\/\/mekalite.com\/es\/wp-json\/wp\/v2\/pages\/2148\/revisions"}],"predecessor-version":[{"id":2168,"href":"https:\/\/mekalite.com\/es\/wp-json\/wp\/v2\/pages\/2148\/revisions\/2168"}],"wp:attachment":[{"href":"https:\/\/mekalite.com\/es\/wp-json\/wp\/v2\/media?parent=2148"}],"curies":[{"name":"wp","href":"https:\/\/api.w.org\/{rel}","templated":true}]}}