{"id":2134,"date":"2024-10-27T21:11:46","date_gmt":"2024-10-27T21:11:46","guid":{"rendered":"https:\/\/mekalite.com\/?page_id=2134"},"modified":"2024-10-27T21:40:22","modified_gmt":"2024-10-27T21:40:22","slug":"servicio-de-laton-mecanizado-cnc","status":"publish","type":"page","link":"https:\/\/mekalite.com\/es\/servicio-de-laton-mecanizado-cnc\/","title":{"rendered":"Servicio de lat\u00f3n mecanizado CNC"},"content":{"rendered":"<div class=\"wp-block-greenshift-blocks-row alignfull gspb_row gspb_row-id-gsbp-9c27dfc\" id=\"gspb_row-id-gsbp-9c27dfc\"><div class=\"gspb_backgroundOverlay\"><\/div><div class=\"gspb_row__content\"> \n<div class=\"wp-block-greenshift-blocks-row-column gspb_row__col--12 gspb_col-id-gsbp-6d61d37\" id=\"gspb_col-id-gsbp-6d61d37\">\n\n<h1 style=\"color:#fefefe; text-transform:capitalize; margin-top:20px;margin-bottom:0px;\" class=\"ct-dynamic-data has-text-align-left wp-elements-ffa9fa256b8e68822e089e811737d287 has-text-color\">Servicio de lat\u00f3n mecanizado CNC<\/h1>\n\n\n<p class=\"has-palette-color-7-color has-text-color has-link-color wp-elements-e4ca24e6188793bd327c890cb8700874\">El lat\u00f3n es una aleaci\u00f3n de cobre y zinc, <a href=\"https:\/\/mekalite.com\/es\/\">Mekalite<\/a> ofrece una completa <a href=\"https:\/\/mekalite.com\/es\/mecanizado-cnc\/\">Mecanizado CNC<\/a> servicios de lat\u00f3n, desde el prototipo hasta la producci\u00f3n en serie, proporcion\u00e1ndole piezas de lat\u00f3n personalizadas de alta precisi\u00f3n. Con equipos avanzados y tecnolog\u00eda especializada, podemos lograr tolerancias estrechas de +\/- 0,005 mm con una entrega tan r\u00e1pida como 3 d\u00edas.<\/p>\n<\/div>\n <\/div><\/div>\n\n\n\n<div class=\"wp-block-greenshift-blocks-row gspb_row gspb_row-id-gsbp-ea87b6f\" id=\"gspb_row-id-gsbp-ea87b6f\"><div class=\"gspb_row__content\"> \n<div class=\"wp-block-greenshift-blocks-row-column gspb_row__col--6 gspb_col-id-gsbp-0cf4b9c\" id=\"gspb_col-id-gsbp-0cf4b9c\">\n<p><strong>Mekalite<\/strong><\/p>\n\n\n\n<div class=\"wp-block-greenshift-blocks-image gspb_image gspb_image-id-gsbp-43b69df\" id=\"gspb_image-id-gsbp-43b69df\"><img decoding=\"async\" src=\"https:\/\/mekalite.com\/wp-content\/uploads\/2024\/10\/brass-part1.jpg\" data-src=\"\" alt=\"Mekalite\" loading=\"lazy\" width=\"500\" height=\"500\" title=\"\"><\/div>\n<\/div>\n\n\n\n<div class=\"wp-block-greenshift-blocks-row-column gspb_row__col--6 gspb_col-id-gsbp-8d89c67\" id=\"gspb_col-id-gsbp-8d89c67\">\n<h2 class=\"wp-block-heading\" id=\"precision-cnc-machining-brass-service\">Precisi\u00f3n<strong>&nbsp;Mecanizado CNC de lat\u00f3n<\/strong>&nbsp;Servicio<\/h2>\n\n\n\n<p style=\"font-size:clamp(14px, 0.875rem + ((1vw - 3.2px) * 0.313), 18px);\"><strong>El lat\u00f3n es principalmente una aleaci\u00f3n de cobre y zinc y es ideal para el mecanizado CNC debido a su resistencia a la corrosi\u00f3n, buena conductividad el\u00e9ctrica y t\u00e9rmica, maquinabilidad, alta dureza y tenacidad.<\/strong><\/p>\n\n\n\n<p>El taller de mecanizado de Mekalite produce piezas de lat\u00f3n personalizadas utilizando los m\u00e1s modernos tornos CNC y fresadoras CNC (de 3, 4 y 5 ejes), entre otros. Nuestros procesos incluyen: torneado, fresado, taladrado y corte por l\u00e1ser para garantizar que somos capaces de satisfacer las necesidades de fabricaci\u00f3n de una amplia gama de piezas complejas. Estamos especializados en todo tipo de lat\u00f3n: 260,\u00a0<a href=\"https:\/\/www.dekmake.com\/cnc-machining-metals\/brass\/brass-c360\/\" target=\"_blank\" rel=\"noopener\">C360<\/a>Cz121 y muchos m\u00e1s.<\/p>\n\n\n\n<p>Mekalite es un fabricante fiable y asequible de mecanizado de piezas de lat\u00f3n, y nuestros servicios de alta precisi\u00f3n garantizan piezas de alta calidad para sectores como el industrial y el electr\u00f3nico, perfectas para racores, cojinetes, juntas, v\u00e1lvulas, conectores y disipadores de calor. Con nuestros servicios de mecanizado CNC de lat\u00f3n, tambi\u00e9n puede elegir entre granallado, pulido, chapado y otros acabados superficiales para satisfacer las necesidades est\u00e9ticas y funcionales de las diferentes piezas.<\/p>\n\n\n\n<div class=\"gspb_button_wrapper gspb_button-id-gsbp-c432130\" id=\"gspb_button-id-gsbp-c432130\"><a class=\"wp-block-greenshift-blocks-buttonbox gspb-buttonbox wp-element-button\" href=\"https:\/\/mekalite.com\/es\/cita\/\" rel=\"noopener\"><span class=\"gspb-buttonbox-textwrap\"><span class=\"gspb-buttonbox-text\"><span class=\"gspb-buttonbox-title\">Solicitar presupuesto<\/span><\/span><\/span><\/a><\/div>\n<\/div>\n <\/div><\/div>\n\n\n\n<div class=\"wp-block-greenshift-blocks-row gspb_row gspb_row-id-gsbp-bb5f4dd\" id=\"gspb_row-id-gsbp-bb5f4dd\"><div class=\"gspb_row__content\"> \n<div class=\"wp-block-greenshift-blocks-row-column gspb_row__col--12 gspb_col-id-gsbp-420b058\" id=\"gspb_col-id-gsbp-420b058\">\n<h2 class=\"wp-block-heading\" id=\"brass-material-list\" style=\"font-size:clamp(24.034px, 1.502rem + ((1vw - 3.2px) * 1.247), 40px);\">Material de lat\u00f3n&nbsp;<strong>Lista<\/strong><\/h2>\n<\/div>\n <\/div><\/div>\n\n\n\n<div class=\"wp-block-greenshift-blocks-row gspb_row gspb_row-id-gsbp-e154e79\" id=\"gspb_row-id-gsbp-e154e79\"><div class=\"gspb_row__content\"> \n<div class=\"wp-block-greenshift-blocks-row-column gspb_row__col--3 gspb_col-id-gsbp-9dd9247\" id=\"gspb_col-id-gsbp-9dd9247\">\n<h3 class=\"wp-block-heading\" id=\"aluminum-2014\">Lat\u00f3n 260<\/h3>\n\n\n\n<p class=\"has-small-font-size\">El lat\u00f3n 260 es una aleaci\u00f3n de lat\u00f3n popular y rentable. Es muy d\u00factil y posee buena resistencia, capacidad de acabado y resistencia a la corrosi\u00f3n.<\/p>\n\n\n\n<p><strong><a href=\"https:\/\/mekalite.com\/es\/cita\/\" data-type=\"link\" data-id=\"https:\/\/mekalite.com\/quote\/\">Obtener precio<\/a><\/strong><\/p>\n<\/div>\n\n\n\n<div class=\"wp-block-greenshift-blocks-row-column gspb_row__col--3 gspb_col-id-gsbp-6ae9b63\" id=\"gspb_col-id-gsbp-6ae9b63\">\n<h3 class=\"wp-block-heading\" id=\"aluminum-2014\">Lat\u00f3n C360<\/h3>\n\n\n\n<p class=\"has-small-font-size\">El lat\u00f3n C360, tambi\u00e9n conocido como lat\u00f3n de corte libre o lat\u00f3n con plomo, es una aleaci\u00f3n compuesta principalmente de cobre y zinc, con un peque\u00f1o porcentaje de plomo.<\/p>\n\n\n\n<p><strong><a href=\"https:\/\/mekalite.com\/es\/cita\/\" data-type=\"link\" data-id=\"https:\/\/mekalite.com\/quote\/\">Obtener precio<\/a><\/strong><\/p>\n<\/div>\n\n\n\n<div class=\"wp-block-greenshift-blocks-row-column gspb_row__col--3 gspb_col-id-gsbp-c3631cd\" id=\"gspb_col-id-gsbp-c3631cd\">\n<h3 class=\"wp-block-heading\" id=\"aluminum-2014\">Lat\u00f3n Cz121<\/h3>\n\n\n\n<p class=\"has-small-font-size\">Lat\u00f3n CZ121 es la denominaci\u00f3n de un tipo de aleaci\u00f3n de lat\u00f3n. El lat\u00f3n es una aleaci\u00f3n met\u00e1lica compuesta principalmente por cobre y zinc.<\/p>\n\n\n\n<p><strong><a href=\"https:\/\/mekalite.com\/es\/cita\/\" data-type=\"link\" data-id=\"https:\/\/mekalite.com\/quote\/\">Obtener precio<\/a><\/strong><\/p>\n<\/div>\n <\/div><\/div>\n\n\n\n<div class=\"wp-block-greenshift-blocks-row gspb_row gspb_row-id-gsbp-9583c58\" id=\"gspb_row-id-gsbp-9583c58\"><div class=\"gspb_row__content\"> \n<div class=\"wp-block-greenshift-blocks-row-column gspb_row__col--6 gspb_col-id-gsbp-bf37991\" id=\"gspb_col-id-gsbp-bf37991\">\n<p><strong>RESUMEN TECNOL\u00d3GICO<\/strong><\/p>\n<\/div>\n\n\n\n<div class=\"wp-block-greenshift-blocks-row-column gspb_row__col--6 gspb_col-id-gsbp-0c4a6da\" id=\"gspb_col-id-gsbp-0c4a6da\">\n<h2 class=\"wp-block-heading\" id=\"basic-knowledge-of-brass\" style=\"font-size:clamp(24.034px, 1.502rem + ((1vw - 3.2px) * 1.247), 40px);\"><strong>Conocimientos b\u00e1sicos<\/strong>&nbsp;de lat\u00f3n<\/h2>\n<\/div>\n <\/div><\/div>\n\n\n\n<div class=\"wp-block-greenshift-blocks-row gspb_row gspb_row-id-gsbp-f400041\" id=\"gspb_row-id-gsbp-f400041\"><div class=\"gspb_row__content\"> \n<div class=\"wp-block-greenshift-blocks-row-column gspb_row__col--4 gspb_col-id-gsbp-3632ff0\" id=\"gspb_col-id-gsbp-3632ff0\">\n<h3 class=\"wp-block-heading\" id=\"headline-97-194-1\">\u00bfQu\u00e9 es el material de lat\u00f3n?<\/h3>\n\n\n\n<p class=\"has-small-font-size\"><strong>Lat\u00f3n<\/strong>&nbsp;es una aleaci\u00f3n de cobre y zinc en proporciones variables, que suelen oscilar entre 5% y 45% de contenido de zinc. La composici\u00f3n exacta influye en las propiedades del lat\u00f3n, como el color, la dureza y la maquinabilidad. La aleaci\u00f3n tambi\u00e9n puede contener peque\u00f1as cantidades de otros elementos, como plomo o esta\u00f1o.<\/p>\n\n\n\n<p class=\"has-small-font-size\">El lat\u00f3n se distingue por su color amarillo o dorado rojizo, su maleabilidad y su resistencia a la corrosi\u00f3n. Este metal es apreciado por su maleabilidad y versatilidad. Se emplea en la fabricaci\u00f3n de instrumentos musicales, art\u00edculos de decoraci\u00f3n, accesorios de fontaner\u00eda, componentes el\u00e9ctricos y casquillos de munici\u00f3n.<\/p>\n\n\n\n<p class=\"has-small-font-size\">Los distintos tipos de lat\u00f3n, como el lat\u00f3n rojo, el lat\u00f3n naval y el lat\u00f3n del almirantazgo, tienen composiciones espec\u00edficas para usos concretos. Esta aleaci\u00f3n no solo es resistente a la corrosi\u00f3n, sino que tambi\u00e9n tiene un atractivo est\u00e9tico.<\/p>\n<\/div>\n\n\n\n<div class=\"wp-block-greenshift-blocks-row-column gspb_row__col--4 gspb_col-id-gsbp-e695e11\" id=\"gspb_col-id-gsbp-e695e11\">\n<h3 class=\"wp-block-heading\" id=\"headline-97-194-2\">Ventajas del lat\u00f3n<\/h3>\n\n\n\n<ul class=\"wp-block-list\">\n<li>Resistencia a la corrosi\u00f3n<\/li>\n\n\n\n<li>Aspecto atractivo<\/li>\n\n\n\n<li>Gran maleabilidad<\/li>\n\n\n\n<li>Buena conductividad<\/li>\n\n\n\n<li>Duradero<\/li>\n\n\n\n<li>Baja fricci\u00f3n<\/li>\n\n\n\n<li>Reciclableb<\/li>\n<\/ul>\n<\/div>\n\n\n\n<div class=\"wp-block-greenshift-blocks-row-column gspb_row__col--4 gspb_col-id-gsbp-081aae3\" id=\"gspb_col-id-gsbp-081aae3\">\n<h3 class=\"wp-block-heading\" id=\"headline-97-194-3\">Aplicaciones del lat\u00f3n<\/h3>\n\n\n\n<ul class=\"wp-block-list\">\n<li>Accesorios de fontaner\u00eda<\/li>\n\n\n\n<li>Conectores el\u00e9ctricos<\/li>\n\n\n\n<li>Ferreter\u00eda naval<\/li>\n\n\n\n<li>Componentes de v\u00e1lvulas<\/li>\n\n\n\n<li>Bisuter\u00eda<\/li>\n\n\n\n<li>N\u00facleos de radiador<\/li>\n\n\n\n<li>Monedas y medallas<\/li>\n<\/ul>\n<\/div>\n <\/div><\/div>\n\n\n\n<div class=\"wp-block-greenshift-blocks-row gspb_row gspb_row-id-gsbp-3efb9a0\" id=\"gspb_row-id-gsbp-3efb9a0\"><div class=\"gspb_row__content\"> \n<div class=\"wp-block-greenshift-blocks-row-column gspb_row__col--12 gspb_col-id-gsbp-6067de0\" id=\"gspb_col-id-gsbp-6067de0\">\n<div class=\"wp-block-cover\"><span aria-hidden=\"true\" class=\"wp-block-cover__background has-background-dim\"><\/span><img loading=\"lazy\" decoding=\"async\" width=\"1024\" height=\"585\" class=\"wp-block-cover__image-background wp-image-1964\" alt=\"mecanizado de precisi\u00f3n\" src=\"https:\/\/mekalite.com\/wp-content\/uploads\/2024\/10\/precision-machining-1-1024x585.jpg\" data-object-fit=\"cover\" title=\"\" srcset=\"https:\/\/mekalite.com\/wp-content\/uploads\/2024\/10\/precision-machining-1-1024x585.jpg 1024w, https:\/\/mekalite.com\/wp-content\/uploads\/2024\/10\/precision-machining-1-300x171.jpg 300w, https:\/\/mekalite.com\/wp-content\/uploads\/2024\/10\/precision-machining-1-768x439.jpg 768w, https:\/\/mekalite.com\/wp-content\/uploads\/2024\/10\/precision-machining-1.jpg 1344w\" sizes=\"auto, (max-width: 1024px) 100vw, 1024px\" \/><div class=\"wp-block-cover__inner-container is-layout-flow wp-block-cover-is-layout-flow\">\n<h2 class=\"wp-block-heading has-text-align-center has-palette-color-8-color has-text-color has-link-color has-large-font-size wp-elements-e1760f4ce70cc5dd84c2d78abd5c7da0\" id=\"get-an-accurate-quote-for-your-next-projects\">Obtenga un presupuesto preciso para sus pr\u00f3ximos proyectos<\/h2>\n\n\n\n<p class=\"has-text-align-center\">No importa que su proyecto sea complicado o sencillo, no importa que sea de metal o de pl\u00e1stico, obtendr\u00e1 un presupuesto preciso en menos de 6 horas.<\/p>\n\n\n\n<div class=\"gspb_button_wrapper gspb_button-id-gsbp-d55f3fa\" id=\"gspb_button-id-gsbp-d55f3fa\"><a class=\"wp-block-greenshift-blocks-buttonbox gspb-buttonbox wp-element-button\" href=\"https:\/\/mekalite.com\/es\/cita\/\" rel=\"noopener\"><span class=\"gspb-buttonbox-textwrap\"><span class=\"gspb-buttonbox-text\"><span class=\"gspb-buttonbox-title\">Solicitar presupuesto<\/span><\/span><\/span><\/a><\/div>\n<\/div><\/div>\n<\/div>\n <\/div><\/div>","protected":false},"excerpt":{"rendered":"","protected":false},"author":1,"featured_media":0,"parent":0,"menu_order":0,"comment_status":"closed","ping_status":"closed","template":"","meta":{"_eb_attr":"","_gspb_post_css":"#gspb_row-id-gsbp-9c27dfc{justify-content:space-between;margin-top:0;display:flex;flex-wrap:wrap;align-content:center;margin-bottom:60px;padding-top:250px;padding-bottom:60px}#gspb_row-id-gsbp-9c27dfc>.gspb_row__content{display:flex;margin:0 auto;width:100%;flex-wrap:wrap;align-items:center;justify-content:center}.gspb_row{position:relative}div[id^=gspb_col-id]{box-sizing:border-box;position:relative;padding:15px min(3vw,20px)}body.gspb-bodyfront #gspb_row-id-gsbp-9c27dfc>.gspb_row__content{width:var(--theme-container-width, 1200px);max-width:var(--theme-normal-container-max-width, 1200px)}@media (max-width:991.98px){#gspb_row-id-gsbp-9c27dfc{padding-top:120px}}#gspb_row-id-gsbp-9c27dfc{background-size:cover;background-repeat:no-repeat;background-position:48% 51%;background-image:url(https:\/\/mekalite.com\/wp-content\/uploads\/2024\/10\/Stainless-Steel-CNC-Machined-Part1.jpg);isolation:isolate}#gspb_row-id-gsbp-9c27dfc:hover{background-size:cover}#gspb_row-id-gsbp-9c27dfc>.gspb_backgroundOverlay{position:absolute;top:0;left:0;width:100%;height:100%;z-index:-1;opacity:.8;background-color:#000}#gspb_col-id-gsbp-6d61d37.gspb_row__col--12{width:100%}@media (max-width:575.98px){#gspb_col-id-gsbp-6d61d37.gspb_row__col--12{width:100%}}@media (min-width:992px){body.gspb-bodyfront #gspb_col-id-gsbp-6d61d37.gspb_row__col--12{width:calc(100% - 0px - 0px)}}.gspb_row #gspb_col-id-gsbp-6d61d37.gspb_row__col--12{padding:0}body #gspb_col-id-gsbp-6d61d37.gspb_row__col--12,body #gspb_col-id-gsbp-bf37991.gspb_row__col--6{display:block}#gspb_row-id-gsbp-ea87b6f{justify-content:space-between;margin-top:0;display:flex;flex-wrap:wrap;margin-bottom:40px}#gspb_row-id-gsbp-ea87b6f>.gspb_row__content{display:flex;justify-content:space-between;margin:0 auto;width:100%;flex-wrap:wrap}body.gspb-bodyfront #gspb_row-id-gsbp-ea87b6f>.gspb_row__content{width:var(--theme-container-width, 1200px);max-width:var(--theme-normal-container-max-width, 1200px)}#gspb_col-id-gsbp-0cf4b9c.gspb_row__col--6{width:50%}@media (max-width:575.98px){#gspb_col-id-gsbp-0cf4b9c.gspb_row__col--6{width:100%}}@media (min-width:992px){body.gspb-bodyfront #gspb_col-id-gsbp-0cf4b9c.gspb_row__col--6{width:calc(30% - 0px - 0px)}}#gspb_image-id-gsbp-43b69df img{vertical-align:top;display:inline-block;box-sizing:border-box;max-width:100%;height:auto}#gspb_col-id-gsbp-8d89c67.gspb_row__col--6{width:50%}@media (max-width:575.98px){#gspb_col-id-gsbp-8d89c67.gspb_row__col--6{width:100%}}@media (min-width:992px){body.gspb-bodyfront #gspb_col-id-gsbp-8d89c67.gspb_row__col--6{width:calc(65% - 0px - 0px)}}#gspb_button-id-gsbp-c432130{display:flex;justify-content:flex-start}#gspb_button-id-gsbp-c432130 .gspb-buttonbox-text{display:flex;flex-direction:column}#gspb_button-id-gsbp-c432130>.gspb-buttonbox{box-sizing:border-box}#gspb_row-id-gsbp-bb5f4dd,#gspb_row-id-gsbp-e154e79{justify-content:space-between;margin-top:0;margin-bottom:0;display:flex;flex-wrap:wrap}#gspb_row-id-gsbp-e154e79{margin-bottom:20px}#gspb_row-id-gsbp-bb5f4dd>.gspb_row__content{display:flex;justify-content:space-between;margin:0 auto;width:100%;flex-wrap:wrap}#gspb_col-id-gsbp-420b058.gspb_row__col--12{width:100%}@media (max-width:575.98px){#gspb_col-id-gsbp-420b058.gspb_row__col--12{width:100%}}#gspb_row-id-gsbp-e154e79>.gspb_row__content{display:flex;justify-content:space-between;margin:0 auto;width:100%;flex-wrap:wrap}body.gspb-bodyfront #gspb_row-id-gsbp-bb5f4dd>.gspb_row__content,body.gspb-bodyfront #gspb_row-id-gsbp-e154e79>.gspb_row__content{width:var(--theme-container-width, 1200px);max-width:var(--theme-normal-container-max-width, 1200px)}#gspb_col-id-gsbp-9dd9247.gspb_row__col--3{width:25%}@media (max-width:575.98px){#gspb_col-id-gsbp-9dd9247.gspb_row__col--3{width:100%}}@media (min-width:992px){body.gspb-bodyfront #gspb_col-id-gsbp-9dd9247.gspb_row__col--3{width:calc(33% - 0px - 0px)}}#gspb_col-id-gsbp-9dd9247.gspb_row__col--3{border-style:solid;border-width:1px}#gspb_col-id-gsbp-6ae9b63.gspb_row__col--3{width:25%}@media (max-width:575.98px){#gspb_col-id-gsbp-6ae9b63.gspb_row__col--3{width:100%}}@media (min-width:992px){body.gspb-bodyfront #gspb_col-id-gsbp-6ae9b63.gspb_row__col--3{width:calc(33% - 0px - 0px)}}#gspb_col-id-gsbp-6ae9b63.gspb_row__col--3{border-style:solid;border-width:1px}#gspb_col-id-gsbp-c3631cd.gspb_row__col--3{width:25%}@media (max-width:575.98px){#gspb_col-id-gsbp-c3631cd.gspb_row__col--3{width:100%}}@media (min-width:992px){body.gspb-bodyfront #gspb_col-id-gsbp-c3631cd.gspb_row__col--3{width:calc(33% - 0px - 0px)}}#gspb_col-id-gsbp-c3631cd.gspb_row__col--3{border-style:solid;border-width:1px}#gspb_row-id-gsbp-9583c58{align-content:center}#gspb_row-id-gsbp-9583c58>.gspb_row__content{display:flex;justify-content:space-between;margin:0 auto;width:100%;flex-wrap:wrap;align-items:center}body.gspb-bodyfront #gspb_row-id-gsbp-9583c58>.gspb_row__content{width:var(--theme-container-width, 1200px);max-width:var(--theme-normal-container-max-width, 1200px)}#gspb_col-id-gsbp-bf37991.gspb_row__col--6{width:50%}@media (max-width:575.98px){#gspb_col-id-gsbp-bf37991.gspb_row__col--6{width:100%}}@media (min-width:992px){body.gspb-bodyfront #gspb_col-id-gsbp-bf37991.gspb_row__col--6{width:calc(30% - 0px - 0px)}}#gspb_col-id-gsbp-0c4a6da.gspb_row__col--6{width:50%}@media (max-width:575.98px){#gspb_col-id-gsbp-0c4a6da.gspb_row__col--6{width:100%}}@media (min-width:992px){body.gspb-bodyfront #gspb_col-id-gsbp-0c4a6da.gspb_row__col--6{width:calc(68% - 0px - 0px)}}#gspb_row-id-gsbp-3efb9a0,#gspb_row-id-gsbp-9583c58,#gspb_row-id-gsbp-f400041{justify-content:space-between;margin-top:0;margin-bottom:0;display:flex;flex-wrap:wrap}#gspb_row-id-gsbp-f400041>.gspb_row__content{display:flex;justify-content:space-between;margin:0 auto;width:100%;flex-wrap:wrap}#gspb_col-id-gsbp-3632ff0.gspb_row__col--4{width:33.333333333333336%}@media (max-width:575.98px){#gspb_col-id-gsbp-3632ff0.gspb_row__col--4{width:100%}}#gspb_col-id-gsbp-e695e11.gspb_row__col--4{width:33.333333333333336%}@media (max-width:575.98px){#gspb_col-id-gsbp-e695e11.gspb_row__col--4{width:100%}}#gspb_col-id-gsbp-081aae3.gspb_row__col--4{width:33.333333333333336%}@media (max-width:575.98px){#gspb_col-id-gsbp-081aae3.gspb_row__col--4{width:100%}}#gspb_row-id-gsbp-3efb9a0>.gspb_row__content{display:flex;justify-content:space-between;margin:0 auto;width:100%;flex-wrap:wrap}body.gspb-bodyfront #gspb_row-id-gsbp-3efb9a0>.gspb_row__content,body.gspb-bodyfront #gspb_row-id-gsbp-f400041>.gspb_row__content{width:var(--theme-container-width, 1200px);max-width:var(--theme-normal-container-max-width, 1200px)}#gspb_col-id-gsbp-6067de0.gspb_row__col--12{width:100%}@media (max-width:575.98px){#gspb_col-id-gsbp-6067de0.gspb_row__col--12{width:100%}}#gspb_button-id-gsbp-d55f3fa{display:flex;justify-content:center}#gspb_button-id-gsbp-d55f3fa .gspb-buttonbox-text{display:flex;flex-direction:column}#gspb_button-id-gsbp-d55f3fa>.gspb-buttonbox{box-sizing:border-box;margin-bottom:0;background-color:#fff;text-decoration:none;color:#111827;box-shadow:0 1px 3px 0 #0000001a,0 1px 2px 0 #0000000f}#gspb_button-id-gsbp-d55f3fa>.gspb-buttonbox:hover{background-color:#f9fafb!important}#gspb_button-id-gsbp-d55f3fa>.gspb-buttonbox a{text-decoration:none}#gspb_button-id-gsbp-d55f3fa>.gspb-buttonbox,#gspb_button-id-gsbp-d55f3fa>.gspb-buttonbox>.gspb_backgroundOverlay{border-top-left-radius:.5rem;border-top-right-radius:.5rem;border-bottom-right-radius:.5rem;border-bottom-left-radius:.5rem}","footnotes":""},"class_list":["post-2134","page","type-page","status-publish","hentry"],"blocksy_meta":{"has_hero_section":"disabled","vertical_spacing_source":"custom","content_area_spacing":"bottom","styles_descriptor":{"styles":{"desktop":"","tablet":"","mobile":""},"google_fonts":[],"version":6}},"_links":{"self":[{"href":"https:\/\/mekalite.com\/es\/wp-json\/wp\/v2\/pages\/2134","targetHints":{"allow":["GET"]}}],"collection":[{"href":"https:\/\/mekalite.com\/es\/wp-json\/wp\/v2\/pages"}],"about":[{"href":"https:\/\/mekalite.com\/es\/wp-json\/wp\/v2\/types\/page"}],"author":[{"embeddable":true,"href":"https:\/\/mekalite.com\/es\/wp-json\/wp\/v2\/users\/1"}],"replies":[{"embeddable":true,"href":"https:\/\/mekalite.com\/es\/wp-json\/wp\/v2\/comments?post=2134"}],"version-history":[{"count":3,"href":"https:\/\/mekalite.com\/es\/wp-json\/wp\/v2\/pages\/2134\/revisions"}],"predecessor-version":[{"id":2169,"href":"https:\/\/mekalite.com\/es\/wp-json\/wp\/v2\/pages\/2134\/revisions\/2169"}],"wp:attachment":[{"href":"https:\/\/mekalite.com\/es\/wp-json\/wp\/v2\/media?parent=2134"}],"curies":[{"name":"wp","href":"https:\/\/api.w.org\/{rel}","templated":true}]}}