{"id":2600,"date":"2024-11-09T15:09:28","date_gmt":"2024-11-09T15:09:28","guid":{"rendered":"https:\/\/mekalite.com\/?page_id=2600"},"modified":"2024-11-09T15:09:40","modified_gmt":"2024-11-09T15:09:40","slug":"mekalite-datenschutzrichtlinie","status":"publish","type":"page","link":"https:\/\/mekalite.com\/de\/mekalite-datenschutzrichtlinie\/","title":{"rendered":"Mekalite Datenschutzrichtlinie"},"content":{"rendered":"<div class=\"wp-block-greenshift-blocks-row alignfull gspb_row gspb_row-id-gsbp-9c27dfc\" id=\"gspb_row-id-gsbp-9c27dfc\"><div class=\"gspb_backgroundOverlay\"><\/div><div class=\"gspb_row__content\"> \n<div class=\"wp-block-greenshift-blocks-row-column gspb_row__col--12 gspb_col-id-gsbp-6d61d37\" id=\"gspb_col-id-gsbp-6d61d37\">\n\n<h2 style=\"color:#fefefe; text-transform:uppercase; margin-top:20px;margin-bottom:0px;\" class=\"ct-dynamic-data has-text-align-left wp-elements-707e4fab640ffa04e3a56c01309b3da0 has-text-color\">Mekalite Datenschutzrichtlinie<\/h2><\/div>\n <\/div><\/div>\n\n\n\n<div class=\"wp-block-greenshift-blocks-row gspb_row gspb_row-id-gsbp-702b9dd\" id=\"gspb_row-id-gsbp-702b9dd\"><div class=\"gspb_row__content\"> \n<div class=\"wp-block-greenshift-blocks-row-column gspb_row__col--12 gspb_col-id-gsbp-20ba942\" id=\"gspb_col-id-gsbp-20ba942\">\n<p>Thank you for visiting <a href=\"https:\/\/mekalite.com\/de\/\">Mekalit<\/a>.com (referred to as \u201cthis website\u201d). We understand the importance of your privacy and are committed to protecting your personal information. Please read this Privacy Policy carefully to understand how we collect, use, protect, and share your personal information.<\/p>\n\n\n\n<h3 class=\"wp-block-heading\" id=\"1-information-collection\">1. Informationssammlung<\/h3>\n\n\n\n<p>Wenn Sie diese Website nutzen, k\u00f6nnen wir die folgenden Arten von Informationen sammeln:<\/p>\n\n\n\n<ul class=\"wp-block-list\">\n<li><strong>Pers\u00f6nlich identifizierbare Informationen (PII)<\/strong>: Dazu geh\u00f6ren Ihr Name, Ihre E-Mail-Adresse, Ihre Telefonnummer usw., wenn Sie Formulare ausf\u00fcllen oder sich auf der Website registrieren.<\/li>\n\n\n\n<li><strong>Nicht pers\u00f6nlich identifizierbare Informationen (Nicht-PII)<\/strong>: Wie z.B. Ihren Browsertyp, Ihr Betriebssystem, Ihre IP-Adresse, Zugriffszeiten und andere technische Informationen, die uns helfen, die Nutzererfahrung zu verbessern.<\/li>\n\n\n\n<li><strong>Cookies und Tracking-Technologien<\/strong>: Wir k\u00f6nnen Cookies und andere Tracking-Technologien verwenden, um Ihre Pr\u00e4ferenzen zu verstehen und unsere Dienste zu verbessern.<\/li>\n<\/ul>\n\n\n\n<h3 class=\"wp-block-heading\" id=\"2-use-of-information\">2. Verwendung von Informationen<\/h3>\n\n\n\n<p>Die von uns gesammelten Informationen werden f\u00fcr die folgenden Zwecke verwendet:<\/p>\n\n\n\n<ul class=\"wp-block-list\">\n<li><strong>Bereitstellung und Verbesserung von Dienstleistungen<\/strong>: Um Ihnen auf Ihre Bed\u00fcrfnisse zugeschnittene Dienstleistungen anbieten zu k\u00f6nnen und um unsere Produkte und unsere Website zu optimieren.<\/li>\n\n\n\n<li><strong>Kommunikation<\/strong>: Mit Ihrem Einverst\u00e4ndnis k\u00f6nnen wir Ihnen E-Mails oder Nachrichten \u00fcber neue Produkte, Dienstleistungen, Werbeaktionen und Veranstaltungen schicken.<\/li>\n\n\n\n<li><strong>Einhaltung von Rechtsvorschriften<\/strong>: Zur Einhaltung geltender Gesetze und Vorschriften sowie zur Erf\u00fcllung rechtlicher Verpflichtungen.<\/li>\n<\/ul>\n\n\n\n<h3 class=\"wp-block-heading\" id=\"3-sharing-of-information\">3. Weitergabe von Informationen<\/h3>\n\n\n\n<p>Mekalite gibt Ihre pers\u00f6nlichen Daten nur unter den folgenden Umst\u00e4nden weiter:<\/p>\n\n\n\n<ul class=\"wp-block-list\">\n<li><strong>Gesch\u00e4ftspartner und Dienstleistungsanbieter<\/strong>: Wir k\u00f6nnen Informationen an vertrauensw\u00fcrdige Partner weitergeben, um bessere Dienstleistungen anzubieten. Wir stellen sicher, dass diese Partner dem Schutz Ihrer Daten zustimmen.<\/li>\n\n\n\n<li><strong>Rechtliche Anforderungen<\/strong>: Wir k\u00f6nnen Informationen offenlegen, wenn dies gesetzlich vorgeschrieben ist oder als Antwort auf eine angemessene Anfrage einer Regierungsbeh\u00f6rde.<\/li>\n\n\n\n<li><strong>Unternehmens\u00fcbertragungen<\/strong>: Im Falle eines Zusammenschlusses, einer \u00dcbernahme oder einer \u00dcbertragung von Verm\u00f6genswerten oder Gesch\u00e4ften des Unternehmens k\u00f6nnen Ihre pers\u00f6nlichen Daten als einer der Verm\u00f6genswerte des Unternehmens \u00fcbertragen werden.<\/li>\n<\/ul>\n\n\n\n<h3 class=\"wp-block-heading\" id=\"4-information-security\">4. Informationssicherheit<\/h3>\n\n\n\n<p>Wir setzen angemessene technische und organisatorische Ma\u00dfnahmen ein, um Ihre pers\u00f6nlichen Daten vor unbefugtem Zugriff, Offenlegung, \u00c4nderung oder Zerst\u00f6rung zu sch\u00fctzen. Dazu geh\u00f6ren Firewalls, Datenverschl\u00fcsselung und Zugangskontrollen. Bitte beachten Sie jedoch, dass keine Methode der Daten\u00fcbertragung oder -speicherung 100% sicher ist.<\/p>\n\n\n\n<h3 class=\"wp-block-heading\" id=\"5-your-rights\">5. Deine Rechte<\/h3>\n\n\n\n<p>Sie haben das Recht, auf Ihre von uns erfassten pers\u00f6nlichen Daten zuzugreifen, sie zu korrigieren oder zu l\u00f6schen. Sie k\u00f6nnen sich auch jederzeit von unserer Mailingliste abmelden, um keine Werbeinformationen mehr zu erhalten.<\/p>\n\n\n\n<h3 class=\"wp-block-heading\" id=\"6-cookies-policy\">6. Cookies Politik<\/h3>\n\n\n\n<p>Diese Website kann Cookies verwenden, um die Benutzerfreundlichkeit zu verbessern. Sie k\u00f6nnen in den Einstellungen Ihres Browsers w\u00e4hlen, ob Sie Cookies akzeptieren oder ablehnen oder Cookies deaktivieren. Die Ablehnung von Cookies kann bestimmte Funktionen der Website beeintr\u00e4chtigen.<\/p>\n\n\n\n<h3 class=\"wp-block-heading\" id=\"7-third-party-links\">7. Links von Drittanbietern<\/h3>\n\n\n\n<p>Diese Website kann Links zu anderen Websites enthalten. Wir sind nicht verantwortlich f\u00fcr die Datenschutzpraktiken dieser Websites Dritter und empfehlen Ihnen, deren Datenschutzrichtlinien zu lesen, um zu verstehen, wie sie Ihre Daten erfassen und verwenden.<\/p>\n\n\n\n<h3 class=\"wp-block-heading\" id=\"8-updates-to-the-privacy-policy\">8. Aktualisierungen der Datenschutzrichtlinie<\/h3>\n\n\n\n<p>Wir behalten uns das Recht vor, diese Datenschutzrichtlinie jederzeit zu aktualisieren. Die aktualisierte Richtlinie wird auf dieser Seite mit dem neuesten G\u00fcltigkeitsdatum ver\u00f6ffentlicht. Wir empfehlen Ihnen, sie regelm\u00e4\u00dfig zu lesen, um \u00fcber unsere Datenschutzpraktiken informiert zu bleiben.<\/p>\n\n\n\n<h3 class=\"wp-block-heading\" id=\"9-contact-us\">9. Kontakt<\/h3>\n\n\n\n<p>Wenn Sie Fragen oder Bedenken zu unserer Datenschutzrichtlinie haben, wenden Sie sich bitte an uns:<\/p>\n\n\n\n<ul class=\"wp-block-list\">\n<li><strong>E-Mail<\/strong>: <a>privacy@mekalite.com<\/a><\/li>\n\n\n\n<li><strong>Telefon<\/strong>: +86 15013664194<\/li>\n\n\n\n<li><strong>Adresse<\/strong>: Geb\u00e4ude F, Digital Silicon Valley Industrial Park, Yuanshen Town, Longgang District, Shenzhen, China<\/li>\n<\/ul>\n<\/div>\n <\/div><\/div>","protected":false},"excerpt":{"rendered":"","protected":false},"author":1,"featured_media":0,"parent":0,"menu_order":0,"comment_status":"closed","ping_status":"closed","template":"","meta":{"_eb_attr":"","_gspb_post_css":"#gspb_row-id-gsbp-9c27dfc{justify-content:space-between;margin-top:0;display:flex;flex-wrap:wrap;margin-bottom:60px;padding-top:250px;padding-bottom:60px}#gspb_row-id-gsbp-9c27dfc>.gspb_row__content{display:flex;justify-content:space-between;margin:0 auto;width:100%;flex-wrap:wrap}.gspb_row{position:relative}div[id^=gspb_col-id]{box-sizing:border-box;position:relative;padding:15px min(3vw,20px)}@media (max-width:991.98px){#gspb_row-id-gsbp-9c27dfc{padding-top:120px}}#gspb_row-id-gsbp-9c27dfc{background-size:cover;background-repeat:no-repeat;background-position:57% 52%;background-image:url(https:\/\/mekalite.com\/wp-content\/uploads\/2024\/10\/sheet-metal-fabrication.jpeg);isolation:isolate}#gspb_row-id-gsbp-9c27dfc:hover{background-size:cover}#gspb_row-id-gsbp-9c27dfc>.gspb_backgroundOverlay{position:absolute;top:0;left:0;width:100%;height:100%;z-index:-1;opacity:.8;background-color:#000}#gspb_col-id-gsbp-6d61d37.gspb_row__col--12{width:100%}@media (max-width:575.98px){#gspb_col-id-gsbp-6d61d37.gspb_row__col--12{width:100%}}.gspb_row #gspb_col-id-gsbp-6d61d37.gspb_row__col--12{padding:0}body #gspb_col-id-gsbp-6d61d37.gspb_row__col--12{display:flex;flex-direction:column}@media (max-width:575.98px){body #gspb_col-id-gsbp-6d61d37.gspb_row__col--12{align-items:center}}#gspb_row-id-gsbp-702b9dd{justify-content:space-between;margin-top:0;margin-bottom:0;display:flex;flex-wrap:wrap;background-color:var(--wp--preset--color--palette-color-5, var(--theme-palette-color-5, #eaeaec))}#gspb_row-id-gsbp-702b9dd>.gspb_row__content{display:flex;justify-content:space-between;margin:0 auto;width:100%;flex-wrap:wrap}body.gspb-bodyfront #gspb_row-id-gsbp-702b9dd>.gspb_row__content,body.gspb-bodyfront #gspb_row-id-gsbp-9c27dfc>.gspb_row__content{width:var(--theme-container-width, 1200px);max-width:var(--theme-normal-container-max-width, 1200px)}#gspb_row-id-gsbp-702b9dd,#gspb_row-id-gsbp-702b9dd>.gspb_backgroundOverlay{border-top-left-radius:10px;border-top-right-radius:10px;border-bottom-right-radius:10px;border-bottom-left-radius:10px}#gspb_col-id-gsbp-20ba942.gspb_row__col--12{width:100%}@media (max-width:575.98px){#gspb_col-id-gsbp-20ba942.gspb_row__col--12{width:100%}}","footnotes":""},"class_list":["post-2600","page","type-page","status-publish","hentry"],"blocksy_meta":{"has_hero_section":"disabled","vertical_spacing_source":"custom","content_area_spacing":"bottom","styles_descriptor":{"styles":{"desktop":"","tablet":"","mobile":""},"google_fonts":[],"version":6}},"_links":{"self":[{"href":"https:\/\/mekalite.com\/de\/wp-json\/wp\/v2\/pages\/2600","targetHints":{"allow":["GET"]}}],"collection":[{"href":"https:\/\/mekalite.com\/de\/wp-json\/wp\/v2\/pages"}],"about":[{"href":"https:\/\/mekalite.com\/de\/wp-json\/wp\/v2\/types\/page"}],"author":[{"embeddable":true,"href":"https:\/\/mekalite.com\/de\/wp-json\/wp\/v2\/users\/1"}],"replies":[{"embeddable":true,"href":"https:\/\/mekalite.com\/de\/wp-json\/wp\/v2\/comments?post=2600"}],"version-history":[{"count":1,"href":"https:\/\/mekalite.com\/de\/wp-json\/wp\/v2\/pages\/2600\/revisions"}],"predecessor-version":[{"id":2601,"href":"https:\/\/mekalite.com\/de\/wp-json\/wp\/v2\/pages\/2600\/revisions\/2601"}],"wp:attachment":[{"href":"https:\/\/mekalite.com\/de\/wp-json\/wp\/v2\/media?parent=2600"}],"curies":[{"name":"wp","href":"https:\/\/api.w.org\/{rel}","templated":true}]}}