{"id":2520,"date":"2024-11-04T07:37:05","date_gmt":"2024-11-04T07:37:05","guid":{"rendered":"https:\/\/mekalite.com\/?page_id=2520"},"modified":"2024-11-04T11:45:07","modified_gmt":"2024-11-04T11:45:07","slug":"spritzgussformenbau","status":"publish","type":"page","link":"https:\/\/mekalite.com\/de\/spritzgussformenbau\/","title":{"rendered":"Herstellung von Spritzgussformen"},"content":{"rendered":"<div class=\"wp-block-cover alignfull wp-duotone-dark-grayscale\" style=\"min-height:700px;aspect-ratio:unset;\"><span aria-hidden=\"true\" class=\"wp-block-cover__background has-background-dim\"><\/span><img loading=\"lazy\" decoding=\"async\" width=\"1024\" height=\"576\" class=\"wp-block-cover__image-background wp-image-2494\" alt=\"Mekalit\" src=\"https:\/\/mekalite.com\/wp-content\/uploads\/2024\/11\/PolymerMolding-232132-Plastic-Injection-Molding-Blogbanner1-1024x576.jpg\" data-object-fit=\"cover\" title=\"\" srcset=\"https:\/\/mekalite.com\/wp-content\/uploads\/2024\/11\/PolymerMolding-232132-Plastic-Injection-Molding-Blogbanner1-1024x576.jpg 1024w, https:\/\/mekalite.com\/wp-content\/uploads\/2024\/11\/PolymerMolding-232132-Plastic-Injection-Molding-Blogbanner1-300x169.jpg 300w, https:\/\/mekalite.com\/wp-content\/uploads\/2024\/11\/PolymerMolding-232132-Plastic-Injection-Molding-Blogbanner1-768x432.jpg 768w, https:\/\/mekalite.com\/wp-content\/uploads\/2024\/11\/PolymerMolding-232132-Plastic-Injection-Molding-Blogbanner1-18x10.jpg 18w, https:\/\/mekalite.com\/wp-content\/uploads\/2024\/11\/PolymerMolding-232132-Plastic-Injection-Molding-Blogbanner1.jpg 1212w\" sizes=\"auto, (max-width: 1024px) 100vw, 1024px\" \/><div class=\"wp-block-cover__inner-container is-layout-flow wp-block-cover-is-layout-flow\">\n<div class=\"wp-block-greenshift-blocks-row gspb_row gspb_row-id-gsbp-8573232\" id=\"gspb_row-id-gsbp-8573232\"><div class=\"gspb_row__content\"> \n<div class=\"wp-block-greenshift-blocks-row-column gspb_row__col--6 gspb_col-id-gsbp-53b6b32\" id=\"gspb_col-id-gsbp-53b6b32\">\n<h1 id=\"gspb_heading-id-gsbp-806b2eb\" class=\"gspb_heading gspb_heading-id-gsbp-806b2eb\"><strong>Herstellung von Kunststoff-Spritzgussformen\u00a0<\/strong><\/h1>\n\n\n\n<p>Lassen Sie <a href=\"https:\/\/mekalite.com\/de\/\">Mekalit<\/a> helfen Ihnen bei der Anpassung von Kunststoffspritzgie\u00dfformen! Erhalten Sie ein Angebot in nur 1 Stunde!<\/p>\n\n\n\n<div class=\"gspb_button_wrapper gspb_button-id-gsbp-a2dc8e7\" id=\"gspb_button-id-gsbp-a2dc8e7\"><a class=\"wp-block-greenshift-blocks-buttonbox gspb-buttonbox wp-element-button\" rel=\"noopener\"><span class=\"gspb-buttonbox-textwrap\"><span class=\"gspb-buttonbox-text\"><span class=\"gspb-buttonbox-title\">Ein Teil hochladen<\/span><\/span><\/span><\/a><\/div>\n\n\n\n<p><strong>Zertifizierungen<\/strong><\/p>\n\n\n\n<p>ISO 9001:2015 | ITAR-Registrierung | Kritische Qualit\u00e4tskontrollen<\/p>\n<\/div>\n\n\n\n<div class=\"wp-block-greenshift-blocks-row-column gspb_row__col--6 gspb_col-id-gsbp-6d59a7d\" id=\"gspb_col-id-gsbp-6d59a7d\">\n<div class=\"wp-block-greenshift-blocks-image gspb_image gspb_image-id-gsbp-4de74c2\" id=\"gspb_image-id-gsbp-4de74c2\"><img decoding=\"async\" src=\"https:\/\/mekalite.com\/wp-content\/uploads\/2024\/11\/mould-making.png\" data-src=\"\" alt=\"Herstellung von Spritzgussformen\" loading=\"lazy\" width=\"800\" height=\"541\" title=\"\"><\/div>\n<\/div>\n <\/div><\/div>\n<\/div><\/div>\n\n\n\n<h2 class=\"wp-block-heading\" id=\"understanding-plastic-injection-molds\">Verst\u00e4ndnis von Kunststoff-Spritzgie\u00dfformen<\/h2>\n\n\n\n<p>Kunststoffspritzgussformen werden in der Regel aus Materialien wie geh\u00e4rtetem oder vorgeh\u00e4rtetem Stahl, Aluminium und Beryllium-Kupfer-Legierungen hergestellt. Stahlformen sind zwar teurer, werden aber wegen ihrer au\u00dfergew\u00f6hnlichen Haltbarkeit bevorzugt. Geh\u00e4rtete Stahlformen werden nach der Bearbeitung w\u00e4rmebehandelt und bieten eine h\u00f6here Verschlei\u00dffestigkeit und eine l\u00e4ngere Lebensdauer. Viele Stahlformen sind in der Lage, w\u00e4hrend ihrer gesamten Lebensdauer mehr als eine Million Teile zu produzieren. F\u00fcr geringere Produktionsmengen sind Formen aus vorgeh\u00e4rtetem Stahl eine kosteng\u00fcnstigere Option, auch wenn sie weniger verschlei\u00dffest sind.<\/p>\n\n\n\n<p>Aluminiumformen sind eine kosteng\u00fcnstige Alternative, eignen sich aber in der Regel nicht f\u00fcr die Produktion gro\u00dfer Mengen oder von Teilen mit engen Ma\u00dftoleranzen. Sie k\u00f6nnen jedoch Zehntausende bis Hunderttausende von Teilen effizient herstellen, wenn sie mit <a href=\"https:\/\/mekalite.com\/de\/cnc-bearbeitung\/\">CNC-Bearbeitung<\/a> oder funkenerosive Bearbeitung (EDM).<\/p>\n\n\n\n<p>Eins\u00e4tze aus Kupferlegierungen k\u00f6nnen in bestimmten Bereichen einer Form verwendet werden, die eine schnelle W\u00e4rmeabfuhr erfordern, was zu einer Verk\u00fcrzung der Zykluszeiten beitragen und die \u00e4sthetische Qualit\u00e4t des Endprodukts verbessern kann.<\/p>\n\n\n\n<h2 class=\"wp-block-heading\" id=\"how-are-plastic-injection-molds-made\">Wie werden Kunststoff-Spritzgie\u00dfformen hergestellt?<\/h2>\n\n\n\n<p>Formen werden haupts\u00e4chlich durch zwei Methoden hergestellt: Standardbearbeitung und Funkenerosion (EDM).<\/p>\n\n\n\n<h3 class=\"wp-block-heading\" id=\"standard-cnc-machining\">Standard\/CNC-Bearbeitung<\/h3>\n\n\n\n<p>Die herk\u00f6mmliche Bearbeitung umfasst manuelle Vorg\u00e4nge mit Drehb\u00e4nken, Fr\u00e4smaschinen und Bohrpressen. Mit dem technologischen Fortschritt hat sich die CNC-Bearbeitung zur f\u00fchrenden Methode f\u00fcr die Herstellung komplexer und genauer Formen entwickelt. Bei der CNC-Bearbeitung werden Computer eingesetzt, um die Bewegungen von Fr\u00e4smaschinen, Drehb\u00e4nken und anderen Schneidemaschinen zu steuern.<\/p>\n\n\n\n<p>Bei modernen CNC-Systemen sind die Prozesse f\u00fcr die Konstruktion und Herstellung von Formen hochgradig automatisiert. Die mechanischen Abmessungen der Form werden mit Hilfe von CAD-Software (Computer-Aided Design) festgelegt, die dann mit Hilfe von CAM-Software (Computer-Aided Manufacturing) in Fertigungsanweisungen umgesetzt wird. Diese Anweisungen werden in spezifische Befehle f\u00fcr jede an der Formherstellung beteiligte Maschine umgewandelt.<\/p>\n\n\n\n<figure class=\"wp-block-image alignright size-full\"><img loading=\"lazy\" decoding=\"async\" width=\"400\" height=\"600\" src=\"https:\/\/mekalite.com\/wp-content\/uploads\/2024\/11\/image-3.png\" alt=\"Mekalit\" class=\"wp-image-2524\" title=\"\" srcset=\"https:\/\/mekalite.com\/wp-content\/uploads\/2024\/11\/image-3.png 400w, https:\/\/mekalite.com\/wp-content\/uploads\/2024\/11\/image-3-200x300.png 200w, https:\/\/mekalite.com\/wp-content\/uploads\/2024\/11\/image-3-8x12.png 8w\" sizes=\"auto, (max-width: 400px) 100vw, 400px\" \/><\/figure>\n\n\n\n<h3 class=\"wp-block-heading\" id=\"electrical-discharge-machining-edm\">Elektrische Funkenerosion (EDM)<\/h3>\n\n\n\n<p>Die Funkenerosion wird im Formenbau immer beliebter. Bei diesem Verfahren wird eine Elektrode aus Graphit oder Kupfer verwendet, die \u00fcber dem in eine dielektrische Fl\u00fcssigkeit getauchten Werkst\u00fcck angebracht wird. Die Elektrode wird abgesenkt, um eine Funkenstrecke zu erzeugen, so dass durch kontrollierte elektrische Entladungen Metall ohne direkten Kontakt abgetragen werden kann. Diese Methode ist zwar langsamer als die herk\u00f6mmliche CNC-Bearbeitung, kann aber komplexe Formen erzeugen, die sonst nicht m\u00f6glich w\u00e4ren.<\/p>\n\n\n\n<p>Dar\u00fcber hinaus erm\u00f6glicht die Funkenerosion die Formgebung von vorgeh\u00e4rteten Formen ohne weitere W\u00e4rmebehandlung. In einigen F\u00e4llen dient die durch Erodieren erzeugte Feinbearbeitung als endg\u00fcltiges Oberfl\u00e4chenfinish f\u00fcr den Formhohlraum.<\/p>\n\n\n\n<h2 class=\"wp-block-heading\" id=\"mold-design\">Formenbau<\/h2>\n\n\n\n<p>Ein Kunststoff-Spritzgie\u00dfwerkzeug besteht aus zwei Hauptkomponenten: der Kavit\u00e4tenh\u00e4lfte (A-H\u00e4lfte) und der Auswerferh\u00e4lfte (B-H\u00e4lfte). Im Folgenden wird erl\u00e4utert, wie diese Komponenten zusammenarbeiten:<\/p>\n\n\n\n<ol class=\"wp-block-list\">\n<li><strong>Plastischer Eintrag:<\/strong> Das geschmolzene Kunststoffharz tritt durch einen \"Anguss\" oder \"Anschnitt\" in die A-H\u00e4lfte ein, der durch eine Angussbuchse gegen die D\u00fcse des Einspritzzylinders abgedichtet wird.<\/li>\n\n\n\n<li><strong>Channeling:<\/strong> Die Angussbuchse leitet den geschmolzenen Kunststoff durch Kan\u00e4le, die so genannten \"Angusskan\u00e4le\", die in die Fl\u00e4chen der A- und B-H\u00e4lfte der Form eingearbeitet sind.<\/li>\n\n\n\n<li><strong>F\u00fcllung von Hohlr\u00e4umen:<\/strong> Der geschmolzene Kunststoff flie\u00dft durch den Anguss und tritt durch spezielle Anschnitte in die Kavit\u00e4t ein und formt das gew\u00fcnschte Teil.<\/li>\n\n\n\n<li><strong>Rauswurf:<\/strong> Nach Abschluss des Formvorgangs sorgt die Konstruktion daf\u00fcr, dass das Formteil auf der B-H\u00e4lfte verbleibt, wenn sich das Werkzeug \u00f6ffnet. Der Anguss und der Anguss werden aus der A-H\u00e4lfte herausgezogen, sodass das Teil frei aus der B-H\u00e4lfte fallen kann.<\/li>\n<\/ol>\n\n\n\n<p>Ein einzelnes Kunststoff-Spritzgie\u00dfwerkzeug kann von einer Kavit\u00e4t (die jeweils ein Teil produziert) bis hin zu mehreren Kavit\u00e4ten reichen, was extrem hohe Produktionsraten erm\u00f6glicht, wie man an Formen f\u00fcr Artikel wie Flaschenverschl\u00fcsse sieht, die \u00fcber 100 Kavit\u00e4ten haben k\u00f6nnen.<\/p>\n\n\n\n<figure class=\"wp-block-image aligncenter size-full\"><img loading=\"lazy\" decoding=\"async\" width=\"800\" height=\"533\" src=\"https:\/\/mekalite.com\/wp-content\/uploads\/2024\/11\/image-2.png\" alt=\"Mekalit\" class=\"wp-image-2523\" title=\"\" srcset=\"https:\/\/mekalite.com\/wp-content\/uploads\/2024\/11\/image-2.png 800w, https:\/\/mekalite.com\/wp-content\/uploads\/2024\/11\/image-2-300x200.png 300w, https:\/\/mekalite.com\/wp-content\/uploads\/2024\/11\/image-2-768x512.png 768w, https:\/\/mekalite.com\/wp-content\/uploads\/2024\/11\/image-2-18x12.png 18w\" sizes=\"auto, (max-width: 800px) 100vw, 800px\" \/><\/figure>","protected":false},"excerpt":{"rendered":"<p>Understanding Plastic Injection Molds Plastic injection molds are typically made from materials like hardened or pre-hardened steel, aluminum, and beryllium-copper alloy. While steel molds are more expensive, they are preferred for their exceptional durability. Hardened steel molds are heat-treated after machining, offering superior wear resistance and a longer lifespan. Many steel molds are capable of [&hellip;]<\/p>","protected":false},"author":1,"featured_media":0,"parent":0,"menu_order":0,"comment_status":"closed","ping_status":"closed","template":"","meta":{"_eb_attr":"","_gspb_post_css":"#gspb_row-id-gsbp-8573232{justify-content:space-between;margin-top:0;margin-bottom:0;display:flex;flex-wrap:wrap;align-content:center}#gspb_row-id-gsbp-8573232>.gspb_row__content{display:flex;justify-content:space-between;margin:0 auto;width:100%;flex-wrap:wrap;max-width:1400px;align-items:center}.gspb_row{position:relative}div[id^=gspb_col-id]{box-sizing:border-box;position:relative;padding:15px min(3vw,20px)}#gspb_col-id-gsbp-53b6b32.gspb_row__col--6{width:50%}@media (max-width:575.98px){#gspb_col-id-gsbp-53b6b32.gspb_row__col--6{width:100%}#gspb_heading-id-gsbp-806b2eb{font-size:30px}}#gspb_heading-id-gsbp-806b2eb{color:var(--wp--preset--color--palette-color-8, var(--theme-palette-color-8, #ffffff))}@media (max-width:575.98px){#gspb_heading-id-gsbp-806b2eb{margin-top:52px}}#gspb_button-id-gsbp-a2dc8e7{display:flex;justify-content:flex-start}#gspb_button-id-gsbp-a2dc8e7 .gspb-buttonbox-text{display:flex;flex-direction:column}#gspb_button-id-gsbp-a2dc8e7>.gspb-buttonbox{box-sizing:border-box;margin-bottom:20px}#gspb_col-id-gsbp-6d59a7d.gspb_row__col--6{width:50%}@media (max-width:575.98px){#gspb_col-id-gsbp-6d59a7d.gspb_row__col--6{width:100%}}#gspb_image-id-gsbp-4de74c2{text-align:center}#gspb_image-id-gsbp-4de74c2 img{vertical-align:bottom;display:inline-block;box-sizing:border-box;max-width:100%;height:auto}","footnotes":""},"class_list":["post-2520","page","type-page","status-publish","hentry"],"blocksy_meta":{"has_hero_section":"disabled","vertical_spacing_source":"custom","content_area_spacing":"bottom","styles_descriptor":{"styles":{"desktop":"","tablet":"","mobile":""},"google_fonts":[],"version":6}},"_links":{"self":[{"href":"https:\/\/mekalite.com\/de\/wp-json\/wp\/v2\/pages\/2520","targetHints":{"allow":["GET"]}}],"collection":[{"href":"https:\/\/mekalite.com\/de\/wp-json\/wp\/v2\/pages"}],"about":[{"href":"https:\/\/mekalite.com\/de\/wp-json\/wp\/v2\/types\/page"}],"author":[{"embeddable":true,"href":"https:\/\/mekalite.com\/de\/wp-json\/wp\/v2\/users\/1"}],"replies":[{"embeddable":true,"href":"https:\/\/mekalite.com\/de\/wp-json\/wp\/v2\/comments?post=2520"}],"version-history":[{"count":3,"href":"https:\/\/mekalite.com\/de\/wp-json\/wp\/v2\/pages\/2520\/revisions"}],"predecessor-version":[{"id":2552,"href":"https:\/\/mekalite.com\/de\/wp-json\/wp\/v2\/pages\/2520\/revisions\/2552"}],"wp:attachment":[{"href":"https:\/\/mekalite.com\/de\/wp-json\/wp\/v2\/media?parent=2520"}],"curies":[{"name":"wp","href":"https:\/\/api.w.org\/{rel}","templated":true}]}}