{"id":2227,"date":"2024-10-28T00:05:18","date_gmt":"2024-10-28T00:05:18","guid":{"rendered":"https:\/\/mekalite.com\/?page_id=2227"},"modified":"2024-10-28T00:05:19","modified_gmt":"2024-10-28T00:05:19","slug":"pvd-beschichtung-dienstleistungen","status":"publish","type":"page","link":"https:\/\/mekalite.com\/de\/pvd-beschichtung-dienstleistungen\/","title":{"rendered":"PVD-Beschichtungsdienstleistungen"},"content":{"rendered":"<div class=\"wp-block-greenshift-blocks-row alignfull gspb_row gspb_row-id-gsbp-9c27dfc\" id=\"gspb_row-id-gsbp-9c27dfc\"><div class=\"gspb_backgroundOverlay\"><\/div><div class=\"gspb_row__content\"> \n<div class=\"wp-block-greenshift-blocks-row-column gspb_row__col--12 gspb_col-id-gsbp-6d61d37\" id=\"gspb_col-id-gsbp-6d61d37\">\n\n<h1 style=\"color:#fefefe; text-transform:capitalize; margin-top:20px;margin-bottom:0px;\" class=\"ct-dynamic-data has-text-align-left wp-elements-ffa9fa256b8e68822e089e811737d287 has-text-color\">PVD-Beschichtungsdienstleistungen<\/h1>\n\n\n<p class=\"has-palette-color-7-color has-text-color has-link-color wp-elements-678db43c63faef59e95eb3880e3fb897\">Wir bieten eine breite Palette an dekorativen Oberfl\u00e4chen mit PVD-Beschichtung an, darunter verschiedene Farben und \u00e4sthetische Effekte. Dieses Verfahren kann Materialien auch widerstandsf\u00e4higer gegen Verschlei\u00df, Abrieb und Kratzer machen.<\/p>\n<\/div>\n <\/div><\/div>\n\n\n\n<div class=\"wp-block-greenshift-blocks-row gspb_row gspb_row-id-gsbp-ea87b6f\" id=\"gspb_row-id-gsbp-ea87b6f\"><div class=\"gspb_row__content\"> \n<div class=\"wp-block-greenshift-blocks-row-column gspb_row__col--6 gspb_col-id-gsbp-0cf4b9c\" id=\"gspb_col-id-gsbp-0cf4b9c\">\n<p><strong><a href=\"https:\/\/mekalite.com\/de\/\">Mekalit<\/a><\/strong><\/p>\n\n\n\n<div class=\"wp-block-greenshift-blocks-image gspb_image gspb_image-id-gsbp-43b69df\" id=\"gspb_image-id-gsbp-43b69df\"><img decoding=\"async\" src=\"https:\/\/mekalite.com\/wp-content\/uploads\/2024\/10\/Nickel-plating-part1.jpg\" data-src=\"\" alt=\"Mekalit\" loading=\"lazy\" width=\"500\" height=\"500\" title=\"\"><\/div>\n<\/div>\n\n\n\n<div class=\"wp-block-greenshift-blocks-row-column gspb_row__col--6 gspb_col-id-gsbp-8d89c67\" id=\"gspb_col-id-gsbp-8d89c67\">\n<h2 class=\"wp-block-heading has-x-large-font-size\" id=\"custom-parts-with-pvd-coating\">Kundenspezifische Teile mit PVD-Beschichtung<\/h2>\n\n\n\n<p>Die PVD-Beschichtung dient nicht nur dekorativen Zwecken, sondern sorgt auch f\u00fcr reibungslose Bewegungen in der Fertigung und erh\u00f6ht die Materialh\u00e4rte.<\/p>\n\n\n\n<p>Mekalite verwendet diese Beschichtung in der Regel f\u00fcr Schmuck, Uhren und Elektronik. Wegen ihrer Temperaturbest\u00e4ndigkeit ist sie auch f\u00fcr Schneidwerkzeuge n\u00fctzlich. Au\u00dferdem verbessern bestimmte Beschichtungen wie Titannitrid und Chromnitrid die Korrosionsbest\u00e4ndigkeit.<\/p>\n\n\n\n<p>Mekalite sorgt daf\u00fcr, dass die Beschichtungen pr\u00e4zise in d\u00fcnnen, gleichm\u00e4\u00dfigen Schichten aufgetragen werden, was eine optimale Leistung garantiert. Unsere Vielseitigkeit bei der Beschichtung verschiedener Materialien, einschlie\u00dflich Metallen und Kunststoffen, unterstreicht unsere Anpassungsf\u00e4higkeit an unterschiedliche Branchen. Dar\u00fcber hinaus macht Mekalite die Konzentration auf die Kundenzufriedenheit in Verbindung mit unseren qualifizierten Fachleuten und modernster Technologie zur bevorzugten Wahl f\u00fcr alle, die zuverl\u00e4ssige und hochwertige PVD-Beschichtungsdienstleistungen suchen.<\/p>\n\n\n\n<div class=\"gspb_button_wrapper gspb_button-id-gsbp-c432130\" id=\"gspb_button-id-gsbp-c432130\"><a class=\"wp-block-greenshift-blocks-buttonbox gspb-buttonbox wp-element-button\" href=\"https:\/\/mekalite.com\/de\/zitat\/\" rel=\"noopener\"><span class=\"gspb-buttonbox-textwrap\"><span class=\"gspb-buttonbox-text\"><span class=\"gspb-buttonbox-title\">Angebot anfordern<\/span><\/span><\/span><\/a><\/div>\n<\/div>\n <\/div><\/div>\n\n\n\n<div class=\"wp-block-greenshift-blocks-row gspb_row gspb_row-id-gsbp-9583c58\" id=\"gspb_row-id-gsbp-9583c58\"><div class=\"gspb_row__content\"> \n<div class=\"wp-block-greenshift-blocks-row-column gspb_row__col--6 gspb_col-id-gsbp-bf37991\" id=\"gspb_col-id-gsbp-bf37991\">\n<p><strong>TECHNOLOGIE\u00dcBERSICHT<\/strong><\/p>\n<\/div>\n\n\n\n<div class=\"wp-block-greenshift-blocks-row-column gspb_row__col--6 gspb_col-id-gsbp-0c4a6da\" id=\"gspb_col-id-gsbp-0c4a6da\">\n<h2 class=\"wp-block-heading\" id=\"more-about-pvd-coating\" style=\"font-size:clamp(24.034px, 1.502rem + ((1vw - 3.2px) * 1.247), 40px);\"><strong>Mehr \u00fcber<\/strong>\u00a0PVD-Beschichtung<\/h2>\n<\/div>\n <\/div><\/div>\n\n\n\n<div class=\"wp-block-greenshift-blocks-row gspb_row gspb_row-id-gsbp-f400041\" id=\"gspb_row-id-gsbp-f400041\"><div class=\"gspb_row__content\"> \n<div class=\"wp-block-greenshift-blocks-row-column gspb_row__col--4 gspb_col-id-gsbp-3632ff0\" id=\"gspb_col-id-gsbp-3632ff0\">\n<h3 class=\"wp-block-heading\" id=\"headline-97-194-1\">Was ist eine PVD-Beschichtung?<\/h3>\n\n\n\n<p class=\"has-small-font-size\">Die PVD-Beschichtung (Physical Vapor Deposition) ist ein Verfahren zur Oberfl\u00e4chenbehandlung, bei dem d\u00fcnne Materialschichten in einer Vakuumumgebung auf ein Substrat aufgebracht werden. Zwei g\u00e4ngige Techniken sind das Sputtern und das Aufdampfen.<\/p>\n\n\n\n<p>Beim Sputtern wird ein Zielmaterial mit hochenergetischen Ionen beschossen, w\u00e4hrend beim Verdampfen ein festes Material erhitzt wird, bis es verdampft und dann auf dem Substrat kondensiert. H\u00e4ufig werden Materialien wie Titan, Chrom und verschiedene Nitride verwendet.<\/p>\n\n\n\n<p class=\"has-small-font-size\">PVD-Beschichtungen bieten Vorteile wie erh\u00f6hte H\u00e4rte, Verschlei\u00dffestigkeit und Korrosionsbest\u00e4ndigkeit. Sie k\u00f6nnen auch zu dekorativen Zwecken eingesetzt werden, da sie das Aussehen von Produkten verbessern k\u00f6nnen. Trotz ihrer Vorteile ist die PVD-Beschichtung ein kompliziertes und manchmal kostspieliges Verfahren, das spezielle Anlagen und kontrollierte Bedingungen erfordert.<\/p>\n<\/div>\n\n\n\n<div class=\"wp-block-greenshift-blocks-row-column gspb_row__col--4 gspb_col-id-gsbp-e695e11\" id=\"gspb_col-id-gsbp-e695e11\">\n<h3 class=\"wp-block-heading\" id=\"headline-97-194-2\">Vorteile des Vernickelns<\/h3>\n\n\n\n<ul class=\"wp-block-list\">\n<li>Erh\u00f6hte H\u00e4rte<\/li>\n\n\n\n<li>Verbesserte Verschlei\u00dffestigkeit<\/li>\n\n\n\n<li>Erh\u00f6hte Korrosionsbest\u00e4ndigkeit<\/li>\n\n\n\n<li>Verbesserte Oberfl\u00e4chen\u00e4sthetik<\/li>\n\n\n\n<li>Hohe Temperaturstabilit\u00e4t<\/li>\n<\/ul>\n<\/div>\n\n\n\n<div class=\"wp-block-greenshift-blocks-row-column gspb_row__col--4 gspb_col-id-gsbp-081aae3\" id=\"gspb_col-id-gsbp-081aae3\">\n<h3 class=\"wp-block-heading\" id=\"headline-97-194-3\">Konstruktions\u00fcberlegungen f\u00fcr die Vernickelung<\/h3>\n\n\n\n<ul class=\"wp-block-list\">\n<li>Kompatibilit\u00e4t der Substrate<\/li>\n\n\n\n<li>Vorbereitung der Oberfl\u00e4che<\/li>\n\n\n\n<li>Geometrische \u00dcberlegungen<\/li>\n\n\n\n<li>Optimierung der Beschichtungsparameter (Temperatur, Abscheiderate)<\/li>\n\n\n\n<li>Gleichm\u00e4\u00dfigkeit bei komplexen Formen<\/li>\n\n\n\n<li>Richtige Reinigungsverfahren<\/li>\n\n\n\n<li>Auswahl der geeigneten Beschichtungsmaterialien<\/li>\n\n\n\n<li>Dauerhafte und funktionelle Beschichtung im Fokus<\/li>\n<\/ul>\n<\/div>\n <\/div><\/div>\n\n\n\n<div class=\"wp-block-greenshift-blocks-row gspb_row gspb_row-id-gsbp-3efb9a0\" id=\"gspb_row-id-gsbp-3efb9a0\"><div class=\"gspb_row__content\"> \n<div class=\"wp-block-greenshift-blocks-row-column gspb_row__col--12 gspb_col-id-gsbp-6067de0\" id=\"gspb_col-id-gsbp-6067de0\">\n<div class=\"wp-block-cover\"><span aria-hidden=\"true\" class=\"wp-block-cover__background has-background-dim\"><\/span><img loading=\"lazy\" decoding=\"async\" width=\"1024\" height=\"585\" class=\"wp-block-cover__image-background wp-image-1964\" alt=\"Pr\u00e4zisionsbearbeitung\" src=\"https:\/\/mekalite.com\/wp-content\/uploads\/2024\/10\/precision-machining-1-1024x585.jpg\" data-object-fit=\"cover\" title=\"\" srcset=\"https:\/\/mekalite.com\/wp-content\/uploads\/2024\/10\/precision-machining-1-1024x585.jpg 1024w, https:\/\/mekalite.com\/wp-content\/uploads\/2024\/10\/precision-machining-1-300x171.jpg 300w, https:\/\/mekalite.com\/wp-content\/uploads\/2024\/10\/precision-machining-1-768x439.jpg 768w, https:\/\/mekalite.com\/wp-content\/uploads\/2024\/10\/precision-machining-1.jpg 1344w\" sizes=\"auto, (max-width: 1024px) 100vw, 1024px\" \/><div class=\"wp-block-cover__inner-container is-layout-flow wp-block-cover-is-layout-flow\">\n<h2 class=\"wp-block-heading has-text-align-center has-palette-color-8-color has-text-color has-link-color has-large-font-size wp-elements-e1760f4ce70cc5dd84c2d78abd5c7da0\" id=\"get-an-accurate-quote-for-your-next-projects\">Erhalten Sie ein genaues Angebot f\u00fcr Ihr n\u00e4chstes Projekt<\/h2>\n\n\n\n<p class=\"has-text-align-center\">Ganz gleich, ob Ihr Projekt kompliziert oder einfach ist, ob es sich um Metall oder Kunststoff handelt, Sie erhalten innerhalb von 6 Stunden ein genaues Angebot.<\/p>\n\n\n\n<div class=\"gspb_button_wrapper gspb_button-id-gsbp-d55f3fa\" id=\"gspb_button-id-gsbp-d55f3fa\"><a class=\"wp-block-greenshift-blocks-buttonbox gspb-buttonbox wp-element-button\" href=\"https:\/\/mekalite.com\/de\/zitat\/\" rel=\"noopener\"><span class=\"gspb-buttonbox-textwrap\"><span class=\"gspb-buttonbox-text\"><span class=\"gspb-buttonbox-title\">Angebot anfordern<\/span><\/span><\/span><\/a><\/div>\n<\/div><\/div>\n<\/div>\n <\/div><\/div>","protected":false},"excerpt":{"rendered":"","protected":false},"author":1,"featured_media":0,"parent":0,"menu_order":0,"comment_status":"closed","ping_status":"closed","template":"","meta":{"_eb_attr":"","_gspb_post_css":"#gspb_row-id-gsbp-9c27dfc{justify-content:space-between;margin-top:0;display:flex;flex-wrap:wrap;align-content:center;margin-bottom:60px;padding-top:250px;padding-bottom:60px}#gspb_row-id-gsbp-9c27dfc>.gspb_row__content{display:flex;margin:0 auto;width:100%;flex-wrap:wrap;align-items:center;justify-content:center}.gspb_row{position:relative}div[id^=gspb_col-id]{box-sizing:border-box;position:relative;padding:15px min(3vw,20px)}body.gspb-bodyfront #gspb_row-id-gsbp-9c27dfc>.gspb_row__content{width:var(--theme-container-width, 1200px);max-width:var(--theme-normal-container-max-width, 1200px)}@media (max-width:991.98px){#gspb_row-id-gsbp-9c27dfc{padding-top:120px}}#gspb_row-id-gsbp-9c27dfc{background-size:cover;background-repeat:no-repeat;background-position:48% 51%;background-image:url(https:\/\/mekalite.com\/wp-content\/uploads\/2024\/10\/PVD-Coating1.jpg);isolation:isolate}#gspb_row-id-gsbp-9c27dfc:hover{background-size:cover}#gspb_row-id-gsbp-9c27dfc>.gspb_backgroundOverlay{position:absolute;top:0;left:0;width:100%;height:100%;z-index:-1;opacity:.8;background-color:#000}#gspb_col-id-gsbp-6d61d37.gspb_row__col--12{width:100%}@media (max-width:575.98px){#gspb_col-id-gsbp-6d61d37.gspb_row__col--12{width:100%}}@media (min-width:992px){body.gspb-bodyfront #gspb_col-id-gsbp-6d61d37.gspb_row__col--12{width:calc(100% - 0px - 0px)}}.gspb_row #gspb_col-id-gsbp-6d61d37.gspb_row__col--12{padding:0}body #gspb_col-id-gsbp-6d61d37.gspb_row__col--12,body #gspb_col-id-gsbp-bf37991.gspb_row__col--6{display:block}#gspb_row-id-gsbp-ea87b6f{justify-content:space-between;margin-top:0;display:flex;flex-wrap:wrap;margin-bottom:40px}#gspb_row-id-gsbp-ea87b6f>.gspb_row__content{display:flex;justify-content:space-between;margin:0 auto;width:100%;flex-wrap:wrap}body.gspb-bodyfront #gspb_row-id-gsbp-ea87b6f>.gspb_row__content{width:var(--theme-container-width, 1200px);max-width:var(--theme-normal-container-max-width, 1200px)}#gspb_col-id-gsbp-0cf4b9c.gspb_row__col--6{width:50%}@media (max-width:575.98px){#gspb_col-id-gsbp-0cf4b9c.gspb_row__col--6{width:100%}}@media (min-width:992px){body.gspb-bodyfront #gspb_col-id-gsbp-0cf4b9c.gspb_row__col--6{width:calc(30% - 0px - 0px)}}#gspb_image-id-gsbp-43b69df img{vertical-align:top;display:inline-block;box-sizing:border-box;max-width:100%;height:auto}#gspb_col-id-gsbp-8d89c67.gspb_row__col--6{width:50%}@media (max-width:575.98px){#gspb_col-id-gsbp-8d89c67.gspb_row__col--6{width:100%}}@media (min-width:992px){body.gspb-bodyfront #gspb_col-id-gsbp-8d89c67.gspb_row__col--6{width:calc(65% - 0px - 0px)}}#gspb_button-id-gsbp-c432130{display:flex;justify-content:flex-start}#gspb_button-id-gsbp-c432130 .gspb-buttonbox-text{display:flex;flex-direction:column}#gspb_button-id-gsbp-c432130>.gspb-buttonbox{box-sizing:border-box}#gspb_button-id-gsbp-c432130>.gspb-buttonbox,#gspb_button-id-gsbp-c432130>.gspb-buttonbox>.gspb_backgroundOverlay{border-top-left-radius:0;border-top-right-radius:0;border-bottom-right-radius:0;border-bottom-left-radius:0}#gspb_row-id-gsbp-9583c58{align-content:center}#gspb_row-id-gsbp-9583c58>.gspb_row__content{display:flex;justify-content:space-between;margin:0 auto;width:100%;flex-wrap:wrap;align-items:center}body.gspb-bodyfront #gspb_row-id-gsbp-9583c58>.gspb_row__content{width:var(--theme-container-width, 1200px);max-width:var(--theme-normal-container-max-width, 1200px)}#gspb_col-id-gsbp-bf37991.gspb_row__col--6{width:50%}@media (max-width:575.98px){#gspb_col-id-gsbp-bf37991.gspb_row__col--6{width:100%}}@media (min-width:992px){body.gspb-bodyfront #gspb_col-id-gsbp-bf37991.gspb_row__col--6{width:calc(30% - 0px - 0px)}}#gspb_col-id-gsbp-0c4a6da.gspb_row__col--6{width:50%}@media (max-width:575.98px){#gspb_col-id-gsbp-0c4a6da.gspb_row__col--6{width:100%}}@media (min-width:992px){body.gspb-bodyfront #gspb_col-id-gsbp-0c4a6da.gspb_row__col--6{width:calc(68% - 0px - 0px)}}#gspb_row-id-gsbp-3efb9a0,#gspb_row-id-gsbp-9583c58,#gspb_row-id-gsbp-f400041{justify-content:space-between;margin-top:0;margin-bottom:0;display:flex;flex-wrap:wrap}#gspb_row-id-gsbp-f400041>.gspb_row__content{display:flex;justify-content:space-between;margin:0 auto;width:100%;flex-wrap:wrap}#gspb_col-id-gsbp-3632ff0.gspb_row__col--4{width:33.333333333333336%}@media (max-width:575.98px){#gspb_col-id-gsbp-3632ff0.gspb_row__col--4{width:100%}}#gspb_col-id-gsbp-e695e11.gspb_row__col--4{width:33.333333333333336%}@media (max-width:575.98px){#gspb_col-id-gsbp-e695e11.gspb_row__col--4{width:100%}}#gspb_col-id-gsbp-081aae3.gspb_row__col--4{width:33.333333333333336%}@media (max-width:575.98px){#gspb_col-id-gsbp-081aae3.gspb_row__col--4{width:100%}}#gspb_row-id-gsbp-3efb9a0>.gspb_row__content{display:flex;justify-content:space-between;margin:0 auto;width:100%;flex-wrap:wrap}body.gspb-bodyfront #gspb_row-id-gsbp-3efb9a0>.gspb_row__content,body.gspb-bodyfront #gspb_row-id-gsbp-f400041>.gspb_row__content{width:var(--theme-container-width, 1200px);max-width:var(--theme-normal-container-max-width, 1200px)}#gspb_col-id-gsbp-6067de0.gspb_row__col--12{width:100%}@media (max-width:575.98px){#gspb_col-id-gsbp-6067de0.gspb_row__col--12{width:100%}}#gspb_button-id-gsbp-d55f3fa{display:flex;justify-content:center}#gspb_button-id-gsbp-d55f3fa .gspb-buttonbox-text{display:flex;flex-direction:column}#gspb_button-id-gsbp-d55f3fa>.gspb-buttonbox{box-sizing:border-box;margin-bottom:0;background-color:#fff;text-decoration:none;color:#111827;box-shadow:0 1px 3px 0 #0000001a,0 1px 2px 0 #0000000f}#gspb_button-id-gsbp-d55f3fa>.gspb-buttonbox:hover{background-color:#f9fafb!important}#gspb_button-id-gsbp-d55f3fa>.gspb-buttonbox a{text-decoration:none}#gspb_button-id-gsbp-d55f3fa>.gspb-buttonbox,#gspb_button-id-gsbp-d55f3fa>.gspb-buttonbox>.gspb_backgroundOverlay{border-top-left-radius:.5rem;border-top-right-radius:.5rem;border-bottom-right-radius:.5rem;border-bottom-left-radius:.5rem}","footnotes":""},"class_list":["post-2227","page","type-page","status-publish","hentry"],"blocksy_meta":{"has_hero_section":"disabled","vertical_spacing_source":"custom","content_area_spacing":"bottom","styles_descriptor":{"styles":{"desktop":"","tablet":"","mobile":""},"google_fonts":[],"version":6}},"_links":{"self":[{"href":"https:\/\/mekalite.com\/de\/wp-json\/wp\/v2\/pages\/2227","targetHints":{"allow":["GET"]}}],"collection":[{"href":"https:\/\/mekalite.com\/de\/wp-json\/wp\/v2\/pages"}],"about":[{"href":"https:\/\/mekalite.com\/de\/wp-json\/wp\/v2\/types\/page"}],"author":[{"embeddable":true,"href":"https:\/\/mekalite.com\/de\/wp-json\/wp\/v2\/users\/1"}],"replies":[{"embeddable":true,"href":"https:\/\/mekalite.com\/de\/wp-json\/wp\/v2\/comments?post=2227"}],"version-history":[{"count":1,"href":"https:\/\/mekalite.com\/de\/wp-json\/wp\/v2\/pages\/2227\/revisions"}],"predecessor-version":[{"id":2229,"href":"https:\/\/mekalite.com\/de\/wp-json\/wp\/v2\/pages\/2227\/revisions\/2229"}],"wp:attachment":[{"href":"https:\/\/mekalite.com\/de\/wp-json\/wp\/v2\/media?parent=2227"}],"curies":[{"name":"wp","href":"https:\/\/api.w.org\/{rel}","templated":true}]}}