{"id":2187,"date":"2024-10-27T22:22:55","date_gmt":"2024-10-27T22:22:55","guid":{"rendered":"https:\/\/mekalite.com\/?page_id=2187"},"modified":"2025-04-10T17:59:55","modified_gmt":"2025-04-10T17:59:55","slug":"dlc-beschichtungsdienste","status":"publish","type":"page","link":"https:\/\/mekalite.com\/de\/dlc-beschichtungsdienste\/","title":{"rendered":"DLC-Beschichtungsdienst"},"content":{"rendered":"<div class=\"wp-block-greenshift-blocks-row alignfull gspb_row gspb_row-id-gsbp-9c27dfc\" id=\"gspb_row-id-gsbp-9c27dfc\"><div class=\"gspb_backgroundOverlay\"><\/div><div class=\"gspb_row__content\"> \n<div class=\"wp-block-greenshift-blocks-row-column gspb_row__col--12 gspb_col-id-gsbp-6d61d37\" id=\"gspb_col-id-gsbp-6d61d37\">\n\n<h1 style=\"color:#fefefe; text-transform:capitalize; margin-top:20px;margin-bottom:0px;\" class=\"ct-dynamic-data has-text-align-left wp-elements-ffa9fa256b8e68822e089e811737d287 has-text-color\">DLC-Beschichtungsdienst<\/h1>\n\n\n<p class=\"has-palette-color-7-color has-text-color has-link-color wp-elements-672d0657fb4c055785082b3a1d1d3aa5\">Entdecken Sie den erstklassigen DLC-Beschichtungsservice bei <a href=\"https:\/\/mekalite.com\/de\/\">Mekalit<\/a>. Verbessern Sie die Haltbarkeit, reduzieren Sie die Reibung und steigern Sie die Leistung mit unseren Expertenl\u00f6sungen aus diamant\u00e4hnlichem Kohlenstoff.<\/p>\n<\/div>\n <\/div><\/div>\n\n\n\n<div class=\"wp-block-greenshift-blocks-row gspb_row gspb_row-id-gsbp-ea87b6f\" id=\"gspb_row-id-gsbp-ea87b6f\"><div class=\"gspb_row__content\"> \n<div class=\"wp-block-greenshift-blocks-row-column gspb_row__col--6 gspb_col-id-gsbp-0cf4b9c\" id=\"gspb_col-id-gsbp-0cf4b9c\">\n<p><strong>Mekalit<\/strong><\/p>\n\n\n\n<div class=\"wp-block-greenshift-blocks-image gspb_image gspb_image-id-gsbp-43b69df\" id=\"gspb_image-id-gsbp-43b69df\"><img decoding=\"async\" src=\"https:\/\/mekalite.com\/wp-content\/uploads\/2024\/10\/DLC-Coating-part1.jpg\" data-src=\"\" alt=\"DLC-Beschichtungsdienstleistungen\" loading=\"lazy\" width=\"500\" height=\"500\" title=\"\"><\/div>\n<\/div>\n\n\n\n<div class=\"wp-block-greenshift-blocks-row-column gspb_row__col--6 gspb_col-id-gsbp-8d89c67\" id=\"gspb_col-id-gsbp-8d89c67\">\n<h2 class=\"wp-block-heading has-x-large-font-size\" id=\"custom-parts-with-dlc-coating\"><strong>Kundenspezifische Teile<\/strong>&nbsp;mit DLC-Beschichtung<\/h2>\n\n\n\n<p>Wir stellen DLC-beschichtete Produkte mit einer extremen H\u00e4rte her, die mit der von Naturdiamanten vergleichbar ist. Sie widerstehen Oberfl\u00e4chenbesch\u00e4digungen und verl\u00e4ngern die Lebensdauer von Komponenten, die Reibung, Gleit- oder Abriebverschlei\u00df ausgesetzt sind.<\/p>\n\n\n\n<p>Mekalite setzt Spitzentechnologie ein, um bei jedem Projekt Pr\u00e4zision und Zuverl\u00e4ssigkeit zu gew\u00e4hrleisten. Dank der mehr als 20-j\u00e4hrigen Erfahrung unseres Teams kennen wir die Feinheiten der DLC-Beschichtung und bieten ma\u00dfgeschneiderte L\u00f6sungen f\u00fcr Ihre spezifischen Anforderungen, ob es um H\u00e4rte, Verschlei\u00dffestigkeit oder geringe Reibung geht.<\/p>\n\n\n\n<p>Qualit\u00e4t ist eine nicht verhandelbare Priorit\u00e4t; unsere DLC-Beschichtungsprozesse erf\u00fcllen oder \u00fcbertreffen die Industriestandards. Wir verpflichten uns zu kurzen Durchlaufzeiten ohne Qualit\u00e4tseinbu\u00dfen. Mekalite bietet kosteneffiziente L\u00f6sungen, die eine hochwertige DLC-Beschichtung zug\u00e4nglich machen. Wir bieten erstklassige DLC-Beschichtungsdienstleistungen, die die Leistung und Lebensdauer Ihrer Komponenten in folgenden Bereichen verbessern <a href=\"https:\/\/mekalite.com\/de\/cnc-bearbeitung\/\">CNC-Bearbeitung<\/a>.<\/p>\n\n\n\n<div class=\"gspb_button_wrapper gspb_button-id-gsbp-c432130\" id=\"gspb_button-id-gsbp-c432130\"><a class=\"wp-block-greenshift-blocks-buttonbox gspb-buttonbox wp-element-button\" href=\"https:\/\/mekalite.com\/de\/zitat\/\" rel=\"noopener\"><span class=\"gspb-buttonbox-textwrap\"><span class=\"gspb-buttonbox-text\"><span class=\"gspb-buttonbox-title\">Angebot anfordern<\/span><\/span><\/span><\/a><\/div>\n<\/div>\n <\/div><\/div>\n\n\n\n<div class=\"wp-block-greenshift-blocks-row gspb_row gspb_row-id-gsbp-9583c58\" id=\"gspb_row-id-gsbp-9583c58\"><div class=\"gspb_row__content\"> \n<div class=\"wp-block-greenshift-blocks-row-column gspb_row__col--6 gspb_col-id-gsbp-bf37991\" id=\"gspb_col-id-gsbp-bf37991\">\n<p><strong>TECHNOLOGIE\u00dcBERSICHT<\/strong><\/p>\n<\/div>\n\n\n\n<div class=\"wp-block-greenshift-blocks-row-column gspb_row__col--6 gspb_col-id-gsbp-0c4a6da\" id=\"gspb_col-id-gsbp-0c4a6da\">\n<h2 class=\"wp-block-heading\" id=\"more-about-dlc-coating\" style=\"font-size:clamp(24.034px, 1.502rem + ((1vw - 3.2px) * 1.247), 40px);\"><strong>Mehr \u00fcber<\/strong>&nbsp;DLC-Beschichtung<\/h2>\n<\/div>\n <\/div><\/div>\n\n\n\n<div class=\"wp-block-greenshift-blocks-row gspb_row gspb_row-id-gsbp-f400041\" id=\"gspb_row-id-gsbp-f400041\"><div class=\"gspb_row__content\"> \n<div class=\"wp-block-greenshift-blocks-row-column gspb_row__col--4 gspb_col-id-gsbp-3632ff0\" id=\"gspb_col-id-gsbp-3632ff0\">\n<h3 class=\"wp-block-heading\" id=\"headline-97-194-1\">Was ist eine DLC-Beschichtung?<\/h3>\n\n\n\n<p class=\"has-small-font-size\">Eine DLC-Beschichtung (Diamond-Like Carbon) ist eine d\u00fcnne Schicht, die auf Oberfl\u00e4chen, vor allem Metalle, aufgetragen wird, um deren Eigenschaften zu verbessern. Sie besteht aus Kohlenstoff und Wasserstoff und ahmt die Struktur von nat\u00fcrlichen Diamanten nach. DLC ist bekannt f\u00fcr seine H\u00e4rte, geringe Reibung und chemische Inertheit.<\/p>\n\n\n\n<p>Sie wird mit Methoden wie der chemischen oder physikalischen Gasphasenabscheidung aufgebracht. Diese Beschichtung wird in Branchen wie der Automobilindustrie und der Luft- und Raumfahrt eingesetzt, wo sie die Verschlei\u00dffestigkeit und Haltbarkeit von Komponenten wie Motorteilen und Schneidwerkzeugen verbessert.<\/p>\n\n\n\n<p class=\"has-small-font-size\">Dar\u00fcber hinaus werden biokompatible DLC-Varianten in medizinischen Anwendungen, einschlie\u00dflich Beschichtungen f\u00fcr Implantate, eingesetzt. DLC-Beschichtungen bieten ein ausgewogenes Verh\u00e4ltnis von H\u00e4rte und Schutzqualit\u00e4ten in verschiedenen Bereichen.<\/p>\n<\/div>\n\n\n\n<div class=\"wp-block-greenshift-blocks-row-column gspb_row__col--4 gspb_col-id-gsbp-e695e11\" id=\"gspb_col-id-gsbp-e695e11\">\n<h3 class=\"wp-block-heading\" id=\"headline-97-194-2\">Vorteile der DLC-Beschichtung<\/h3>\n\n\n\n<ul class=\"wp-block-list\">\n<li>Erh\u00f6hte H\u00e4rte<\/li>\n\n\n\n<li>Erh\u00f6hte Verschlei\u00dffestigkeit<\/li>\n\n\n\n<li>Verbesserte Korrosionsbest\u00e4ndigkeit<\/li>\n\n\n\n<li>Niedriger Reibungskoeffizient<\/li>\n\n\n\n<li>Verl\u00e4ngerte Lebensdauer der Werkzeuge<\/li>\n\n\n\n<li>Verbesserte Schneidleistung<\/li>\n\n\n\n<li>Vielseitige Anwendung bei verschiedenen Materialien<\/li>\n\n\n\n<li>Geringere Reibung und W\u00e4rmeentwicklung<\/li>\n<\/ul>\n<\/div>\n\n\n\n<div class=\"wp-block-greenshift-blocks-row-column gspb_row__col--4 gspb_col-id-gsbp-081aae3\" id=\"gspb_col-id-gsbp-081aae3\">\n<h3 class=\"wp-block-heading\" id=\"headline-97-194-3\">Design\u00fcberlegungen f\u00fcr DLC-Beschichtung<\/h3>\n\n\n\n<ul class=\"wp-block-list\">\n<li>W\u00e4hlen Sie kompatible Metalle, Keramiken oder Polymere.<\/li>\n\n\n\n<li>Reinigen Sie den Untergrund gr\u00fcndlich und bereiten Sie ihn vor, damit er besser haftet.<\/li>\n\n\n\n<li>W\u00e4hlen Sie CVD oder PVD je nach Anwendungsbedarf.<\/li>\n\n\n\n<li>Verwenden Sie Vorbehandlungen oder Zwischenbeschichtungen, um die Haftung zu verbessern.<\/li>\n\n\n\n<li>Ma\u00dfgeschneidert f\u00fcr die gew\u00fcnschte H\u00e4rte und Verschlei\u00dffestigkeit.<\/li>\n\n\n\n<li>Stellen Sie sicher, dass die Beschichtung dem vorgesehenen Temperaturbereich standh\u00e4lt.<\/li>\n\n\n\n<li>Durchf\u00fchrung strenger Qualit\u00e4tskontrollen w\u00e4hrend und nach der Beschichtung.<\/li>\n\n\n\n<li>Ma\u00dfgeschneidert f\u00fcr spezielle Anforderungen wie Leitf\u00e4higkeit oder Biokompatibilit\u00e4t.<\/li>\n<\/ul>\n<\/div>\n <\/div><\/div>\n\n\n\n<div class=\"wp-block-greenshift-blocks-row alignfull gspb_row gspb_row-id-gsbp-3efb9a0\" id=\"gspb_row-id-gsbp-3efb9a0\"><div class=\"gspb_row__content\"> \n<div class=\"wp-block-greenshift-blocks-row-column gspb_row__col--12 gspb_col-id-gsbp-6067de0\" id=\"gspb_col-id-gsbp-6067de0\">\n<h3 class=\"wp-block-heading\" id=\"how-dlc-coating-services-work\">Wie DLC-Beschichtungsdienste funktionieren<\/h3>\n\n\n\n<p>DLC-Beschichtungsdienstleistungen umfassen in der Regel die folgenden Schritte:<\/p>\n\n\n\n<ol class=\"wp-block-list\">\n<li><strong>Vorbereitung der Oberfl\u00e4che<\/strong>: Reinigung und Behandlung des Untergrunds, um eine gute Haftung der Beschichtung zu gew\u00e4hrleisten.<\/li>\n\n\n\n<li><strong>Ablagerungsprozess<\/strong>: Mit Hilfe einer Vakuumanlage werden die Kohlenstoffatome mittels PVD oder PECVD abgeschieden, um die DLC-Schicht zu bilden.<\/li>\n\n\n\n<li><strong>Qualit\u00e4tskontrolle<\/strong>: \u00dcberpr\u00fcfung der Beschichtungsdicke, Gleichm\u00e4\u00dfigkeit und Leistung entsprechend den Kundenspezifikationen.<\/li>\n<\/ol>\n\n\n\n<h3 class=\"wp-block-heading\" id=\"differences-from-other-coatings\">Unterschiede zu anderen Beschichtungen<\/h3>\n\n\n\n<ul class=\"wp-block-list\">\n<li><strong>Im Vergleich zu PVD-Beschichtungen<\/strong>: DLC ist eine Art PVD-Beschichtung, die jedoch eine h\u00f6here H\u00e4rte und Reibungsleistung bietet.<\/li>\n\n\n\n<li><strong>Im Vergleich zu Titannitrid (TiN)<\/strong>: DLC hat einen niedrigeren Reibungskoeffizienten und ein moderneres Aussehen.<\/li>\n\n\n\n<li><strong>Im Vergleich zu keramischen Beschichtungen<\/strong>: DLC ist d\u00fcnner und eignet sich besser f\u00fcr Pr\u00e4zisionsteile.<\/li>\n<\/ul>\n\n\n\n<h3 class=\"wp-block-heading\" id=\"why-choose-dlc-coating-services\">Warum sollten Sie sich f\u00fcr DLC Coating Services entscheiden?<\/h3>\n\n\n\n<p>Wenn Ihr Projekt Haltbarkeit, Effizienz und Leistung erfordert, sind DLC-Beschichtungen eine ideale L\u00f6sung. Ganz gleich, ob es darum geht, die Zuverl\u00e4ssigkeit von Industrieanlagen zu verbessern oder die Funktionalit\u00e4t von Konsumg\u00fctern zu erh\u00f6hen, DLC sorgt f\u00fcr erhebliche Leistungssteigerungen.<\/p>\n<\/div>\n <\/div><\/div>\n\n\n\n<div class=\"wp-block-cover alignfull\"><span aria-hidden=\"true\" class=\"wp-block-cover__background has-background-dim\"><\/span><img loading=\"lazy\" decoding=\"async\" width=\"1024\" height=\"585\" class=\"wp-block-cover__image-background wp-image-1964\" alt=\"Pr\u00e4zisionsbearbeitung\" src=\"https:\/\/mekalite.com\/wp-content\/uploads\/2024\/10\/precision-machining-1-1024x585.jpg\" data-object-fit=\"cover\" title=\"\" srcset=\"https:\/\/mekalite.com\/wp-content\/uploads\/2024\/10\/precision-machining-1-1024x585.jpg 1024w, https:\/\/mekalite.com\/wp-content\/uploads\/2024\/10\/precision-machining-1-300x171.jpg 300w, https:\/\/mekalite.com\/wp-content\/uploads\/2024\/10\/precision-machining-1-768x439.jpg 768w, https:\/\/mekalite.com\/wp-content\/uploads\/2024\/10\/precision-machining-1.jpg 1344w\" sizes=\"auto, (max-width: 1024px) 100vw, 1024px\" \/><div class=\"wp-block-cover__inner-container is-layout-flow wp-block-cover-is-layout-flow\">\n<h2 class=\"wp-block-heading has-text-align-center has-palette-color-8-color has-text-color has-link-color has-large-font-size wp-elements-e1760f4ce70cc5dd84c2d78abd5c7da0\" id=\"get-an-accurate-quote-for-your-next-projects\">Erhalten Sie ein genaues Angebot f\u00fcr Ihr n\u00e4chstes Projekt<\/h2>\n\n\n\n<p class=\"has-text-align-center\">Ganz gleich, ob Ihr Projekt kompliziert oder einfach ist, ob es sich um Metall oder Kunststoff handelt, Sie erhalten innerhalb von 6 Stunden ein genaues Angebot.<\/p>\n\n\n\n<div class=\"gspb_button_wrapper gspb_button-id-gsbp-d55f3fa\" id=\"gspb_button-id-gsbp-d55f3fa\"><a class=\"wp-block-greenshift-blocks-buttonbox gspb-buttonbox wp-element-button\" href=\"https:\/\/mekalite.com\/de\/zitat\/\" rel=\"noopener\"><span class=\"gspb-buttonbox-textwrap\"><span class=\"gspb-buttonbox-text\"><span class=\"gspb-buttonbox-title\">Angebot anfordern<\/span><\/span><\/span><\/a><\/div>\n<\/div><\/div>","protected":false},"excerpt":{"rendered":"","protected":false},"author":1,"featured_media":0,"parent":0,"menu_order":0,"comment_status":"closed","ping_status":"closed","template":"","meta":{"_eb_attr":"","_gspb_post_css":"#gspb_row-id-gsbp-9c27dfc{justify-content:space-between;margin-top:0;display:flex;flex-wrap:wrap;align-content:center;margin-bottom:60px;padding-top:250px;padding-bottom:60px}#gspb_row-id-gsbp-9c27dfc>.gspb_row__content{display:flex;margin:0 auto;width:100%;flex-wrap:wrap;align-items:center;justify-content:center}.gspb_row{position:relative}div[id^=gspb_col-id]{box-sizing:border-box;position:relative;padding:15px min(3vw,20px)}body.gspb-bodyfront #gspb_row-id-gsbp-9c27dfc>.gspb_row__content{width:var(--theme-container-width, 1200px);max-width:var(--theme-normal-container-max-width, 1200px)}@media (max-width:991.98px){#gspb_row-id-gsbp-9c27dfc{padding-top:120px}}#gspb_row-id-gsbp-9c27dfc{background-size:cover;background-repeat:no-repeat;background-position:48% 51%;background-image:url(https:\/\/mekalite.com\/wp-content\/uploads\/2024\/10\/DLC-Coating.jpg);isolation:isolate}#gspb_row-id-gsbp-9c27dfc:hover{background-size:cover}#gspb_row-id-gsbp-9c27dfc>.gspb_backgroundOverlay{position:absolute;top:0;left:0;width:100%;height:100%;z-index:-1;opacity:.8;background-color:#000}#gspb_col-id-gsbp-6d61d37.gspb_row__col--12{width:100%}@media (max-width:575.98px){#gspb_col-id-gsbp-6d61d37.gspb_row__col--12{width:100%}}@media (min-width:992px){body.gspb-bodyfront #gspb_col-id-gsbp-6d61d37.gspb_row__col--12{width:calc(100% - 0px - 0px)}}.gspb_row #gspb_col-id-gsbp-6d61d37.gspb_row__col--12{padding:0}body #gspb_col-id-gsbp-6d61d37.gspb_row__col--12,body #gspb_col-id-gsbp-bf37991.gspb_row__col--6{display:block}#gspb_row-id-gsbp-ea87b6f{justify-content:space-between;margin-top:0;display:flex;flex-wrap:wrap;margin-bottom:40px}#gspb_row-id-gsbp-ea87b6f>.gspb_row__content{display:flex;justify-content:space-between;margin:0 auto;width:100%;flex-wrap:wrap}body.gspb-bodyfront #gspb_row-id-gsbp-ea87b6f>.gspb_row__content{width:var(--theme-container-width, 1200px);max-width:var(--theme-normal-container-max-width, 1200px)}#gspb_col-id-gsbp-0cf4b9c.gspb_row__col--6{width:50%}@media (max-width:575.98px){#gspb_col-id-gsbp-0cf4b9c.gspb_row__col--6{width:100%}}@media (min-width:992px){body.gspb-bodyfront #gspb_col-id-gsbp-0cf4b9c.gspb_row__col--6{width:calc(30% - 0px - 0px)}}#gspb_image-id-gsbp-43b69df img{vertical-align:top;display:inline-block;box-sizing:border-box;max-width:100%;height:auto}#gspb_col-id-gsbp-8d89c67.gspb_row__col--6{width:50%}@media (max-width:575.98px){#gspb_col-id-gsbp-8d89c67.gspb_row__col--6{width:100%}}@media (min-width:992px){body.gspb-bodyfront #gspb_col-id-gsbp-8d89c67.gspb_row__col--6{width:calc(65% - 0px - 0px)}}#gspb_button-id-gsbp-c432130{display:flex;justify-content:flex-start}#gspb_button-id-gsbp-c432130 .gspb-buttonbox-text{display:flex;flex-direction:column}#gspb_button-id-gsbp-c432130>.gspb-buttonbox{box-sizing:border-box}#gspb_row-id-gsbp-9583c58{align-content:center}#gspb_row-id-gsbp-9583c58>.gspb_row__content{display:flex;justify-content:space-between;margin:0 auto;width:100%;flex-wrap:wrap;align-items:center}body.gspb-bodyfront #gspb_row-id-gsbp-9583c58>.gspb_row__content{width:var(--theme-container-width, 1200px);max-width:var(--theme-normal-container-max-width, 1200px)}#gspb_col-id-gsbp-bf37991.gspb_row__col--6{width:50%}@media (max-width:575.98px){#gspb_col-id-gsbp-bf37991.gspb_row__col--6{width:100%}}@media (min-width:992px){body.gspb-bodyfront #gspb_col-id-gsbp-bf37991.gspb_row__col--6{width:calc(30% - 0px - 0px)}}#gspb_col-id-gsbp-0c4a6da.gspb_row__col--6{width:50%}@media (max-width:575.98px){#gspb_col-id-gsbp-0c4a6da.gspb_row__col--6{width:100%}}@media (min-width:992px){body.gspb-bodyfront #gspb_col-id-gsbp-0c4a6da.gspb_row__col--6{width:calc(68% - 0px - 0px)}}#gspb_row-id-gsbp-3efb9a0,#gspb_row-id-gsbp-9583c58,#gspb_row-id-gsbp-f400041{justify-content:space-between;margin-top:0;margin-bottom:0;display:flex;flex-wrap:wrap}#gspb_row-id-gsbp-f400041>.gspb_row__content{display:flex;justify-content:space-between;margin:0 auto;width:100%;flex-wrap:wrap}#gspb_col-id-gsbp-3632ff0.gspb_row__col--4{width:33.333333333333336%}@media (max-width:575.98px){#gspb_col-id-gsbp-3632ff0.gspb_row__col--4{width:100%}}#gspb_col-id-gsbp-e695e11.gspb_row__col--4{width:33.333333333333336%}@media (max-width:575.98px){#gspb_col-id-gsbp-e695e11.gspb_row__col--4{width:100%}}#gspb_col-id-gsbp-081aae3.gspb_row__col--4{width:33.333333333333336%}@media (max-width:575.98px){#gspb_col-id-gsbp-081aae3.gspb_row__col--4{width:100%}}#gspb_row-id-gsbp-3efb9a0>.gspb_row__content{display:flex;justify-content:space-between;margin:0 auto;width:100%;flex-wrap:wrap}body.gspb-bodyfront #gspb_row-id-gsbp-3efb9a0>.gspb_row__content,body.gspb-bodyfront #gspb_row-id-gsbp-f400041>.gspb_row__content{width:var(--theme-container-width, 1200px);max-width:var(--theme-normal-container-max-width, 1200px)}#gspb_col-id-gsbp-6067de0.gspb_row__col--12{width:100%}@media (max-width:575.98px){#gspb_col-id-gsbp-6067de0.gspb_row__col--12{width:100%}}#gspb_button-id-gsbp-d55f3fa{display:flex;justify-content:center}#gspb_button-id-gsbp-d55f3fa .gspb-buttonbox-text{display:flex;flex-direction:column}#gspb_button-id-gsbp-d55f3fa>.gspb-buttonbox{box-sizing:border-box;margin-bottom:0;background-color:#fff;text-decoration:none;color:#111827;box-shadow:0 1px 3px 0 #0000001a,0 1px 2px 0 #0000000f}#gspb_button-id-gsbp-d55f3fa>.gspb-buttonbox:hover{background-color:#f9fafb!important}#gspb_button-id-gsbp-d55f3fa>.gspb-buttonbox a{text-decoration:none}#gspb_button-id-gsbp-d55f3fa>.gspb-buttonbox,#gspb_button-id-gsbp-d55f3fa>.gspb-buttonbox>.gspb_backgroundOverlay{border-top-left-radius:.5rem;border-top-right-radius:.5rem;border-bottom-right-radius:.5rem;border-bottom-left-radius:.5rem}","footnotes":""},"class_list":["post-2187","page","type-page","status-publish","hentry"],"blocksy_meta":{"has_hero_section":"disabled","vertical_spacing_source":"custom","content_area_spacing":"bottom","styles_descriptor":{"styles":{"desktop":"","tablet":"","mobile":""},"google_fonts":[],"version":6}},"_links":{"self":[{"href":"https:\/\/mekalite.com\/de\/wp-json\/wp\/v2\/pages\/2187","targetHints":{"allow":["GET"]}}],"collection":[{"href":"https:\/\/mekalite.com\/de\/wp-json\/wp\/v2\/pages"}],"about":[{"href":"https:\/\/mekalite.com\/de\/wp-json\/wp\/v2\/types\/page"}],"author":[{"embeddable":true,"href":"https:\/\/mekalite.com\/de\/wp-json\/wp\/v2\/users\/1"}],"replies":[{"embeddable":true,"href":"https:\/\/mekalite.com\/de\/wp-json\/wp\/v2\/comments?post=2187"}],"version-history":[{"count":5,"href":"https:\/\/mekalite.com\/de\/wp-json\/wp\/v2\/pages\/2187\/revisions"}],"predecessor-version":[{"id":4486,"href":"https:\/\/mekalite.com\/de\/wp-json\/wp\/v2\/pages\/2187\/revisions\/4486"}],"wp:attachment":[{"href":"https:\/\/mekalite.com\/de\/wp-json\/wp\/v2\/media?parent=2187"}],"curies":[{"name":"wp","href":"https:\/\/api.w.org\/{rel}","templated":true}]}}