{"id":2148,"date":"2024-10-27T21:27:05","date_gmt":"2024-10-27T21:27:05","guid":{"rendered":"https:\/\/mekalite.com\/?page_id=2148"},"modified":"2024-10-27T21:39:54","modified_gmt":"2024-10-27T21:39:54","slug":"cnc-bearbeitung-werkzeugstahl-service","status":"publish","type":"page","link":"https:\/\/mekalite.com\/de\/cnc-bearbeitung-werkzeugstahl-service\/","title":{"rendered":"CNC-Bearbeitung Werkzeugstahl Service"},"content":{"rendered":"<div class=\"wp-block-greenshift-blocks-row alignfull gspb_row gspb_row-id-gsbp-9c27dfc\" id=\"gspb_row-id-gsbp-9c27dfc\"><div class=\"gspb_backgroundOverlay\"><\/div><div class=\"gspb_row__content\"> \n<div class=\"wp-block-greenshift-blocks-row-column gspb_row__col--12 gspb_col-id-gsbp-6d61d37\" id=\"gspb_col-id-gsbp-6d61d37\">\n\n<h1 style=\"color:#fefefe; text-transform:capitalize; margin-top:20px;margin-bottom:0px;\" class=\"ct-dynamic-data has-text-align-left wp-elements-ffa9fa256b8e68822e089e811737d287 has-text-color\">CNC-Bearbeitung Werkzeugstahl Service<\/h1>\n\n\n<p class=\"has-palette-color-7-color has-text-color has-link-color wp-elements-702b5a59c23761e229bc76e626425c9d\">Werkzeugstahl ist bekannt f\u00fcr seine hohe H\u00e4rte, hohe Verschlei\u00dffestigkeit und gute Z\u00e4higkeit. <a href=\"https:\/\/mekalite.com\/de\/\">Mekalit<\/a> hat mehr als 20 Jahre reiche Erfahrung in <a href=\"https:\/\/mekalite.com\/de\/cnc-bearbeitung\/\">CNC-Bearbeitung<\/a> und k\u00f6nnen umfassende Dienstleistungen im Bereich der CNC-Bearbeitung von Werkzeugstahl anbieten. Wir haben hochpr\u00e4zise Bearbeitungszentren und fortschrittliche Technologie, um enge Toleranzen von +\/- 0,005 mm und kurze Vorlaufzeiten zu erreichen.<\/p>\n<\/div>\n <\/div><\/div>\n\n\n\n<div class=\"wp-block-greenshift-blocks-row gspb_row gspb_row-id-gsbp-ea87b6f\" id=\"gspb_row-id-gsbp-ea87b6f\"><div class=\"gspb_row__content\"> \n<div class=\"wp-block-greenshift-blocks-row-column gspb_row__col--6 gspb_col-id-gsbp-0cf4b9c\" id=\"gspb_col-id-gsbp-0cf4b9c\">\n<p><strong>Mekalit<\/strong><\/p>\n\n\n\n<div class=\"wp-block-greenshift-blocks-image gspb_image gspb_image-id-gsbp-43b69df\" id=\"gspb_image-id-gsbp-43b69df\"><img decoding=\"async\" src=\"https:\/\/mekalite.com\/wp-content\/uploads\/2024\/10\/CNC-Machined-Steel-Part1.jpg\" data-src=\"\" alt=\"Mekalit\" loading=\"lazy\" width=\"500\" height=\"500\" title=\"\"><\/div>\n<\/div>\n\n\n\n<div class=\"wp-block-greenshift-blocks-row-column gspb_row__col--6 gspb_col-id-gsbp-8d89c67\" id=\"gspb_col-id-gsbp-8d89c67\">\n<h2 class=\"wp-block-heading\" id=\"high-quality-cnc-machining-tool-steel-for-custom-parts\">Hohe Qualit\u00e4t<strong>&nbsp;CNC-Bearbeitung von Werkzeugstahl&nbsp;<\/strong>f\u00fcr kundenspezifische Teile<\/h2>\n\n\n\n<p>Werkzeugstahl hat eine hohe H\u00e4rte, gute Z\u00e4higkeit, Verschlei\u00dffestigkeit und Korrosionsbest\u00e4ndigkeit. Er ist ein Spezialstahl, der f\u00fcr die CNC-Bearbeitung zur Herstellung von Werkzeugen und Formen verwendet wird.<\/p>\n\n\n\n<p>Die Maschinenwerkstatt von Mekalite verwendet fortschrittliche CNC-Werkzeugmaschinen und EDM-Anlagen zur Herstellung kundenspezifischer Werkzeugstahlteile, einschlie\u00dflich hochpr\u00e4ziser Dreh- und Fr\u00e4smaschinen, Schleifmaschinen und Drahtschneideanlagen. Diese Ger\u00e4te und fortschrittlichen Technologien erm\u00f6glichen es uns, verschiedene komplexe Formen und hochpr\u00e4zise Sonderteile zu bearbeiten. Wir haben uns auf die Verarbeitung aller Arten von Werkzeugstahl spezialisiert, darunter A2, A3, D2, H13, O1 und S7.<\/p>\n\n\n\n<p>Mekalite ist ein professioneller und erfahrener Hersteller von Teilen f\u00fcr die Werkzeugstahlverarbeitung. Unsere hochpr\u00e4zisen Dienstleistungen gew\u00e4hrleisten hochwertige Teile f\u00fcr Branchen wie die Fertigungsindustrie, die Automobilindustrie und die Luft- und Raumfahrt. Er ist die perfekte Wahl f\u00fcr verschiedene Werkzeuge, Lager, Formteile, Zahnr\u00e4der, Motorteile und Turbinenschaufeln. Wir bieten eine Vielzahl von Oberfl\u00e4chenbehandlungen wie W\u00e4rmebehandlung, Nitrieren, Verchromen und Oxidieren an, um die Oberfl\u00e4chenh\u00e4rte und die Verschlei\u00dffestigkeit von Werkzeugstahl zu verbessern und so den Anforderungen der verschiedenen Teile gerecht zu werden. Vom Prototyp bis zur Massenproduktion bieten wir Ihnen hochwertige kundenspezifische Teile aus Werkzeugstahl.<\/p>\n\n\n\n<div class=\"gspb_button_wrapper gspb_button-id-gsbp-c432130\" id=\"gspb_button-id-gsbp-c432130\"><a class=\"wp-block-greenshift-blocks-buttonbox gspb-buttonbox wp-element-button\" href=\"https:\/\/mekalite.com\/de\/zitat\/\" rel=\"noopener\"><span class=\"gspb-buttonbox-textwrap\"><span class=\"gspb-buttonbox-text\"><span class=\"gspb-buttonbox-title\">Angebot anfordern<\/span><\/span><\/span><\/a><\/div>\n<\/div>\n <\/div><\/div>\n\n\n\n<div class=\"wp-block-greenshift-blocks-row gspb_row gspb_row-id-gsbp-bb5f4dd\" id=\"gspb_row-id-gsbp-bb5f4dd\"><div class=\"gspb_row__content\"> \n<div class=\"wp-block-greenshift-blocks-row-column gspb_row__col--12 gspb_col-id-gsbp-420b058\" id=\"gspb_col-id-gsbp-420b058\">\n<h2 class=\"wp-block-heading\" id=\"tool-steel-material-list\" style=\"font-size:clamp(24.034px, 1.502rem + ((1vw - 3.2px) * 1.247), 40px);\">Werkstoff Werkzeugstahl&nbsp;<strong>Liste<\/strong><\/h2>\n<\/div>\n <\/div><\/div>\n\n\n\n<div class=\"wp-block-greenshift-blocks-row gspb_row gspb_row-id-gsbp-e154e79\" id=\"gspb_row-id-gsbp-e154e79\"><div class=\"gspb_row__content\"> \n<div class=\"wp-block-greenshift-blocks-row-column gspb_row__col--3 gspb_col-id-gsbp-9dd9247\" id=\"gspb_col-id-gsbp-9dd9247\">\n<h3 class=\"wp-block-heading\" id=\"aluminum-2014\"><a href=\"https:\/\/www.dekmake.com\/cnc-machining-metals\/tool-steel\/tool-steel-a2\/\" target=\"_blank\" rel=\"noopener\">Werkzeugstahl A2<\/a><\/h3>\n\n\n\n<p class=\"has-small-font-size\">Werkzeugstahl A2 ist ein lufth\u00e4rtender Kaltarbeitsstahl, der aufgrund seiner hervorragenden Verschlei\u00dffestigkeit und Z\u00e4higkeit h\u00e4ufig in der CNC-Bearbeitung eingesetzt wird.<\/p>\n\n\n\n<p><strong><a href=\"https:\/\/mekalite.com\/de\/zitat\/\" data-type=\"link\" data-id=\"https:\/\/mekalite.com\/quote\/\">Preis erhalten<\/a><\/strong><\/p>\n<\/div>\n\n\n\n<div class=\"wp-block-greenshift-blocks-row-column gspb_row__col--3 gspb_col-id-gsbp-e63dc9c\" id=\"gspb_col-id-gsbp-e63dc9c\">\n<h3 class=\"wp-block-heading\" id=\"aluminum-2014\"><a href=\"https:\/\/www.dekmake.com\/cnc-machining-metals\/tool-steel\/tool-steel-a3\/\" target=\"_blank\" rel=\"noopener\">Werkzeugstahl A3<\/a><\/h3>\n\n\n\n<p class=\"has-small-font-size\">Werkzeugstahl A3, auch bekannt als AISI A3 oder W1-A-1, ist ein hochkohlenstoffhaltiger, hochlegierter Stahl mit ausgezeichneter Verschlei\u00dffestigkeit und Z\u00e4higkeit.<\/p>\n\n\n\n<p><strong><a href=\"https:\/\/mekalite.com\/de\/zitat\/\" data-type=\"link\" data-id=\"https:\/\/mekalite.com\/quote\/\">Preis erhalten<\/a><\/strong><\/p>\n<\/div>\n\n\n\n<div class=\"wp-block-greenshift-blocks-row-column gspb_row__col--3 gspb_col-id-gsbp-4cfc04d\" id=\"gspb_col-id-gsbp-4cfc04d\">\n<h3 class=\"wp-block-heading\" id=\"aluminum-2014\"><a href=\"https:\/\/www.dekmake.com\/cnc-machining-metals\/tool-steel\/tool-steel-d2\/\" target=\"_blank\" rel=\"noopener\">Werkzeugstahl D2<\/a><\/h3>\n\n\n\n<p class=\"has-small-font-size\">Werkzeugstahl D2 ist ein hochkohlenstoffhaltiger, hochchromhaltiger, lufth\u00e4rtender Stahl mit ausgezeichneter Verschlei\u00dffestigkeit, hoher Druckfestigkeit und guter Z\u00e4higkeit.<\/p>\n\n\n\n<p><strong><a href=\"https:\/\/mekalite.com\/de\/zitat\/\" data-type=\"link\" data-id=\"https:\/\/mekalite.com\/quote\/\">Preis erhalten<\/a><\/strong><\/p>\n<\/div>\n\n\n\n<div class=\"wp-block-greenshift-blocks-row-column gspb_row__col--3 gspb_col-id-gsbp-5de73d4\" id=\"gspb_col-id-gsbp-5de73d4\">\n<h3 class=\"wp-block-heading\" id=\"aluminum-2014\"><a href=\"https:\/\/www.dekmake.com\/cnc-machining-metals\/tool-steel\/tool-steel-h13\/\" target=\"_blank\" rel=\"noopener\">Werkzeugstahl H13<\/a><\/h3>\n\n\n\n<p class=\"has-small-font-size\">Der Werkzeugstahl H13 wird aufgrund seiner hervorragenden H\u00e4rte, Hitzebest\u00e4ndigkeit und Z\u00e4higkeit h\u00e4ufig f\u00fcr die CNC-Bearbeitung verwendet.<\/p>\n\n\n\n<p><strong><a href=\"https:\/\/mekalite.com\/de\/zitat\/\" data-type=\"link\" data-id=\"https:\/\/mekalite.com\/quote\/\">Preis erhalten<\/a><\/strong><\/p>\n<\/div>\n <\/div><\/div>\n\n\n\n<div class=\"wp-block-greenshift-blocks-row gspb_row gspb_row-id-gsbp-127608c\" id=\"gspb_row-id-gsbp-127608c\"><div class=\"gspb_row__content\"> \n<div class=\"wp-block-greenshift-blocks-row-column gspb_row__col--3 gspb_col-id-gsbp-bfef8a4\" id=\"gspb_col-id-gsbp-bfef8a4\">\n<h3 class=\"wp-block-heading\" id=\"aluminum-2014\"><a href=\"https:\/\/www.dekmake.com\/cnc-machining-metals\/tool-steel\/tool-steel-a2\/\" target=\"_blank\" rel=\"noopener\">Werkzeugstahl O1<\/a><\/h3>\n\n\n\n<p class=\"has-small-font-size\">Werkzeugstahl O1 ist ein \u00f6lh\u00e4rtender, nicht verformender Werkzeugstahl, der zur Gruppe der Kaltarbeitsst\u00e4hle geh\u00f6rt. Er hat eine hohe Verschlei\u00dffestigkeit, gute Ma\u00dfhaltigkeit, Z\u00e4higkeit und Bearbeitbarkeit.<\/p>\n\n\n\n<p><strong><a href=\"https:\/\/mekalite.com\/de\/zitat\/\" data-type=\"link\" data-id=\"https:\/\/mekalite.com\/quote\/\">Preis erhalten<\/a><\/strong><\/p>\n<\/div>\n\n\n\n<div class=\"wp-block-greenshift-blocks-row-column gspb_row__col--3 gspb_col-id-gsbp-47bc367\" id=\"gspb_col-id-gsbp-47bc367\">\n<h3 class=\"wp-block-heading\" id=\"aluminum-2014\"><a href=\"https:\/\/www.dekmake.com\/cnc-machining-metals\/tool-steel\/tool-steel-a3\/\" target=\"_blank\" rel=\"noopener\">Werkzeugstahl S7<\/a><\/h3>\n\n\n\n<p class=\"has-small-font-size\">Werkzeugstahl S7, bekannt f\u00fcr seine sto\u00dffesten Eigenschaften. Er hat eine hohe Schlagfestigkeit, Verschlei\u00dffestigkeit und Z\u00e4higkeit.<\/p>\n\n\n\n<p><strong><a href=\"https:\/\/mekalite.com\/de\/zitat\/\" data-type=\"link\" data-id=\"https:\/\/mekalite.com\/quote\/\">Preis erhalten<\/a><\/strong><\/p>\n<\/div>\n <\/div><\/div>\n\n\n\n<div class=\"wp-block-greenshift-blocks-row gspb_row gspb_row-id-gsbp-9583c58\" id=\"gspb_row-id-gsbp-9583c58\"><div class=\"gspb_row__content\"> \n<div class=\"wp-block-greenshift-blocks-row-column gspb_row__col--6 gspb_col-id-gsbp-bf37991\" id=\"gspb_col-id-gsbp-bf37991\">\n<p><strong>TECHNOLOGIE\u00dcBERSICHT<\/strong><\/p>\n<\/div>\n\n\n\n<div class=\"wp-block-greenshift-blocks-row-column gspb_row__col--6 gspb_col-id-gsbp-0c4a6da\" id=\"gspb_col-id-gsbp-0c4a6da\">\n<h2 class=\"wp-block-heading\" id=\"basic-knowledge-of-copper\" style=\"font-size:clamp(24.034px, 1.502rem + ((1vw - 3.2px) * 1.247), 40px);\"><strong>Grundkenntnisse<\/strong>&nbsp;des Kupfers<\/h2>\n<\/div>\n <\/div><\/div>\n\n\n\n<div class=\"wp-block-greenshift-blocks-row gspb_row gspb_row-id-gsbp-f400041\" id=\"gspb_row-id-gsbp-f400041\"><div class=\"gspb_row__content\"> \n<div class=\"wp-block-greenshift-blocks-row-column gspb_row__col--4 gspb_col-id-gsbp-3632ff0\" id=\"gspb_col-id-gsbp-3632ff0\">\n<h3 class=\"wp-block-heading\" id=\"headline-97-194-1\">Was ist Werkzeugstahl?<\/h3>\n\n\n\n<p class=\"has-small-font-size\"><strong>Werkzeugstahl<\/strong>&nbsp;ist eine Stahlsorte, die f\u00fcr die Herstellung von Werkzeugen wie Schneidwerkzeugen, Matrizen, Handwerkzeugen und Messern verwendet wird. Diese St\u00e4hle werden aufgrund ihrer H\u00e4rte, ihrer Verschlei\u00dffestigkeit und ihrer F\u00e4higkeit, bei hohen Temperaturen eine scharfe Kante zu behalten, ausgew\u00e4hlt. Werkzeugst\u00e4hle mit einem Kohlenstoffgehalt zwischen 0,5% und 1,5% werden sorgf\u00e4ltig mit Legierungselementen wie Wolfram, Chrom, Vanadium und Molybd\u00e4n hergestellt, um Karbide zu bilden. Die Geschwindigkeit der Karbidaufl\u00f6sung in der Austenitphase des Eisens beeinflusst die Hochtemperatureigenschaften des Stahls.<\/p>\n\n\n\n<p class=\"has-small-font-size\">Eine ordnungsgem\u00e4\u00dfe W\u00e4rmebehandlung ist wichtig, um Eigenschaften wie H\u00e4rte und Z\u00e4higkeit zu verbessern. Es gibt sechs Gruppen von Werkzeugst\u00e4hlen: Kaltarbeitsst\u00e4hle, Schnellarbeitsst\u00e4hle, Warmarbeitsst\u00e4hle, sto\u00dffeste St\u00e4hle, wasserh\u00e4rtende St\u00e4hle und Spezialst\u00e4hle. Sie werden nach den Kriterien Kosten, Arbeitstemperatur, H\u00e4rte, Festigkeit, Sto\u00dffestigkeit und Z\u00e4higkeit ausgew\u00e4hlt. Werkzeugst\u00e4hle sind sehr wichtig f\u00fcr das Schneiden, Pressen, Strangpressen und Pr\u00e4gen von Metallen.<\/p>\n<\/div>\n\n\n\n<div class=\"wp-block-greenshift-blocks-row-column gspb_row__col--4 gspb_col-id-gsbp-e695e11\" id=\"gspb_col-id-gsbp-e695e11\">\n<h3 class=\"wp-block-heading\" id=\"headline-97-194-2\">Vorteile von Werkzeugstahl<\/h3>\n\n\n\n<ul class=\"wp-block-list\">\n<li>Abnutzungswiderstand<\/li>\n\n\n\n<li>Z\u00e4higkeit<\/li>\n\n\n\n<li>Hitzebest\u00e4ndigkeit<\/li>\n\n\n\n<li>Bearbeitbarkeit<\/li>\n\n\n\n<li>Korrosionsbest\u00e4ndigkeit<\/li>\n\n\n\n<li>Pr\u00e4zision<\/li>\n\n\n\n<li>Kosteng\u00fcnstig<\/li>\n\n\n\n<li>Hohe Leistung<\/li>\n\n\n\n<li>Vielseitigkeit<\/li>\n\n\n\n<li>Personalisierung<\/li>\n<\/ul>\n<\/div>\n\n\n\n<div class=\"wp-block-greenshift-blocks-row-column gspb_row__col--4 gspb_col-id-gsbp-081aae3\" id=\"gspb_col-id-gsbp-081aae3\">\n<h3 class=\"wp-block-heading\" id=\"headline-97-194-3\">Anwendungen von Werkzeugstahl<\/h3>\n\n\n\n<ul class=\"wp-block-list\">\n<li>Spritzgussformen<\/li>\n\n\n\n<li>Kerneinsatz<\/li>\n\n\n\n<li>Werkzeuge f\u00fcr die Kaltumformung<\/li>\n\n\n\n<li>Strangpresswerkzeuge<\/li>\n\n\n\n<li>Stanzformen<\/li>\n\n\n\n<li>Schermesser<\/li>\n\n\n\n<li>Gewindewalzbacken<\/li>\n\n\n\n<li>Stanzen und Mei\u00dfeln<\/li>\n\n\n\n<li>Getriebefr\u00e4ser<\/li>\n\n\n\n<li>Werkzeuge f\u00fcr Drehmaschinen<\/li>\n<\/ul>\n<\/div>\n <\/div><\/div>\n\n\n\n<div class=\"wp-block-greenshift-blocks-row gspb_row gspb_row-id-gsbp-3efb9a0\" id=\"gspb_row-id-gsbp-3efb9a0\"><div class=\"gspb_row__content\"> \n<div class=\"wp-block-greenshift-blocks-row-column gspb_row__col--12 gspb_col-id-gsbp-6067de0\" id=\"gspb_col-id-gsbp-6067de0\">\n<div class=\"wp-block-cover\"><span aria-hidden=\"true\" class=\"wp-block-cover__background has-background-dim\"><\/span><img loading=\"lazy\" decoding=\"async\" width=\"1024\" height=\"585\" class=\"wp-block-cover__image-background wp-image-1964\" alt=\"Pr\u00e4zisionsbearbeitung\" src=\"https:\/\/mekalite.com\/wp-content\/uploads\/2024\/10\/precision-machining-1-1024x585.jpg\" data-object-fit=\"cover\" title=\"\" srcset=\"https:\/\/mekalite.com\/wp-content\/uploads\/2024\/10\/precision-machining-1-1024x585.jpg 1024w, https:\/\/mekalite.com\/wp-content\/uploads\/2024\/10\/precision-machining-1-300x171.jpg 300w, https:\/\/mekalite.com\/wp-content\/uploads\/2024\/10\/precision-machining-1-768x439.jpg 768w, https:\/\/mekalite.com\/wp-content\/uploads\/2024\/10\/precision-machining-1.jpg 1344w\" sizes=\"auto, (max-width: 1024px) 100vw, 1024px\" \/><div class=\"wp-block-cover__inner-container is-layout-flow wp-block-cover-is-layout-flow\">\n<h2 class=\"wp-block-heading has-text-align-center has-palette-color-8-color has-text-color has-link-color has-large-font-size wp-elements-e1760f4ce70cc5dd84c2d78abd5c7da0\" id=\"get-an-accurate-quote-for-your-next-projects\">Erhalten Sie ein genaues Angebot f\u00fcr Ihr n\u00e4chstes Projekt<\/h2>\n\n\n\n<p class=\"has-text-align-center\">Ganz gleich, ob Ihr Projekt kompliziert oder einfach ist, ob es sich um Metall oder Kunststoff handelt, Sie erhalten innerhalb von 6 Stunden ein genaues Angebot.<\/p>\n\n\n\n<div class=\"gspb_button_wrapper gspb_button-id-gsbp-d55f3fa\" id=\"gspb_button-id-gsbp-d55f3fa\"><a class=\"wp-block-greenshift-blocks-buttonbox gspb-buttonbox wp-element-button\" href=\"https:\/\/mekalite.com\/de\/zitat\/\" rel=\"noopener\"><span class=\"gspb-buttonbox-textwrap\"><span class=\"gspb-buttonbox-text\"><span class=\"gspb-buttonbox-title\">Angebot anfordern<\/span><\/span><\/span><\/a><\/div>\n<\/div><\/div>\n<\/div>\n <\/div><\/div>","protected":false},"excerpt":{"rendered":"","protected":false},"author":1,"featured_media":0,"parent":0,"menu_order":0,"comment_status":"closed","ping_status":"closed","template":"","meta":{"_eb_attr":"","_gspb_post_css":"#gspb_row-id-gsbp-9c27dfc{justify-content:space-between;margin-top:0;display:flex;flex-wrap:wrap;align-content:center;margin-bottom:60px;padding-top:250px;padding-bottom:60px}#gspb_row-id-gsbp-9c27dfc>.gspb_row__content{display:flex;margin:0 auto;width:100%;flex-wrap:wrap;align-items:center;justify-content:center}.gspb_row{position:relative}div[id^=gspb_col-id]{box-sizing:border-box;position:relative;padding:15px min(3vw,20px)}body.gspb-bodyfront #gspb_row-id-gsbp-9c27dfc>.gspb_row__content{width:var(--theme-container-width, 1200px);max-width:var(--theme-normal-container-max-width, 1200px)}@media (max-width:991.98px){#gspb_row-id-gsbp-9c27dfc{padding-top:120px}}#gspb_row-id-gsbp-9c27dfc{background-size:cover;background-repeat:no-repeat;background-position:48% 51%;background-image:url(https:\/\/mekalite.com\/wp-content\/uploads\/2024\/10\/CNC-Machining-Tool-Steel-Parts.jpg);isolation:isolate}#gspb_row-id-gsbp-9c27dfc:hover{background-size:cover}#gspb_row-id-gsbp-9c27dfc>.gspb_backgroundOverlay{position:absolute;top:0;left:0;width:100%;height:100%;z-index:-1;opacity:.8;background-color:#000}#gspb_col-id-gsbp-6d61d37.gspb_row__col--12{width:100%}@media (max-width:575.98px){#gspb_col-id-gsbp-6d61d37.gspb_row__col--12{width:100%}}@media (min-width:992px){body.gspb-bodyfront #gspb_col-id-gsbp-6d61d37.gspb_row__col--12{width:calc(100% - 0px - 0px)}}.gspb_row #gspb_col-id-gsbp-6d61d37.gspb_row__col--12{padding:0}body #gspb_col-id-gsbp-6d61d37.gspb_row__col--12,body #gspb_col-id-gsbp-bf37991.gspb_row__col--6{display:block}#gspb_row-id-gsbp-ea87b6f{justify-content:space-between;margin-top:0;display:flex;flex-wrap:wrap;margin-bottom:40px}#gspb_row-id-gsbp-ea87b6f>.gspb_row__content{display:flex;justify-content:space-between;margin:0 auto;width:100%;flex-wrap:wrap}body.gspb-bodyfront #gspb_row-id-gsbp-ea87b6f>.gspb_row__content{width:var(--theme-container-width, 1200px);max-width:var(--theme-normal-container-max-width, 1200px)}#gspb_col-id-gsbp-0cf4b9c.gspb_row__col--6{width:50%}@media (max-width:575.98px){#gspb_col-id-gsbp-0cf4b9c.gspb_row__col--6{width:100%}}@media (min-width:992px){body.gspb-bodyfront #gspb_col-id-gsbp-0cf4b9c.gspb_row__col--6{width:calc(30% - 0px - 0px)}}#gspb_image-id-gsbp-43b69df img{vertical-align:top;display:inline-block;box-sizing:border-box;max-width:100%;height:auto}#gspb_col-id-gsbp-8d89c67.gspb_row__col--6{width:50%}@media (max-width:575.98px){#gspb_col-id-gsbp-8d89c67.gspb_row__col--6{width:100%}}@media (min-width:992px){body.gspb-bodyfront #gspb_col-id-gsbp-8d89c67.gspb_row__col--6{width:calc(65% - 0px - 0px)}}#gspb_button-id-gsbp-c432130{display:flex;justify-content:flex-start}#gspb_button-id-gsbp-c432130 .gspb-buttonbox-text{display:flex;flex-direction:column}#gspb_button-id-gsbp-c432130>.gspb-buttonbox{box-sizing:border-box}#gspb_row-id-gsbp-bb5f4dd{justify-content:space-between;margin-top:0;display:flex;flex-wrap:wrap;margin-bottom:0}#gspb_row-id-gsbp-bb5f4dd>.gspb_row__content{display:flex;justify-content:space-between;margin:0 auto;width:100%;flex-wrap:wrap}#gspb_col-id-gsbp-420b058.gspb_row__col--12{width:100%}@media (max-width:575.98px){#gspb_col-id-gsbp-420b058.gspb_row__col--12{width:100%}}#gspb_row-id-gsbp-e154e79>.gspb_row__content{display:flex;justify-content:space-between;margin:0 auto;width:100%;flex-wrap:wrap}body.gspb-bodyfront #gspb_row-id-gsbp-bb5f4dd>.gspb_row__content,body.gspb-bodyfront #gspb_row-id-gsbp-e154e79>.gspb_row__content{width:var(--theme-container-width, 1200px);max-width:var(--theme-normal-container-max-width, 1200px)}#gspb_col-id-gsbp-9dd9247.gspb_row__col--3{width:25%}@media (max-width:575.98px){#gspb_col-id-gsbp-9dd9247.gspb_row__col--3{width:100%}}@media (min-width:992px){body.gspb-bodyfront #gspb_col-id-gsbp-9dd9247.gspb_row__col--3{width:calc(24% - 0px - 0px)}}#gspb_col-id-gsbp-9dd9247.gspb_row__col--3{border-style:solid;border-width:1px}#gspb_col-id-gsbp-e63dc9c.gspb_row__col--3{width:25%}@media (max-width:575.98px){#gspb_col-id-gsbp-e63dc9c.gspb_row__col--3{width:100%}}@media (min-width:992px){body.gspb-bodyfront #gspb_col-id-gsbp-e63dc9c.gspb_row__col--3{width:calc(24% - 0px - 0px)}}#gspb_col-id-gsbp-e63dc9c.gspb_row__col--3{border-style:solid;border-width:1px}#gspb_col-id-gsbp-4cfc04d.gspb_row__col--3{width:25%}@media (max-width:575.98px){#gspb_col-id-gsbp-4cfc04d.gspb_row__col--3{width:100%}}@media (min-width:992px){body.gspb-bodyfront #gspb_col-id-gsbp-4cfc04d.gspb_row__col--3{width:calc(24% - 0px - 0px)}}#gspb_col-id-gsbp-4cfc04d.gspb_row__col--3{border-style:solid;border-width:1px}#gspb_col-id-gsbp-5de73d4.gspb_row__col--3{width:25%}@media (max-width:575.98px){#gspb_col-id-gsbp-5de73d4.gspb_row__col--3{width:100%}}@media (min-width:992px){body.gspb-bodyfront #gspb_col-id-gsbp-5de73d4.gspb_row__col--3{width:calc(24% - 0px - 0px)}}#gspb_col-id-gsbp-5de73d4.gspb_row__col--3{border-style:solid;border-width:1px}#gspb_row-id-gsbp-127608c,#gspb_row-id-gsbp-e154e79{justify-content:space-between;display:flex;flex-wrap:wrap;margin-top:0;margin-bottom:20px}#gspb_row-id-gsbp-127608c>.gspb_row__content{display:flex;margin:0 auto;width:100%;flex-wrap:wrap;justify-content:flex-start}body.gspb-bodyfront #gspb_row-id-gsbp-127608c>.gspb_row__content{width:var(--theme-container-width, 1200px);max-width:var(--theme-normal-container-max-width, 1200px)}#gspb_col-id-gsbp-bfef8a4.gspb_row__col--3{width:25%}@media (max-width:575.98px){#gspb_col-id-gsbp-bfef8a4.gspb_row__col--3{width:100%}}@media (min-width:992px){body.gspb-bodyfront #gspb_col-id-gsbp-bfef8a4.gspb_row__col--3{width:calc(24% - 0px - 0px)}}body.gspb-bodyfront #gspb_col-id-gsbp-bfef8a4.gspb_row__col--3{right:0}#gspb_col-id-gsbp-bfef8a4.gspb_row__col--3{transition:all .5s cubic-bezier(.42,0,.58,1);transform-origin:center center;border-style:solid;border-width:1px}#gspb_col-id-gsbp-47bc367.gspb_row__col--3{width:25%}@media (max-width:575.98px){#gspb_col-id-gsbp-47bc367.gspb_row__col--3{width:100%}}@media (min-width:992px){body.gspb-bodyfront #gspb_col-id-gsbp-47bc367.gspb_row__col--3{width:calc(24% - 0px - 0px)}}body.gspb-bodyfront #gspb_col-id-gsbp-47bc367.gspb_row__col--3{right:0;left:15px}#gspb_col-id-gsbp-47bc367.gspb_row__col--3{border-style:solid;border-width:1px}#gspb_row-id-gsbp-9583c58{align-content:center}#gspb_row-id-gsbp-9583c58>.gspb_row__content{display:flex;justify-content:space-between;margin:0 auto;width:100%;flex-wrap:wrap;align-items:center}body.gspb-bodyfront #gspb_row-id-gsbp-9583c58>.gspb_row__content{width:var(--theme-container-width, 1200px);max-width:var(--theme-normal-container-max-width, 1200px)}#gspb_col-id-gsbp-bf37991.gspb_row__col--6{width:50%}@media (max-width:575.98px){#gspb_col-id-gsbp-bf37991.gspb_row__col--6{width:100%}}@media (min-width:992px){body.gspb-bodyfront #gspb_col-id-gsbp-bf37991.gspb_row__col--6{width:calc(30% - 0px - 0px)}}#gspb_col-id-gsbp-0c4a6da.gspb_row__col--6{width:50%}@media (max-width:575.98px){#gspb_col-id-gsbp-0c4a6da.gspb_row__col--6{width:100%}}@media (min-width:992px){body.gspb-bodyfront #gspb_col-id-gsbp-0c4a6da.gspb_row__col--6{width:calc(68% - 0px - 0px)}}#gspb_row-id-gsbp-3efb9a0,#gspb_row-id-gsbp-9583c58,#gspb_row-id-gsbp-f400041{justify-content:space-between;margin-top:0;margin-bottom:0;display:flex;flex-wrap:wrap}#gspb_row-id-gsbp-f400041>.gspb_row__content{display:flex;justify-content:space-between;margin:0 auto;width:100%;flex-wrap:wrap}#gspb_col-id-gsbp-3632ff0.gspb_row__col--4{width:33.333333333333336%}@media (max-width:575.98px){#gspb_col-id-gsbp-3632ff0.gspb_row__col--4{width:100%}}#gspb_col-id-gsbp-e695e11.gspb_row__col--4{width:33.333333333333336%}@media (max-width:575.98px){#gspb_col-id-gsbp-e695e11.gspb_row__col--4{width:100%}}#gspb_col-id-gsbp-081aae3.gspb_row__col--4{width:33.333333333333336%}@media (max-width:575.98px){#gspb_col-id-gsbp-081aae3.gspb_row__col--4{width:100%}}#gspb_row-id-gsbp-3efb9a0>.gspb_row__content{display:flex;justify-content:space-between;margin:0 auto;width:100%;flex-wrap:wrap}body.gspb-bodyfront #gspb_row-id-gsbp-3efb9a0>.gspb_row__content,body.gspb-bodyfront #gspb_row-id-gsbp-f400041>.gspb_row__content{width:var(--theme-container-width, 1200px);max-width:var(--theme-normal-container-max-width, 1200px)}#gspb_col-id-gsbp-6067de0.gspb_row__col--12{width:100%}@media (max-width:575.98px){#gspb_col-id-gsbp-6067de0.gspb_row__col--12{width:100%}}#gspb_button-id-gsbp-d55f3fa{display:flex;justify-content:center}#gspb_button-id-gsbp-d55f3fa .gspb-buttonbox-text{display:flex;flex-direction:column}#gspb_button-id-gsbp-d55f3fa>.gspb-buttonbox{box-sizing:border-box;margin-bottom:0;background-color:#fff;text-decoration:none;color:#111827;box-shadow:0 1px 3px 0 #0000001a,0 1px 2px 0 #0000000f}#gspb_button-id-gsbp-d55f3fa>.gspb-buttonbox:hover{background-color:#f9fafb!important}#gspb_button-id-gsbp-d55f3fa>.gspb-buttonbox a{text-decoration:none}#gspb_button-id-gsbp-d55f3fa>.gspb-buttonbox,#gspb_button-id-gsbp-d55f3fa>.gspb-buttonbox>.gspb_backgroundOverlay{border-top-left-radius:.5rem;border-top-right-radius:.5rem;border-bottom-right-radius:.5rem;border-bottom-left-radius:.5rem}","footnotes":""},"class_list":["post-2148","page","type-page","status-publish","hentry"],"blocksy_meta":{"has_hero_section":"disabled","vertical_spacing_source":"custom","content_area_spacing":"bottom","styles_descriptor":{"styles":{"desktop":"","tablet":"","mobile":""},"google_fonts":[],"version":6}},"_links":{"self":[{"href":"https:\/\/mekalite.com\/de\/wp-json\/wp\/v2\/pages\/2148","targetHints":{"allow":["GET"]}}],"collection":[{"href":"https:\/\/mekalite.com\/de\/wp-json\/wp\/v2\/pages"}],"about":[{"href":"https:\/\/mekalite.com\/de\/wp-json\/wp\/v2\/types\/page"}],"author":[{"embeddable":true,"href":"https:\/\/mekalite.com\/de\/wp-json\/wp\/v2\/users\/1"}],"replies":[{"embeddable":true,"href":"https:\/\/mekalite.com\/de\/wp-json\/wp\/v2\/comments?post=2148"}],"version-history":[{"count":2,"href":"https:\/\/mekalite.com\/de\/wp-json\/wp\/v2\/pages\/2148\/revisions"}],"predecessor-version":[{"id":2168,"href":"https:\/\/mekalite.com\/de\/wp-json\/wp\/v2\/pages\/2148\/revisions\/2168"}],"wp:attachment":[{"href":"https:\/\/mekalite.com\/de\/wp-json\/wp\/v2\/media?parent=2148"}],"curies":[{"name":"wp","href":"https:\/\/api.w.org\/{rel}","templated":true}]}}