{"id":2138,"date":"2024-10-27T21:16:18","date_gmt":"2024-10-27T21:16:18","guid":{"rendered":"https:\/\/mekalite.com\/?page_id=2138"},"modified":"2024-10-27T21:39:33","modified_gmt":"2024-10-27T21:39:33","slug":"cnc-bearbeitung-kupfer-service","status":"publish","type":"page","link":"https:\/\/mekalite.com\/de\/cnc-bearbeitung-kupfer-service\/","title":{"rendered":"CNC-Bearbeitung Kupfer Service"},"content":{"rendered":"<div class=\"wp-block-greenshift-blocks-row alignfull gspb_row gspb_row-id-gsbp-9c27dfc\" id=\"gspb_row-id-gsbp-9c27dfc\"><div class=\"gspb_backgroundOverlay\"><\/div><div class=\"gspb_row__content\"> \n<div class=\"wp-block-greenshift-blocks-row-column gspb_row__col--12 gspb_col-id-gsbp-6d61d37\" id=\"gspb_col-id-gsbp-6d61d37\">\n\n<h1 style=\"color:#fefefe; text-transform:capitalize; margin-top:20px;margin-bottom:0px;\" class=\"ct-dynamic-data has-text-align-left wp-elements-ffa9fa256b8e68822e089e811737d287 has-text-color\">CNC-Bearbeitung Kupfer Service<\/h1>\n\n\n<p class=\"has-palette-color-7-color has-text-color has-link-color wp-elements-4cc42b466cf35e3ed8f590765e798e5c\">Kupfer ist eines der wenigen Elemente, die in metallischer Form leicht verf\u00fcgbar sind, <a href=\"https:\/\/mekalite.com\/de\/\">Mekalit<\/a> bietet eine umfassende <a href=\"https:\/\/mekalite.com\/de\/cnc-bearbeitung\/\">CNC-Bearbeitung<\/a> Wir bieten Ihnen einen Kupferservice, der vom Prototyp bis zur Massenproduktion reicht und Ihnen hochpr\u00e4zise kundenspezifische Messingteile liefert. Wir verf\u00fcgen \u00fcber umfangreiche Erfahrung und fortschrittliche Ausr\u00fcstung in der Kupferbearbeitung, die es uns erm\u00f6glicht, enge Toleranzen von +\/- 0,005 mm mit kurzen Vorlaufzeiten zu erreichen.<\/p>\n<\/div>\n <\/div><\/div>\n\n\n\n<div class=\"wp-block-greenshift-blocks-row gspb_row gspb_row-id-gsbp-ea87b6f\" id=\"gspb_row-id-gsbp-ea87b6f\"><div class=\"gspb_row__content\"> \n<div class=\"wp-block-greenshift-blocks-row-column gspb_row__col--6 gspb_col-id-gsbp-0cf4b9c\" id=\"gspb_col-id-gsbp-0cf4b9c\">\n<p><strong>Mekalit<\/strong><\/p>\n\n\n\n<div class=\"wp-block-greenshift-blocks-image gspb_image gspb_image-id-gsbp-43b69df\" id=\"gspb_image-id-gsbp-43b69df\"><img decoding=\"async\" src=\"https:\/\/mekalite.com\/wp-content\/uploads\/2024\/10\/CNC-Copper-Machined-Parts1.jpg\" data-src=\"\" alt=\"Mekalit\" loading=\"lazy\" width=\"500\" height=\"500\" title=\"\"><\/div>\n<\/div>\n\n\n\n<div class=\"wp-block-greenshift-blocks-row-column gspb_row__col--6 gspb_col-id-gsbp-8d89c67\" id=\"gspb_col-id-gsbp-8d89c67\">\n<h2 class=\"wp-block-heading\" id=\"precision-copper-machine-shop-in-china\">Pr\u00e4zision<strong>&nbsp;Kupfer Maschinenfabrik&nbsp;<\/strong>in China<\/h2>\n\n\n\n<p><strong>Kupfer ist ein im Leben h\u00e4ufig vorkommendes Metall mit einem unverwechselbaren orange-roten Aussehen. Es wird h\u00e4ufig verwendet in <a href=\"https:\/\/mekalite.com\/de\/china-cnc-bearbeitung-dienstleistungen\/\">CNC-Bearbeitungsdienstleistungen<\/a> f\u00fcr seine ausgezeichnete W\u00e4rmeleitf\u00e4higkeit, hervorragende elektrische Leitf\u00e4higkeit, hohe Duktilit\u00e4t und Korrosionsbest\u00e4ndigkeit.<\/strong><\/p>\n\n\n\n<p>Die Maschinenwerkstatt von Mekalite verf\u00fcgt \u00fcber hochmoderne Dreh- und Fr\u00e4smaschinen (3-, 4- und 5-Achsen) f\u00fcr die Herstellung kundenspezifischer Kupferteile. Unsere Verfahren umfassen Drehen, Fr\u00e4sen, Bohren und Schleifen, um die Bearbeitung von Teilen mit komplexen Formen und Designs zu erm\u00f6glichen. Dar\u00fcber hinaus sind wir auf die Bearbeitung verschiedener Kupfersorten spezialisiert: 101 und 110. Egal, ob es sich um einen Prototyp oder eine Gro\u00dfserienfertigung handelt, wir k\u00f6nnen Ihre Projektanforderungen erf\u00fcllen.<\/p>\n\n\n\n<p>Wenn Sie auf der Suche nach einem effizienten und erfahrenen Hersteller von Kupferdrehteilen in China sind, ist Mekalite zweifelsohne Ihr bester Partner. Unsere hochpr\u00e4zisen Dienstleistungen gew\u00e4hrleisten qualitativ hochwertige Teile f\u00fcr Branchen wie Elektrotechnik und Bauwesen, die sich perfekt f\u00fcr Lager, Heizk\u00f6rper, Ventilgeh\u00e4use, Getriebe usw. eignen. Sie k\u00f6nnen auch hochwertige Oberfl\u00e4chenbehandlungen erhalten, wie z. B. Perlstrahlen, Polieren, Beschichten usw.<\/p>\n\n\n\n<div class=\"gspb_button_wrapper gspb_button-id-gsbp-c432130\" id=\"gspb_button-id-gsbp-c432130\"><a class=\"wp-block-greenshift-blocks-buttonbox gspb-buttonbox wp-element-button\" href=\"https:\/\/mekalite.com\/de\/zitat\/\" rel=\"noopener\"><span class=\"gspb-buttonbox-textwrap\"><span class=\"gspb-buttonbox-text\"><span class=\"gspb-buttonbox-title\">Angebot anfordern<\/span><\/span><\/span><\/a><\/div>\n<\/div>\n <\/div><\/div>\n\n\n\n<div class=\"wp-block-greenshift-blocks-row gspb_row gspb_row-id-gsbp-bb5f4dd\" id=\"gspb_row-id-gsbp-bb5f4dd\"><div class=\"gspb_row__content\"> \n<div class=\"wp-block-greenshift-blocks-row-column gspb_row__col--12 gspb_col-id-gsbp-420b058\" id=\"gspb_col-id-gsbp-420b058\">\n<h2 class=\"wp-block-heading\" id=\"copper-material-list\" style=\"font-size:clamp(24.034px, 1.502rem + ((1vw - 3.2px) * 1.247), 40px);\">Kupfer Material&nbsp;<strong>Liste<\/strong><\/h2>\n<\/div>\n <\/div><\/div>\n\n\n\n<div class=\"wp-block-greenshift-blocks-row gspb_row gspb_row-id-gsbp-e154e79\" id=\"gspb_row-id-gsbp-e154e79\"><div class=\"gspb_row__content\"> \n<div class=\"wp-block-greenshift-blocks-row-column gspb_row__col--3 gspb_col-id-gsbp-9dd9247\" id=\"gspb_col-id-gsbp-9dd9247\">\n<h3 class=\"wp-block-heading\" id=\"aluminum-2014\">Kupfer C101<\/h3>\n\n\n\n<p class=\"has-small-font-size\">Kupfer C101, auch bekannt als sauerstofffreies Elektronikkupfer (OFE), ist eine hochreine Kupferlegierung mit hervorragender elektrischer Leitf\u00e4higkeit und W\u00e4rmeleitf\u00e4higkeit.<\/p>\n\n\n\n<p><strong><a href=\"https:\/\/mekalite.com\/de\/zitat\/\" data-type=\"link\" data-id=\"https:\/\/mekalite.com\/quote\/\">Preis erhalten<\/a><\/strong><\/p>\n<\/div>\n\n\n\n<div class=\"wp-block-greenshift-blocks-row-column gspb_row__col--3 gspb_col-id-gsbp-6ae9b63\" id=\"gspb_col-id-gsbp-6ae9b63\">\n<h3 class=\"wp-block-heading\" id=\"aluminum-2014\">Kupfer C110<\/h3>\n\n\n\n<p class=\"has-small-font-size\">Kupfer C110, auch bekannt als elektrolytisches Pechkupfer (ETP), ist eine handels\u00fcbliche reine Kupferlegierung mit hoher thermischer und elektrischer Leitf\u00e4higkeit.<\/p>\n\n\n\n<p><strong><a href=\"https:\/\/mekalite.com\/de\/zitat\/\" data-type=\"link\" data-id=\"https:\/\/mekalite.com\/quote\/\">Preis erhalten<\/a><\/strong><\/p>\n<\/div>\n <\/div><\/div>\n\n\n\n<div class=\"wp-block-greenshift-blocks-row gspb_row gspb_row-id-gsbp-9583c58\" id=\"gspb_row-id-gsbp-9583c58\"><div class=\"gspb_row__content\"> \n<div class=\"wp-block-greenshift-blocks-row-column gspb_row__col--6 gspb_col-id-gsbp-bf37991\" id=\"gspb_col-id-gsbp-bf37991\">\n<p><strong>TECHNOLOGIE\u00dcBERSICHT<\/strong><\/p>\n<\/div>\n\n\n\n<div class=\"wp-block-greenshift-blocks-row-column gspb_row__col--6 gspb_col-id-gsbp-0c4a6da\" id=\"gspb_col-id-gsbp-0c4a6da\">\n<h2 class=\"wp-block-heading\" id=\"basic-knowledge-of-copper\" style=\"font-size:clamp(24.034px, 1.502rem + ((1vw - 3.2px) * 1.247), 40px);\"><strong>Grundkenntnisse<\/strong>&nbsp;des Kupfers<\/h2>\n<\/div>\n <\/div><\/div>\n\n\n\n<div class=\"wp-block-greenshift-blocks-row gspb_row gspb_row-id-gsbp-f400041\" id=\"gspb_row-id-gsbp-f400041\"><div class=\"gspb_row__content\"> \n<div class=\"wp-block-greenshift-blocks-row-column gspb_row__col--4 gspb_col-id-gsbp-3632ff0\" id=\"gspb_col-id-gsbp-3632ff0\">\n<h3 class=\"wp-block-heading\" id=\"headline-97-194-1\">Was ist Kupfer?<\/h3>\n\n\n\n<p class=\"has-small-font-size\"><strong>Kupfer<\/strong>&nbsp;ist ein r\u00f6tlich-braunes Metall mit ausgezeichneter elektrischer und thermischer Leitf\u00e4higkeit, Korrosionsbest\u00e4ndigkeit und Duktilit\u00e4t. Es wird seit dem Altertum verwendet und wird durch Bergbau und verschiedene Reinigungsverfahren aus Erzen gewonnen. Das lateinische Wort f\u00fcr Kupfer ist \"cuprum\", und sein Symbol im Periodensystem ist Cu. Kupfer besteht aus einer einzigen Atomart mit einer Ordnungszahl von 29.<\/p>\n\n\n\n<p class=\"has-small-font-size\">Messing und Bronze, g\u00e4ngige Kupferlegierungen, werden in der Sanit\u00e4rtechnik, f\u00fcr Dekorationen, Lager und Schiffsteile verwendet. Reines Kupfer, mit minimalen Verunreinigungen, ist weich und wird f\u00fcr elektrische Pr\u00e4zisionsbauteile verwendet. Kupfernanopartikel sind winzige Partikel mit einzigartigen Eigenschaften, die eine hohe katalytische Aktivit\u00e4t und antimikrobielle Wirkung aufweisen. Mit zus\u00e4tzlichen Elementen erleichtern frei bearbeitbare Kupfersorten die Bearbeitung von Teilen wie Schwei\u00dfd\u00fcsen. Kupferbleche und -platten in verschiedenen Qualit\u00e4ten sind hochgradig verformbar und eignen sich f\u00fcr die Herstellung verschiedener Bauteile. Sauerstofffreie Kupfersorten mit minimalen Verunreinigungen eignen sich f\u00fcr die Hochvakuum-Elektronik. Elektrolytkupfer schlie\u00dflich, das auf Reinheit veredelt wurde, findet in verschiedenen elektrischen Bauteilen Verwendung.<\/p>\n<\/div>\n\n\n\n<div class=\"wp-block-greenshift-blocks-row-column gspb_row__col--4 gspb_col-id-gsbp-e695e11\" id=\"gspb_col-id-gsbp-e695e11\">\n<h3 class=\"wp-block-heading\" id=\"headline-97-194-2\">Vorteile des Kupfers<\/h3>\n\n\n\n<ul class=\"wp-block-list\">\n<li>Ausgezeichnete elektrische Leitf\u00e4higkeit<\/li>\n\n\n\n<li>Hohe W\u00e4rmeleitf\u00e4higkeit<\/li>\n\n\n\n<li>Korrosionsbest\u00e4ndigkeit<\/li>\n\n\n\n<li>Verformbarkeit und Duktilit\u00e4t<\/li>\n\n\n\n<li>Wiederverwertbarkeit<\/li>\n\n\n\n<li>Antibakterielle Eigenschaften<\/li>\n\n\n\n<li>Lange Lebensdauer<\/li>\n\n\n\n<li>Geringer Wartungsaufwand<\/li>\n\n\n\n<li>\u00c4sthetischer Reiz<\/li>\n\n\n\n<li>Breites Spektrum von Anwendungen<\/li>\n<\/ul>\n<\/div>\n\n\n\n<div class=\"wp-block-greenshift-blocks-row-column gspb_row__col--4 gspb_col-id-gsbp-081aae3\" id=\"gspb_col-id-gsbp-081aae3\">\n<h3 class=\"wp-block-heading\" id=\"headline-97-194-3\">Anwendungen von Kupfer<\/h3>\n\n\n\n<ul class=\"wp-block-list\">\n<li>Elektrische Verkabelung<\/li>\n\n\n\n<li>Sanit\u00e4rrohre<\/li>\n\n\n\n<li>Elektronik<\/li>\n\n\n\n<li>Bedachungsmaterial<\/li>\n\n\n\n<li>Kochgeschirr<\/li>\n\n\n\n<li>Skulpturen<\/li>\n\n\n\n<li>M\u00fcnzen<\/li>\n\n\n\n<li>Antifouling-Beschichtungen<\/li>\n\n\n\n<li>Musikinstrumente (Blechblasinstrumente)<\/li>\n\n\n\n<li>W\u00e4rmetauscher<\/li>\n<\/ul>\n<\/div>\n <\/div><\/div>\n\n\n\n<div class=\"wp-block-greenshift-blocks-row gspb_row gspb_row-id-gsbp-3efb9a0\" id=\"gspb_row-id-gsbp-3efb9a0\"><div class=\"gspb_row__content\"> \n<div class=\"wp-block-greenshift-blocks-row-column gspb_row__col--12 gspb_col-id-gsbp-6067de0\" id=\"gspb_col-id-gsbp-6067de0\">\n<div class=\"wp-block-cover\"><span aria-hidden=\"true\" class=\"wp-block-cover__background has-background-dim\"><\/span><img loading=\"lazy\" decoding=\"async\" width=\"1024\" height=\"585\" class=\"wp-block-cover__image-background wp-image-1964\" alt=\"Pr\u00e4zisionsbearbeitung\" src=\"https:\/\/mekalite.com\/wp-content\/uploads\/2024\/10\/precision-machining-1-1024x585.jpg\" data-object-fit=\"cover\" title=\"\" srcset=\"https:\/\/mekalite.com\/wp-content\/uploads\/2024\/10\/precision-machining-1-1024x585.jpg 1024w, https:\/\/mekalite.com\/wp-content\/uploads\/2024\/10\/precision-machining-1-300x171.jpg 300w, https:\/\/mekalite.com\/wp-content\/uploads\/2024\/10\/precision-machining-1-768x439.jpg 768w, https:\/\/mekalite.com\/wp-content\/uploads\/2024\/10\/precision-machining-1.jpg 1344w\" sizes=\"auto, (max-width: 1024px) 100vw, 1024px\" \/><div class=\"wp-block-cover__inner-container is-layout-flow wp-block-cover-is-layout-flow\">\n<h2 class=\"wp-block-heading has-text-align-center has-palette-color-8-color has-text-color has-link-color has-large-font-size wp-elements-e1760f4ce70cc5dd84c2d78abd5c7da0\" id=\"get-an-accurate-quote-for-your-next-projects\">Erhalten Sie ein genaues Angebot f\u00fcr Ihr n\u00e4chstes Projekt<\/h2>\n\n\n\n<p class=\"has-text-align-center\">Ganz gleich, ob Ihr Projekt kompliziert oder einfach ist, ob es sich um Metall oder Kunststoff handelt, Sie erhalten innerhalb von 6 Stunden ein genaues Angebot.<\/p>\n\n\n\n<div class=\"gspb_button_wrapper gspb_button-id-gsbp-d55f3fa\" id=\"gspb_button-id-gsbp-d55f3fa\"><a class=\"wp-block-greenshift-blocks-buttonbox gspb-buttonbox wp-element-button\" href=\"https:\/\/mekalite.com\/de\/zitat\/\" rel=\"noopener\"><span class=\"gspb-buttonbox-textwrap\"><span class=\"gspb-buttonbox-text\"><span class=\"gspb-buttonbox-title\">Angebot anfordern<\/span><\/span><\/span><\/a><\/div>\n<\/div><\/div>\n<\/div>\n <\/div><\/div>","protected":false},"excerpt":{"rendered":"","protected":false},"author":1,"featured_media":0,"parent":0,"menu_order":0,"comment_status":"closed","ping_status":"closed","template":"","meta":{"_eb_attr":"","_gspb_post_css":"#gspb_row-id-gsbp-9c27dfc{justify-content:space-between;margin-top:0;display:flex;flex-wrap:wrap;align-content:center;margin-bottom:60px;padding-top:250px;padding-bottom:60px}#gspb_row-id-gsbp-9c27dfc>.gspb_row__content{display:flex;margin:0 auto;width:100%;flex-wrap:wrap;align-items:center;justify-content:center}.gspb_row{position:relative}div[id^=gspb_col-id]{box-sizing:border-box;position:relative;padding:15px min(3vw,20px)}body.gspb-bodyfront #gspb_row-id-gsbp-9c27dfc>.gspb_row__content{width:var(--theme-container-width, 1200px);max-width:var(--theme-normal-container-max-width, 1200px)}@media (max-width:991.98px){#gspb_row-id-gsbp-9c27dfc{padding-top:120px}}#gspb_row-id-gsbp-9c27dfc{background-size:cover;background-repeat:no-repeat;background-position:48% 51%;background-image:url(https:\/\/mekalite.com\/wp-content\/uploads\/2024\/10\/Machining-Copper-Part1.jpg);isolation:isolate}#gspb_row-id-gsbp-9c27dfc:hover{background-size:cover}#gspb_row-id-gsbp-9c27dfc>.gspb_backgroundOverlay{position:absolute;top:0;left:0;width:100%;height:100%;z-index:-1;opacity:.8;background-color:#000}#gspb_col-id-gsbp-6d61d37.gspb_row__col--12{width:100%}@media (max-width:575.98px){#gspb_col-id-gsbp-6d61d37.gspb_row__col--12{width:100%}}@media (min-width:992px){body.gspb-bodyfront #gspb_col-id-gsbp-6d61d37.gspb_row__col--12{width:calc(100% - 0px - 0px)}}.gspb_row #gspb_col-id-gsbp-6d61d37.gspb_row__col--12{padding:0}body #gspb_col-id-gsbp-6d61d37.gspb_row__col--12,body #gspb_col-id-gsbp-bf37991.gspb_row__col--6{display:block}#gspb_row-id-gsbp-ea87b6f{justify-content:space-between;margin-top:0;display:flex;flex-wrap:wrap;margin-bottom:40px}#gspb_row-id-gsbp-ea87b6f>.gspb_row__content{display:flex;justify-content:space-between;margin:0 auto;width:100%;flex-wrap:wrap}body.gspb-bodyfront #gspb_row-id-gsbp-ea87b6f>.gspb_row__content{width:var(--theme-container-width, 1200px);max-width:var(--theme-normal-container-max-width, 1200px)}#gspb_col-id-gsbp-0cf4b9c.gspb_row__col--6{width:50%}@media (max-width:575.98px){#gspb_col-id-gsbp-0cf4b9c.gspb_row__col--6{width:100%}}@media (min-width:992px){body.gspb-bodyfront #gspb_col-id-gsbp-0cf4b9c.gspb_row__col--6{width:calc(30% - 0px - 0px)}}#gspb_image-id-gsbp-43b69df img{vertical-align:top;display:inline-block;box-sizing:border-box;max-width:100%;height:auto}#gspb_col-id-gsbp-8d89c67.gspb_row__col--6{width:50%}@media (max-width:575.98px){#gspb_col-id-gsbp-8d89c67.gspb_row__col--6{width:100%}}@media (min-width:992px){body.gspb-bodyfront #gspb_col-id-gsbp-8d89c67.gspb_row__col--6{width:calc(65% - 0px - 0px)}}#gspb_button-id-gsbp-c432130{display:flex;justify-content:flex-start}#gspb_button-id-gsbp-c432130 .gspb-buttonbox-text{display:flex;flex-direction:column}#gspb_button-id-gsbp-c432130>.gspb-buttonbox{box-sizing:border-box}#gspb_row-id-gsbp-bb5f4dd,#gspb_row-id-gsbp-e154e79{justify-content:space-between;margin-top:0;margin-bottom:0;display:flex;flex-wrap:wrap}#gspb_row-id-gsbp-e154e79{margin-bottom:20px}#gspb_row-id-gsbp-bb5f4dd>.gspb_row__content{display:flex;justify-content:space-between;margin:0 auto;width:100%;flex-wrap:wrap}#gspb_col-id-gsbp-420b058.gspb_row__col--12{width:100%}@media (max-width:575.98px){#gspb_col-id-gsbp-420b058.gspb_row__col--12{width:100%}}#gspb_row-id-gsbp-e154e79>.gspb_row__content{display:flex;justify-content:space-between;margin:0 auto;width:100%;flex-wrap:wrap}body.gspb-bodyfront #gspb_row-id-gsbp-bb5f4dd>.gspb_row__content,body.gspb-bodyfront #gspb_row-id-gsbp-e154e79>.gspb_row__content{width:var(--theme-container-width, 1200px);max-width:var(--theme-normal-container-max-width, 1200px)}#gspb_col-id-gsbp-9dd9247.gspb_row__col--3{width:25%}@media (max-width:575.98px){#gspb_col-id-gsbp-9dd9247.gspb_row__col--3{width:100%}}@media (min-width:992px){body.gspb-bodyfront #gspb_col-id-gsbp-9dd9247.gspb_row__col--3{width:calc(33% - 0px - 0px)}}#gspb_col-id-gsbp-9dd9247.gspb_row__col--3{border-style:solid;border-width:1px}#gspb_col-id-gsbp-6ae9b63.gspb_row__col--3{width:25%}@media (max-width:575.98px){#gspb_col-id-gsbp-6ae9b63.gspb_row__col--3{width:100%}}@media (min-width:992px){body.gspb-bodyfront #gspb_col-id-gsbp-6ae9b63.gspb_row__col--3{width:calc(33% - 0px - 0px)}}#gspb_col-id-gsbp-6ae9b63.gspb_row__col--3{border-style:solid;border-width:1px}#gspb_row-id-gsbp-9583c58{align-content:center}#gspb_row-id-gsbp-9583c58>.gspb_row__content{display:flex;justify-content:space-between;margin:0 auto;width:100%;flex-wrap:wrap;align-items:center}body.gspb-bodyfront #gspb_row-id-gsbp-9583c58>.gspb_row__content{width:var(--theme-container-width, 1200px);max-width:var(--theme-normal-container-max-width, 1200px)}#gspb_col-id-gsbp-bf37991.gspb_row__col--6{width:50%}@media (max-width:575.98px){#gspb_col-id-gsbp-bf37991.gspb_row__col--6{width:100%}}@media (min-width:992px){body.gspb-bodyfront #gspb_col-id-gsbp-bf37991.gspb_row__col--6{width:calc(30% - 0px - 0px)}}#gspb_col-id-gsbp-0c4a6da.gspb_row__col--6{width:50%}@media (max-width:575.98px){#gspb_col-id-gsbp-0c4a6da.gspb_row__col--6{width:100%}}@media (min-width:992px){body.gspb-bodyfront #gspb_col-id-gsbp-0c4a6da.gspb_row__col--6{width:calc(68% - 0px - 0px)}}#gspb_row-id-gsbp-3efb9a0,#gspb_row-id-gsbp-9583c58,#gspb_row-id-gsbp-f400041{justify-content:space-between;margin-top:0;margin-bottom:0;display:flex;flex-wrap:wrap}#gspb_row-id-gsbp-f400041>.gspb_row__content{display:flex;justify-content:space-between;margin:0 auto;width:100%;flex-wrap:wrap}#gspb_col-id-gsbp-3632ff0.gspb_row__col--4{width:33.333333333333336%}@media (max-width:575.98px){#gspb_col-id-gsbp-3632ff0.gspb_row__col--4{width:100%}}#gspb_col-id-gsbp-e695e11.gspb_row__col--4{width:33.333333333333336%}@media (max-width:575.98px){#gspb_col-id-gsbp-e695e11.gspb_row__col--4{width:100%}}#gspb_col-id-gsbp-081aae3.gspb_row__col--4{width:33.333333333333336%}@media (max-width:575.98px){#gspb_col-id-gsbp-081aae3.gspb_row__col--4{width:100%}}#gspb_row-id-gsbp-3efb9a0>.gspb_row__content{display:flex;justify-content:space-between;margin:0 auto;width:100%;flex-wrap:wrap}body.gspb-bodyfront #gspb_row-id-gsbp-3efb9a0>.gspb_row__content,body.gspb-bodyfront #gspb_row-id-gsbp-f400041>.gspb_row__content{width:var(--theme-container-width, 1200px);max-width:var(--theme-normal-container-max-width, 1200px)}#gspb_col-id-gsbp-6067de0.gspb_row__col--12{width:100%}@media (max-width:575.98px){#gspb_col-id-gsbp-6067de0.gspb_row__col--12{width:100%}}#gspb_button-id-gsbp-d55f3fa{display:flex;justify-content:center}#gspb_button-id-gsbp-d55f3fa .gspb-buttonbox-text{display:flex;flex-direction:column}#gspb_button-id-gsbp-d55f3fa>.gspb-buttonbox{box-sizing:border-box;margin-bottom:0;background-color:#fff;text-decoration:none;color:#111827;box-shadow:0 1px 3px 0 #0000001a,0 1px 2px 0 #0000000f}#gspb_button-id-gsbp-d55f3fa>.gspb-buttonbox:hover{background-color:#f9fafb!important}#gspb_button-id-gsbp-d55f3fa>.gspb-buttonbox a{text-decoration:none}#gspb_button-id-gsbp-d55f3fa>.gspb-buttonbox,#gspb_button-id-gsbp-d55f3fa>.gspb-buttonbox>.gspb_backgroundOverlay{border-top-left-radius:.5rem;border-top-right-radius:.5rem;border-bottom-right-radius:.5rem;border-bottom-left-radius:.5rem}","footnotes":""},"class_list":["post-2138","page","type-page","status-publish","hentry"],"blocksy_meta":{"has_hero_section":"disabled","vertical_spacing_source":"custom","content_area_spacing":"bottom","styles_descriptor":{"styles":{"desktop":"","tablet":"","mobile":""},"google_fonts":[],"version":6}},"_links":{"self":[{"href":"https:\/\/mekalite.com\/de\/wp-json\/wp\/v2\/pages\/2138","targetHints":{"allow":["GET"]}}],"collection":[{"href":"https:\/\/mekalite.com\/de\/wp-json\/wp\/v2\/pages"}],"about":[{"href":"https:\/\/mekalite.com\/de\/wp-json\/wp\/v2\/types\/page"}],"author":[{"embeddable":true,"href":"https:\/\/mekalite.com\/de\/wp-json\/wp\/v2\/users\/1"}],"replies":[{"embeddable":true,"href":"https:\/\/mekalite.com\/de\/wp-json\/wp\/v2\/comments?post=2138"}],"version-history":[{"count":2,"href":"https:\/\/mekalite.com\/de\/wp-json\/wp\/v2\/pages\/2138\/revisions"}],"predecessor-version":[{"id":2167,"href":"https:\/\/mekalite.com\/de\/wp-json\/wp\/v2\/pages\/2138\/revisions\/2167"}],"wp:attachment":[{"href":"https:\/\/mekalite.com\/de\/wp-json\/wp\/v2\/media?parent=2138"}],"curies":[{"name":"wp","href":"https:\/\/api.w.org\/{rel}","templated":true}]}}